{"id":7323,"date":"2026-03-14T21:32:27","date_gmt":"2026-03-14T21:32:27","guid":{"rendered":"https:\/\/versatecsystems.com\/?post_type=product&#038;p=7323"},"modified":"2026-03-14T21:42:51","modified_gmt":"2026-03-14T21:42:51","slug":"horn-shaped-lounge-chair-kopia-kopia-kopia","status":"publish","type":"product","link":"https:\/\/versatecsystems.com\/en\/produkt\/horn-shaped-lounge-chair-kopia-kopia-kopia\/","title":{"rendered":"Lounge Sofa"},"content":{"rendered":"<p data-start=\"1478\" data-end=\"1689\"><span class=\"BZ_Pyq_fadeIn\">The <\/span><span class=\"BZ_Pyq_fadeIn\">lounge <\/span><span class=\"BZ_Pyq_fadeIn\">sofa <\/span><span class=\"BZ_Pyq_fadeIn\">is <\/span><span class=\"BZ_Pyq_fadeIn\">designed <\/span><span class=\"BZ_Pyq_fadeIn\">for <\/span><span class=\"BZ_Pyq_fadeIn\">modern <\/span><span class=\"BZ_Pyq_fadeIn\">public <\/span><span class=\"BZ_Pyq_fadeIn\">interiors <\/span><span class=\"BZ_Pyq_fadeIn\">such <\/span><span class=\"BZ_Pyq_fadeIn\">as <\/span><span class=\"BZ_Pyq_fadeIn\">airports, <\/span><span class=\"BZ_Pyq_fadeIn\">transport <\/span><span class=\"BZ_Pyq_fadeIn\">terminals <\/span><span class=\"BZ_Pyq_fadeIn\">and <\/span><span class=\"BZ_Pyq_fadeIn\">lounge <\/span><span class=\"BZ_Pyq_fadeIn\">zones. <\/span><span class=\"BZ_Pyq_fadeIn\">The <\/span><span class=\"BZ_Pyq_fadeIn\">modular <\/span><span class=\"BZ_Pyq_fadeIn\">structure <\/span><span class=\"BZ_Pyq_fadeIn\">allows <\/span><span class=\"BZ_Pyq_fadeIn\">flexible <\/span><span class=\"BZ_Pyq_fadeIn\">seating <\/span><span class=\"BZ_Pyq_fadeIn\">configurations <\/span><span class=\"BZ_Pyq_fadeIn\">adapted <\/span><span class=\"BZ_Pyq_fadeIn\">to <\/span><span class=\"BZ_Pyq_fadeIn\">different <\/span><span class=\"BZ_Pyq_fadeIn\">interior <\/span><span class=\"BZ_Pyq_fadeIn\">layouts.<\/span><span class=\"BZ_Pyq_fadeIn\">Open <\/span><span class=\"BZ_Pyq_fadeIn\">and <\/span><span class=\"BZ_Pyq_fadeIn\">natural <\/span><span class=\"BZ_Pyq_fadeIn\">seating <\/span><span class=\"BZ_Pyq_fadeIn\">arrangements <\/span><span class=\"BZ_Pyq_fadeIn\">help <\/span><span class=\"BZ_Pyq_fadeIn\">create <\/span><span class=\"BZ_Pyq_fadeIn\">calm <\/span><span class=\"BZ_Pyq_fadeIn\">and <\/span><span class=\"BZ_Pyq_fadeIn\">relaxing <\/span><span class=\"BZ_Pyq_fadeIn\">environments, <\/span><span class=\"BZ_Pyq_fadeIn\">reducing <\/span><span class=\"BZ_Pyq_fadeIn\">the <\/span><span class=\"BZ_Pyq_fadeIn\">stress <\/span><span class=\"BZ_Pyq_fadeIn\">and <\/span><span class=\"BZ_Pyq_fadeIn\">anxiety <\/span><span class=\"BZ_Pyq_fadeIn\">often <\/span><span class=\"BZ_Pyq_fadeIn\">associated <\/span><span class=\"BZ_Pyq_fadeIn\">with <\/span><span class=\"BZ_Pyq_fadeIn\">travel. <\/span><span class=\"BZ_Pyq_fadeIn\">Ergonomic <\/span><span class=\"BZ_Pyq_fadeIn\">seating <\/span><span class=\"BZ_Pyq_fadeIn\">and <\/span><span class=\"BZ_Pyq_fadeIn\">soft <\/span><span class=\"BZ_Pyq_fadeIn\">finishes <\/span><span class=\"BZ_Pyq_fadeIn\">provide <\/span><span class=\"BZ_Pyq_fadeIn\">a <\/span><span class=\"BZ_Pyq_fadeIn\">comfortable <\/span><span class=\"BZ_Pyq_fadeIn\">resting <\/span><span class=\"BZ_Pyq_fadeIn\">experience <\/span><span class=\"BZ_Pyq_fadeIn\">for <\/span><span class=\"BZ_Pyq_fadeIn\">passengers.<\/span><span class=\"BZ_Pyq_fadeIn\">Durable <\/span><span class=\"BZ_Pyq_fadeIn\">construction <\/span><span class=\"BZ_Pyq_fadeIn\">and <\/span><span class=\"BZ_Pyq_fadeIn\">high-<\/span><span class=\"BZ_Pyq_fadeIn\">quality <\/span><span class=\"BZ_Pyq_fadeIn\">materials <\/span><span class=\"BZ_Pyq_fadeIn\">make <\/span><span class=\"BZ_Pyq_fadeIn\">the <\/span><span class=\"BZ_Pyq_fadeIn\">sofa <\/span><span class=\"BZ_Pyq_fadeIn\">suitable <\/span><span class=\"BZ_Pyq_fadeIn\">for <\/span><span class=\"BZ_Pyq_fadeIn\">intensive <\/span><span class=\"BZ_Pyq_fadeIn\">use <\/span><span class=\"BZ_Pyq_fadeIn\">in <\/span><span class=\"BZ_Pyq_fadeIn\">high-<\/span><span class=\"BZ_Pyq_fadeIn\">traffic <\/span><span class=\"BZ_Pyq_fadeIn\">public <\/span><span class=\"BZ_Pyq_fadeIn\">environments.<\/span><\/p>\n","protected":false},"excerpt":{"rendered":"<p data-start=\"1260\" data-end=\"1447\"><span class=\"BZ_Pyq_fadeIn\">Lounge <\/span><span class=\"BZ_Pyq_fadeIn\">sofa <\/span><span class=\"BZ_Pyq_fadeIn\">designed <\/span><span class=\"BZ_Pyq_fadeIn\">for <\/span><span class=\"BZ_Pyq_fadeIn\">relaxation <\/span><span class=\"BZ_Pyq_fadeIn\">areas <\/span><span class=\"BZ_Pyq_fadeIn\">in <\/span><span class=\"BZ_Pyq_fadeIn\">airports <\/span><span class=\"BZ_Pyq_fadeIn\">and <\/span><span class=\"BZ_Pyq_fadeIn\">other <\/span><span class=\"BZ_Pyq_fadeIn\">public <\/span><span class=\"BZ_Pyq_fadeIn\">spaces. <\/span><span class=\"BZ_Pyq_fadeIn\">The <\/span><span class=\"BZ_Pyq_fadeIn\">modular <\/span><span class=\"BZ_Pyq_fadeIn\">structure <\/span><span class=\"BZ_Pyq_fadeIn\">allows <\/span><span class=\"BZ_Pyq_fadeIn\">flexible <\/span><span class=\"BZ_Pyq_fadeIn\">seating <\/span><span class=\"BZ_Pyq_fadeIn\">layouts <\/span><span class=\"BZ_Pyq_fadeIn\">that <\/span><span class=\"BZ_Pyq_fadeIn\">provide <\/span><span class=\"BZ_Pyq_fadeIn\">comfortable <\/span><span class=\"BZ_Pyq_fadeIn\">resting <\/span><span class=\"BZ_Pyq_fadeIn\">areas <\/span><span class=\"BZ_Pyq_fadeIn\">for <\/span><span class=\"BZ_Pyq_fadeIn\">passengers.<\/span><\/p>\n","protected":false},"featured_media":7327,"template":"","meta":[],"product_brand":[],"product_cat":[364,367],"product_tag":[],"branches":[448,446,444,450,454],"class_list":{"0":"post-7323","1":"product","2":"type-product","3":"status-publish","4":"has-post-thumbnail","6":"product_cat-furniture-for-waiting-and-relaxation-areas","7":"product_cat-sofas-and-armchairs-for-lounge-areas","8":"branches-airports","9":"branches-hospitality-and-gastronomy","10":"branches-public-facilities","11":"branches-shops-and-shopping-centers","12":"branches-tourism-and-entertainment","15":"instock","16":"shipping-taxable","17":"purchasable","18":"product-type-simple","19":"product-grid-view"},"yoast_head":"<!-- This site is optimized with the Yoast SEO plugin v27.0 - https:\/\/yoast.com\/product\/yoast-seo-wordpress\/ -->\n<title>Lounge Sofa - Versatec<\/title>\n<meta name=\"robots\" content=\"index, follow, max-snippet:-1, max-image-preview:large, max-video-preview:-1\" \/>\n<link rel=\"canonical\" href=\"https:\/\/versatecsystems.com\/en\/produkt\/horn-shaped-lounge-chair-kopia-kopia-kopia\/\" \/>\n<meta property=\"og:locale\" content=\"en_US\" \/>\n<meta property=\"og:type\" content=\"article\" \/>\n<meta property=\"og:title\" content=\"Lounge Sofa - Versatec\" \/>\n<meta property=\"og:description\" content=\"Lounge sofa designed for relaxation areas in airports and other public spaces. The modular structure allows flexible seating layouts that provide comfortable resting areas for passengers.\" \/>\n<meta property=\"og:url\" content=\"https:\/\/versatecsystems.com\/en\/produkt\/horn-shaped-lounge-chair-kopia-kopia-kopia\/\" \/>\n<meta property=\"og:site_name\" content=\"Versatec\" \/>\n<meta property=\"article:modified_time\" content=\"2026-03-14T21:42:51+00:00\" \/>\n<meta property=\"og:image\" content=\"https:\/\/versatecsystems.com\/wp-content\/uploads\/2026\/03\/47464-1024x576.png\" \/>\n\t<meta property=\"og:image:width\" content=\"1024\" \/>\n\t<meta property=\"og:image:height\" content=\"576\" \/>\n\t<meta property=\"og:image:type\" content=\"image\/png\" \/>\n<meta name=\"twitter:card\" content=\"summary_large_image\" \/>\n<meta name=\"twitter:label1\" content=\"Est. reading time\" \/>\n\t<meta name=\"twitter:data1\" content=\"1 minute\" \/>\n<script type=\"application\/ld+json\" class=\"yoast-schema-graph\">{\"@context\":\"https:\/\/schema.org\",\"@graph\":[{\"@type\":\"WebPage\",\"@id\":\"https:\/\/versatecsystems.com\/en\/produkt\/horn-shaped-lounge-chair-kopia-kopia-kopia\/\",\"url\":\"https:\/\/versatecsystems.com\/en\/produkt\/horn-shaped-lounge-chair-kopia-kopia-kopia\/\",\"name\":\"Lounge Sofa - Versatec\",\"isPartOf\":{\"@id\":\"https:\/\/versatecsystems.com\/en\/#website\"},\"primaryImageOfPage\":{\"@id\":\"https:\/\/versatecsystems.com\/en\/produkt\/horn-shaped-lounge-chair-kopia-kopia-kopia\/#primaryimage\"},\"image\":{\"@id\":\"https:\/\/versatecsystems.com\/en\/produkt\/horn-shaped-lounge-chair-kopia-kopia-kopia\/#primaryimage\"},\"thumbnailUrl\":\"https:\/\/versatecsystems.com\/wp-content\/uploads\/2026\/03\/47464.png\",\"datePublished\":\"2026-03-14T21:32:27+00:00\",\"dateModified\":\"2026-03-14T21:42:51+00:00\",\"breadcrumb\":{\"@id\":\"https:\/\/versatecsystems.com\/en\/produkt\/horn-shaped-lounge-chair-kopia-kopia-kopia\/#breadcrumb\"},\"inLanguage\":\"en-US\",\"potentialAction\":[{\"@type\":\"ReadAction\",\"target\":[\"https:\/\/versatecsystems.com\/en\/produkt\/horn-shaped-lounge-chair-kopia-kopia-kopia\/\"]}]},{\"@type\":\"ImageObject\",\"inLanguage\":\"en-US\",\"@id\":\"https:\/\/versatecsystems.com\/en\/produkt\/horn-shaped-lounge-chair-kopia-kopia-kopia\/#primaryimage\",\"url\":\"https:\/\/versatecsystems.com\/wp-content\/uploads\/2026\/03\/47464.png\",\"contentUrl\":\"https:\/\/versatecsystems.com\/wp-content\/uploads\/2026\/03\/47464.png\",\"width\":1920,\"height\":1080},{\"@type\":\"BreadcrumbList\",\"@id\":\"https:\/\/versatecsystems.com\/en\/produkt\/horn-shaped-lounge-chair-kopia-kopia-kopia\/#breadcrumb\",\"itemListElement\":[{\"@type\":\"ListItem\",\"position\":1,\"name\":\"Strona g\u0142\u00f3wna\",\"item\":\"https:\/\/versatecsystems.com\/en\/\"},{\"@type\":\"ListItem\",\"position\":2,\"name\":\"Products\",\"item\":\"https:\/\/versatecsystems.com\/en\/products\/\"},{\"@type\":\"ListItem\",\"position\":3,\"name\":\"Lounge Sofa\"}]},{\"@type\":\"WebSite\",\"@id\":\"https:\/\/versatecsystems.com\/en\/#website\",\"url\":\"https:\/\/versatecsystems.com\/en\/\",\"name\":\"Versatec Systems\",\"description\":\"Wyposa\u017cenie obiekt\u00f3w publicznych i przemys\u0142owych o potwierdzonej skuteczno\u015bci. Do\u015bwiadczony zesp\u00f3\u0142. Sprawdzone systemy. Efektywno\u015b\u0107 i niezawodno\u015b\u0107. Rozwi\u0105zania do zarz\u0105dzania ruchem ludzi, kontroli dost\u0119pu oraz organizacji przestrzeni w wymagaj\u0105cych \u015brodowiskach. Projektowane z my\u015bl\u0105 o lotniskach, dworcach kolejowych, budynkach u\u017cyteczno\u015bci publicznej, obiektach przemys\u0142owych oraz przestrzeniach zewn\u0119trznych.  Celem jest dostarczanie rozwi\u0105za\u0144, kt\u00f3re wspieraj\u0105 sprawne funkcjonowanie obiekt\u00f3w poprzez lepsz\u0105 organizacj\u0119, podniesienie poziomu bezpiecze\u0144stwa oraz wymierne korzy\u015bci operacyjne.\",\"publisher\":{\"@id\":\"https:\/\/versatecsystems.com\/en\/#organization\"},\"alternateName\":\"Versatec\",\"potentialAction\":[{\"@type\":\"SearchAction\",\"target\":{\"@type\":\"EntryPoint\",\"urlTemplate\":\"https:\/\/versatecsystems.com\/en\/?s={search_term_string}\"},\"query-input\":{\"@type\":\"PropertyValueSpecification\",\"valueRequired\":true,\"valueName\":\"search_term_string\"}}],\"inLanguage\":\"en-US\"},{\"@type\":\"Organization\",\"@id\":\"https:\/\/versatecsystems.com\/en\/#organization\",\"name\":\"Versatec Systems\",\"alternateName\":\"Versatec\",\"url\":\"https:\/\/versatecsystems.com\/en\/\",\"logo\":{\"@type\":\"ImageObject\",\"inLanguage\":\"en-US\",\"@id\":\"https:\/\/versatecsystems.com\/en\/#\/schema\/logo\/image\/\",\"url\":\"https:\/\/versatecsystems.com\/wp-content\/uploads\/2026\/01\/just-v-scaled.png\",\"contentUrl\":\"https:\/\/versatecsystems.com\/wp-content\/uploads\/2026\/01\/just-v-scaled.png\",\"width\":2560,\"height\":853,\"caption\":\"Versatec Systems\"},\"image\":{\"@id\":\"https:\/\/versatecsystems.com\/en\/#\/schema\/logo\/image\/\"}}]}<\/script>\n<!-- \/ Yoast SEO plugin. -->","yoast_head_json":{"title":"Lounge Sofa - Versatec","robots":{"index":"index","follow":"follow","max-snippet":"max-snippet:-1","max-image-preview":"max-image-preview:large","max-video-preview":"max-video-preview:-1"},"canonical":"https:\/\/versatecsystems.com\/en\/produkt\/horn-shaped-lounge-chair-kopia-kopia-kopia\/","og_locale":"en_US","og_type":"article","og_title":"Lounge Sofa - Versatec","og_description":"Lounge sofa designed for relaxation areas in airports and other public spaces. The modular structure allows flexible seating layouts that provide comfortable resting areas for passengers.","og_url":"https:\/\/versatecsystems.com\/en\/produkt\/horn-shaped-lounge-chair-kopia-kopia-kopia\/","og_site_name":"Versatec","article_modified_time":"2026-03-14T21:42:51+00:00","og_image":[{"width":1024,"height":576,"url":"https:\/\/versatecsystems.com\/wp-content\/uploads\/2026\/03\/47464-1024x576.png","type":"image\/png"}],"twitter_card":"summary_large_image","twitter_misc":{"Est. reading time":"1 minute"},"schema":{"@context":"https:\/\/schema.org","@graph":[{"@type":"WebPage","@id":"https:\/\/versatecsystems.com\/en\/produkt\/horn-shaped-lounge-chair-kopia-kopia-kopia\/","url":"https:\/\/versatecsystems.com\/en\/produkt\/horn-shaped-lounge-chair-kopia-kopia-kopia\/","name":"Lounge Sofa - Versatec","isPartOf":{"@id":"https:\/\/versatecsystems.com\/en\/#website"},"primaryImageOfPage":{"@id":"https:\/\/versatecsystems.com\/en\/produkt\/horn-shaped-lounge-chair-kopia-kopia-kopia\/#primaryimage"},"image":{"@id":"https:\/\/versatecsystems.com\/en\/produkt\/horn-shaped-lounge-chair-kopia-kopia-kopia\/#primaryimage"},"thumbnailUrl":"https:\/\/versatecsystems.com\/wp-content\/uploads\/2026\/03\/47464.png","datePublished":"2026-03-14T21:32:27+00:00","dateModified":"2026-03-14T21:42:51+00:00","breadcrumb":{"@id":"https:\/\/versatecsystems.com\/en\/produkt\/horn-shaped-lounge-chair-kopia-kopia-kopia\/#breadcrumb"},"inLanguage":"en-US","potentialAction":[{"@type":"ReadAction","target":["https:\/\/versatecsystems.com\/en\/produkt\/horn-shaped-lounge-chair-kopia-kopia-kopia\/"]}]},{"@type":"ImageObject","inLanguage":"en-US","@id":"https:\/\/versatecsystems.com\/en\/produkt\/horn-shaped-lounge-chair-kopia-kopia-kopia\/#primaryimage","url":"https:\/\/versatecsystems.com\/wp-content\/uploads\/2026\/03\/47464.png","contentUrl":"https:\/\/versatecsystems.com\/wp-content\/uploads\/2026\/03\/47464.png","width":1920,"height":1080},{"@type":"BreadcrumbList","@id":"https:\/\/versatecsystems.com\/en\/produkt\/horn-shaped-lounge-chair-kopia-kopia-kopia\/#breadcrumb","itemListElement":[{"@type":"ListItem","position":1,"name":"Strona g\u0142\u00f3wna","item":"https:\/\/versatecsystems.com\/en\/"},{"@type":"ListItem","position":2,"name":"Products","item":"https:\/\/versatecsystems.com\/en\/products\/"},{"@type":"ListItem","position":3,"name":"Lounge Sofa"}]},{"@type":"WebSite","@id":"https:\/\/versatecsystems.com\/en\/#website","url":"https:\/\/versatecsystems.com\/en\/","name":"Versatec Systems","description":"Wyposa\u017cenie obiekt\u00f3w publicznych i przemys\u0142owych o potwierdzonej skuteczno\u015bci. Do\u015bwiadczony zesp\u00f3\u0142. Sprawdzone systemy. Efektywno\u015b\u0107 i niezawodno\u015b\u0107. Rozwi\u0105zania do zarz\u0105dzania ruchem ludzi, kontroli dost\u0119pu oraz organizacji przestrzeni w wymagaj\u0105cych \u015brodowiskach. Projektowane z my\u015bl\u0105 o lotniskach, dworcach kolejowych, budynkach u\u017cyteczno\u015bci publicznej, obiektach przemys\u0142owych oraz przestrzeniach zewn\u0119trznych.  Celem jest dostarczanie rozwi\u0105za\u0144, kt\u00f3re wspieraj\u0105 sprawne funkcjonowanie obiekt\u00f3w poprzez lepsz\u0105 organizacj\u0119, podniesienie poziomu bezpiecze\u0144stwa oraz wymierne korzy\u015bci operacyjne.","publisher":{"@id":"https:\/\/versatecsystems.com\/en\/#organization"},"alternateName":"Versatec","potentialAction":[{"@type":"SearchAction","target":{"@type":"EntryPoint","urlTemplate":"https:\/\/versatecsystems.com\/en\/?s={search_term_string}"},"query-input":{"@type":"PropertyValueSpecification","valueRequired":true,"valueName":"search_term_string"}}],"inLanguage":"en-US"},{"@type":"Organization","@id":"https:\/\/versatecsystems.com\/en\/#organization","name":"Versatec Systems","alternateName":"Versatec","url":"https:\/\/versatecsystems.com\/en\/","logo":{"@type":"ImageObject","inLanguage":"en-US","@id":"https:\/\/versatecsystems.com\/en\/#\/schema\/logo\/image\/","url":"https:\/\/versatecsystems.com\/wp-content\/uploads\/2026\/01\/just-v-scaled.png","contentUrl":"https:\/\/versatecsystems.com\/wp-content\/uploads\/2026\/01\/just-v-scaled.png","width":2560,"height":853,"caption":"Versatec Systems"},"image":{"@id":"https:\/\/versatecsystems.com\/en\/#\/schema\/logo\/image\/"}}]}},"_links":{"self":[{"href":"https:\/\/versatecsystems.com\/en\/wp-json\/wp\/v2\/product\/7323","targetHints":{"allow":["GET"]}}],"collection":[{"href":"https:\/\/versatecsystems.com\/en\/wp-json\/wp\/v2\/product"}],"about":[{"href":"https:\/\/versatecsystems.com\/en\/wp-json\/wp\/v2\/types\/product"}],"wp:featuredmedia":[{"embeddable":true,"href":"https:\/\/versatecsystems.com\/en\/wp-json\/wp\/v2\/media\/7327"}],"wp:attachment":[{"href":"https:\/\/versatecsystems.com\/en\/wp-json\/wp\/v2\/media?parent=7323"}],"wp:term":[{"taxonomy":"product_brand","embeddable":true,"href":"https:\/\/versatecsystems.com\/en\/wp-json\/wp\/v2\/product_brand?post=7323"},{"taxonomy":"product_cat","embeddable":true,"href":"https:\/\/versatecsystems.com\/en\/wp-json\/wp\/v2\/product_cat?post=7323"},{"taxonomy":"product_tag","embeddable":true,"href":"https:\/\/versatecsystems.com\/en\/wp-json\/wp\/v2\/product_tag?post=7323"},{"taxonomy":"branches","embeddable":true,"href":"https:\/\/versatecsystems.com\/en\/wp-json\/wp\/v2\/branches?post=7323"}],"curies":[{"name":"wp","href":"https:\/\/api.w.org\/{rel}","templated":true}]}}