{"id":7276,"date":"2026-03-14T19:29:48","date_gmt":"2026-03-14T19:29:48","guid":{"rendered":"https:\/\/versatecsystems.com\/?post_type=product&#038;p=7276"},"modified":"2026-03-14T19:56:36","modified_gmt":"2026-03-14T19:56:36","slug":"compact-optical-speed-gate-la3219s-kopia","status":"publish","type":"product","link":"https:\/\/versatecsystems.com\/en\/produkt\/compact-optical-speed-gate-la3219s-kopia\/","title":{"rendered":"Compact Optical Speed Gate LA3219S (Kopia)"},"content":{"rendered":"<p><strong>Functions &amp; Features<\/strong><\/p>\n<p>\uf06c 1\u3001Reasonable and reliable design, low noise, smooth operation and long service life\uff1b<br \/>\n\uf06c 2\u3001With functions of anti-tail, anti-reverse pass and so on;<br \/>\n\uf06c 3\u3001Card can be set &#8220;with memory&#8221; or &#8220;without memory&#8221; functions;<br \/>\n\uf06c 4\u3001With automatic reset function, i.e. after having access to the gate, the gate automatically restores to the<br \/>\nlocked state if not pass within the time set;<br \/>\n\uf06c 5\u3001With infrared anti-clip function (anti-clip when gate is open or running);<br \/>\n\uf06c 6\u3001Compatible with IC, ID card, scanning and face recognition,etc.<br \/>\n\uf06c 7\u3001Two modes of operation are available: open or closed.<br \/>\n\uf06c 8\u3001Various working modes are available, including two-way card reading and one-way card reading,etc.<\/p>\n<p><strong>Parameter<\/strong><\/p>\n<table style=\"height: 1472px;\" width=\"774\">\n<tbody>\n<tr>\n<td width=\"96\"><strong>Size<\/strong><\/td>\n<td colspan=\"2\" width=\"308\"><strong>300*160*1200\uff08mm\uff09<\/strong><\/td>\n<td width=\"262\">&nbsp;<\/td>\n<\/tr>\n<tr>\n<td rowspan=\"4\" width=\"96\">&nbsp;<\/p>\n<p><strong>Chassis<\/strong><\/td>\n<td width=\"98\"><strong>Description<\/strong><\/td>\n<td width=\"211\"><strong>Norm<\/strong><\/td>\n<td width=\"262\"><strong>Model\/Brand<\/strong><\/td>\n<\/tr>\n<tr>\n<td width=\"98\">Top cover<\/td>\n<td width=\"211\">\/<\/td>\n<td width=\"262\">\/<\/td>\n<\/tr>\n<tr>\n<td width=\"98\">Housing<\/td>\n<td width=\"211\">5mm<\/td>\n<td width=\"262\">Aluminum alloy<\/td>\n<\/tr>\n<tr>\n<td width=\"98\">Filling Panel<\/td>\n<td width=\"211\">\/<\/td>\n<td width=\"262\">\/<\/td>\n<\/tr>\n<tr>\n<td rowspan=\"4\" width=\"96\">&nbsp;<\/p>\n<p><strong>Movement<\/strong><\/td>\n<td width=\"98\"><strong>Description<\/strong><\/td>\n<td width=\"211\"><strong>Norm<\/strong><\/td>\n<td width=\"262\"><strong>Model\/Brand<\/strong><\/td>\n<\/tr>\n<tr>\n<td width=\"98\">Mechanism<\/td>\n<td width=\"211\">Servo Speed Door<\/td>\n<td width=\"262\">\/<\/td>\n<\/tr>\n<tr>\n<td width=\"98\">Door panel<\/td>\n<td width=\"211\">10mm<\/td>\n<td width=\"262\">Transparent PC<\/td>\n<\/tr>\n<tr>\n<td width=\"98\">Pass Lane<\/td>\n<td width=\"211\">600-900mm<\/td>\n<td width=\"262\">Transparent PC<\/td>\n<\/tr>\n<tr>\n<td rowspan=\"6\" width=\"96\">&nbsp;<\/p>\n<p><strong>Electronic control<\/strong><\/td>\n<td width=\"98\"><strong>Description<\/strong><\/td>\n<td width=\"211\"><strong>Norm<\/strong><\/td>\n<td width=\"262\"><strong>Model\/Brand<\/strong><\/td>\n<\/tr>\n<tr>\n<td width=\"98\">Control board<\/td>\n<td width=\"211\">Servo control board<\/td>\n<td width=\"262\">\/<\/td>\n<\/tr>\n<tr>\n<td width=\"98\">Motor<\/td>\n<td width=\"211\">Brushless servo 40:1 100W<\/td>\n<td width=\"262\">\/<\/td>\n<\/tr>\n<tr>\n<td width=\"98\">IR sensor<\/td>\n<td width=\"211\">4 pairs<\/td>\n<td width=\"262\">HYD<\/td>\n<\/tr>\n<tr>\n<td width=\"98\">Air switch<\/td>\n<td width=\"211\">2P<\/td>\n<td width=\"262\">ZT<\/td>\n<\/tr>\n<tr>\n<td width=\"98\">Power supply<\/td>\n<td width=\"211\">24V 500W \/12V 3A<\/td>\n<td width=\"262\">MW\/CL<\/td>\n<\/tr>\n<tr>\n<td rowspan=\"3\" width=\"96\">&nbsp;<\/p>\n<p><strong>Accessories<\/strong><\/td>\n<td width=\"98\"><strong>Description<\/strong><\/td>\n<td width=\"211\"><strong>Norm<\/strong><\/td>\n<td width=\"262\"><strong>Model\/Brand<\/strong><\/td>\n<\/tr>\n<tr>\n<td width=\"98\">Connection<\/p>\n<p>cable<\/td>\n<td width=\"211\">5m<\/td>\n<td width=\"262\">2*1.0m \u33a1 RVV<\/td>\n<\/tr>\n<tr>\n<td width=\"98\">Network cable<\/td>\n<td width=\"211\">5m<\/td>\n<td width=\"262\">Both ends with crystal tips<\/td>\n<\/tr>\n<tr>\n<td rowspan=\"3\" width=\"96\">&nbsp;<\/p>\n<p><strong>Package<\/strong><\/td>\n<td width=\"98\"><strong>Description<\/strong><\/td>\n<td width=\"211\"><strong>Norm<\/strong><\/td>\n<td width=\"262\"><strong>Model\/Brand<\/strong><\/td>\n<\/tr>\n<tr>\n<td width=\"98\">EPE foam<\/td>\n<td width=\"211\">Fully enclosed in EPE (expanded polyethylene) protective foam.<\/td>\n<td width=\"262\">\/<\/td>\n<\/tr>\n<tr>\n<td width=\"98\">Cardboard box<\/td>\n<td width=\"211\">360*200*1460<\/td>\n<td width=\"262\">Carton (inner dimensions)<\/td>\n<\/tr>\n<\/tbody>\n<\/table>\n<p>&nbsp;<\/p>\n","protected":false},"excerpt":{"rendered":"<p>Reasonable and reliable design, low noise, smooth operation and long service life. With functions of anti-tail, anti-reverse pass and so on. Card can be set &#8220;with memory&#8221; or &#8220;without memory&#8221; functions. With automatic reset function, i.e. after having access to the gate, the gate automatically restores to the locked state if not pass within the time set.<\/p>\n","protected":false},"featured_media":7295,"template":"","meta":[],"product_brand":[],"product_cat":[356,361],"product_tag":[],"branches":[448,445,452,449,443,444,450,451,454,453],"class_list":{"0":"post-7276","1":"product","2":"type-product","3":"status-publish","4":"has-post-thumbnail","6":"product_cat-access-control-entrance-gates","7":"product_cat-swing-optical-gates","8":"branches-airports","9":"branches-education","10":"branches-healthcare","11":"branches-industry","12":"branches-office-buildings","13":"branches-public-facilities","14":"branches-shops-and-shopping-centers","15":"branches-sport-and-events","16":"branches-tourism-and-entertainment","17":"branches-transport","20":"instock","21":"shipping-taxable","22":"purchasable","23":"product-type-simple","24":"product-grid-view"},"yoast_head":"<!-- This site is optimized with the Yoast SEO plugin v27.0 - https:\/\/yoast.com\/product\/yoast-seo-wordpress\/ -->\n<title>Compact Optical Speed Gate LA3219S (Kopia) - Versatec<\/title>\n<meta name=\"robots\" content=\"index, follow, max-snippet:-1, max-image-preview:large, max-video-preview:-1\" \/>\n<link rel=\"canonical\" href=\"https:\/\/versatecsystems.com\/en\/produkt\/compact-optical-speed-gate-la3219s-kopia\/\" \/>\n<meta property=\"og:locale\" content=\"en_US\" \/>\n<meta property=\"og:type\" content=\"article\" \/>\n<meta property=\"og:title\" content=\"Compact Optical Speed Gate LA3219S (Kopia) - Versatec\" \/>\n<meta property=\"og:description\" content=\"Reasonable and reliable design, low noise, smooth operation and long service life. With functions of anti-tail, anti-reverse pass and so on. Card can be set &quot;with memory&quot; or &quot;without memory&quot; functions. With automatic reset function, i.e. after having access to the gate, the gate automatically restores to the locked state if not pass within the time set.\" \/>\n<meta property=\"og:url\" content=\"https:\/\/versatecsystems.com\/en\/produkt\/compact-optical-speed-gate-la3219s-kopia\/\" \/>\n<meta property=\"og:site_name\" content=\"Versatec\" \/>\n<meta property=\"article:modified_time\" content=\"2026-03-14T19:56:36+00:00\" \/>\n<meta property=\"og:image\" content=\"https:\/\/versatecsystems.com\/wp-content\/uploads\/2026\/03\/A306C-1-1.png\" \/>\n\t<meta property=\"og:image:width\" content=\"1692\" \/>\n\t<meta property=\"og:image:height\" content=\"952\" \/>\n\t<meta property=\"og:image:type\" content=\"image\/png\" \/>\n<meta name=\"twitter:card\" content=\"summary_large_image\" \/>\n<meta name=\"twitter:label1\" content=\"Est. reading time\" \/>\n\t<meta name=\"twitter:data1\" content=\"1 minute\" \/>\n<script type=\"application\/ld+json\" class=\"yoast-schema-graph\">{\"@context\":\"https:\/\/schema.org\",\"@graph\":[{\"@type\":\"WebPage\",\"@id\":\"https:\/\/versatecsystems.com\/en\/produkt\/compact-optical-speed-gate-la3219s-kopia\/\",\"url\":\"https:\/\/versatecsystems.com\/en\/produkt\/compact-optical-speed-gate-la3219s-kopia\/\",\"name\":\"Compact Optical Speed Gate LA3219S (Kopia) - Versatec\",\"isPartOf\":{\"@id\":\"https:\/\/versatecsystems.com\/en\/#website\"},\"primaryImageOfPage\":{\"@id\":\"https:\/\/versatecsystems.com\/en\/produkt\/compact-optical-speed-gate-la3219s-kopia\/#primaryimage\"},\"image\":{\"@id\":\"https:\/\/versatecsystems.com\/en\/produkt\/compact-optical-speed-gate-la3219s-kopia\/#primaryimage\"},\"thumbnailUrl\":\"https:\/\/versatecsystems.com\/wp-content\/uploads\/2026\/03\/A306C-1-1.png\",\"datePublished\":\"2026-03-14T19:29:48+00:00\",\"dateModified\":\"2026-03-14T19:56:36+00:00\",\"breadcrumb\":{\"@id\":\"https:\/\/versatecsystems.com\/en\/produkt\/compact-optical-speed-gate-la3219s-kopia\/#breadcrumb\"},\"inLanguage\":\"en-US\",\"potentialAction\":[{\"@type\":\"ReadAction\",\"target\":[\"https:\/\/versatecsystems.com\/en\/produkt\/compact-optical-speed-gate-la3219s-kopia\/\"]}]},{\"@type\":\"ImageObject\",\"inLanguage\":\"en-US\",\"@id\":\"https:\/\/versatecsystems.com\/en\/produkt\/compact-optical-speed-gate-la3219s-kopia\/#primaryimage\",\"url\":\"https:\/\/versatecsystems.com\/wp-content\/uploads\/2026\/03\/A306C-1-1.png\",\"contentUrl\":\"https:\/\/versatecsystems.com\/wp-content\/uploads\/2026\/03\/A306C-1-1.png\",\"width\":1692,\"height\":952},{\"@type\":\"BreadcrumbList\",\"@id\":\"https:\/\/versatecsystems.com\/en\/produkt\/compact-optical-speed-gate-la3219s-kopia\/#breadcrumb\",\"itemListElement\":[{\"@type\":\"ListItem\",\"position\":1,\"name\":\"Strona g\u0142\u00f3wna\",\"item\":\"https:\/\/versatecsystems.com\/en\/\"},{\"@type\":\"ListItem\",\"position\":2,\"name\":\"Products\",\"item\":\"https:\/\/versatecsystems.com\/en\/products\/\"},{\"@type\":\"ListItem\",\"position\":3,\"name\":\"Compact Optical Speed Gate LA3219S (Kopia)\"}]},{\"@type\":\"WebSite\",\"@id\":\"https:\/\/versatecsystems.com\/en\/#website\",\"url\":\"https:\/\/versatecsystems.com\/en\/\",\"name\":\"Versatec Systems\",\"description\":\"Wyposa\u017cenie obiekt\u00f3w publicznych i przemys\u0142owych o potwierdzonej skuteczno\u015bci. Do\u015bwiadczony zesp\u00f3\u0142. Sprawdzone systemy. Efektywno\u015b\u0107 i niezawodno\u015b\u0107. Rozwi\u0105zania do zarz\u0105dzania ruchem ludzi, kontroli dost\u0119pu oraz organizacji przestrzeni w wymagaj\u0105cych \u015brodowiskach. Projektowane z my\u015bl\u0105 o lotniskach, dworcach kolejowych, budynkach u\u017cyteczno\u015bci publicznej, obiektach przemys\u0142owych oraz przestrzeniach zewn\u0119trznych.  Celem jest dostarczanie rozwi\u0105za\u0144, kt\u00f3re wspieraj\u0105 sprawne funkcjonowanie obiekt\u00f3w poprzez lepsz\u0105 organizacj\u0119, podniesienie poziomu bezpiecze\u0144stwa oraz wymierne korzy\u015bci operacyjne.\",\"publisher\":{\"@id\":\"https:\/\/versatecsystems.com\/en\/#organization\"},\"alternateName\":\"Versatec\",\"potentialAction\":[{\"@type\":\"SearchAction\",\"target\":{\"@type\":\"EntryPoint\",\"urlTemplate\":\"https:\/\/versatecsystems.com\/en\/?s={search_term_string}\"},\"query-input\":{\"@type\":\"PropertyValueSpecification\",\"valueRequired\":true,\"valueName\":\"search_term_string\"}}],\"inLanguage\":\"en-US\"},{\"@type\":\"Organization\",\"@id\":\"https:\/\/versatecsystems.com\/en\/#organization\",\"name\":\"Versatec Systems\",\"alternateName\":\"Versatec\",\"url\":\"https:\/\/versatecsystems.com\/en\/\",\"logo\":{\"@type\":\"ImageObject\",\"inLanguage\":\"en-US\",\"@id\":\"https:\/\/versatecsystems.com\/en\/#\/schema\/logo\/image\/\",\"url\":\"https:\/\/versatecsystems.com\/wp-content\/uploads\/2026\/01\/just-v-scaled.png\",\"contentUrl\":\"https:\/\/versatecsystems.com\/wp-content\/uploads\/2026\/01\/just-v-scaled.png\",\"width\":2560,\"height\":853,\"caption\":\"Versatec Systems\"},\"image\":{\"@id\":\"https:\/\/versatecsystems.com\/en\/#\/schema\/logo\/image\/\"}}]}<\/script>\n<!-- \/ Yoast SEO plugin. -->","yoast_head_json":{"title":"Compact Optical Speed Gate LA3219S (Kopia) - Versatec","robots":{"index":"index","follow":"follow","max-snippet":"max-snippet:-1","max-image-preview":"max-image-preview:large","max-video-preview":"max-video-preview:-1"},"canonical":"https:\/\/versatecsystems.com\/en\/produkt\/compact-optical-speed-gate-la3219s-kopia\/","og_locale":"en_US","og_type":"article","og_title":"Compact Optical Speed Gate LA3219S (Kopia) - Versatec","og_description":"Reasonable and reliable design, low noise, smooth operation and long service life. With functions of anti-tail, anti-reverse pass and so on. Card can be set \"with memory\" or \"without memory\" functions. With automatic reset function, i.e. after having access to the gate, the gate automatically restores to the locked state if not pass within the time set.","og_url":"https:\/\/versatecsystems.com\/en\/produkt\/compact-optical-speed-gate-la3219s-kopia\/","og_site_name":"Versatec","article_modified_time":"2026-03-14T19:56:36+00:00","og_image":[{"width":1692,"height":952,"url":"https:\/\/versatecsystems.com\/wp-content\/uploads\/2026\/03\/A306C-1-1.png","type":"image\/png"}],"twitter_card":"summary_large_image","twitter_misc":{"Est. reading time":"1 minute"},"schema":{"@context":"https:\/\/schema.org","@graph":[{"@type":"WebPage","@id":"https:\/\/versatecsystems.com\/en\/produkt\/compact-optical-speed-gate-la3219s-kopia\/","url":"https:\/\/versatecsystems.com\/en\/produkt\/compact-optical-speed-gate-la3219s-kopia\/","name":"Compact Optical Speed Gate LA3219S (Kopia) - Versatec","isPartOf":{"@id":"https:\/\/versatecsystems.com\/en\/#website"},"primaryImageOfPage":{"@id":"https:\/\/versatecsystems.com\/en\/produkt\/compact-optical-speed-gate-la3219s-kopia\/#primaryimage"},"image":{"@id":"https:\/\/versatecsystems.com\/en\/produkt\/compact-optical-speed-gate-la3219s-kopia\/#primaryimage"},"thumbnailUrl":"https:\/\/versatecsystems.com\/wp-content\/uploads\/2026\/03\/A306C-1-1.png","datePublished":"2026-03-14T19:29:48+00:00","dateModified":"2026-03-14T19:56:36+00:00","breadcrumb":{"@id":"https:\/\/versatecsystems.com\/en\/produkt\/compact-optical-speed-gate-la3219s-kopia\/#breadcrumb"},"inLanguage":"en-US","potentialAction":[{"@type":"ReadAction","target":["https:\/\/versatecsystems.com\/en\/produkt\/compact-optical-speed-gate-la3219s-kopia\/"]}]},{"@type":"ImageObject","inLanguage":"en-US","@id":"https:\/\/versatecsystems.com\/en\/produkt\/compact-optical-speed-gate-la3219s-kopia\/#primaryimage","url":"https:\/\/versatecsystems.com\/wp-content\/uploads\/2026\/03\/A306C-1-1.png","contentUrl":"https:\/\/versatecsystems.com\/wp-content\/uploads\/2026\/03\/A306C-1-1.png","width":1692,"height":952},{"@type":"BreadcrumbList","@id":"https:\/\/versatecsystems.com\/en\/produkt\/compact-optical-speed-gate-la3219s-kopia\/#breadcrumb","itemListElement":[{"@type":"ListItem","position":1,"name":"Strona g\u0142\u00f3wna","item":"https:\/\/versatecsystems.com\/en\/"},{"@type":"ListItem","position":2,"name":"Products","item":"https:\/\/versatecsystems.com\/en\/products\/"},{"@type":"ListItem","position":3,"name":"Compact Optical Speed Gate LA3219S (Kopia)"}]},{"@type":"WebSite","@id":"https:\/\/versatecsystems.com\/en\/#website","url":"https:\/\/versatecsystems.com\/en\/","name":"Versatec Systems","description":"Wyposa\u017cenie obiekt\u00f3w publicznych i przemys\u0142owych o potwierdzonej skuteczno\u015bci. Do\u015bwiadczony zesp\u00f3\u0142. Sprawdzone systemy. Efektywno\u015b\u0107 i niezawodno\u015b\u0107. Rozwi\u0105zania do zarz\u0105dzania ruchem ludzi, kontroli dost\u0119pu oraz organizacji przestrzeni w wymagaj\u0105cych \u015brodowiskach. Projektowane z my\u015bl\u0105 o lotniskach, dworcach kolejowych, budynkach u\u017cyteczno\u015bci publicznej, obiektach przemys\u0142owych oraz przestrzeniach zewn\u0119trznych.  Celem jest dostarczanie rozwi\u0105za\u0144, kt\u00f3re wspieraj\u0105 sprawne funkcjonowanie obiekt\u00f3w poprzez lepsz\u0105 organizacj\u0119, podniesienie poziomu bezpiecze\u0144stwa oraz wymierne korzy\u015bci operacyjne.","publisher":{"@id":"https:\/\/versatecsystems.com\/en\/#organization"},"alternateName":"Versatec","potentialAction":[{"@type":"SearchAction","target":{"@type":"EntryPoint","urlTemplate":"https:\/\/versatecsystems.com\/en\/?s={search_term_string}"},"query-input":{"@type":"PropertyValueSpecification","valueRequired":true,"valueName":"search_term_string"}}],"inLanguage":"en-US"},{"@type":"Organization","@id":"https:\/\/versatecsystems.com\/en\/#organization","name":"Versatec Systems","alternateName":"Versatec","url":"https:\/\/versatecsystems.com\/en\/","logo":{"@type":"ImageObject","inLanguage":"en-US","@id":"https:\/\/versatecsystems.com\/en\/#\/schema\/logo\/image\/","url":"https:\/\/versatecsystems.com\/wp-content\/uploads\/2026\/01\/just-v-scaled.png","contentUrl":"https:\/\/versatecsystems.com\/wp-content\/uploads\/2026\/01\/just-v-scaled.png","width":2560,"height":853,"caption":"Versatec Systems"},"image":{"@id":"https:\/\/versatecsystems.com\/en\/#\/schema\/logo\/image\/"}}]}},"_links":{"self":[{"href":"https:\/\/versatecsystems.com\/en\/wp-json\/wp\/v2\/product\/7276","targetHints":{"allow":["GET"]}}],"collection":[{"href":"https:\/\/versatecsystems.com\/en\/wp-json\/wp\/v2\/product"}],"about":[{"href":"https:\/\/versatecsystems.com\/en\/wp-json\/wp\/v2\/types\/product"}],"wp:featuredmedia":[{"embeddable":true,"href":"https:\/\/versatecsystems.com\/en\/wp-json\/wp\/v2\/media\/7295"}],"wp:attachment":[{"href":"https:\/\/versatecsystems.com\/en\/wp-json\/wp\/v2\/media?parent=7276"}],"wp:term":[{"taxonomy":"product_brand","embeddable":true,"href":"https:\/\/versatecsystems.com\/en\/wp-json\/wp\/v2\/product_brand?post=7276"},{"taxonomy":"product_cat","embeddable":true,"href":"https:\/\/versatecsystems.com\/en\/wp-json\/wp\/v2\/product_cat?post=7276"},{"taxonomy":"product_tag","embeddable":true,"href":"https:\/\/versatecsystems.com\/en\/wp-json\/wp\/v2\/product_tag?post=7276"},{"taxonomy":"branches","embeddable":true,"href":"https:\/\/versatecsystems.com\/en\/wp-json\/wp\/v2\/branches?post=7276"}],"curies":[{"name":"wp","href":"https:\/\/api.w.org\/{rel}","templated":true}]}}