{"id":6764,"date":"2026-03-01T19:34:42","date_gmt":"2026-03-01T19:34:42","guid":{"rendered":"https:\/\/versatecsystems.com\/?post_type=product&#038;p=6764"},"modified":"2026-03-06T08:11:38","modified_gmt":"2026-03-06T08:11:38","slug":"beam-seating-sj9096g-kopia-kopia-kopia-kopia-kopia-kopia-kopia-kopia-kopia-kopia-kopia","status":"publish","type":"product","link":"https:\/\/versatecsystems.com\/en\/produkt\/beam-seating-sj9096g-kopia-kopia-kopia-kopia-kopia-kopia-kopia-kopia-kopia-kopia-kopia\/","title":{"rendered":"Modular Sofa SJ-AP27"},"content":{"rendered":"<p>The SJ-AP27 model features a solid panel frame finished with ash wood veneer, giving the structure a natural and elegant character. The seat is upholstered with premium leather, providing high comfort and resistance to intensive use. The stability of the entire structure is ensured by a support and base made of forged iron, which increases the durability and strength of the product. Model: SJ-AP27. Type: modular sofa. Material: panel. Dimensions: length 2020 mm, width 1920 mm, height 1000 mm. Colour options are determined individually \u2013 please contact our sales representative for details.<\/p>\n","protected":false},"excerpt":{"rendered":"<p>The SJ-AP27 modular sofa combines a modern form with elegant finishing materials. Ash wood veneer, premium leather, and a forged iron base create a durable and representative structure, ideal for prestigious spaces.<\/p>\n<p data-start=\"185\" data-end=\"208\">\n","protected":false},"featured_media":6965,"template":"","meta":[],"product_brand":[],"product_cat":[364,366,367],"product_tag":[],"branches":[448,446,443,444,450,454,453],"class_list":{"0":"post-6764","1":"product","2":"type-product","3":"status-publish","4":"has-post-thumbnail","6":"product_cat-furniture-for-waiting-and-relaxation-areas","7":"product_cat-soft-and-modular-seating","8":"product_cat-sofas-and-armchairs-for-lounge-areas","9":"branches-airports","10":"branches-hospitality-and-gastronomy","11":"branches-office-buildings","12":"branches-public-facilities","13":"branches-shops-and-shopping-centers","14":"branches-tourism-and-entertainment","15":"branches-transport","18":"instock","19":"shipping-taxable","20":"purchasable","21":"product-type-simple","22":"product-grid-view"},"yoast_head":"<!-- This site is optimized with the Yoast SEO plugin v27.0 - https:\/\/yoast.com\/product\/yoast-seo-wordpress\/ -->\n<title>Modular Sofa SJ-AP27 - Versatec<\/title>\n<meta name=\"robots\" content=\"index, follow, max-snippet:-1, max-image-preview:large, max-video-preview:-1\" \/>\n<link rel=\"canonical\" href=\"https:\/\/versatecsystems.com\/en\/produkt\/beam-seating-sj9096g-kopia-kopia-kopia-kopia-kopia-kopia-kopia-kopia-kopia-kopia-kopia\/\" \/>\n<meta property=\"og:locale\" content=\"en_US\" \/>\n<meta property=\"og:type\" content=\"article\" \/>\n<meta property=\"og:title\" content=\"Modular Sofa SJ-AP27 - Versatec\" \/>\n<meta property=\"og:description\" content=\"The SJ-AP27 modular sofa combines a modern form with elegant finishing materials. Ash wood veneer, premium leather, and a forged iron base create a durable and representative structure, ideal for prestigious spaces.\" \/>\n<meta property=\"og:url\" content=\"https:\/\/versatecsystems.com\/en\/produkt\/beam-seating-sj9096g-kopia-kopia-kopia-kopia-kopia-kopia-kopia-kopia-kopia-kopia-kopia\/\" \/>\n<meta property=\"og:site_name\" content=\"Versatec\" \/>\n<meta property=\"article:modified_time\" content=\"2026-03-06T08:11:38+00:00\" \/>\n<meta property=\"og:image\" content=\"https:\/\/versatecsystems.com\/wp-content\/uploads\/2026\/03\/Document-231.png\" \/>\n\t<meta property=\"og:image:width\" content=\"1920\" \/>\n\t<meta property=\"og:image:height\" content=\"1080\" \/>\n\t<meta property=\"og:image:type\" content=\"image\/png\" \/>\n<meta name=\"twitter:card\" content=\"summary_large_image\" \/>\n<meta name=\"twitter:label1\" content=\"Est. reading time\" \/>\n\t<meta name=\"twitter:data1\" content=\"1 minute\" \/>\n<script type=\"application\/ld+json\" class=\"yoast-schema-graph\">{\"@context\":\"https:\/\/schema.org\",\"@graph\":[{\"@type\":\"WebPage\",\"@id\":\"https:\/\/versatecsystems.com\/en\/produkt\/beam-seating-sj9096g-kopia-kopia-kopia-kopia-kopia-kopia-kopia-kopia-kopia-kopia-kopia\/\",\"url\":\"https:\/\/versatecsystems.com\/en\/produkt\/beam-seating-sj9096g-kopia-kopia-kopia-kopia-kopia-kopia-kopia-kopia-kopia-kopia-kopia\/\",\"name\":\"Modular Sofa SJ-AP27 - Versatec\",\"isPartOf\":{\"@id\":\"https:\/\/versatecsystems.com\/en\/#website\"},\"primaryImageOfPage\":{\"@id\":\"https:\/\/versatecsystems.com\/en\/produkt\/beam-seating-sj9096g-kopia-kopia-kopia-kopia-kopia-kopia-kopia-kopia-kopia-kopia-kopia\/#primaryimage\"},\"image\":{\"@id\":\"https:\/\/versatecsystems.com\/en\/produkt\/beam-seating-sj9096g-kopia-kopia-kopia-kopia-kopia-kopia-kopia-kopia-kopia-kopia-kopia\/#primaryimage\"},\"thumbnailUrl\":\"https:\/\/versatecsystems.com\/wp-content\/uploads\/2026\/03\/Document-231.png\",\"datePublished\":\"2026-03-01T19:34:42+00:00\",\"dateModified\":\"2026-03-06T08:11:38+00:00\",\"breadcrumb\":{\"@id\":\"https:\/\/versatecsystems.com\/en\/produkt\/beam-seating-sj9096g-kopia-kopia-kopia-kopia-kopia-kopia-kopia-kopia-kopia-kopia-kopia\/#breadcrumb\"},\"inLanguage\":\"en-US\",\"potentialAction\":[{\"@type\":\"ReadAction\",\"target\":[\"https:\/\/versatecsystems.com\/en\/produkt\/beam-seating-sj9096g-kopia-kopia-kopia-kopia-kopia-kopia-kopia-kopia-kopia-kopia-kopia\/\"]}]},{\"@type\":\"ImageObject\",\"inLanguage\":\"en-US\",\"@id\":\"https:\/\/versatecsystems.com\/en\/produkt\/beam-seating-sj9096g-kopia-kopia-kopia-kopia-kopia-kopia-kopia-kopia-kopia-kopia-kopia\/#primaryimage\",\"url\":\"https:\/\/versatecsystems.com\/wp-content\/uploads\/2026\/03\/Document-231.png\",\"contentUrl\":\"https:\/\/versatecsystems.com\/wp-content\/uploads\/2026\/03\/Document-231.png\",\"width\":1920,\"height\":1080},{\"@type\":\"BreadcrumbList\",\"@id\":\"https:\/\/versatecsystems.com\/en\/produkt\/beam-seating-sj9096g-kopia-kopia-kopia-kopia-kopia-kopia-kopia-kopia-kopia-kopia-kopia\/#breadcrumb\",\"itemListElement\":[{\"@type\":\"ListItem\",\"position\":1,\"name\":\"Strona g\u0142\u00f3wna\",\"item\":\"https:\/\/versatecsystems.com\/en\/\"},{\"@type\":\"ListItem\",\"position\":2,\"name\":\"Products\",\"item\":\"https:\/\/versatecsystems.com\/en\/products\/\"},{\"@type\":\"ListItem\",\"position\":3,\"name\":\"Modular Sofa SJ-AP27\"}]},{\"@type\":\"WebSite\",\"@id\":\"https:\/\/versatecsystems.com\/en\/#website\",\"url\":\"https:\/\/versatecsystems.com\/en\/\",\"name\":\"Versatec Systems\",\"description\":\"Wyposa\u017cenie obiekt\u00f3w publicznych i przemys\u0142owych o potwierdzonej skuteczno\u015bci. Do\u015bwiadczony zesp\u00f3\u0142. Sprawdzone systemy. Efektywno\u015b\u0107 i niezawodno\u015b\u0107. Rozwi\u0105zania do zarz\u0105dzania ruchem ludzi, kontroli dost\u0119pu oraz organizacji przestrzeni w wymagaj\u0105cych \u015brodowiskach. Projektowane z my\u015bl\u0105 o lotniskach, dworcach kolejowych, budynkach u\u017cyteczno\u015bci publicznej, obiektach przemys\u0142owych oraz przestrzeniach zewn\u0119trznych.  Celem jest dostarczanie rozwi\u0105za\u0144, kt\u00f3re wspieraj\u0105 sprawne funkcjonowanie obiekt\u00f3w poprzez lepsz\u0105 organizacj\u0119, podniesienie poziomu bezpiecze\u0144stwa oraz wymierne korzy\u015bci operacyjne.\",\"publisher\":{\"@id\":\"https:\/\/versatecsystems.com\/en\/#organization\"},\"alternateName\":\"Versatec\",\"potentialAction\":[{\"@type\":\"SearchAction\",\"target\":{\"@type\":\"EntryPoint\",\"urlTemplate\":\"https:\/\/versatecsystems.com\/en\/?s={search_term_string}\"},\"query-input\":{\"@type\":\"PropertyValueSpecification\",\"valueRequired\":true,\"valueName\":\"search_term_string\"}}],\"inLanguage\":\"en-US\"},{\"@type\":\"Organization\",\"@id\":\"https:\/\/versatecsystems.com\/en\/#organization\",\"name\":\"Versatec Systems\",\"alternateName\":\"Versatec\",\"url\":\"https:\/\/versatecsystems.com\/en\/\",\"logo\":{\"@type\":\"ImageObject\",\"inLanguage\":\"en-US\",\"@id\":\"https:\/\/versatecsystems.com\/en\/#\/schema\/logo\/image\/\",\"url\":\"https:\/\/versatecsystems.com\/wp-content\/uploads\/2026\/01\/just-v-scaled.png\",\"contentUrl\":\"https:\/\/versatecsystems.com\/wp-content\/uploads\/2026\/01\/just-v-scaled.png\",\"width\":2560,\"height\":853,\"caption\":\"Versatec Systems\"},\"image\":{\"@id\":\"https:\/\/versatecsystems.com\/en\/#\/schema\/logo\/image\/\"}}]}<\/script>\n<!-- \/ Yoast SEO plugin. -->","yoast_head_json":{"title":"Modular Sofa SJ-AP27 - Versatec","robots":{"index":"index","follow":"follow","max-snippet":"max-snippet:-1","max-image-preview":"max-image-preview:large","max-video-preview":"max-video-preview:-1"},"canonical":"https:\/\/versatecsystems.com\/en\/produkt\/beam-seating-sj9096g-kopia-kopia-kopia-kopia-kopia-kopia-kopia-kopia-kopia-kopia-kopia\/","og_locale":"en_US","og_type":"article","og_title":"Modular Sofa SJ-AP27 - Versatec","og_description":"The SJ-AP27 modular sofa combines a modern form with elegant finishing materials. Ash wood veneer, premium leather, and a forged iron base create a durable and representative structure, ideal for prestigious spaces.","og_url":"https:\/\/versatecsystems.com\/en\/produkt\/beam-seating-sj9096g-kopia-kopia-kopia-kopia-kopia-kopia-kopia-kopia-kopia-kopia-kopia\/","og_site_name":"Versatec","article_modified_time":"2026-03-06T08:11:38+00:00","og_image":[{"width":1920,"height":1080,"url":"https:\/\/versatecsystems.com\/wp-content\/uploads\/2026\/03\/Document-231.png","type":"image\/png"}],"twitter_card":"summary_large_image","twitter_misc":{"Est. reading time":"1 minute"},"schema":{"@context":"https:\/\/schema.org","@graph":[{"@type":"WebPage","@id":"https:\/\/versatecsystems.com\/en\/produkt\/beam-seating-sj9096g-kopia-kopia-kopia-kopia-kopia-kopia-kopia-kopia-kopia-kopia-kopia\/","url":"https:\/\/versatecsystems.com\/en\/produkt\/beam-seating-sj9096g-kopia-kopia-kopia-kopia-kopia-kopia-kopia-kopia-kopia-kopia-kopia\/","name":"Modular Sofa SJ-AP27 - Versatec","isPartOf":{"@id":"https:\/\/versatecsystems.com\/en\/#website"},"primaryImageOfPage":{"@id":"https:\/\/versatecsystems.com\/en\/produkt\/beam-seating-sj9096g-kopia-kopia-kopia-kopia-kopia-kopia-kopia-kopia-kopia-kopia-kopia\/#primaryimage"},"image":{"@id":"https:\/\/versatecsystems.com\/en\/produkt\/beam-seating-sj9096g-kopia-kopia-kopia-kopia-kopia-kopia-kopia-kopia-kopia-kopia-kopia\/#primaryimage"},"thumbnailUrl":"https:\/\/versatecsystems.com\/wp-content\/uploads\/2026\/03\/Document-231.png","datePublished":"2026-03-01T19:34:42+00:00","dateModified":"2026-03-06T08:11:38+00:00","breadcrumb":{"@id":"https:\/\/versatecsystems.com\/en\/produkt\/beam-seating-sj9096g-kopia-kopia-kopia-kopia-kopia-kopia-kopia-kopia-kopia-kopia-kopia\/#breadcrumb"},"inLanguage":"en-US","potentialAction":[{"@type":"ReadAction","target":["https:\/\/versatecsystems.com\/en\/produkt\/beam-seating-sj9096g-kopia-kopia-kopia-kopia-kopia-kopia-kopia-kopia-kopia-kopia-kopia\/"]}]},{"@type":"ImageObject","inLanguage":"en-US","@id":"https:\/\/versatecsystems.com\/en\/produkt\/beam-seating-sj9096g-kopia-kopia-kopia-kopia-kopia-kopia-kopia-kopia-kopia-kopia-kopia\/#primaryimage","url":"https:\/\/versatecsystems.com\/wp-content\/uploads\/2026\/03\/Document-231.png","contentUrl":"https:\/\/versatecsystems.com\/wp-content\/uploads\/2026\/03\/Document-231.png","width":1920,"height":1080},{"@type":"BreadcrumbList","@id":"https:\/\/versatecsystems.com\/en\/produkt\/beam-seating-sj9096g-kopia-kopia-kopia-kopia-kopia-kopia-kopia-kopia-kopia-kopia-kopia\/#breadcrumb","itemListElement":[{"@type":"ListItem","position":1,"name":"Strona g\u0142\u00f3wna","item":"https:\/\/versatecsystems.com\/en\/"},{"@type":"ListItem","position":2,"name":"Products","item":"https:\/\/versatecsystems.com\/en\/products\/"},{"@type":"ListItem","position":3,"name":"Modular Sofa SJ-AP27"}]},{"@type":"WebSite","@id":"https:\/\/versatecsystems.com\/en\/#website","url":"https:\/\/versatecsystems.com\/en\/","name":"Versatec Systems","description":"Wyposa\u017cenie obiekt\u00f3w publicznych i przemys\u0142owych o potwierdzonej skuteczno\u015bci. Do\u015bwiadczony zesp\u00f3\u0142. Sprawdzone systemy. Efektywno\u015b\u0107 i niezawodno\u015b\u0107. Rozwi\u0105zania do zarz\u0105dzania ruchem ludzi, kontroli dost\u0119pu oraz organizacji przestrzeni w wymagaj\u0105cych \u015brodowiskach. Projektowane z my\u015bl\u0105 o lotniskach, dworcach kolejowych, budynkach u\u017cyteczno\u015bci publicznej, obiektach przemys\u0142owych oraz przestrzeniach zewn\u0119trznych.  Celem jest dostarczanie rozwi\u0105za\u0144, kt\u00f3re wspieraj\u0105 sprawne funkcjonowanie obiekt\u00f3w poprzez lepsz\u0105 organizacj\u0119, podniesienie poziomu bezpiecze\u0144stwa oraz wymierne korzy\u015bci operacyjne.","publisher":{"@id":"https:\/\/versatecsystems.com\/en\/#organization"},"alternateName":"Versatec","potentialAction":[{"@type":"SearchAction","target":{"@type":"EntryPoint","urlTemplate":"https:\/\/versatecsystems.com\/en\/?s={search_term_string}"},"query-input":{"@type":"PropertyValueSpecification","valueRequired":true,"valueName":"search_term_string"}}],"inLanguage":"en-US"},{"@type":"Organization","@id":"https:\/\/versatecsystems.com\/en\/#organization","name":"Versatec Systems","alternateName":"Versatec","url":"https:\/\/versatecsystems.com\/en\/","logo":{"@type":"ImageObject","inLanguage":"en-US","@id":"https:\/\/versatecsystems.com\/en\/#\/schema\/logo\/image\/","url":"https:\/\/versatecsystems.com\/wp-content\/uploads\/2026\/01\/just-v-scaled.png","contentUrl":"https:\/\/versatecsystems.com\/wp-content\/uploads\/2026\/01\/just-v-scaled.png","width":2560,"height":853,"caption":"Versatec Systems"},"image":{"@id":"https:\/\/versatecsystems.com\/en\/#\/schema\/logo\/image\/"}}]}},"_links":{"self":[{"href":"https:\/\/versatecsystems.com\/en\/wp-json\/wp\/v2\/product\/6764","targetHints":{"allow":["GET"]}}],"collection":[{"href":"https:\/\/versatecsystems.com\/en\/wp-json\/wp\/v2\/product"}],"about":[{"href":"https:\/\/versatecsystems.com\/en\/wp-json\/wp\/v2\/types\/product"}],"wp:featuredmedia":[{"embeddable":true,"href":"https:\/\/versatecsystems.com\/en\/wp-json\/wp\/v2\/media\/6965"}],"wp:attachment":[{"href":"https:\/\/versatecsystems.com\/en\/wp-json\/wp\/v2\/media?parent=6764"}],"wp:term":[{"taxonomy":"product_brand","embeddable":true,"href":"https:\/\/versatecsystems.com\/en\/wp-json\/wp\/v2\/product_brand?post=6764"},{"taxonomy":"product_cat","embeddable":true,"href":"https:\/\/versatecsystems.com\/en\/wp-json\/wp\/v2\/product_cat?post=6764"},{"taxonomy":"product_tag","embeddable":true,"href":"https:\/\/versatecsystems.com\/en\/wp-json\/wp\/v2\/product_tag?post=6764"},{"taxonomy":"branches","embeddable":true,"href":"https:\/\/versatecsystems.com\/en\/wp-json\/wp\/v2\/branches?post=6764"}],"curies":[{"name":"wp","href":"https:\/\/api.w.org\/{rel}","templated":true}]}}