{"id":6698,"date":"2026-02-23T14:06:47","date_gmt":"2026-02-23T14:06:47","guid":{"rendered":"https:\/\/versatecsystems.com\/?post_type=product&#038;p=6698"},"modified":"2026-03-06T08:35:31","modified_gmt":"2026-03-06T08:35:31","slug":"beam-seating-sj9096g-kopia-kopia-kopia-kopia-kopia-kopia-kopia","status":"publish","type":"product","link":"https:\/\/versatecsystems.com\/en\/produkt\/beam-seating-sj9096g-kopia-kopia-kopia-kopia-kopia-kopia-kopia\/","title":{"rendered":"Modular Sofa SJ-APO4"},"content":{"rendered":"<p>The SJ-APO4 model features upholstery in the IE91408-09 variant (orange-red). A stable internal steel frame ensures durability and a long service life. The seat is filled with pressure-molded polyurethane (PU) foam with a density of up to 50 kg\/m\u00b3. The material keeps its shape even during intensive use. Soft fabric upholstery offers high resistance to pilling and fading. Adjustable feet improve stability and user comfort while also protecting the floor from scratches. Model: SJ-APO4. Type: modular sofa. Upholstery material: fabric. Construction: steel frame. Filling: PU foam with a density of up to 50 kg\/m\u00b3. Dimensions: length 3850 mm, width 2400 mm, height 1000 mm. Colour options are determined individually \u2013 please contact our sales representative for details.<\/p>\n","protected":false},"excerpt":{"rendered":"<p>The SJ-APO4 modular sofa is a modern solution for office spaces, coworking areas, and waiting rooms. Its modular design allows flexible seating arrangements that can be adapted to users\u2019 needs and different interior layouts.<\/p>\n<p data-start=\"185\" data-end=\"208\">\n","protected":false},"featured_media":6880,"template":"","meta":[],"product_brand":[],"product_cat":[364,366,367],"product_tag":[],"branches":[448,446,443,444,450,451,454],"class_list":{"0":"post-6698","1":"product","2":"type-product","3":"status-publish","4":"has-post-thumbnail","6":"product_cat-furniture-for-waiting-and-relaxation-areas","7":"product_cat-soft-and-modular-seating","8":"product_cat-sofas-and-armchairs-for-lounge-areas","9":"branches-airports","10":"branches-hospitality-and-gastronomy","11":"branches-office-buildings","12":"branches-public-facilities","13":"branches-shops-and-shopping-centers","14":"branches-sport-and-events","15":"branches-tourism-and-entertainment","18":"instock","19":"shipping-taxable","20":"purchasable","21":"product-type-simple","22":"product-grid-view"},"yoast_head":"<!-- This site is optimized with the Yoast SEO plugin v27.0 - https:\/\/yoast.com\/product\/yoast-seo-wordpress\/ -->\n<title>Modular Sofa SJ-APO4 - Versatec<\/title>\n<meta name=\"robots\" content=\"index, follow, max-snippet:-1, max-image-preview:large, max-video-preview:-1\" \/>\n<link rel=\"canonical\" href=\"https:\/\/versatecsystems.com\/en\/produkt\/beam-seating-sj9096g-kopia-kopia-kopia-kopia-kopia-kopia-kopia\/\" \/>\n<meta property=\"og:locale\" content=\"en_US\" \/>\n<meta property=\"og:type\" content=\"article\" \/>\n<meta property=\"og:title\" content=\"Modular Sofa SJ-APO4 - Versatec\" \/>\n<meta property=\"og:description\" content=\"The SJ-APO4 modular sofa is a modern solution for office spaces, coworking areas, and waiting rooms. Its modular design allows flexible seating arrangements that can be adapted to users\u2019 needs and different interior layouts.\" \/>\n<meta property=\"og:url\" content=\"https:\/\/versatecsystems.com\/en\/produkt\/beam-seating-sj9096g-kopia-kopia-kopia-kopia-kopia-kopia-kopia\/\" \/>\n<meta property=\"og:site_name\" content=\"Versatec\" \/>\n<meta property=\"article:modified_time\" content=\"2026-03-06T08:35:31+00:00\" \/>\n<meta property=\"og:image\" content=\"https:\/\/versatecsystems.com\/wp-content\/uploads\/2026\/02\/Image-4.png\" \/>\n\t<meta property=\"og:image:width\" content=\"1774\" \/>\n\t<meta property=\"og:image:height\" content=\"1330\" \/>\n\t<meta property=\"og:image:type\" content=\"image\/png\" \/>\n<meta name=\"twitter:card\" content=\"summary_large_image\" \/>\n<meta name=\"twitter:label1\" content=\"Est. reading time\" \/>\n\t<meta name=\"twitter:data1\" content=\"1 minute\" \/>\n<script type=\"application\/ld+json\" class=\"yoast-schema-graph\">{\"@context\":\"https:\/\/schema.org\",\"@graph\":[{\"@type\":\"WebPage\",\"@id\":\"https:\/\/versatecsystems.com\/en\/produkt\/beam-seating-sj9096g-kopia-kopia-kopia-kopia-kopia-kopia-kopia\/\",\"url\":\"https:\/\/versatecsystems.com\/en\/produkt\/beam-seating-sj9096g-kopia-kopia-kopia-kopia-kopia-kopia-kopia\/\",\"name\":\"Modular Sofa SJ-APO4 - Versatec\",\"isPartOf\":{\"@id\":\"https:\/\/versatecsystems.com\/en\/#website\"},\"primaryImageOfPage\":{\"@id\":\"https:\/\/versatecsystems.com\/en\/produkt\/beam-seating-sj9096g-kopia-kopia-kopia-kopia-kopia-kopia-kopia\/#primaryimage\"},\"image\":{\"@id\":\"https:\/\/versatecsystems.com\/en\/produkt\/beam-seating-sj9096g-kopia-kopia-kopia-kopia-kopia-kopia-kopia\/#primaryimage\"},\"thumbnailUrl\":\"https:\/\/versatecsystems.com\/wp-content\/uploads\/2026\/02\/Image-4.png\",\"datePublished\":\"2026-02-23T14:06:47+00:00\",\"dateModified\":\"2026-03-06T08:35:31+00:00\",\"breadcrumb\":{\"@id\":\"https:\/\/versatecsystems.com\/en\/produkt\/beam-seating-sj9096g-kopia-kopia-kopia-kopia-kopia-kopia-kopia\/#breadcrumb\"},\"inLanguage\":\"en-US\",\"potentialAction\":[{\"@type\":\"ReadAction\",\"target\":[\"https:\/\/versatecsystems.com\/en\/produkt\/beam-seating-sj9096g-kopia-kopia-kopia-kopia-kopia-kopia-kopia\/\"]}]},{\"@type\":\"ImageObject\",\"inLanguage\":\"en-US\",\"@id\":\"https:\/\/versatecsystems.com\/en\/produkt\/beam-seating-sj9096g-kopia-kopia-kopia-kopia-kopia-kopia-kopia\/#primaryimage\",\"url\":\"https:\/\/versatecsystems.com\/wp-content\/uploads\/2026\/02\/Image-4.png\",\"contentUrl\":\"https:\/\/versatecsystems.com\/wp-content\/uploads\/2026\/02\/Image-4.png\",\"width\":1774,\"height\":1330},{\"@type\":\"BreadcrumbList\",\"@id\":\"https:\/\/versatecsystems.com\/en\/produkt\/beam-seating-sj9096g-kopia-kopia-kopia-kopia-kopia-kopia-kopia\/#breadcrumb\",\"itemListElement\":[{\"@type\":\"ListItem\",\"position\":1,\"name\":\"Strona g\u0142\u00f3wna\",\"item\":\"https:\/\/versatecsystems.com\/en\/\"},{\"@type\":\"ListItem\",\"position\":2,\"name\":\"Products\",\"item\":\"https:\/\/versatecsystems.com\/en\/products\/\"},{\"@type\":\"ListItem\",\"position\":3,\"name\":\"Modular Sofa SJ-APO4\"}]},{\"@type\":\"WebSite\",\"@id\":\"https:\/\/versatecsystems.com\/en\/#website\",\"url\":\"https:\/\/versatecsystems.com\/en\/\",\"name\":\"Versatec Systems\",\"description\":\"Wyposa\u017cenie obiekt\u00f3w publicznych i przemys\u0142owych o potwierdzonej skuteczno\u015bci. Do\u015bwiadczony zesp\u00f3\u0142. Sprawdzone systemy. Efektywno\u015b\u0107 i niezawodno\u015b\u0107. Rozwi\u0105zania do zarz\u0105dzania ruchem ludzi, kontroli dost\u0119pu oraz organizacji przestrzeni w wymagaj\u0105cych \u015brodowiskach. Projektowane z my\u015bl\u0105 o lotniskach, dworcach kolejowych, budynkach u\u017cyteczno\u015bci publicznej, obiektach przemys\u0142owych oraz przestrzeniach zewn\u0119trznych.  Celem jest dostarczanie rozwi\u0105za\u0144, kt\u00f3re wspieraj\u0105 sprawne funkcjonowanie obiekt\u00f3w poprzez lepsz\u0105 organizacj\u0119, podniesienie poziomu bezpiecze\u0144stwa oraz wymierne korzy\u015bci operacyjne.\",\"publisher\":{\"@id\":\"https:\/\/versatecsystems.com\/en\/#organization\"},\"alternateName\":\"Versatec\",\"potentialAction\":[{\"@type\":\"SearchAction\",\"target\":{\"@type\":\"EntryPoint\",\"urlTemplate\":\"https:\/\/versatecsystems.com\/en\/?s={search_term_string}\"},\"query-input\":{\"@type\":\"PropertyValueSpecification\",\"valueRequired\":true,\"valueName\":\"search_term_string\"}}],\"inLanguage\":\"en-US\"},{\"@type\":\"Organization\",\"@id\":\"https:\/\/versatecsystems.com\/en\/#organization\",\"name\":\"Versatec Systems\",\"alternateName\":\"Versatec\",\"url\":\"https:\/\/versatecsystems.com\/en\/\",\"logo\":{\"@type\":\"ImageObject\",\"inLanguage\":\"en-US\",\"@id\":\"https:\/\/versatecsystems.com\/en\/#\/schema\/logo\/image\/\",\"url\":\"https:\/\/versatecsystems.com\/wp-content\/uploads\/2026\/01\/just-v-scaled.png\",\"contentUrl\":\"https:\/\/versatecsystems.com\/wp-content\/uploads\/2026\/01\/just-v-scaled.png\",\"width\":2560,\"height\":853,\"caption\":\"Versatec Systems\"},\"image\":{\"@id\":\"https:\/\/versatecsystems.com\/en\/#\/schema\/logo\/image\/\"}}]}<\/script>\n<!-- \/ Yoast SEO plugin. -->","yoast_head_json":{"title":"Modular Sofa SJ-APO4 - Versatec","robots":{"index":"index","follow":"follow","max-snippet":"max-snippet:-1","max-image-preview":"max-image-preview:large","max-video-preview":"max-video-preview:-1"},"canonical":"https:\/\/versatecsystems.com\/en\/produkt\/beam-seating-sj9096g-kopia-kopia-kopia-kopia-kopia-kopia-kopia\/","og_locale":"en_US","og_type":"article","og_title":"Modular Sofa SJ-APO4 - Versatec","og_description":"The SJ-APO4 modular sofa is a modern solution for office spaces, coworking areas, and waiting rooms. Its modular design allows flexible seating arrangements that can be adapted to users\u2019 needs and different interior layouts.","og_url":"https:\/\/versatecsystems.com\/en\/produkt\/beam-seating-sj9096g-kopia-kopia-kopia-kopia-kopia-kopia-kopia\/","og_site_name":"Versatec","article_modified_time":"2026-03-06T08:35:31+00:00","og_image":[{"width":1774,"height":1330,"url":"https:\/\/versatecsystems.com\/wp-content\/uploads\/2026\/02\/Image-4.png","type":"image\/png"}],"twitter_card":"summary_large_image","twitter_misc":{"Est. reading time":"1 minute"},"schema":{"@context":"https:\/\/schema.org","@graph":[{"@type":"WebPage","@id":"https:\/\/versatecsystems.com\/en\/produkt\/beam-seating-sj9096g-kopia-kopia-kopia-kopia-kopia-kopia-kopia\/","url":"https:\/\/versatecsystems.com\/en\/produkt\/beam-seating-sj9096g-kopia-kopia-kopia-kopia-kopia-kopia-kopia\/","name":"Modular Sofa SJ-APO4 - Versatec","isPartOf":{"@id":"https:\/\/versatecsystems.com\/en\/#website"},"primaryImageOfPage":{"@id":"https:\/\/versatecsystems.com\/en\/produkt\/beam-seating-sj9096g-kopia-kopia-kopia-kopia-kopia-kopia-kopia\/#primaryimage"},"image":{"@id":"https:\/\/versatecsystems.com\/en\/produkt\/beam-seating-sj9096g-kopia-kopia-kopia-kopia-kopia-kopia-kopia\/#primaryimage"},"thumbnailUrl":"https:\/\/versatecsystems.com\/wp-content\/uploads\/2026\/02\/Image-4.png","datePublished":"2026-02-23T14:06:47+00:00","dateModified":"2026-03-06T08:35:31+00:00","breadcrumb":{"@id":"https:\/\/versatecsystems.com\/en\/produkt\/beam-seating-sj9096g-kopia-kopia-kopia-kopia-kopia-kopia-kopia\/#breadcrumb"},"inLanguage":"en-US","potentialAction":[{"@type":"ReadAction","target":["https:\/\/versatecsystems.com\/en\/produkt\/beam-seating-sj9096g-kopia-kopia-kopia-kopia-kopia-kopia-kopia\/"]}]},{"@type":"ImageObject","inLanguage":"en-US","@id":"https:\/\/versatecsystems.com\/en\/produkt\/beam-seating-sj9096g-kopia-kopia-kopia-kopia-kopia-kopia-kopia\/#primaryimage","url":"https:\/\/versatecsystems.com\/wp-content\/uploads\/2026\/02\/Image-4.png","contentUrl":"https:\/\/versatecsystems.com\/wp-content\/uploads\/2026\/02\/Image-4.png","width":1774,"height":1330},{"@type":"BreadcrumbList","@id":"https:\/\/versatecsystems.com\/en\/produkt\/beam-seating-sj9096g-kopia-kopia-kopia-kopia-kopia-kopia-kopia\/#breadcrumb","itemListElement":[{"@type":"ListItem","position":1,"name":"Strona g\u0142\u00f3wna","item":"https:\/\/versatecsystems.com\/en\/"},{"@type":"ListItem","position":2,"name":"Products","item":"https:\/\/versatecsystems.com\/en\/products\/"},{"@type":"ListItem","position":3,"name":"Modular Sofa SJ-APO4"}]},{"@type":"WebSite","@id":"https:\/\/versatecsystems.com\/en\/#website","url":"https:\/\/versatecsystems.com\/en\/","name":"Versatec Systems","description":"Wyposa\u017cenie obiekt\u00f3w publicznych i przemys\u0142owych o potwierdzonej skuteczno\u015bci. Do\u015bwiadczony zesp\u00f3\u0142. Sprawdzone systemy. Efektywno\u015b\u0107 i niezawodno\u015b\u0107. Rozwi\u0105zania do zarz\u0105dzania ruchem ludzi, kontroli dost\u0119pu oraz organizacji przestrzeni w wymagaj\u0105cych \u015brodowiskach. Projektowane z my\u015bl\u0105 o lotniskach, dworcach kolejowych, budynkach u\u017cyteczno\u015bci publicznej, obiektach przemys\u0142owych oraz przestrzeniach zewn\u0119trznych.  Celem jest dostarczanie rozwi\u0105za\u0144, kt\u00f3re wspieraj\u0105 sprawne funkcjonowanie obiekt\u00f3w poprzez lepsz\u0105 organizacj\u0119, podniesienie poziomu bezpiecze\u0144stwa oraz wymierne korzy\u015bci operacyjne.","publisher":{"@id":"https:\/\/versatecsystems.com\/en\/#organization"},"alternateName":"Versatec","potentialAction":[{"@type":"SearchAction","target":{"@type":"EntryPoint","urlTemplate":"https:\/\/versatecsystems.com\/en\/?s={search_term_string}"},"query-input":{"@type":"PropertyValueSpecification","valueRequired":true,"valueName":"search_term_string"}}],"inLanguage":"en-US"},{"@type":"Organization","@id":"https:\/\/versatecsystems.com\/en\/#organization","name":"Versatec Systems","alternateName":"Versatec","url":"https:\/\/versatecsystems.com\/en\/","logo":{"@type":"ImageObject","inLanguage":"en-US","@id":"https:\/\/versatecsystems.com\/en\/#\/schema\/logo\/image\/","url":"https:\/\/versatecsystems.com\/wp-content\/uploads\/2026\/01\/just-v-scaled.png","contentUrl":"https:\/\/versatecsystems.com\/wp-content\/uploads\/2026\/01\/just-v-scaled.png","width":2560,"height":853,"caption":"Versatec Systems"},"image":{"@id":"https:\/\/versatecsystems.com\/en\/#\/schema\/logo\/image\/"}}]}},"_links":{"self":[{"href":"https:\/\/versatecsystems.com\/en\/wp-json\/wp\/v2\/product\/6698","targetHints":{"allow":["GET"]}}],"collection":[{"href":"https:\/\/versatecsystems.com\/en\/wp-json\/wp\/v2\/product"}],"about":[{"href":"https:\/\/versatecsystems.com\/en\/wp-json\/wp\/v2\/types\/product"}],"wp:featuredmedia":[{"embeddable":true,"href":"https:\/\/versatecsystems.com\/en\/wp-json\/wp\/v2\/media\/6880"}],"wp:attachment":[{"href":"https:\/\/versatecsystems.com\/en\/wp-json\/wp\/v2\/media?parent=6698"}],"wp:term":[{"taxonomy":"product_brand","embeddable":true,"href":"https:\/\/versatecsystems.com\/en\/wp-json\/wp\/v2\/product_brand?post=6698"},{"taxonomy":"product_cat","embeddable":true,"href":"https:\/\/versatecsystems.com\/en\/wp-json\/wp\/v2\/product_cat?post=6698"},{"taxonomy":"product_tag","embeddable":true,"href":"https:\/\/versatecsystems.com\/en\/wp-json\/wp\/v2\/product_tag?post=6698"},{"taxonomy":"branches","embeddable":true,"href":"https:\/\/versatecsystems.com\/en\/wp-json\/wp\/v2\/branches?post=6698"}],"curies":[{"name":"wp","href":"https:\/\/api.w.org\/{rel}","templated":true}]}}