{"id":6674,"date":"2026-02-21T07:05:41","date_gmt":"2026-02-21T07:05:41","guid":{"rendered":"https:\/\/versatecsystems.com\/?post_type=product&#038;p=6674"},"modified":"2026-03-19T20:27:53","modified_gmt":"2026-03-19T20:27:53","slug":"beam-seating-sj9096g-kopia-kopia-kopia-kopia-kopia-2","status":"publish","type":"product","link":"https:\/\/versatecsystems.com\/en\/produkt\/beam-seating-sj9096g-kopia-kopia-kopia-kopia-kopia-2\/","title":{"rendered":"Check-In Counter"},"content":{"rendered":"<p data-start=\"853\" data-end=\"918\"><span class=\"BZ_Pyq_fadeIn\">The <\/span><span class=\"BZ_Pyq_fadeIn\">check-<\/span><span class=\"BZ_Pyq_fadeIn\">in <\/span><span class=\"BZ_Pyq_fadeIn\">counter <\/span><span class=\"BZ_Pyq_fadeIn\">is <\/span><span class=\"BZ_Pyq_fadeIn\">designed <\/span><span class=\"BZ_Pyq_fadeIn\">for <\/span><span class=\"BZ_Pyq_fadeIn\">high-<\/span><span class=\"BZ_Pyq_fadeIn\">traffic <\/span><span class=\"BZ_Pyq_fadeIn\">public <\/span><span class=\"BZ_Pyq_fadeIn\">environments <\/span><span class=\"BZ_Pyq_fadeIn\">such <\/span><span class=\"BZ_Pyq_fadeIn\">as <\/span><span class=\"BZ_Pyq_fadeIn\">airports <\/span><span class=\"BZ_Pyq_fadeIn\">and <\/span><span class=\"BZ_Pyq_fadeIn\">transport <\/span><span class=\"BZ_Pyq_fadeIn\">terminals. <\/span><span class=\"BZ_Pyq_fadeIn\">The <\/span><span class=\"BZ_Pyq_fadeIn\">structure <\/span><span class=\"BZ_Pyq_fadeIn\">provides <\/span><span class=\"BZ_Pyq_fadeIn\">a <\/span><span class=\"BZ_Pyq_fadeIn\">functional <\/span><span class=\"BZ_Pyq_fadeIn\">workspace <\/span><span class=\"BZ_Pyq_fadeIn\">for <\/span><span class=\"BZ_Pyq_fadeIn\">staff <\/span><span class=\"BZ_Pyq_fadeIn\">and <\/span><span class=\"BZ_Pyq_fadeIn\">a <\/span><span class=\"BZ_Pyq_fadeIn\">clearly <\/span><span class=\"BZ_Pyq_fadeIn\">organized <\/span><span class=\"BZ_Pyq_fadeIn\">service <\/span><span class=\"BZ_Pyq_fadeIn\">area <\/span><span class=\"BZ_Pyq_fadeIn\">for <\/span><span class=\"BZ_Pyq_fadeIn\">passengers. <\/span><span class=\"BZ_Pyq_fadeIn\">Durable <\/span><span class=\"BZ_Pyq_fadeIn\">construction <\/span><span class=\"BZ_Pyq_fadeIn\">and <\/span><span class=\"BZ_Pyq_fadeIn\">high-<\/span><span class=\"BZ_Pyq_fadeIn\">quality <\/span><span class=\"BZ_Pyq_fadeIn\">finishing <\/span><span class=\"BZ_Pyq_fadeIn\">materials <\/span><span class=\"BZ_Pyq_fadeIn\">ensure <\/span><span class=\"BZ_Pyq_fadeIn\">resistance <\/span><span class=\"BZ_Pyq_fadeIn\">to <\/span><span class=\"BZ_Pyq_fadeIn\">intensive <\/span><span class=\"BZ_Pyq_fadeIn\">daily <\/span><span class=\"BZ_Pyq_fadeIn\">use. <\/span><span class=\"BZ_Pyq_fadeIn\">The <\/span><span class=\"BZ_Pyq_fadeIn\">ergonomic <\/span><span class=\"BZ_Pyq_fadeIn\">countertop <\/span><span class=\"BZ_Pyq_fadeIn\">layout <\/span><span class=\"BZ_Pyq_fadeIn\">allows <\/span><span class=\"BZ_Pyq_fadeIn\">convenient <\/span><span class=\"BZ_Pyq_fadeIn\">use <\/span><span class=\"BZ_Pyq_fadeIn\">of <\/span><span class=\"BZ_Pyq_fadeIn\">documents <\/span><span class=\"BZ_Pyq_fadeIn\">and <\/span><span class=\"BZ_Pyq_fadeIn\">equipment <\/span><span class=\"BZ_Pyq_fadeIn\">required <\/span><span class=\"BZ_Pyq_fadeIn\">during <\/span><span class=\"BZ_Pyq_fadeIn\">the <\/span><span class=\"BZ_Pyq_fadeIn\">passenger <\/span><span class=\"BZ_Pyq_fadeIn\">check-<\/span><span class=\"BZ_Pyq_fadeIn\">in <\/span><span class=\"BZ_Pyq_fadeIn\">process. <\/span><span class=\"BZ_Pyq_fadeIn\">Its <\/span><span class=\"BZ_Pyq_fadeIn\">modern <\/span><span class=\"BZ_Pyq_fadeIn\">form <\/span><span class=\"BZ_Pyq_fadeIn\">and <\/span><span class=\"BZ_Pyq_fadeIn\">clean <\/span><span class=\"BZ_Pyq_fadeIn\">design <\/span><span class=\"BZ_Pyq_fadeIn\">make <\/span><span class=\"BZ_Pyq_fadeIn\">the <\/span><span class=\"BZ_Pyq_fadeIn\">counter <\/span><span class=\"BZ_Pyq_fadeIn\">suitable <\/span><span class=\"BZ_Pyq_fadeIn\">for <\/span><span class=\"BZ_Pyq_fadeIn\">contemporary <\/span><span class=\"BZ_Pyq_fadeIn\">airport <\/span><span class=\"BZ_Pyq_fadeIn\">terminals <\/span><span class=\"BZ_Pyq_fadeIn\">and <\/span><span class=\"BZ_Pyq_fadeIn\">other <\/span><span class=\"BZ_Pyq_fadeIn\">transport <\/span><span class=\"BZ_Pyq_fadeIn\">facilities.<\/span><\/p>\n","protected":false},"excerpt":{"rendered":"<p><span class=\"BZ_Pyq_fadeIn\">Check-<\/span><span class=\"BZ_Pyq_fadeIn\">in <\/span><span class=\"BZ_Pyq_fadeIn\">counter <\/span><span class=\"BZ_Pyq_fadeIn\">designed <\/span><span class=\"BZ_Pyq_fadeIn\">for <\/span><span class=\"BZ_Pyq_fadeIn\">passenger <\/span><span class=\"BZ_Pyq_fadeIn\">service <\/span><span class=\"BZ_Pyq_fadeIn\">areas <\/span><span class=\"BZ_Pyq_fadeIn\">in <\/span><span class=\"BZ_Pyq_fadeIn\">airports <\/span><span class=\"BZ_Pyq_fadeIn\">and <\/span><span class=\"BZ_Pyq_fadeIn\">transport <\/span><span class=\"BZ_Pyq_fadeIn\">terminals. <\/span><span class=\"BZ_Pyq_fadeIn\">The <\/span><span class=\"BZ_Pyq_fadeIn\">structure <\/span><span class=\"BZ_Pyq_fadeIn\">provides <\/span><span class=\"BZ_Pyq_fadeIn\">an <\/span><span class=\"BZ_Pyq_fadeIn\">ergonomic <\/span><span class=\"BZ_Pyq_fadeIn\">workspace <\/span><span class=\"BZ_Pyq_fadeIn\">for <\/span><span class=\"BZ_Pyq_fadeIn\">staff <\/span><span class=\"BZ_Pyq_fadeIn\">and <\/span><span class=\"BZ_Pyq_fadeIn\">supports <\/span><span class=\"BZ_Pyq_fadeIn\">efficient <\/span><span class=\"BZ_Pyq_fadeIn\">passenger <\/span><span class=\"BZ_Pyq_fadeIn\">processing.<\/span><\/p>\n","protected":false},"featured_media":7446,"template":"","meta":[],"product_brand":[],"product_cat":[365,364],"product_tag":[],"branches":[448,445,452,446,443,444,450,451,454,453],"class_list":{"0":"post-6674","1":"product","2":"type-product","3":"status-publish","4":"has-post-thumbnail","6":"product_cat-furniture-dedicated-to-public-spaces","7":"product_cat-furniture-for-waiting-and-relaxation-areas","8":"branches-airports","9":"branches-education","10":"branches-healthcare","11":"branches-hospitality-and-gastronomy","12":"branches-office-buildings","13":"branches-public-facilities","14":"branches-shops-and-shopping-centers","15":"branches-sport-and-events","16":"branches-tourism-and-entertainment","17":"branches-transport","20":"instock","21":"shipping-taxable","22":"purchasable","23":"product-type-simple","24":"product-grid-view"},"yoast_head":"<!-- This site is optimized with the Yoast SEO plugin v27.0 - https:\/\/yoast.com\/product\/yoast-seo-wordpress\/ -->\n<title>Check-In Counter - Versatec<\/title>\n<meta name=\"robots\" content=\"index, follow, max-snippet:-1, max-image-preview:large, max-video-preview:-1\" \/>\n<link rel=\"canonical\" href=\"https:\/\/versatecsystems.com\/en\/produkt\/beam-seating-sj9096g-kopia-kopia-kopia-kopia-kopia-2\/\" \/>\n<meta property=\"og:locale\" content=\"en_US\" \/>\n<meta property=\"og:type\" content=\"article\" \/>\n<meta property=\"og:title\" content=\"Check-In Counter - Versatec\" \/>\n<meta property=\"og:description\" content=\"Check-in counter designed for passenger service areas in airports and transport terminals. The structure provides an ergonomic workspace for staff and supports efficient passenger processing.\" \/>\n<meta property=\"og:url\" content=\"https:\/\/versatecsystems.com\/en\/produkt\/beam-seating-sj9096g-kopia-kopia-kopia-kopia-kopia-2\/\" \/>\n<meta property=\"og:site_name\" content=\"Versatec\" \/>\n<meta property=\"article:modified_time\" content=\"2026-03-19T20:27:53+00:00\" \/>\n<meta property=\"og:image\" content=\"https:\/\/versatecsystems.com\/wp-content\/uploads\/2026\/02\/iujh.png\" \/>\n\t<meta property=\"og:image:width\" content=\"252\" \/>\n\t<meta property=\"og:image:height\" content=\"238\" \/>\n\t<meta property=\"og:image:type\" content=\"image\/png\" \/>\n<meta name=\"twitter:card\" content=\"summary_large_image\" \/>\n<meta name=\"twitter:label1\" content=\"Est. reading time\" \/>\n\t<meta name=\"twitter:data1\" content=\"1 minute\" \/>\n<script type=\"application\/ld+json\" class=\"yoast-schema-graph\">{\"@context\":\"https:\/\/schema.org\",\"@graph\":[{\"@type\":\"WebPage\",\"@id\":\"https:\/\/versatecsystems.com\/en\/produkt\/beam-seating-sj9096g-kopia-kopia-kopia-kopia-kopia-2\/\",\"url\":\"https:\/\/versatecsystems.com\/en\/produkt\/beam-seating-sj9096g-kopia-kopia-kopia-kopia-kopia-2\/\",\"name\":\"Check-In Counter - Versatec\",\"isPartOf\":{\"@id\":\"https:\/\/versatecsystems.com\/en\/#website\"},\"primaryImageOfPage\":{\"@id\":\"https:\/\/versatecsystems.com\/en\/produkt\/beam-seating-sj9096g-kopia-kopia-kopia-kopia-kopia-2\/#primaryimage\"},\"image\":{\"@id\":\"https:\/\/versatecsystems.com\/en\/produkt\/beam-seating-sj9096g-kopia-kopia-kopia-kopia-kopia-2\/#primaryimage\"},\"thumbnailUrl\":\"https:\/\/versatecsystems.com\/wp-content\/uploads\/2026\/02\/iujh.png\",\"datePublished\":\"2026-02-21T07:05:41+00:00\",\"dateModified\":\"2026-03-19T20:27:53+00:00\",\"breadcrumb\":{\"@id\":\"https:\/\/versatecsystems.com\/en\/produkt\/beam-seating-sj9096g-kopia-kopia-kopia-kopia-kopia-2\/#breadcrumb\"},\"inLanguage\":\"en-US\",\"potentialAction\":[{\"@type\":\"ReadAction\",\"target\":[\"https:\/\/versatecsystems.com\/en\/produkt\/beam-seating-sj9096g-kopia-kopia-kopia-kopia-kopia-2\/\"]}]},{\"@type\":\"ImageObject\",\"inLanguage\":\"en-US\",\"@id\":\"https:\/\/versatecsystems.com\/en\/produkt\/beam-seating-sj9096g-kopia-kopia-kopia-kopia-kopia-2\/#primaryimage\",\"url\":\"https:\/\/versatecsystems.com\/wp-content\/uploads\/2026\/02\/iujh.png\",\"contentUrl\":\"https:\/\/versatecsystems.com\/wp-content\/uploads\/2026\/02\/iujh.png\",\"width\":252,\"height\":238},{\"@type\":\"BreadcrumbList\",\"@id\":\"https:\/\/versatecsystems.com\/en\/produkt\/beam-seating-sj9096g-kopia-kopia-kopia-kopia-kopia-2\/#breadcrumb\",\"itemListElement\":[{\"@type\":\"ListItem\",\"position\":1,\"name\":\"Strona g\u0142\u00f3wna\",\"item\":\"https:\/\/versatecsystems.com\/en\/\"},{\"@type\":\"ListItem\",\"position\":2,\"name\":\"Products\",\"item\":\"https:\/\/versatecsystems.com\/en\/products\/\"},{\"@type\":\"ListItem\",\"position\":3,\"name\":\"Check-In Counter\"}]},{\"@type\":\"WebSite\",\"@id\":\"https:\/\/versatecsystems.com\/en\/#website\",\"url\":\"https:\/\/versatecsystems.com\/en\/\",\"name\":\"Versatec Systems\",\"description\":\"Wyposa\u017cenie obiekt\u00f3w publicznych i przemys\u0142owych o potwierdzonej skuteczno\u015bci. Do\u015bwiadczony zesp\u00f3\u0142. Sprawdzone systemy. Efektywno\u015b\u0107 i niezawodno\u015b\u0107. Rozwi\u0105zania do zarz\u0105dzania ruchem ludzi, kontroli dost\u0119pu oraz organizacji przestrzeni w wymagaj\u0105cych \u015brodowiskach. Projektowane z my\u015bl\u0105 o lotniskach, dworcach kolejowych, budynkach u\u017cyteczno\u015bci publicznej, obiektach przemys\u0142owych oraz przestrzeniach zewn\u0119trznych.  Celem jest dostarczanie rozwi\u0105za\u0144, kt\u00f3re wspieraj\u0105 sprawne funkcjonowanie obiekt\u00f3w poprzez lepsz\u0105 organizacj\u0119, podniesienie poziomu bezpiecze\u0144stwa oraz wymierne korzy\u015bci operacyjne.\",\"publisher\":{\"@id\":\"https:\/\/versatecsystems.com\/en\/#organization\"},\"alternateName\":\"Versatec\",\"potentialAction\":[{\"@type\":\"SearchAction\",\"target\":{\"@type\":\"EntryPoint\",\"urlTemplate\":\"https:\/\/versatecsystems.com\/en\/?s={search_term_string}\"},\"query-input\":{\"@type\":\"PropertyValueSpecification\",\"valueRequired\":true,\"valueName\":\"search_term_string\"}}],\"inLanguage\":\"en-US\"},{\"@type\":\"Organization\",\"@id\":\"https:\/\/versatecsystems.com\/en\/#organization\",\"name\":\"Versatec Systems\",\"alternateName\":\"Versatec\",\"url\":\"https:\/\/versatecsystems.com\/en\/\",\"logo\":{\"@type\":\"ImageObject\",\"inLanguage\":\"en-US\",\"@id\":\"https:\/\/versatecsystems.com\/en\/#\/schema\/logo\/image\/\",\"url\":\"https:\/\/versatecsystems.com\/wp-content\/uploads\/2026\/01\/just-v-scaled.png\",\"contentUrl\":\"https:\/\/versatecsystems.com\/wp-content\/uploads\/2026\/01\/just-v-scaled.png\",\"width\":2560,\"height\":853,\"caption\":\"Versatec Systems\"},\"image\":{\"@id\":\"https:\/\/versatecsystems.com\/en\/#\/schema\/logo\/image\/\"}}]}<\/script>\n<!-- \/ Yoast SEO plugin. -->","yoast_head_json":{"title":"Check-In Counter - Versatec","robots":{"index":"index","follow":"follow","max-snippet":"max-snippet:-1","max-image-preview":"max-image-preview:large","max-video-preview":"max-video-preview:-1"},"canonical":"https:\/\/versatecsystems.com\/en\/produkt\/beam-seating-sj9096g-kopia-kopia-kopia-kopia-kopia-2\/","og_locale":"en_US","og_type":"article","og_title":"Check-In Counter - Versatec","og_description":"Check-in counter designed for passenger service areas in airports and transport terminals. The structure provides an ergonomic workspace for staff and supports efficient passenger processing.","og_url":"https:\/\/versatecsystems.com\/en\/produkt\/beam-seating-sj9096g-kopia-kopia-kopia-kopia-kopia-2\/","og_site_name":"Versatec","article_modified_time":"2026-03-19T20:27:53+00:00","og_image":[{"width":252,"height":238,"url":"https:\/\/versatecsystems.com\/wp-content\/uploads\/2026\/02\/iujh.png","type":"image\/png"}],"twitter_card":"summary_large_image","twitter_misc":{"Est. reading time":"1 minute"},"schema":{"@context":"https:\/\/schema.org","@graph":[{"@type":"WebPage","@id":"https:\/\/versatecsystems.com\/en\/produkt\/beam-seating-sj9096g-kopia-kopia-kopia-kopia-kopia-2\/","url":"https:\/\/versatecsystems.com\/en\/produkt\/beam-seating-sj9096g-kopia-kopia-kopia-kopia-kopia-2\/","name":"Check-In Counter - Versatec","isPartOf":{"@id":"https:\/\/versatecsystems.com\/en\/#website"},"primaryImageOfPage":{"@id":"https:\/\/versatecsystems.com\/en\/produkt\/beam-seating-sj9096g-kopia-kopia-kopia-kopia-kopia-2\/#primaryimage"},"image":{"@id":"https:\/\/versatecsystems.com\/en\/produkt\/beam-seating-sj9096g-kopia-kopia-kopia-kopia-kopia-2\/#primaryimage"},"thumbnailUrl":"https:\/\/versatecsystems.com\/wp-content\/uploads\/2026\/02\/iujh.png","datePublished":"2026-02-21T07:05:41+00:00","dateModified":"2026-03-19T20:27:53+00:00","breadcrumb":{"@id":"https:\/\/versatecsystems.com\/en\/produkt\/beam-seating-sj9096g-kopia-kopia-kopia-kopia-kopia-2\/#breadcrumb"},"inLanguage":"en-US","potentialAction":[{"@type":"ReadAction","target":["https:\/\/versatecsystems.com\/en\/produkt\/beam-seating-sj9096g-kopia-kopia-kopia-kopia-kopia-2\/"]}]},{"@type":"ImageObject","inLanguage":"en-US","@id":"https:\/\/versatecsystems.com\/en\/produkt\/beam-seating-sj9096g-kopia-kopia-kopia-kopia-kopia-2\/#primaryimage","url":"https:\/\/versatecsystems.com\/wp-content\/uploads\/2026\/02\/iujh.png","contentUrl":"https:\/\/versatecsystems.com\/wp-content\/uploads\/2026\/02\/iujh.png","width":252,"height":238},{"@type":"BreadcrumbList","@id":"https:\/\/versatecsystems.com\/en\/produkt\/beam-seating-sj9096g-kopia-kopia-kopia-kopia-kopia-2\/#breadcrumb","itemListElement":[{"@type":"ListItem","position":1,"name":"Strona g\u0142\u00f3wna","item":"https:\/\/versatecsystems.com\/en\/"},{"@type":"ListItem","position":2,"name":"Products","item":"https:\/\/versatecsystems.com\/en\/products\/"},{"@type":"ListItem","position":3,"name":"Check-In Counter"}]},{"@type":"WebSite","@id":"https:\/\/versatecsystems.com\/en\/#website","url":"https:\/\/versatecsystems.com\/en\/","name":"Versatec Systems","description":"Wyposa\u017cenie obiekt\u00f3w publicznych i przemys\u0142owych o potwierdzonej skuteczno\u015bci. Do\u015bwiadczony zesp\u00f3\u0142. Sprawdzone systemy. Efektywno\u015b\u0107 i niezawodno\u015b\u0107. Rozwi\u0105zania do zarz\u0105dzania ruchem ludzi, kontroli dost\u0119pu oraz organizacji przestrzeni w wymagaj\u0105cych \u015brodowiskach. Projektowane z my\u015bl\u0105 o lotniskach, dworcach kolejowych, budynkach u\u017cyteczno\u015bci publicznej, obiektach przemys\u0142owych oraz przestrzeniach zewn\u0119trznych.  Celem jest dostarczanie rozwi\u0105za\u0144, kt\u00f3re wspieraj\u0105 sprawne funkcjonowanie obiekt\u00f3w poprzez lepsz\u0105 organizacj\u0119, podniesienie poziomu bezpiecze\u0144stwa oraz wymierne korzy\u015bci operacyjne.","publisher":{"@id":"https:\/\/versatecsystems.com\/en\/#organization"},"alternateName":"Versatec","potentialAction":[{"@type":"SearchAction","target":{"@type":"EntryPoint","urlTemplate":"https:\/\/versatecsystems.com\/en\/?s={search_term_string}"},"query-input":{"@type":"PropertyValueSpecification","valueRequired":true,"valueName":"search_term_string"}}],"inLanguage":"en-US"},{"@type":"Organization","@id":"https:\/\/versatecsystems.com\/en\/#organization","name":"Versatec Systems","alternateName":"Versatec","url":"https:\/\/versatecsystems.com\/en\/","logo":{"@type":"ImageObject","inLanguage":"en-US","@id":"https:\/\/versatecsystems.com\/en\/#\/schema\/logo\/image\/","url":"https:\/\/versatecsystems.com\/wp-content\/uploads\/2026\/01\/just-v-scaled.png","contentUrl":"https:\/\/versatecsystems.com\/wp-content\/uploads\/2026\/01\/just-v-scaled.png","width":2560,"height":853,"caption":"Versatec Systems"},"image":{"@id":"https:\/\/versatecsystems.com\/en\/#\/schema\/logo\/image\/"}}]}},"_links":{"self":[{"href":"https:\/\/versatecsystems.com\/en\/wp-json\/wp\/v2\/product\/6674","targetHints":{"allow":["GET"]}}],"collection":[{"href":"https:\/\/versatecsystems.com\/en\/wp-json\/wp\/v2\/product"}],"about":[{"href":"https:\/\/versatecsystems.com\/en\/wp-json\/wp\/v2\/types\/product"}],"wp:featuredmedia":[{"embeddable":true,"href":"https:\/\/versatecsystems.com\/en\/wp-json\/wp\/v2\/media\/7446"}],"wp:attachment":[{"href":"https:\/\/versatecsystems.com\/en\/wp-json\/wp\/v2\/media?parent=6674"}],"wp:term":[{"taxonomy":"product_brand","embeddable":true,"href":"https:\/\/versatecsystems.com\/en\/wp-json\/wp\/v2\/product_brand?post=6674"},{"taxonomy":"product_cat","embeddable":true,"href":"https:\/\/versatecsystems.com\/en\/wp-json\/wp\/v2\/product_cat?post=6674"},{"taxonomy":"product_tag","embeddable":true,"href":"https:\/\/versatecsystems.com\/en\/wp-json\/wp\/v2\/product_tag?post=6674"},{"taxonomy":"branches","embeddable":true,"href":"https:\/\/versatecsystems.com\/en\/wp-json\/wp\/v2\/branches?post=6674"}],"curies":[{"name":"wp","href":"https:\/\/api.w.org\/{rel}","templated":true}]}}