{"id":5453,"date":"2025-09-22T15:01:31","date_gmt":"2025-09-22T15:01:31","guid":{"rendered":"https:\/\/versatecsystems.com\/produkt\/slupek-mobilny-versaflow-premium\/"},"modified":"2026-02-09T00:43:16","modified_gmt":"2026-02-09T00:43:16","slug":"retractable-belt-post-2-3m-3-6m-versatec-flow-prime","status":"publish","type":"product","link":"https:\/\/versatecsystems.com\/en\/produkt\/retractable-belt-post-2-3m-3-6m-versatec-flow-prime\/","title":{"rendered":"Retractable Belt Post 2.3m\/3.6m Versatec FLOW Prime"},"content":{"rendered":"<p><span style=\"font-family: Times New Roman, serif;\"><span style=\"font-size: medium;\"><span lang=\"de-DE\">The Versatec FLOW Prime 2.3 \/ 3.6 barrier post with belt has been developed to support efficient visitor guidance and to enhance service comfort in queue and reception areas. The stable, low-profile base allows easy passage with luggage and is also wheelchair-friendly, without compromising the high-quality appearance of the system.<\/span><\/span><\/span><\/p>\n<p><span style=\"font-family: Times New Roman, serif;\"><span style=\"font-size: medium;\"><span lang=\"de-DE\">The post is equipped with an integrated pin-lock system that stabilises the connection between the base and the post tube and prevents loosening during operation \u2013 a common issue with conventional market solutions.<\/span><\/span><\/span><\/p>\n<p><span style=\"font-family: Times New Roman, serif;\"><span style=\"font-size: medium;\"><span lang=\"de-DE\">The high-quality retraction mechanism with patented braking system ensures smooth, controlled and safe belt retraction. Unlike many comparable products, all FLOW Prime variants are manufactured from stainless steel. Selected finishes additionally feature an anti-fingerprint coating, helping to maintain a clean and well-kept appearance even under heavy use.<\/span><\/span><\/span><\/p>\n<p><span style=\"font-family: Times New Roman, serif;\"><span style=\"font-size: medium;\"><span lang=\"de-DE\">A wide range of finishes and extensive belt customisation options allow the system to be precisely adapted to operational requirements and the visual identity of the respective location.<\/span><\/span><\/span><\/p>\n<p><span style=\"font-family: Times New Roman, serif;\"><span style=\"font-size: medium;\"><span lang=\"de-DE\">Features:<\/span><\/span><\/span><\/p>\n<ul>\n<li><span style=\"font-family: Times New Roman, serif;\"><span style=\"font-size: medium;\"><span lang=\"de-DE\">Stainless steel post \u2013 powder-coated, high-gloss polished or satin finish<\/span><\/span><\/span><\/li>\n<li><span style=\"font-family: Times New Roman, serif;\"><span style=\"font-size: medium;\"><span lang=\"de-DE\">Low-profile base \u2013 wheelchair- and luggage-friendly<\/span><\/span><\/span><\/li>\n<li><span style=\"font-family: Times New Roman, serif;\"><span style=\"font-size: medium;\"><span lang=\"de-DE\">Metal base with rubberised underside to protect floor surfaces<\/span><\/span><\/span><\/li>\n<li><span style=\"font-family: Times New Roman, serif;\"><span style=\"font-size: medium;\"><span lang=\"de-DE\">Pin-lock system for secure fixing of base and post tube<\/span><\/span><\/span><\/li>\n<li><span style=\"font-family: Times New Roman, serif;\"><span style=\"font-size: medium;\"><span lang=\"de-DE\">Patented braking system for controlled and safe belt retraction<\/span><\/span><\/span><\/li>\n<li><span style=\"font-family: Times New Roman, serif;\"><span style=\"font-size: medium;\"><span lang=\"de-DE\">Automatic locking of the belt end<\/span><\/span><\/span><\/li>\n<li><span style=\"font-family: Times New Roman, serif;\"><span style=\"font-size: medium;\"><span lang=\"de-DE\">Custom post colour available on request (RAL)<\/span><\/span><\/span><\/li>\n<li><span style=\"font-family: Times New Roman, serif;\"><span style=\"font-size: medium;\"><span lang=\"de-DE\">Wide range of standard belt colours<\/span><\/span><\/span><\/li>\n<li><span style=\"font-family: Times New Roman, serif;\"><span style=\"font-size: medium;\"><span lang=\"de-DE\">Custom belt colours available according to the Pantone\u00ae colour system<\/span><\/span><\/span><\/li>\n<li><span style=\"font-family: Times New Roman, serif;\"><span style=\"font-size: medium;\"><span lang=\"de-DE\">Individual full-colour digital printing on the belt \u2013 e.g. logos or information<\/span><\/span><\/span><\/li>\n<\/ul>\n<p><span style=\"font-family: Times New Roman, serif;\"><span style=\"font-size: medium;\"><span lang=\"de-DE\">Technical data:<\/span><\/span><\/span><\/p>\n<ul>\n<li><span style=\"font-family: Times New Roman, serif;\"><span style=\"font-size: medium;\"><span lang=\"de-DE\">Material: base \u2013 stainless steel and cast iron, post \u2013 stainless steel<\/span><\/span><\/span><\/li>\n<li><span style=\"font-family: Times New Roman, serif;\"><span style=\"font-size: medium;\"><span lang=\"de-DE\">Post finishes:<\/span><\/span><\/span>\n<ul>\n<li><span style=\"font-family: Times New Roman, serif;\"><span style=\"font-size: medium;\"><span lang=\"de-DE\">Stainless steel, grade 201, powder-coated in custom colour<\/span><\/span><\/span><\/li>\n<li><span style=\"font-family: Times New Roman, serif;\"><span style=\"font-size: medium;\"><span lang=\"de-DE\">Stainless steel, grade 304, high-gloss polished<\/span><\/span><\/span><\/li>\n<li><span style=\"font-family: Times New Roman, serif;\"><span style=\"font-size: medium;\"><span lang=\"de-DE\">Stainless steel, grade 304, brushed (satin) with anti-fingerprint coating<\/span><\/span><\/span><\/li>\n<\/ul>\n<\/li>\n<li><span style=\"font-family: Times New Roman, serif;\"><span style=\"font-size: medium;\"><span lang=\"de-DE\">Belt colour: multiple standard colours and custom prints<\/span><\/span><\/span><\/li>\n<li><span style=\"font-family: Times New Roman, serif;\"><span style=\"font-size: medium;\"><span lang=\"de-DE\">Dimensions: 975 \u00d7 342 \u00d7 63.5 mm (H \u00d7 W \u00d7 D)<\/span><\/span><\/span><\/li>\n<li><span style=\"font-family: Times New Roman, serif;\"><span style=\"font-size: medium;\"><span lang=\"de-DE\">Belt length: 2.3 m or 3.6 m<\/span><\/span><\/span><\/li>\n<li><span style=\"font-family: Times New Roman, serif;\"><span style=\"font-size: medium;\"><span lang=\"de-DE\">Belt width: 50 mm \u00b12 mm<\/span><\/span><\/span><\/li>\n<li><span style=\"font-family: Times New Roman, serif;\"><span style=\"font-size: medium;\"><span lang=\"de-DE\">Net weight: approx. 12 kg \u00b10.5 kg<\/span><\/span><\/span><\/li>\n<\/ul>\n","protected":false},"excerpt":{"rendered":"<p>Retractable belt Versatec FLOW Prime 2.3 \/ 3.6 \u2013 an elegant and functional solution for queue management and structured visitor guidance in environments with a strong focus on design and overall appearance. Ideal for airports, shopping centres, tourist and leisure facilities, as well as public buildings where clear routing and a consistent visual concept are essential.<\/p>\n","protected":false},"featured_media":5316,"template":"","meta":[],"product_brand":[],"product_cat":[385,379,384],"product_tag":[],"branches":[448,445,452,446,449,443,444,450,451,454,453,447],"class_list":{"0":"post-5453","1":"product","2":"type-product","3":"status-publish","4":"has-post-thumbnail","6":"product_cat-aviation-and-public-transport","7":"product_cat-barrier-and-queuing-systems","8":"product_cat-belt-barrier-posts","9":"branches-airports","10":"branches-education","11":"branches-healthcare","12":"branches-hospitality-and-gastronomy","13":"branches-industry","14":"branches-office-buildings","15":"branches-public-facilities","16":"branches-shops-and-shopping-centers","17":"branches-sport-and-events","18":"branches-tourism-and-entertainment","19":"branches-transport","20":"branches-warehouses","23":"instock","24":"shipping-taxable","25":"purchasable","26":"product-type-variable","27":"has-default-attributes","28":"product-grid-view"},"yoast_head":"<!-- This site is optimized with the Yoast SEO plugin v27.0 - https:\/\/yoast.com\/product\/yoast-seo-wordpress\/ -->\n<title>Retractable Belt Post 2.3m\/3.6m Versatec FLOW Prime - Versatec<\/title>\n<meta name=\"robots\" content=\"index, follow, max-snippet:-1, max-image-preview:large, max-video-preview:-1\" \/>\n<link rel=\"canonical\" href=\"https:\/\/versatecsystems.com\/en\/produkt\/retractable-belt-post-2-3m-3-6m-versatec-flow-prime\/\" \/>\n<meta property=\"og:locale\" content=\"en_US\" \/>\n<meta property=\"og:type\" content=\"article\" \/>\n<meta property=\"og:title\" content=\"Retractable Belt Post 2.3m\/3.6m Versatec FLOW Prime - Versatec\" \/>\n<meta property=\"og:description\" content=\"Retractable belt Versatec FLOW Prime 2.3 \/ 3.6 \u2013 an elegant and functional solution for queue management and structured visitor guidance in environments with a strong focus on design and overall appearance. Ideal for airports, shopping centres, tourist and leisure facilities, as well as public buildings where clear routing and a consistent visual concept are essential.\" \/>\n<meta property=\"og:url\" content=\"https:\/\/versatecsystems.com\/en\/produkt\/retractable-belt-post-2-3m-3-6m-versatec-flow-prime\/\" \/>\n<meta property=\"og:site_name\" content=\"Versatec\" \/>\n<meta property=\"article:modified_time\" content=\"2026-02-09T00:43:16+00:00\" \/>\n<meta property=\"og:image\" content=\"https:\/\/versatecsystems.com\/wp-content\/uploads\/2025\/09\/PRIME1.png\" \/>\n\t<meta property=\"og:image:width\" content=\"1920\" \/>\n\t<meta property=\"og:image:height\" content=\"1080\" \/>\n\t<meta property=\"og:image:type\" content=\"image\/png\" \/>\n<meta name=\"twitter:card\" content=\"summary_large_image\" \/>\n<meta name=\"twitter:label1\" content=\"Est. reading time\" \/>\n\t<meta name=\"twitter:data1\" content=\"1 minute\" \/>\n<script type=\"application\/ld+json\" class=\"yoast-schema-graph\">{\"@context\":\"https:\/\/schema.org\",\"@graph\":[{\"@type\":\"WebPage\",\"@id\":\"https:\/\/versatecsystems.com\/en\/produkt\/retractable-belt-post-2-3m-3-6m-versatec-flow-prime\/\",\"url\":\"https:\/\/versatecsystems.com\/en\/produkt\/retractable-belt-post-2-3m-3-6m-versatec-flow-prime\/\",\"name\":\"Retractable Belt Post 2.3m\/3.6m Versatec FLOW Prime - Versatec\",\"isPartOf\":{\"@id\":\"https:\/\/versatecsystems.com\/en\/#website\"},\"primaryImageOfPage\":{\"@id\":\"https:\/\/versatecsystems.com\/en\/produkt\/retractable-belt-post-2-3m-3-6m-versatec-flow-prime\/#primaryimage\"},\"image\":{\"@id\":\"https:\/\/versatecsystems.com\/en\/produkt\/retractable-belt-post-2-3m-3-6m-versatec-flow-prime\/#primaryimage\"},\"thumbnailUrl\":\"https:\/\/versatecsystems.com\/wp-content\/uploads\/2025\/09\/PRIME1.png\",\"datePublished\":\"2025-09-22T15:01:31+00:00\",\"dateModified\":\"2026-02-09T00:43:16+00:00\",\"breadcrumb\":{\"@id\":\"https:\/\/versatecsystems.com\/en\/produkt\/retractable-belt-post-2-3m-3-6m-versatec-flow-prime\/#breadcrumb\"},\"inLanguage\":\"en-US\",\"potentialAction\":[{\"@type\":\"ReadAction\",\"target\":[\"https:\/\/versatecsystems.com\/en\/produkt\/retractable-belt-post-2-3m-3-6m-versatec-flow-prime\/\"]}]},{\"@type\":\"ImageObject\",\"inLanguage\":\"en-US\",\"@id\":\"https:\/\/versatecsystems.com\/en\/produkt\/retractable-belt-post-2-3m-3-6m-versatec-flow-prime\/#primaryimage\",\"url\":\"https:\/\/versatecsystems.com\/wp-content\/uploads\/2025\/09\/PRIME1.png\",\"contentUrl\":\"https:\/\/versatecsystems.com\/wp-content\/uploads\/2025\/09\/PRIME1.png\",\"width\":1920,\"height\":1080},{\"@type\":\"BreadcrumbList\",\"@id\":\"https:\/\/versatecsystems.com\/en\/produkt\/retractable-belt-post-2-3m-3-6m-versatec-flow-prime\/#breadcrumb\",\"itemListElement\":[{\"@type\":\"ListItem\",\"position\":1,\"name\":\"Strona g\u0142\u00f3wna\",\"item\":\"https:\/\/versatecsystems.com\/en\/\"},{\"@type\":\"ListItem\",\"position\":2,\"name\":\"Products\",\"item\":\"https:\/\/versatecsystems.com\/en\/products\/\"},{\"@type\":\"ListItem\",\"position\":3,\"name\":\"Retractable Belt Post 2.3m\/3.6m Versatec FLOW Prime\"}]},{\"@type\":\"WebSite\",\"@id\":\"https:\/\/versatecsystems.com\/en\/#website\",\"url\":\"https:\/\/versatecsystems.com\/en\/\",\"name\":\"Versatec Systems\",\"description\":\"Wyposa\u017cenie obiekt\u00f3w publicznych i przemys\u0142owych o potwierdzonej skuteczno\u015bci. Do\u015bwiadczony zesp\u00f3\u0142. Sprawdzone systemy. Efektywno\u015b\u0107 i niezawodno\u015b\u0107. Rozwi\u0105zania do zarz\u0105dzania ruchem ludzi, kontroli dost\u0119pu oraz organizacji przestrzeni w wymagaj\u0105cych \u015brodowiskach. Projektowane z my\u015bl\u0105 o lotniskach, dworcach kolejowych, budynkach u\u017cyteczno\u015bci publicznej, obiektach przemys\u0142owych oraz przestrzeniach zewn\u0119trznych.  Celem jest dostarczanie rozwi\u0105za\u0144, kt\u00f3re wspieraj\u0105 sprawne funkcjonowanie obiekt\u00f3w poprzez lepsz\u0105 organizacj\u0119, podniesienie poziomu bezpiecze\u0144stwa oraz wymierne korzy\u015bci operacyjne.\",\"publisher\":{\"@id\":\"https:\/\/versatecsystems.com\/en\/#organization\"},\"alternateName\":\"Versatec\",\"potentialAction\":[{\"@type\":\"SearchAction\",\"target\":{\"@type\":\"EntryPoint\",\"urlTemplate\":\"https:\/\/versatecsystems.com\/en\/?s={search_term_string}\"},\"query-input\":{\"@type\":\"PropertyValueSpecification\",\"valueRequired\":true,\"valueName\":\"search_term_string\"}}],\"inLanguage\":\"en-US\"},{\"@type\":\"Organization\",\"@id\":\"https:\/\/versatecsystems.com\/en\/#organization\",\"name\":\"Versatec Systems\",\"alternateName\":\"Versatec\",\"url\":\"https:\/\/versatecsystems.com\/en\/\",\"logo\":{\"@type\":\"ImageObject\",\"inLanguage\":\"en-US\",\"@id\":\"https:\/\/versatecsystems.com\/en\/#\/schema\/logo\/image\/\",\"url\":\"https:\/\/versatecsystems.com\/wp-content\/uploads\/2026\/01\/just-v-scaled.png\",\"contentUrl\":\"https:\/\/versatecsystems.com\/wp-content\/uploads\/2026\/01\/just-v-scaled.png\",\"width\":2560,\"height\":853,\"caption\":\"Versatec Systems\"},\"image\":{\"@id\":\"https:\/\/versatecsystems.com\/en\/#\/schema\/logo\/image\/\"}}]}<\/script>\n<!-- \/ Yoast SEO plugin. -->","yoast_head_json":{"title":"Retractable Belt Post 2.3m\/3.6m Versatec FLOW Prime - Versatec","robots":{"index":"index","follow":"follow","max-snippet":"max-snippet:-1","max-image-preview":"max-image-preview:large","max-video-preview":"max-video-preview:-1"},"canonical":"https:\/\/versatecsystems.com\/en\/produkt\/retractable-belt-post-2-3m-3-6m-versatec-flow-prime\/","og_locale":"en_US","og_type":"article","og_title":"Retractable Belt Post 2.3m\/3.6m Versatec FLOW Prime - Versatec","og_description":"Retractable belt Versatec FLOW Prime 2.3 \/ 3.6 \u2013 an elegant and functional solution for queue management and structured visitor guidance in environments with a strong focus on design and overall appearance. Ideal for airports, shopping centres, tourist and leisure facilities, as well as public buildings where clear routing and a consistent visual concept are essential.","og_url":"https:\/\/versatecsystems.com\/en\/produkt\/retractable-belt-post-2-3m-3-6m-versatec-flow-prime\/","og_site_name":"Versatec","article_modified_time":"2026-02-09T00:43:16+00:00","og_image":[{"width":1920,"height":1080,"url":"https:\/\/versatecsystems.com\/wp-content\/uploads\/2025\/09\/PRIME1.png","type":"image\/png"}],"twitter_card":"summary_large_image","twitter_misc":{"Est. reading time":"1 minute"},"schema":{"@context":"https:\/\/schema.org","@graph":[{"@type":"WebPage","@id":"https:\/\/versatecsystems.com\/en\/produkt\/retractable-belt-post-2-3m-3-6m-versatec-flow-prime\/","url":"https:\/\/versatecsystems.com\/en\/produkt\/retractable-belt-post-2-3m-3-6m-versatec-flow-prime\/","name":"Retractable Belt Post 2.3m\/3.6m Versatec FLOW Prime - Versatec","isPartOf":{"@id":"https:\/\/versatecsystems.com\/en\/#website"},"primaryImageOfPage":{"@id":"https:\/\/versatecsystems.com\/en\/produkt\/retractable-belt-post-2-3m-3-6m-versatec-flow-prime\/#primaryimage"},"image":{"@id":"https:\/\/versatecsystems.com\/en\/produkt\/retractable-belt-post-2-3m-3-6m-versatec-flow-prime\/#primaryimage"},"thumbnailUrl":"https:\/\/versatecsystems.com\/wp-content\/uploads\/2025\/09\/PRIME1.png","datePublished":"2025-09-22T15:01:31+00:00","dateModified":"2026-02-09T00:43:16+00:00","breadcrumb":{"@id":"https:\/\/versatecsystems.com\/en\/produkt\/retractable-belt-post-2-3m-3-6m-versatec-flow-prime\/#breadcrumb"},"inLanguage":"en-US","potentialAction":[{"@type":"ReadAction","target":["https:\/\/versatecsystems.com\/en\/produkt\/retractable-belt-post-2-3m-3-6m-versatec-flow-prime\/"]}]},{"@type":"ImageObject","inLanguage":"en-US","@id":"https:\/\/versatecsystems.com\/en\/produkt\/retractable-belt-post-2-3m-3-6m-versatec-flow-prime\/#primaryimage","url":"https:\/\/versatecsystems.com\/wp-content\/uploads\/2025\/09\/PRIME1.png","contentUrl":"https:\/\/versatecsystems.com\/wp-content\/uploads\/2025\/09\/PRIME1.png","width":1920,"height":1080},{"@type":"BreadcrumbList","@id":"https:\/\/versatecsystems.com\/en\/produkt\/retractable-belt-post-2-3m-3-6m-versatec-flow-prime\/#breadcrumb","itemListElement":[{"@type":"ListItem","position":1,"name":"Strona g\u0142\u00f3wna","item":"https:\/\/versatecsystems.com\/en\/"},{"@type":"ListItem","position":2,"name":"Products","item":"https:\/\/versatecsystems.com\/en\/products\/"},{"@type":"ListItem","position":3,"name":"Retractable Belt Post 2.3m\/3.6m Versatec FLOW Prime"}]},{"@type":"WebSite","@id":"https:\/\/versatecsystems.com\/en\/#website","url":"https:\/\/versatecsystems.com\/en\/","name":"Versatec Systems","description":"Wyposa\u017cenie obiekt\u00f3w publicznych i przemys\u0142owych o potwierdzonej skuteczno\u015bci. Do\u015bwiadczony zesp\u00f3\u0142. Sprawdzone systemy. Efektywno\u015b\u0107 i niezawodno\u015b\u0107. Rozwi\u0105zania do zarz\u0105dzania ruchem ludzi, kontroli dost\u0119pu oraz organizacji przestrzeni w wymagaj\u0105cych \u015brodowiskach. Projektowane z my\u015bl\u0105 o lotniskach, dworcach kolejowych, budynkach u\u017cyteczno\u015bci publicznej, obiektach przemys\u0142owych oraz przestrzeniach zewn\u0119trznych.  Celem jest dostarczanie rozwi\u0105za\u0144, kt\u00f3re wspieraj\u0105 sprawne funkcjonowanie obiekt\u00f3w poprzez lepsz\u0105 organizacj\u0119, podniesienie poziomu bezpiecze\u0144stwa oraz wymierne korzy\u015bci operacyjne.","publisher":{"@id":"https:\/\/versatecsystems.com\/en\/#organization"},"alternateName":"Versatec","potentialAction":[{"@type":"SearchAction","target":{"@type":"EntryPoint","urlTemplate":"https:\/\/versatecsystems.com\/en\/?s={search_term_string}"},"query-input":{"@type":"PropertyValueSpecification","valueRequired":true,"valueName":"search_term_string"}}],"inLanguage":"en-US"},{"@type":"Organization","@id":"https:\/\/versatecsystems.com\/en\/#organization","name":"Versatec Systems","alternateName":"Versatec","url":"https:\/\/versatecsystems.com\/en\/","logo":{"@type":"ImageObject","inLanguage":"en-US","@id":"https:\/\/versatecsystems.com\/en\/#\/schema\/logo\/image\/","url":"https:\/\/versatecsystems.com\/wp-content\/uploads\/2026\/01\/just-v-scaled.png","contentUrl":"https:\/\/versatecsystems.com\/wp-content\/uploads\/2026\/01\/just-v-scaled.png","width":2560,"height":853,"caption":"Versatec Systems"},"image":{"@id":"https:\/\/versatecsystems.com\/en\/#\/schema\/logo\/image\/"}}]}},"_links":{"self":[{"href":"https:\/\/versatecsystems.com\/en\/wp-json\/wp\/v2\/product\/5453","targetHints":{"allow":["GET"]}}],"collection":[{"href":"https:\/\/versatecsystems.com\/en\/wp-json\/wp\/v2\/product"}],"about":[{"href":"https:\/\/versatecsystems.com\/en\/wp-json\/wp\/v2\/types\/product"}],"wp:featuredmedia":[{"embeddable":true,"href":"https:\/\/versatecsystems.com\/en\/wp-json\/wp\/v2\/media\/5316"}],"wp:attachment":[{"href":"https:\/\/versatecsystems.com\/en\/wp-json\/wp\/v2\/media?parent=5453"}],"wp:term":[{"taxonomy":"product_brand","embeddable":true,"href":"https:\/\/versatecsystems.com\/en\/wp-json\/wp\/v2\/product_brand?post=5453"},{"taxonomy":"product_cat","embeddable":true,"href":"https:\/\/versatecsystems.com\/en\/wp-json\/wp\/v2\/product_cat?post=5453"},{"taxonomy":"product_tag","embeddable":true,"href":"https:\/\/versatecsystems.com\/en\/wp-json\/wp\/v2\/product_tag?post=5453"},{"taxonomy":"branches","embeddable":true,"href":"https:\/\/versatecsystems.com\/en\/wp-json\/wp\/v2\/branches?post=5453"}],"curies":[{"name":"wp","href":"https:\/\/api.w.org\/{rel}","templated":true}]}}