{"id":5143,"date":"2025-12-19T16:09:49","date_gmt":"2025-12-19T16:09:49","guid":{"rendered":"https:\/\/versatecsystems.com\/produkt\/bramka-optyczna-szybkiego-przejscia-speed-gate-apex\/"},"modified":"2026-02-15T22:22:51","modified_gmt":"2026-02-15T22:22:51","slug":"bramka-optyczna-szybkiego-przejscia-speed-gate-apex","status":"publish","type":"product","link":"https:\/\/versatecsystems.com\/en\/produkt\/bramka-optyczna-szybkiego-przejscia-speed-gate-apex\/","title":{"rendered":"Optical Speed Gate APEX"},"content":{"rendered":"<p>Product model\uff1aLA3220<\/p>\n<p>Key features:<\/p>\n<ul>\n<li style=\"text-align: left;\"><strong>Infrared detection using a light curtain<\/strong><\/li>\n<\/ul>\n<ol style=\"text-align: left;\">\n<li><strong>360-degree monitoring;<\/strong><\/li>\n<li><strong>Millisecond-level response time;<\/strong><\/li>\n<li><strong>Anti-following logic at a distance:<\/strong>Detect following at a distance \u2264100 mm.\u00a0(48 monitoring points)<\/li>\n<li><strong>Data recording:<\/strong>Record every alarm event (e.g., someone following, unusual lingering in one place)<\/li>\n<\/ol>\n<ul style=\"text-align: left;\">\n<li><strong>Movement and electronic control<\/strong><\/li>\n<\/ul>\n<ol>\n<li style=\"text-align: left;\">Clutch: 60mm tooth-in type<\/li>\n<li style=\"text-align: left;\">Coupling: Rigid Direct-Connect Type (More stable)<\/li>\n<li style=\"text-align: left;\"><strong>Noise: Operating noise &lt;50 dB<\/strong><\/li>\n<li style=\"text-align: left;\"><strong>Life: Over 30 million operations without failure<\/strong><\/li>\n<li style=\"text-align: left;\">Infrared logic: Supports pedestrians, backpacks, luggage, and wheelchairs. Stops immediately when encountering resistance.<\/li>\n<li style=\"text-align: left;\"><strong>Tailgating Detection: Distance \u2265 100mm<\/strong><\/li>\n<\/ol>\n<h4 data-start=\"125\" data-end=\"156\"><strong data-start=\"129\" data-end=\"156\">Technical Specification<\/strong><\/h4>\n<table>\n<thead>\n<tr>\n<th style=\"text-align: left;\">Category<\/th>\n<th style=\"text-align: left;\">Item<\/th>\n<th style=\"text-align: left;\">Specification<\/th>\n<\/tr>\n<\/thead>\n<tbody>\n<tr>\n<td><strong>Dimensions<\/strong><\/td>\n<td>Overall size<\/td>\n<td>1500 \u00d7 130 \u00d7 980 mm<\/td>\n<\/tr>\n<tr>\n<td><strong>Chassis<\/strong><\/td>\n<td>Top cover<\/td>\n<td>\u2014<\/td>\n<\/tr>\n<tr>\n<td><\/td>\n<td>Housing<\/td>\n<td>2 mm aluminum alloy<\/td>\n<\/tr>\n<tr>\n<td><\/td>\n<td>Filling panel<\/td>\n<td>\u2014<\/td>\n<\/tr>\n<tr>\n<td><strong>Movement System<\/strong><\/td>\n<td>Mechanism<\/td>\n<td>Servo speed door<\/td>\n<\/tr>\n<tr>\n<td><\/td>\n<td>Door panel<\/td>\n<td>10 mm transparent PC<\/td>\n<\/tr>\n<tr>\n<td><\/td>\n<td>Pass lane width<\/td>\n<td>600\u2013900 mm<\/td>\n<\/tr>\n<tr>\n<td><strong>Electronic Control<\/strong><\/td>\n<td>Control board<\/td>\n<td>Servo control board<\/td>\n<\/tr>\n<tr>\n<td><\/td>\n<td>Motor<\/td>\n<td>Brushless servo motor, 40:1, 100 W<\/td>\n<\/tr>\n<tr>\n<td><\/td>\n<td>IR sensor<\/td>\n<td>Safety light curtain \/ bar, 48 points (HYD)<\/td>\n<\/tr>\n<tr>\n<td><\/td>\n<td>Air switch<\/td>\n<td>2P (ZT)<\/td>\n<\/tr>\n<tr>\n<td><\/td>\n<td>Power supply<\/td>\n<td>24V 500W \/ 12V 3A (MW \/ CL)<\/td>\n<\/tr>\n<tr>\n<td><strong>Accessories<\/strong><\/td>\n<td>Connection cable<\/td>\n<td>5 m, 2 \u00d7 1.0 mm\u00b2 RVV<\/td>\n<\/tr>\n<tr>\n<td><\/td>\n<td>Network cable<\/td>\n<td>5 m, RJ45 connectors on both ends<\/td>\n<\/tr>\n<tr>\n<td><strong>Packaging<\/strong><\/td>\n<td>Protective material<\/td>\n<td>Fully encapsulated pearl cotton<\/td>\n<\/tr>\n<tr>\n<td><\/td>\n<td>Carton size (inner)<\/td>\n<td>360 \u00d7 200 \u00d7 1460 mm<\/td>\n<\/tr>\n<\/tbody>\n<\/table>\n","protected":false},"excerpt":{"rendered":"<p>APEX \u2013 a new definition of access control.<br \/>\nAn ultra-modern, slim design combined with advanced technology ensures reliable and stable operation, low noise levels, smooth performance, and long service life.<\/p>\n","protected":false},"featured_media":5145,"template":"","meta":[],"product_brand":[],"product_cat":[360],"product_tag":[],"branches":[448,445,452,443,444,451,454,453],"class_list":{"0":"post-5143","1":"product","2":"type-product","3":"status-publish","4":"has-post-thumbnail","6":"product_cat-fast-optical-gates-speed-gates","7":"branches-airports","8":"branches-education","9":"branches-healthcare","10":"branches-office-buildings","11":"branches-public-facilities","12":"branches-sport-and-events","13":"branches-tourism-and-entertainment","14":"branches-transport","17":"instock","18":"shipping-taxable","19":"purchasable","20":"product-type-simple","21":"product-grid-view"},"yoast_head":"<!-- This site is optimized with the Yoast SEO plugin v27.0 - https:\/\/yoast.com\/product\/yoast-seo-wordpress\/ -->\n<title>Optical Speed Gate APEX - Versatec<\/title>\n<meta name=\"robots\" content=\"index, follow, max-snippet:-1, max-image-preview:large, max-video-preview:-1\" \/>\n<link rel=\"canonical\" href=\"https:\/\/versatecsystems.com\/en\/produkt\/bramka-optyczna-szybkiego-przejscia-speed-gate-apex\/\" \/>\n<meta property=\"og:locale\" content=\"en_US\" \/>\n<meta property=\"og:type\" content=\"article\" \/>\n<meta property=\"og:title\" content=\"Optical Speed Gate APEX - Versatec\" \/>\n<meta property=\"og:description\" content=\"APEX \u2013 a new definition of access control. An ultra-modern, slim design combined with advanced technology ensures reliable and stable operation, low noise levels, smooth performance, and long service life.\" \/>\n<meta property=\"og:url\" content=\"https:\/\/versatecsystems.com\/en\/produkt\/bramka-optyczna-szybkiego-przejscia-speed-gate-apex\/\" \/>\n<meta property=\"og:site_name\" content=\"Versatec\" \/>\n<meta property=\"article:modified_time\" content=\"2026-02-15T22:22:51+00:00\" \/>\n<meta property=\"og:image\" content=\"https:\/\/versatecsystems.com\/wp-content\/uploads\/2025\/12\/LA3220-2-scaled.png\" \/>\n\t<meta property=\"og:image:width\" content=\"2560\" \/>\n\t<meta property=\"og:image:height\" content=\"1440\" \/>\n\t<meta property=\"og:image:type\" content=\"image\/png\" \/>\n<meta name=\"twitter:card\" content=\"summary_large_image\" \/>\n<meta name=\"twitter:label1\" content=\"Est. reading time\" \/>\n\t<meta name=\"twitter:data1\" content=\"1 minute\" \/>\n<script type=\"application\/ld+json\" class=\"yoast-schema-graph\">{\"@context\":\"https:\/\/schema.org\",\"@graph\":[{\"@type\":\"WebPage\",\"@id\":\"https:\/\/versatecsystems.com\/en\/produkt\/bramka-optyczna-szybkiego-przejscia-speed-gate-apex\/\",\"url\":\"https:\/\/versatecsystems.com\/en\/produkt\/bramka-optyczna-szybkiego-przejscia-speed-gate-apex\/\",\"name\":\"Optical Speed Gate APEX - Versatec\",\"isPartOf\":{\"@id\":\"https:\/\/versatecsystems.com\/en\/#website\"},\"primaryImageOfPage\":{\"@id\":\"https:\/\/versatecsystems.com\/en\/produkt\/bramka-optyczna-szybkiego-przejscia-speed-gate-apex\/#primaryimage\"},\"image\":{\"@id\":\"https:\/\/versatecsystems.com\/en\/produkt\/bramka-optyczna-szybkiego-przejscia-speed-gate-apex\/#primaryimage\"},\"thumbnailUrl\":\"https:\/\/versatecsystems.com\/wp-content\/uploads\/2025\/12\/LA3220-2-scaled.png\",\"datePublished\":\"2025-12-19T16:09:49+00:00\",\"dateModified\":\"2026-02-15T22:22:51+00:00\",\"breadcrumb\":{\"@id\":\"https:\/\/versatecsystems.com\/en\/produkt\/bramka-optyczna-szybkiego-przejscia-speed-gate-apex\/#breadcrumb\"},\"inLanguage\":\"en-US\",\"potentialAction\":[{\"@type\":\"ReadAction\",\"target\":[\"https:\/\/versatecsystems.com\/en\/produkt\/bramka-optyczna-szybkiego-przejscia-speed-gate-apex\/\"]}]},{\"@type\":\"ImageObject\",\"inLanguage\":\"en-US\",\"@id\":\"https:\/\/versatecsystems.com\/en\/produkt\/bramka-optyczna-szybkiego-przejscia-speed-gate-apex\/#primaryimage\",\"url\":\"https:\/\/versatecsystems.com\/wp-content\/uploads\/2025\/12\/LA3220-2-scaled.png\",\"contentUrl\":\"https:\/\/versatecsystems.com\/wp-content\/uploads\/2025\/12\/LA3220-2-scaled.png\",\"width\":2560,\"height\":1440},{\"@type\":\"BreadcrumbList\",\"@id\":\"https:\/\/versatecsystems.com\/en\/produkt\/bramka-optyczna-szybkiego-przejscia-speed-gate-apex\/#breadcrumb\",\"itemListElement\":[{\"@type\":\"ListItem\",\"position\":1,\"name\":\"Strona g\u0142\u00f3wna\",\"item\":\"https:\/\/versatecsystems.com\/en\/\"},{\"@type\":\"ListItem\",\"position\":2,\"name\":\"Products\",\"item\":\"https:\/\/versatecsystems.com\/en\/products\/\"},{\"@type\":\"ListItem\",\"position\":3,\"name\":\"Optical Speed Gate APEX\"}]},{\"@type\":\"WebSite\",\"@id\":\"https:\/\/versatecsystems.com\/en\/#website\",\"url\":\"https:\/\/versatecsystems.com\/en\/\",\"name\":\"Versatec Systems\",\"description\":\"Wyposa\u017cenie obiekt\u00f3w publicznych i przemys\u0142owych o potwierdzonej skuteczno\u015bci. Do\u015bwiadczony zesp\u00f3\u0142. Sprawdzone systemy. Efektywno\u015b\u0107 i niezawodno\u015b\u0107. Rozwi\u0105zania do zarz\u0105dzania ruchem ludzi, kontroli dost\u0119pu oraz organizacji przestrzeni w wymagaj\u0105cych \u015brodowiskach. Projektowane z my\u015bl\u0105 o lotniskach, dworcach kolejowych, budynkach u\u017cyteczno\u015bci publicznej, obiektach przemys\u0142owych oraz przestrzeniach zewn\u0119trznych.  Celem jest dostarczanie rozwi\u0105za\u0144, kt\u00f3re wspieraj\u0105 sprawne funkcjonowanie obiekt\u00f3w poprzez lepsz\u0105 organizacj\u0119, podniesienie poziomu bezpiecze\u0144stwa oraz wymierne korzy\u015bci operacyjne.\",\"publisher\":{\"@id\":\"https:\/\/versatecsystems.com\/en\/#organization\"},\"alternateName\":\"Versatec\",\"potentialAction\":[{\"@type\":\"SearchAction\",\"target\":{\"@type\":\"EntryPoint\",\"urlTemplate\":\"https:\/\/versatecsystems.com\/en\/?s={search_term_string}\"},\"query-input\":{\"@type\":\"PropertyValueSpecification\",\"valueRequired\":true,\"valueName\":\"search_term_string\"}}],\"inLanguage\":\"en-US\"},{\"@type\":\"Organization\",\"@id\":\"https:\/\/versatecsystems.com\/en\/#organization\",\"name\":\"Versatec Systems\",\"alternateName\":\"Versatec\",\"url\":\"https:\/\/versatecsystems.com\/en\/\",\"logo\":{\"@type\":\"ImageObject\",\"inLanguage\":\"en-US\",\"@id\":\"https:\/\/versatecsystems.com\/en\/#\/schema\/logo\/image\/\",\"url\":\"https:\/\/versatecsystems.com\/wp-content\/uploads\/2026\/01\/just-v-scaled.png\",\"contentUrl\":\"https:\/\/versatecsystems.com\/wp-content\/uploads\/2026\/01\/just-v-scaled.png\",\"width\":2560,\"height\":853,\"caption\":\"Versatec Systems\"},\"image\":{\"@id\":\"https:\/\/versatecsystems.com\/en\/#\/schema\/logo\/image\/\"}}]}<\/script>\n<!-- \/ Yoast SEO plugin. -->","yoast_head_json":{"title":"Optical Speed Gate APEX - Versatec","robots":{"index":"index","follow":"follow","max-snippet":"max-snippet:-1","max-image-preview":"max-image-preview:large","max-video-preview":"max-video-preview:-1"},"canonical":"https:\/\/versatecsystems.com\/en\/produkt\/bramka-optyczna-szybkiego-przejscia-speed-gate-apex\/","og_locale":"en_US","og_type":"article","og_title":"Optical Speed Gate APEX - Versatec","og_description":"APEX \u2013 a new definition of access control. An ultra-modern, slim design combined with advanced technology ensures reliable and stable operation, low noise levels, smooth performance, and long service life.","og_url":"https:\/\/versatecsystems.com\/en\/produkt\/bramka-optyczna-szybkiego-przejscia-speed-gate-apex\/","og_site_name":"Versatec","article_modified_time":"2026-02-15T22:22:51+00:00","og_image":[{"width":2560,"height":1440,"url":"https:\/\/versatecsystems.com\/wp-content\/uploads\/2025\/12\/LA3220-2-scaled.png","type":"image\/png"}],"twitter_card":"summary_large_image","twitter_misc":{"Est. reading time":"1 minute"},"schema":{"@context":"https:\/\/schema.org","@graph":[{"@type":"WebPage","@id":"https:\/\/versatecsystems.com\/en\/produkt\/bramka-optyczna-szybkiego-przejscia-speed-gate-apex\/","url":"https:\/\/versatecsystems.com\/en\/produkt\/bramka-optyczna-szybkiego-przejscia-speed-gate-apex\/","name":"Optical Speed Gate APEX - Versatec","isPartOf":{"@id":"https:\/\/versatecsystems.com\/en\/#website"},"primaryImageOfPage":{"@id":"https:\/\/versatecsystems.com\/en\/produkt\/bramka-optyczna-szybkiego-przejscia-speed-gate-apex\/#primaryimage"},"image":{"@id":"https:\/\/versatecsystems.com\/en\/produkt\/bramka-optyczna-szybkiego-przejscia-speed-gate-apex\/#primaryimage"},"thumbnailUrl":"https:\/\/versatecsystems.com\/wp-content\/uploads\/2025\/12\/LA3220-2-scaled.png","datePublished":"2025-12-19T16:09:49+00:00","dateModified":"2026-02-15T22:22:51+00:00","breadcrumb":{"@id":"https:\/\/versatecsystems.com\/en\/produkt\/bramka-optyczna-szybkiego-przejscia-speed-gate-apex\/#breadcrumb"},"inLanguage":"en-US","potentialAction":[{"@type":"ReadAction","target":["https:\/\/versatecsystems.com\/en\/produkt\/bramka-optyczna-szybkiego-przejscia-speed-gate-apex\/"]}]},{"@type":"ImageObject","inLanguage":"en-US","@id":"https:\/\/versatecsystems.com\/en\/produkt\/bramka-optyczna-szybkiego-przejscia-speed-gate-apex\/#primaryimage","url":"https:\/\/versatecsystems.com\/wp-content\/uploads\/2025\/12\/LA3220-2-scaled.png","contentUrl":"https:\/\/versatecsystems.com\/wp-content\/uploads\/2025\/12\/LA3220-2-scaled.png","width":2560,"height":1440},{"@type":"BreadcrumbList","@id":"https:\/\/versatecsystems.com\/en\/produkt\/bramka-optyczna-szybkiego-przejscia-speed-gate-apex\/#breadcrumb","itemListElement":[{"@type":"ListItem","position":1,"name":"Strona g\u0142\u00f3wna","item":"https:\/\/versatecsystems.com\/en\/"},{"@type":"ListItem","position":2,"name":"Products","item":"https:\/\/versatecsystems.com\/en\/products\/"},{"@type":"ListItem","position":3,"name":"Optical Speed Gate APEX"}]},{"@type":"WebSite","@id":"https:\/\/versatecsystems.com\/en\/#website","url":"https:\/\/versatecsystems.com\/en\/","name":"Versatec Systems","description":"Wyposa\u017cenie obiekt\u00f3w publicznych i przemys\u0142owych o potwierdzonej skuteczno\u015bci. Do\u015bwiadczony zesp\u00f3\u0142. Sprawdzone systemy. Efektywno\u015b\u0107 i niezawodno\u015b\u0107. Rozwi\u0105zania do zarz\u0105dzania ruchem ludzi, kontroli dost\u0119pu oraz organizacji przestrzeni w wymagaj\u0105cych \u015brodowiskach. Projektowane z my\u015bl\u0105 o lotniskach, dworcach kolejowych, budynkach u\u017cyteczno\u015bci publicznej, obiektach przemys\u0142owych oraz przestrzeniach zewn\u0119trznych.  Celem jest dostarczanie rozwi\u0105za\u0144, kt\u00f3re wspieraj\u0105 sprawne funkcjonowanie obiekt\u00f3w poprzez lepsz\u0105 organizacj\u0119, podniesienie poziomu bezpiecze\u0144stwa oraz wymierne korzy\u015bci operacyjne.","publisher":{"@id":"https:\/\/versatecsystems.com\/en\/#organization"},"alternateName":"Versatec","potentialAction":[{"@type":"SearchAction","target":{"@type":"EntryPoint","urlTemplate":"https:\/\/versatecsystems.com\/en\/?s={search_term_string}"},"query-input":{"@type":"PropertyValueSpecification","valueRequired":true,"valueName":"search_term_string"}}],"inLanguage":"en-US"},{"@type":"Organization","@id":"https:\/\/versatecsystems.com\/en\/#organization","name":"Versatec Systems","alternateName":"Versatec","url":"https:\/\/versatecsystems.com\/en\/","logo":{"@type":"ImageObject","inLanguage":"en-US","@id":"https:\/\/versatecsystems.com\/en\/#\/schema\/logo\/image\/","url":"https:\/\/versatecsystems.com\/wp-content\/uploads\/2026\/01\/just-v-scaled.png","contentUrl":"https:\/\/versatecsystems.com\/wp-content\/uploads\/2026\/01\/just-v-scaled.png","width":2560,"height":853,"caption":"Versatec Systems"},"image":{"@id":"https:\/\/versatecsystems.com\/en\/#\/schema\/logo\/image\/"}}]}},"_links":{"self":[{"href":"https:\/\/versatecsystems.com\/en\/wp-json\/wp\/v2\/product\/5143","targetHints":{"allow":["GET"]}}],"collection":[{"href":"https:\/\/versatecsystems.com\/en\/wp-json\/wp\/v2\/product"}],"about":[{"href":"https:\/\/versatecsystems.com\/en\/wp-json\/wp\/v2\/types\/product"}],"wp:featuredmedia":[{"embeddable":true,"href":"https:\/\/versatecsystems.com\/en\/wp-json\/wp\/v2\/media\/5145"}],"wp:attachment":[{"href":"https:\/\/versatecsystems.com\/en\/wp-json\/wp\/v2\/media?parent=5143"}],"wp:term":[{"taxonomy":"product_brand","embeddable":true,"href":"https:\/\/versatecsystems.com\/en\/wp-json\/wp\/v2\/product_brand?post=5143"},{"taxonomy":"product_cat","embeddable":true,"href":"https:\/\/versatecsystems.com\/en\/wp-json\/wp\/v2\/product_cat?post=5143"},{"taxonomy":"product_tag","embeddable":true,"href":"https:\/\/versatecsystems.com\/en\/wp-json\/wp\/v2\/product_tag?post=5143"},{"taxonomy":"branches","embeddable":true,"href":"https:\/\/versatecsystems.com\/en\/wp-json\/wp\/v2\/branches?post=5143"}],"curies":[{"name":"wp","href":"https:\/\/api.w.org\/{rel}","templated":true}]}}