{"id":5140,"date":"2025-12-23T17:22:07","date_gmt":"2025-12-23T17:22:07","guid":{"rendered":"https:\/\/versatecsystems.com\/produkt\/bramka-optyczna-szybkiego-przejscia-speed-gate-b302\/"},"modified":"2026-02-15T22:30:30","modified_gmt":"2026-02-15T22:30:30","slug":"optical-speed-gate-b302c","status":"publish","type":"product","link":"https:\/\/versatecsystems.com\/en\/produkt\/optical-speed-gate-b302c\/","title":{"rendered":"Optical Speed Gate B302C"},"content":{"rendered":"<p>Parameter<\/p>\n<p>Size\uff08L*W*H) 1500*150*980mm<br \/>\nPass width 600-900mm<br \/>\nPower 120W<br \/>\nMaterial \u03b4=1.5mm SUS304<br \/>\nBar Material 10mm Clean Acrylic<br \/>\nMovement Servo speed gate movement<br \/>\nInfrared sensor 12 pairs<br \/>\nClutch \u2205 =80mm<br \/>\nIndicator Light RGB light<br \/>\nDrive Unit Brushless servo Motor 100W<br \/>\nPower Supply 24V 500W<br \/>\nControl Unit Servo control system<br \/>\nCommunication Interface Dry contact\/ RS485<br \/>\nPass rate 35-50 persons\/minute<br \/>\nTemperature -20\u2103~+70\u2103<br \/>\nHumidity \u226490% No condensation<br \/>\nIP IP4X<br \/>\nEnvironment Indoor and outdoor (outdoor with canopy)<\/p>\n","protected":false},"excerpt":{"rendered":"<p>Solidna i niezawodna konstrukcja zapewniaj\u0105ca niski poziom ha\u0142asu, p\u0142ynn\u0105 prac\u0119 oraz d\u0142ug\u0105 \u017cywotno\u015b\u0107. Wyposa\u017cona w funkcje zabezpieczaj\u0105ce, takie jak anti-tailgating oraz blokada przej\u015bcia wstecznego (anti-reverse pass). Mo\u017cliwo\u015b\u0107 konfiguracji pracy kart dost\u0119powych w trybie z pami\u0119ci\u0105 lub bez pami\u0119ci. Funkcja automatycznego resetu \u2013 po uzyskaniu autoryzacji przej\u015bcia bramka automatycznie powraca do stanu zablokowanego, je\u017celi u\u017cytkownik nie przejdzie przez ni\u0105 w ustawionym czasie.<\/p>\n","protected":false},"featured_media":5142,"template":"","meta":[],"product_brand":[],"product_cat":[360],"product_tag":[],"branches":[448,443,444,451,454,453],"class_list":{"0":"post-5140","1":"product","2":"type-product","3":"status-publish","4":"has-post-thumbnail","6":"product_cat-fast-optical-gates-speed-gates","7":"branches-airports","8":"branches-office-buildings","9":"branches-public-facilities","10":"branches-sport-and-events","11":"branches-tourism-and-entertainment","12":"branches-transport","15":"instock","16":"shipping-taxable","17":"purchasable","18":"product-type-simple","19":"product-grid-view"},"yoast_head":"<!-- This site is optimized with the Yoast SEO plugin v27.0 - https:\/\/yoast.com\/product\/yoast-seo-wordpress\/ -->\n<title>Optical Speed Gate B302C - Versatec<\/title>\n<meta name=\"robots\" content=\"index, follow, max-snippet:-1, max-image-preview:large, max-video-preview:-1\" \/>\n<link rel=\"canonical\" href=\"https:\/\/versatecsystems.com\/en\/produkt\/optical-speed-gate-b302c\/\" \/>\n<meta property=\"og:locale\" content=\"en_US\" \/>\n<meta property=\"og:type\" content=\"article\" \/>\n<meta property=\"og:title\" content=\"Optical Speed Gate B302C - Versatec\" \/>\n<meta property=\"og:description\" content=\"Solidna i niezawodna konstrukcja zapewniaj\u0105ca niski poziom ha\u0142asu, p\u0142ynn\u0105 prac\u0119 oraz d\u0142ug\u0105 \u017cywotno\u015b\u0107. Wyposa\u017cona w funkcje zabezpieczaj\u0105ce, takie jak anti-tailgating oraz blokada przej\u015bcia wstecznego (anti-reverse pass). Mo\u017cliwo\u015b\u0107 konfiguracji pracy kart dost\u0119powych w trybie z pami\u0119ci\u0105 lub bez pami\u0119ci. Funkcja automatycznego resetu \u2013 po uzyskaniu autoryzacji przej\u015bcia bramka automatycznie powraca do stanu zablokowanego, je\u017celi u\u017cytkownik nie przejdzie przez ni\u0105 w ustawionym czasie.\" \/>\n<meta property=\"og:url\" content=\"https:\/\/versatecsystems.com\/en\/produkt\/optical-speed-gate-b302c\/\" \/>\n<meta property=\"og:site_name\" content=\"Versatec\" \/>\n<meta property=\"article:modified_time\" content=\"2026-02-15T22:30:30+00:00\" \/>\n<meta property=\"og:image\" content=\"https:\/\/versatecsystems.com\/wp-content\/uploads\/2025\/12\/B302C-4-scaled-e1773564866108.png\" \/>\n\t<meta property=\"og:image:width\" content=\"2560\" \/>\n\t<meta property=\"og:image:height\" content=\"1440\" \/>\n\t<meta property=\"og:image:type\" content=\"image\/png\" \/>\n<meta name=\"twitter:card\" content=\"summary_large_image\" \/>\n<script type=\"application\/ld+json\" class=\"yoast-schema-graph\">{\"@context\":\"https:\/\/schema.org\",\"@graph\":[{\"@type\":\"WebPage\",\"@id\":\"https:\/\/versatecsystems.com\/en\/produkt\/optical-speed-gate-b302c\/\",\"url\":\"https:\/\/versatecsystems.com\/en\/produkt\/optical-speed-gate-b302c\/\",\"name\":\"Optical Speed Gate B302C - Versatec\",\"isPartOf\":{\"@id\":\"https:\/\/versatecsystems.com\/#website\"},\"primaryImageOfPage\":{\"@id\":\"https:\/\/versatecsystems.com\/en\/produkt\/optical-speed-gate-b302c\/#primaryimage\"},\"image\":{\"@id\":\"https:\/\/versatecsystems.com\/en\/produkt\/optical-speed-gate-b302c\/#primaryimage\"},\"thumbnailUrl\":\"https:\/\/versatecsystems.com\/wp-content\/uploads\/2025\/12\/B302C-4-scaled-e1773564866108.png\",\"datePublished\":\"2025-12-23T17:22:07+00:00\",\"dateModified\":\"2026-02-15T22:30:30+00:00\",\"breadcrumb\":{\"@id\":\"https:\/\/versatecsystems.com\/en\/produkt\/optical-speed-gate-b302c\/#breadcrumb\"},\"inLanguage\":\"en-US\",\"potentialAction\":[{\"@type\":\"ReadAction\",\"target\":[\"https:\/\/versatecsystems.com\/en\/produkt\/optical-speed-gate-b302c\/\"]}]},{\"@type\":\"ImageObject\",\"inLanguage\":\"en-US\",\"@id\":\"https:\/\/versatecsystems.com\/en\/produkt\/optical-speed-gate-b302c\/#primaryimage\",\"url\":\"https:\/\/versatecsystems.com\/wp-content\/uploads\/2025\/12\/B302C-4-scaled-e1773564866108.png\",\"contentUrl\":\"https:\/\/versatecsystems.com\/wp-content\/uploads\/2025\/12\/B302C-4-scaled-e1773564866108.png\",\"width\":2560,\"height\":1440},{\"@type\":\"BreadcrumbList\",\"@id\":\"https:\/\/versatecsystems.com\/en\/produkt\/optical-speed-gate-b302c\/#breadcrumb\",\"itemListElement\":[{\"@type\":\"ListItem\",\"position\":1,\"name\":\"Strona g\u0142\u00f3wna\",\"item\":\"https:\/\/versatecsystems.com\/en\/\"},{\"@type\":\"ListItem\",\"position\":2,\"name\":\"Products\",\"item\":\"https:\/\/versatecsystems.com\/en\/products\/\"},{\"@type\":\"ListItem\",\"position\":3,\"name\":\"Optical Speed Gate B302C\"}]},{\"@type\":\"WebSite\",\"@id\":\"https:\/\/versatecsystems.com\/#website\",\"url\":\"https:\/\/versatecsystems.com\/\",\"name\":\"Versatec Systems\",\"description\":\"Wyposa\u017cenie obiekt\u00f3w publicznych i przemys\u0142owych o potwierdzonej skuteczno\u015bci. Do\u015bwiadczony zesp\u00f3\u0142. Sprawdzone systemy. Efektywno\u015b\u0107 i niezawodno\u015b\u0107. Rozwi\u0105zania do zarz\u0105dzania ruchem ludzi, kontroli dost\u0119pu oraz organizacji przestrzeni w wymagaj\u0105cych \u015brodowiskach. Projektowane z my\u015bl\u0105 o lotniskach, dworcach kolejowych, budynkach u\u017cyteczno\u015bci publicznej, obiektach przemys\u0142owych oraz przestrzeniach zewn\u0119trznych.  Celem jest dostarczanie rozwi\u0105za\u0144, kt\u00f3re wspieraj\u0105 sprawne funkcjonowanie obiekt\u00f3w poprzez lepsz\u0105 organizacj\u0119, podniesienie poziomu bezpiecze\u0144stwa oraz wymierne korzy\u015bci operacyjne.\",\"publisher\":{\"@id\":\"https:\/\/versatecsystems.com\/#organization\"},\"alternateName\":\"Versatec\",\"potentialAction\":[{\"@type\":\"SearchAction\",\"target\":{\"@type\":\"EntryPoint\",\"urlTemplate\":\"https:\/\/versatecsystems.com\/?s={search_term_string}\"},\"query-input\":{\"@type\":\"PropertyValueSpecification\",\"valueRequired\":true,\"valueName\":\"search_term_string\"}}],\"inLanguage\":\"en-US\"},{\"@type\":\"Organization\",\"@id\":\"https:\/\/versatecsystems.com\/#organization\",\"name\":\"Versatec Systems\",\"alternateName\":\"Versatec\",\"url\":\"https:\/\/versatecsystems.com\/\",\"logo\":{\"@type\":\"ImageObject\",\"inLanguage\":\"en-US\",\"@id\":\"https:\/\/versatecsystems.com\/#\/schema\/logo\/image\/\",\"url\":\"https:\/\/versatecsystems.com\/wp-content\/uploads\/2026\/01\/just-v-scaled.png\",\"contentUrl\":\"https:\/\/versatecsystems.com\/wp-content\/uploads\/2026\/01\/just-v-scaled.png\",\"width\":2560,\"height\":853,\"caption\":\"Versatec Systems\"},\"image\":{\"@id\":\"https:\/\/versatecsystems.com\/#\/schema\/logo\/image\/\"}}]}<\/script>\n<!-- \/ Yoast SEO plugin. -->","yoast_head_json":{"title":"Optical Speed Gate B302C - Versatec","robots":{"index":"index","follow":"follow","max-snippet":"max-snippet:-1","max-image-preview":"max-image-preview:large","max-video-preview":"max-video-preview:-1"},"canonical":"https:\/\/versatecsystems.com\/en\/produkt\/optical-speed-gate-b302c\/","og_locale":"en_US","og_type":"article","og_title":"Optical Speed Gate B302C - Versatec","og_description":"Solidna i niezawodna konstrukcja zapewniaj\u0105ca niski poziom ha\u0142asu, p\u0142ynn\u0105 prac\u0119 oraz d\u0142ug\u0105 \u017cywotno\u015b\u0107. Wyposa\u017cona w funkcje zabezpieczaj\u0105ce, takie jak anti-tailgating oraz blokada przej\u015bcia wstecznego (anti-reverse pass). Mo\u017cliwo\u015b\u0107 konfiguracji pracy kart dost\u0119powych w trybie z pami\u0119ci\u0105 lub bez pami\u0119ci. Funkcja automatycznego resetu \u2013 po uzyskaniu autoryzacji przej\u015bcia bramka automatycznie powraca do stanu zablokowanego, je\u017celi u\u017cytkownik nie przejdzie przez ni\u0105 w ustawionym czasie.","og_url":"https:\/\/versatecsystems.com\/en\/produkt\/optical-speed-gate-b302c\/","og_site_name":"Versatec","article_modified_time":"2026-02-15T22:30:30+00:00","og_image":[{"width":2560,"height":1440,"url":"https:\/\/versatecsystems.com\/wp-content\/uploads\/2025\/12\/B302C-4-scaled-e1773564866108.png","type":"image\/png"}],"twitter_card":"summary_large_image","schema":{"@context":"https:\/\/schema.org","@graph":[{"@type":"WebPage","@id":"https:\/\/versatecsystems.com\/en\/produkt\/optical-speed-gate-b302c\/","url":"https:\/\/versatecsystems.com\/en\/produkt\/optical-speed-gate-b302c\/","name":"Optical Speed Gate B302C - Versatec","isPartOf":{"@id":"https:\/\/versatecsystems.com\/#website"},"primaryImageOfPage":{"@id":"https:\/\/versatecsystems.com\/en\/produkt\/optical-speed-gate-b302c\/#primaryimage"},"image":{"@id":"https:\/\/versatecsystems.com\/en\/produkt\/optical-speed-gate-b302c\/#primaryimage"},"thumbnailUrl":"https:\/\/versatecsystems.com\/wp-content\/uploads\/2025\/12\/B302C-4-scaled-e1773564866108.png","datePublished":"2025-12-23T17:22:07+00:00","dateModified":"2026-02-15T22:30:30+00:00","breadcrumb":{"@id":"https:\/\/versatecsystems.com\/en\/produkt\/optical-speed-gate-b302c\/#breadcrumb"},"inLanguage":"en-US","potentialAction":[{"@type":"ReadAction","target":["https:\/\/versatecsystems.com\/en\/produkt\/optical-speed-gate-b302c\/"]}]},{"@type":"ImageObject","inLanguage":"en-US","@id":"https:\/\/versatecsystems.com\/en\/produkt\/optical-speed-gate-b302c\/#primaryimage","url":"https:\/\/versatecsystems.com\/wp-content\/uploads\/2025\/12\/B302C-4-scaled-e1773564866108.png","contentUrl":"https:\/\/versatecsystems.com\/wp-content\/uploads\/2025\/12\/B302C-4-scaled-e1773564866108.png","width":2560,"height":1440},{"@type":"BreadcrumbList","@id":"https:\/\/versatecsystems.com\/en\/produkt\/optical-speed-gate-b302c\/#breadcrumb","itemListElement":[{"@type":"ListItem","position":1,"name":"Strona g\u0142\u00f3wna","item":"https:\/\/versatecsystems.com\/en\/"},{"@type":"ListItem","position":2,"name":"Products","item":"https:\/\/versatecsystems.com\/en\/products\/"},{"@type":"ListItem","position":3,"name":"Optical Speed Gate B302C"}]},{"@type":"WebSite","@id":"https:\/\/versatecsystems.com\/#website","url":"https:\/\/versatecsystems.com\/","name":"Versatec Systems","description":"Wyposa\u017cenie obiekt\u00f3w publicznych i przemys\u0142owych o potwierdzonej skuteczno\u015bci. Do\u015bwiadczony zesp\u00f3\u0142. Sprawdzone systemy. Efektywno\u015b\u0107 i niezawodno\u015b\u0107. Rozwi\u0105zania do zarz\u0105dzania ruchem ludzi, kontroli dost\u0119pu oraz organizacji przestrzeni w wymagaj\u0105cych \u015brodowiskach. Projektowane z my\u015bl\u0105 o lotniskach, dworcach kolejowych, budynkach u\u017cyteczno\u015bci publicznej, obiektach przemys\u0142owych oraz przestrzeniach zewn\u0119trznych.  Celem jest dostarczanie rozwi\u0105za\u0144, kt\u00f3re wspieraj\u0105 sprawne funkcjonowanie obiekt\u00f3w poprzez lepsz\u0105 organizacj\u0119, podniesienie poziomu bezpiecze\u0144stwa oraz wymierne korzy\u015bci operacyjne.","publisher":{"@id":"https:\/\/versatecsystems.com\/#organization"},"alternateName":"Versatec","potentialAction":[{"@type":"SearchAction","target":{"@type":"EntryPoint","urlTemplate":"https:\/\/versatecsystems.com\/?s={search_term_string}"},"query-input":{"@type":"PropertyValueSpecification","valueRequired":true,"valueName":"search_term_string"}}],"inLanguage":"en-US"},{"@type":"Organization","@id":"https:\/\/versatecsystems.com\/#organization","name":"Versatec Systems","alternateName":"Versatec","url":"https:\/\/versatecsystems.com\/","logo":{"@type":"ImageObject","inLanguage":"en-US","@id":"https:\/\/versatecsystems.com\/#\/schema\/logo\/image\/","url":"https:\/\/versatecsystems.com\/wp-content\/uploads\/2026\/01\/just-v-scaled.png","contentUrl":"https:\/\/versatecsystems.com\/wp-content\/uploads\/2026\/01\/just-v-scaled.png","width":2560,"height":853,"caption":"Versatec Systems"},"image":{"@id":"https:\/\/versatecsystems.com\/#\/schema\/logo\/image\/"}}]}},"_links":{"self":[{"href":"https:\/\/versatecsystems.com\/en\/wp-json\/wp\/v2\/product\/5140","targetHints":{"allow":["GET"]}}],"collection":[{"href":"https:\/\/versatecsystems.com\/en\/wp-json\/wp\/v2\/product"}],"about":[{"href":"https:\/\/versatecsystems.com\/en\/wp-json\/wp\/v2\/types\/product"}],"wp:featuredmedia":[{"embeddable":true,"href":"https:\/\/versatecsystems.com\/en\/wp-json\/wp\/v2\/media\/5142"}],"wp:attachment":[{"href":"https:\/\/versatecsystems.com\/en\/wp-json\/wp\/v2\/media?parent=5140"}],"wp:term":[{"taxonomy":"product_brand","embeddable":true,"href":"https:\/\/versatecsystems.com\/en\/wp-json\/wp\/v2\/product_brand?post=5140"},{"taxonomy":"product_cat","embeddable":true,"href":"https:\/\/versatecsystems.com\/en\/wp-json\/wp\/v2\/product_cat?post=5140"},{"taxonomy":"product_tag","embeddable":true,"href":"https:\/\/versatecsystems.com\/en\/wp-json\/wp\/v2\/product_tag?post=5140"},{"taxonomy":"branches","embeddable":true,"href":"https:\/\/versatecsystems.com\/en\/wp-json\/wp\/v2\/branches?post=5140"}],"curies":[{"name":"wp","href":"https:\/\/api.w.org\/{rel}","templated":true}]}}