{"id":5137,"date":"2026-01-02T13:57:52","date_gmt":"2026-01-02T13:57:52","guid":{"rendered":"https:\/\/versatecsystems.com\/produkt\/bramka-obrotowa-niska-tripodowa-mostkowa-k149\/"},"modified":"2026-02-03T16:19:24","modified_gmt":"2026-02-03T16:19:24","slug":"bramka-obrotowa-niska-tripodowa-mostkowa-k149","status":"publish","type":"product","link":"https:\/\/versatecsystems.com\/en\/produkt\/bramka-obrotowa-niska-tripodowa-mostkowa-k149\/","title":{"rendered":"Bramka obrotowa niska tripodowa &#8211; mostkowa K149"},"content":{"rendered":"<ul>\n<li>Solidna i niezawodna konstrukcja zapewniaj\u0105ca niski poziom ha\u0142asu, p\u0142ynn\u0105 prac\u0119 oraz d\u0142ug\u0105 \u017cywotno\u015b\u0107 urz\u0105dzenia.<\/li>\n<li>Wyposa\u017cona w funkcj\u0119 opuszczania ramienia w przypadku zaniku zasilania; mo\u017cliwe jest r\u00f3wnie\u017c sterowanie opuszczaniem ramienia za pomoc\u0105 pilota.<\/li>\n<li>Wska\u017aniki LED: poprawna autoryzacja sygnalizowana kolorem zielonym, pr\u00f3ba nieuprawniona \u2013 kolorem czerwonym.<\/li>\n<li>Mo\u017cliwo\u015b\u0107 ustawienia trybu czytnika kart: \u201ez pami\u0119ci\u0105\u201d lub \u201ebez pami\u0119ci\u201d.<\/li>\n<li>Funkcja automatycznego resetu \u2013 po przyznaniu dost\u0119pu bramka powraca do stanu zablokowania, je\u015bli u\u017cytkownik nie przejdzie w okre\u015blonym czasie.<\/li>\n<li>Kompatybilna z kartami IC, ID, skanerami kod\u00f3w oraz systemami rozpoznawania twarzy.<\/li>\n<li>Standardowy, zunifikowany interfejs elektryczny u\u0142atwiaj\u0105cy integracj\u0119 z systemami zewn\u0119trznymi.<\/li>\n<li>Mo\u017cliwo\u015b\u0107 rozbudowy o funkcje kontroli dost\u0119pu, rejestracji czasu pracy, system\u00f3w op\u0142at i inne.<\/li>\n<li>Mo\u017cliwo\u015b\u0107 pe\u0142nej pracy na zewn\u0105trz; jedno urz\u0105dzenie mo\u017ce stanowi\u0107 samodzielny pas przej\u015bcia.<\/li>\n<\/ul>\n","protected":false},"excerpt":{"rendered":"<p>Solidna i niezawodna konstrukcja zapewniaj\u0105ca niski poziom ha\u0142asu, p\u0142ynn\u0105 prac\u0119 oraz d\u0142ug\u0105 \u017cywotno\u015b\u0107. Urz\u0105dzenie wyposa\u017cone jest w funkcje zabezpieczaj\u0105ce, w tym ochron\u0119 przed przej\u015bciem nieuprawnionym (anti-tailgating) oraz blokad\u0119 przej\u015bcia wstecznego (anti-reverse pass). Mo\u017cliwo\u015b\u0107 konfiguracji pracy kart dost\u0119powych w trybie z pami\u0119ci\u0105 lub bez pami\u0119ci. Zastosowano r\u00f3wnie\u017c funkcj\u0119 automatycznego resetu \u2013 po uzyskaniu autoryzacji przej\u015bcia bramka automatycznie powraca do stanu zablokowanego, je\u017celi u\u017cytkownik nie przejdzie przez ni\u0105 w ustawionym czasie.<\/p>\n","protected":false},"featured_media":5139,"template":"","meta":[],"product_brand":[],"product_cat":[356,358],"product_tag":[],"branches":[448,445,452,446,449,443,444,450,451,454,453,447],"class_list":{"0":"post-5137","1":"product","2":"type-product","3":"status-publish","4":"has-post-thumbnail","6":"product_cat-access-control-entrance-gates","7":"product_cat-turnstiles-full-height-turnstiles-and-tripods","8":"branches-airports","9":"branches-education","10":"branches-healthcare","11":"branches-hospitality-and-gastronomy","12":"branches-industry","13":"branches-office-buildings","14":"branches-public-facilities","15":"branches-shops-and-shopping-centers","16":"branches-sport-and-events","17":"branches-tourism-and-entertainment","18":"branches-transport","19":"branches-warehouses","22":"instock","23":"shipping-taxable","24":"purchasable","25":"product-type-simple","26":"product-grid-view"},"yoast_head":"<!-- This site is optimized with the Yoast SEO plugin v27.0 - https:\/\/yoast.com\/product\/yoast-seo-wordpress\/ -->\n<title>Bramka obrotowa niska tripodowa - mostkowa K149 - Versatec<\/title>\n<meta name=\"robots\" content=\"index, follow, max-snippet:-1, max-image-preview:large, max-video-preview:-1\" \/>\n<link rel=\"canonical\" href=\"https:\/\/versatecsystems.com\/en\/produkt\/bramka-obrotowa-niska-tripodowa-mostkowa-k149\/\" \/>\n<meta property=\"og:locale\" content=\"en_US\" \/>\n<meta property=\"og:type\" content=\"article\" \/>\n<meta property=\"og:title\" content=\"Bramka obrotowa niska tripodowa - mostkowa K149 - Versatec\" \/>\n<meta property=\"og:description\" content=\"Solidna i niezawodna konstrukcja zapewniaj\u0105ca niski poziom ha\u0142asu, p\u0142ynn\u0105 prac\u0119 oraz d\u0142ug\u0105 \u017cywotno\u015b\u0107. Urz\u0105dzenie wyposa\u017cone jest w funkcje zabezpieczaj\u0105ce, w tym ochron\u0119 przed przej\u015bciem nieuprawnionym (anti-tailgating) oraz blokad\u0119 przej\u015bcia wstecznego (anti-reverse pass). Mo\u017cliwo\u015b\u0107 konfiguracji pracy kart dost\u0119powych w trybie z pami\u0119ci\u0105 lub bez pami\u0119ci. Zastosowano r\u00f3wnie\u017c funkcj\u0119 automatycznego resetu \u2013 po uzyskaniu autoryzacji przej\u015bcia bramka automatycznie powraca do stanu zablokowanego, je\u017celi u\u017cytkownik nie przejdzie przez ni\u0105 w ustawionym czasie.\" \/>\n<meta property=\"og:url\" content=\"https:\/\/versatecsystems.com\/en\/produkt\/bramka-obrotowa-niska-tripodowa-mostkowa-k149\/\" \/>\n<meta property=\"og:site_name\" content=\"Versatec\" \/>\n<meta property=\"article:modified_time\" content=\"2026-02-03T16:19:24+00:00\" \/>\n<meta property=\"og:image\" content=\"https:\/\/versatecsystems.com\/wp-content\/uploads\/2026\/01\/K149-4-scaled.png\" \/>\n\t<meta property=\"og:image:width\" content=\"2560\" \/>\n\t<meta property=\"og:image:height\" content=\"1440\" \/>\n\t<meta property=\"og:image:type\" content=\"image\/png\" \/>\n<meta name=\"twitter:card\" content=\"summary_large_image\" \/>\n<meta name=\"twitter:label1\" content=\"Est. reading time\" \/>\n\t<meta name=\"twitter:data1\" content=\"1 minute\" \/>\n<script type=\"application\/ld+json\" class=\"yoast-schema-graph\">{\"@context\":\"https:\/\/schema.org\",\"@graph\":[{\"@type\":\"WebPage\",\"@id\":\"https:\/\/versatecsystems.com\/en\/produkt\/bramka-obrotowa-niska-tripodowa-mostkowa-k149\/\",\"url\":\"https:\/\/versatecsystems.com\/en\/produkt\/bramka-obrotowa-niska-tripodowa-mostkowa-k149\/\",\"name\":\"Bramka obrotowa niska tripodowa - mostkowa K149 - Versatec\",\"isPartOf\":{\"@id\":\"https:\/\/versatecsystems.com\/#website\"},\"primaryImageOfPage\":{\"@id\":\"https:\/\/versatecsystems.com\/en\/produkt\/bramka-obrotowa-niska-tripodowa-mostkowa-k149\/#primaryimage\"},\"image\":{\"@id\":\"https:\/\/versatecsystems.com\/en\/produkt\/bramka-obrotowa-niska-tripodowa-mostkowa-k149\/#primaryimage\"},\"thumbnailUrl\":\"https:\/\/versatecsystems.com\/wp-content\/uploads\/2026\/01\/K149-4-scaled.png\",\"datePublished\":\"2026-01-02T13:57:52+00:00\",\"dateModified\":\"2026-02-03T16:19:24+00:00\",\"breadcrumb\":{\"@id\":\"https:\/\/versatecsystems.com\/en\/produkt\/bramka-obrotowa-niska-tripodowa-mostkowa-k149\/#breadcrumb\"},\"inLanguage\":\"en-US\",\"potentialAction\":[{\"@type\":\"ReadAction\",\"target\":[\"https:\/\/versatecsystems.com\/en\/produkt\/bramka-obrotowa-niska-tripodowa-mostkowa-k149\/\"]}]},{\"@type\":\"ImageObject\",\"inLanguage\":\"en-US\",\"@id\":\"https:\/\/versatecsystems.com\/en\/produkt\/bramka-obrotowa-niska-tripodowa-mostkowa-k149\/#primaryimage\",\"url\":\"https:\/\/versatecsystems.com\/wp-content\/uploads\/2026\/01\/K149-4-scaled.png\",\"contentUrl\":\"https:\/\/versatecsystems.com\/wp-content\/uploads\/2026\/01\/K149-4-scaled.png\",\"width\":2560,\"height\":1440},{\"@type\":\"BreadcrumbList\",\"@id\":\"https:\/\/versatecsystems.com\/en\/produkt\/bramka-obrotowa-niska-tripodowa-mostkowa-k149\/#breadcrumb\",\"itemListElement\":[{\"@type\":\"ListItem\",\"position\":1,\"name\":\"Strona g\u0142\u00f3wna\",\"item\":\"https:\/\/versatecsystems.com\/en\/\"},{\"@type\":\"ListItem\",\"position\":2,\"name\":\"Products\",\"item\":\"https:\/\/versatecsystems.com\/en\/products\/\"},{\"@type\":\"ListItem\",\"position\":3,\"name\":\"Bramka obrotowa niska tripodowa &#8211; mostkowa K149\"}]},{\"@type\":\"WebSite\",\"@id\":\"https:\/\/versatecsystems.com\/#website\",\"url\":\"https:\/\/versatecsystems.com\/\",\"name\":\"Versatec Systems\",\"description\":\"Wyposa\u017cenie obiekt\u00f3w publicznych i przemys\u0142owych o potwierdzonej skuteczno\u015bci. Do\u015bwiadczony zesp\u00f3\u0142. Sprawdzone systemy. Efektywno\u015b\u0107 i niezawodno\u015b\u0107. Rozwi\u0105zania do zarz\u0105dzania ruchem ludzi, kontroli dost\u0119pu oraz organizacji przestrzeni w wymagaj\u0105cych \u015brodowiskach. Projektowane z my\u015bl\u0105 o lotniskach, dworcach kolejowych, budynkach u\u017cyteczno\u015bci publicznej, obiektach przemys\u0142owych oraz przestrzeniach zewn\u0119trznych.  Celem jest dostarczanie rozwi\u0105za\u0144, kt\u00f3re wspieraj\u0105 sprawne funkcjonowanie obiekt\u00f3w poprzez lepsz\u0105 organizacj\u0119, podniesienie poziomu bezpiecze\u0144stwa oraz wymierne korzy\u015bci operacyjne.\",\"publisher\":{\"@id\":\"https:\/\/versatecsystems.com\/#organization\"},\"alternateName\":\"Versatec\",\"potentialAction\":[{\"@type\":\"SearchAction\",\"target\":{\"@type\":\"EntryPoint\",\"urlTemplate\":\"https:\/\/versatecsystems.com\/?s={search_term_string}\"},\"query-input\":{\"@type\":\"PropertyValueSpecification\",\"valueRequired\":true,\"valueName\":\"search_term_string\"}}],\"inLanguage\":\"en-US\"},{\"@type\":\"Organization\",\"@id\":\"https:\/\/versatecsystems.com\/#organization\",\"name\":\"Versatec Systems\",\"alternateName\":\"Versatec\",\"url\":\"https:\/\/versatecsystems.com\/\",\"logo\":{\"@type\":\"ImageObject\",\"inLanguage\":\"en-US\",\"@id\":\"https:\/\/versatecsystems.com\/#\/schema\/logo\/image\/\",\"url\":\"https:\/\/versatecsystems.com\/wp-content\/uploads\/2026\/01\/just-v-scaled.png\",\"contentUrl\":\"https:\/\/versatecsystems.com\/wp-content\/uploads\/2026\/01\/just-v-scaled.png\",\"width\":2560,\"height\":853,\"caption\":\"Versatec Systems\"},\"image\":{\"@id\":\"https:\/\/versatecsystems.com\/#\/schema\/logo\/image\/\"}}]}<\/script>\n<!-- \/ Yoast SEO plugin. -->","yoast_head_json":{"title":"Bramka obrotowa niska tripodowa - mostkowa K149 - Versatec","robots":{"index":"index","follow":"follow","max-snippet":"max-snippet:-1","max-image-preview":"max-image-preview:large","max-video-preview":"max-video-preview:-1"},"canonical":"https:\/\/versatecsystems.com\/en\/produkt\/bramka-obrotowa-niska-tripodowa-mostkowa-k149\/","og_locale":"en_US","og_type":"article","og_title":"Bramka obrotowa niska tripodowa - mostkowa K149 - Versatec","og_description":"Solidna i niezawodna konstrukcja zapewniaj\u0105ca niski poziom ha\u0142asu, p\u0142ynn\u0105 prac\u0119 oraz d\u0142ug\u0105 \u017cywotno\u015b\u0107. Urz\u0105dzenie wyposa\u017cone jest w funkcje zabezpieczaj\u0105ce, w tym ochron\u0119 przed przej\u015bciem nieuprawnionym (anti-tailgating) oraz blokad\u0119 przej\u015bcia wstecznego (anti-reverse pass). Mo\u017cliwo\u015b\u0107 konfiguracji pracy kart dost\u0119powych w trybie z pami\u0119ci\u0105 lub bez pami\u0119ci. Zastosowano r\u00f3wnie\u017c funkcj\u0119 automatycznego resetu \u2013 po uzyskaniu autoryzacji przej\u015bcia bramka automatycznie powraca do stanu zablokowanego, je\u017celi u\u017cytkownik nie przejdzie przez ni\u0105 w ustawionym czasie.","og_url":"https:\/\/versatecsystems.com\/en\/produkt\/bramka-obrotowa-niska-tripodowa-mostkowa-k149\/","og_site_name":"Versatec","article_modified_time":"2026-02-03T16:19:24+00:00","og_image":[{"width":2560,"height":1440,"url":"https:\/\/versatecsystems.com\/wp-content\/uploads\/2026\/01\/K149-4-scaled.png","type":"image\/png"}],"twitter_card":"summary_large_image","twitter_misc":{"Est. reading time":"1 minute"},"schema":{"@context":"https:\/\/schema.org","@graph":[{"@type":"WebPage","@id":"https:\/\/versatecsystems.com\/en\/produkt\/bramka-obrotowa-niska-tripodowa-mostkowa-k149\/","url":"https:\/\/versatecsystems.com\/en\/produkt\/bramka-obrotowa-niska-tripodowa-mostkowa-k149\/","name":"Bramka obrotowa niska tripodowa - mostkowa K149 - Versatec","isPartOf":{"@id":"https:\/\/versatecsystems.com\/#website"},"primaryImageOfPage":{"@id":"https:\/\/versatecsystems.com\/en\/produkt\/bramka-obrotowa-niska-tripodowa-mostkowa-k149\/#primaryimage"},"image":{"@id":"https:\/\/versatecsystems.com\/en\/produkt\/bramka-obrotowa-niska-tripodowa-mostkowa-k149\/#primaryimage"},"thumbnailUrl":"https:\/\/versatecsystems.com\/wp-content\/uploads\/2026\/01\/K149-4-scaled.png","datePublished":"2026-01-02T13:57:52+00:00","dateModified":"2026-02-03T16:19:24+00:00","breadcrumb":{"@id":"https:\/\/versatecsystems.com\/en\/produkt\/bramka-obrotowa-niska-tripodowa-mostkowa-k149\/#breadcrumb"},"inLanguage":"en-US","potentialAction":[{"@type":"ReadAction","target":["https:\/\/versatecsystems.com\/en\/produkt\/bramka-obrotowa-niska-tripodowa-mostkowa-k149\/"]}]},{"@type":"ImageObject","inLanguage":"en-US","@id":"https:\/\/versatecsystems.com\/en\/produkt\/bramka-obrotowa-niska-tripodowa-mostkowa-k149\/#primaryimage","url":"https:\/\/versatecsystems.com\/wp-content\/uploads\/2026\/01\/K149-4-scaled.png","contentUrl":"https:\/\/versatecsystems.com\/wp-content\/uploads\/2026\/01\/K149-4-scaled.png","width":2560,"height":1440},{"@type":"BreadcrumbList","@id":"https:\/\/versatecsystems.com\/en\/produkt\/bramka-obrotowa-niska-tripodowa-mostkowa-k149\/#breadcrumb","itemListElement":[{"@type":"ListItem","position":1,"name":"Strona g\u0142\u00f3wna","item":"https:\/\/versatecsystems.com\/en\/"},{"@type":"ListItem","position":2,"name":"Products","item":"https:\/\/versatecsystems.com\/en\/products\/"},{"@type":"ListItem","position":3,"name":"Bramka obrotowa niska tripodowa &#8211; mostkowa K149"}]},{"@type":"WebSite","@id":"https:\/\/versatecsystems.com\/#website","url":"https:\/\/versatecsystems.com\/","name":"Versatec Systems","description":"Wyposa\u017cenie obiekt\u00f3w publicznych i przemys\u0142owych o potwierdzonej skuteczno\u015bci. Do\u015bwiadczony zesp\u00f3\u0142. Sprawdzone systemy. Efektywno\u015b\u0107 i niezawodno\u015b\u0107. Rozwi\u0105zania do zarz\u0105dzania ruchem ludzi, kontroli dost\u0119pu oraz organizacji przestrzeni w wymagaj\u0105cych \u015brodowiskach. Projektowane z my\u015bl\u0105 o lotniskach, dworcach kolejowych, budynkach u\u017cyteczno\u015bci publicznej, obiektach przemys\u0142owych oraz przestrzeniach zewn\u0119trznych.  Celem jest dostarczanie rozwi\u0105za\u0144, kt\u00f3re wspieraj\u0105 sprawne funkcjonowanie obiekt\u00f3w poprzez lepsz\u0105 organizacj\u0119, podniesienie poziomu bezpiecze\u0144stwa oraz wymierne korzy\u015bci operacyjne.","publisher":{"@id":"https:\/\/versatecsystems.com\/#organization"},"alternateName":"Versatec","potentialAction":[{"@type":"SearchAction","target":{"@type":"EntryPoint","urlTemplate":"https:\/\/versatecsystems.com\/?s={search_term_string}"},"query-input":{"@type":"PropertyValueSpecification","valueRequired":true,"valueName":"search_term_string"}}],"inLanguage":"en-US"},{"@type":"Organization","@id":"https:\/\/versatecsystems.com\/#organization","name":"Versatec Systems","alternateName":"Versatec","url":"https:\/\/versatecsystems.com\/","logo":{"@type":"ImageObject","inLanguage":"en-US","@id":"https:\/\/versatecsystems.com\/#\/schema\/logo\/image\/","url":"https:\/\/versatecsystems.com\/wp-content\/uploads\/2026\/01\/just-v-scaled.png","contentUrl":"https:\/\/versatecsystems.com\/wp-content\/uploads\/2026\/01\/just-v-scaled.png","width":2560,"height":853,"caption":"Versatec Systems"},"image":{"@id":"https:\/\/versatecsystems.com\/#\/schema\/logo\/image\/"}}]}},"_links":{"self":[{"href":"https:\/\/versatecsystems.com\/en\/wp-json\/wp\/v2\/product\/5137","targetHints":{"allow":["GET"]}}],"collection":[{"href":"https:\/\/versatecsystems.com\/en\/wp-json\/wp\/v2\/product"}],"about":[{"href":"https:\/\/versatecsystems.com\/en\/wp-json\/wp\/v2\/types\/product"}],"wp:featuredmedia":[{"embeddable":true,"href":"https:\/\/versatecsystems.com\/en\/wp-json\/wp\/v2\/media\/5139"}],"wp:attachment":[{"href":"https:\/\/versatecsystems.com\/en\/wp-json\/wp\/v2\/media?parent=5137"}],"wp:term":[{"taxonomy":"product_brand","embeddable":true,"href":"https:\/\/versatecsystems.com\/en\/wp-json\/wp\/v2\/product_brand?post=5137"},{"taxonomy":"product_cat","embeddable":true,"href":"https:\/\/versatecsystems.com\/en\/wp-json\/wp\/v2\/product_cat?post=5137"},{"taxonomy":"product_tag","embeddable":true,"href":"https:\/\/versatecsystems.com\/en\/wp-json\/wp\/v2\/product_tag?post=5137"},{"taxonomy":"branches","embeddable":true,"href":"https:\/\/versatecsystems.com\/en\/wp-json\/wp\/v2\/branches?post=5137"}],"curies":[{"name":"wp","href":"https:\/\/api.w.org\/{rel}","templated":true}]}}