{"id":5128,"date":"2026-01-04T11:57:32","date_gmt":"2026-01-04T11:57:32","guid":{"rendered":"https:\/\/versatecsystems.com\/produkt\/kaseta-scienna-z-tasma-flow-wall-5-0\/"},"modified":"2026-02-03T15:03:41","modified_gmt":"2026-02-03T15:03:41","slug":"wall-unit-with-5-m-belt-versatec-flow-wall-5-0","status":"publish","type":"product","link":"https:\/\/versatecsystems.com\/en\/produkt\/wall-unit-with-5-m-belt-versatec-flow-wall-5-0\/","title":{"rendered":"Wall Unit with 5 m Belt Versatec FLOW Wall 5.0"},"content":{"rendered":"<p><span lang=\"de-DE\">The Versatec FLOW Wall 5.0 wall unit with belt has been designed for use in commercial buildings, airports, public facilities as well as industrial environments such as production facilities, warehouses and logistics centres. It is commonly used to separate passages between warehouse racking, mark pedestrian walkways and secure work areas in accordance with applicable occupational health and safety regulations.<\/span><\/p>\n<p><span lang=\"de-DE\">Wall mounting enables efficient use of the available space while allowing fast and flexible access and area management. The wall unit is equipped as standard with a patented braking system that ensures controlled belt retraction and automatic locking of the belt end, increasing safety during daily operation.<\/span><\/p>\n<p><span lang=\"de-DE\">A wide range of belt lengths, colours and end fittings allows the system to be customised to specific operational and safety requirements.<\/span><\/p>\n<p><span lang=\"de-DE\">Key features:<\/span><\/p>\n<ul>\n<li><span lang=\"de-DE\">Wall mounting via screw fixing<\/span><\/li>\n<li><span lang=\"de-DE\">Alternative mounting options available: magnetic, mobile, self-adhesive, clamp fixing<\/span><\/li>\n<li><span lang=\"de-DE\">Different belt end options: standard, magnetic, panic release, loop belt end with wire clip<\/span><\/li>\n<li><span lang=\"de-DE\">High-quality retraction mechanism for optimal belt tension<\/span><\/li>\n<li><span lang=\"de-DE\">Patented braking system for controlled and safe belt retraction<\/span><\/li>\n<li><span lang=\"de-DE\">Wide range of standard belt colours available<\/span><\/li>\n<li><span lang=\"de-DE\">Custom belt colour production according to the Pantone\u00ae colour system<\/span><\/li>\n<li><span lang=\"de-DE\">Individual full-colour digital printing on the belt \u2013 e.g. logos or information<\/span><\/li>\n<li><span lang=\"de-DE\">Wall unit including metal wall receiver for securing the belt end<\/span><\/li>\n<\/ul>\n<p><span lang=\"de-DE\">Technical data:<\/span><\/p>\n<ul>\n<li><span lang=\"de-DE\">Material: housing \u2013 plastic, receiver \u2013 metal<\/span><\/li>\n<li><span lang=\"de-DE\">Housing colours: yellow\/black, red\/black, black<\/span><\/li>\n<li><span lang=\"de-DE\">Belt colours: yellow\/black, red\/white as well as other standard or custom colours<\/span><\/li>\n<li><span lang=\"de-DE\">Dimensions: 145 \u00d7 95 \u00d7 90 mm (H \u00d7 W \u00d7 D)<\/span><\/li>\n<li><span lang=\"de-DE\">Belt length: 5 m<\/span><\/li>\n<li><span lang=\"de-DE\">Belt width: 50 mm \u00b12 mm<\/span><\/li>\n<li><span lang=\"de-DE\">Net weight: approx. 0.5 kg<\/span><\/li>\n<\/ul>\n","protected":false},"excerpt":{"rendered":"<p>Wall unit with a self-retracting belt offers a space-saving and flexible solution for the temporary separation of safety areas as well as for structuring access and work zones. Ideal for fast and efficient use in areas where floor space must remain free.<\/p>\n","protected":false},"featured_media":5130,"template":"","meta":[],"product_brand":[],"product_cat":[385,379,383,381],"product_tag":[],"branches":[448,445,452,446,449,443,444,450,451,454,453,447],"class_list":{"0":"post-5128","1":"product","2":"type-product","3":"status-publish","4":"has-post-thumbnail","6":"product_cat-aviation-and-public-transport","7":"product_cat-barrier-and-queuing-systems","8":"product_cat-hs-barrier-systems","9":"product_cat-wall-mounted-and-magnetic-belt-cassettes","10":"branches-airports","11":"branches-education","12":"branches-healthcare","13":"branches-hospitality-and-gastronomy","14":"branches-industry","15":"branches-office-buildings","16":"branches-public-facilities","17":"branches-shops-and-shopping-centers","18":"branches-sport-and-events","19":"branches-tourism-and-entertainment","20":"branches-transport","21":"branches-warehouses","24":"instock","25":"shipping-taxable","26":"purchasable","27":"product-type-variable","28":"has-default-attributes","29":"product-grid-view"},"yoast_head":"<!-- This site is optimized with the Yoast SEO plugin v27.0 - https:\/\/yoast.com\/product\/yoast-seo-wordpress\/ -->\n<title>Wall Unit with 5 m Belt Versatec FLOW Wall 5.0 - Versatec<\/title>\n<meta name=\"robots\" content=\"index, follow, max-snippet:-1, max-image-preview:large, max-video-preview:-1\" \/>\n<link rel=\"canonical\" href=\"https:\/\/versatecsystems.com\/en\/produkt\/wall-unit-with-5-m-belt-versatec-flow-wall-5-0\/\" \/>\n<meta property=\"og:locale\" content=\"en_US\" \/>\n<meta property=\"og:type\" content=\"article\" \/>\n<meta property=\"og:title\" content=\"Wall Unit with 5 m Belt Versatec FLOW Wall 5.0 - Versatec\" \/>\n<meta property=\"og:description\" content=\"Wall unit with a self-retracting belt offers a space-saving and flexible solution for the temporary separation of safety areas as well as for structuring access and work zones. Ideal for fast and efficient use in areas where floor space must remain free.\" \/>\n<meta property=\"og:url\" content=\"https:\/\/versatecsystems.com\/en\/produkt\/wall-unit-with-5-m-belt-versatec-flow-wall-5-0\/\" \/>\n<meta property=\"og:site_name\" content=\"Versatec\" \/>\n<meta property=\"article:modified_time\" content=\"2026-02-03T15:03:41+00:00\" \/>\n<meta property=\"og:image\" content=\"https:\/\/versatecsystems.com\/wp-content\/uploads\/2026\/01\/WU-P-5-B-1.png\" \/>\n\t<meta property=\"og:image:width\" content=\"800\" \/>\n\t<meta property=\"og:image:height\" content=\"800\" \/>\n\t<meta property=\"og:image:type\" content=\"image\/png\" \/>\n<meta name=\"twitter:card\" content=\"summary_large_image\" \/>\n<meta name=\"twitter:label1\" content=\"Est. reading time\" \/>\n\t<meta name=\"twitter:data1\" content=\"1 minute\" \/>\n<script type=\"application\/ld+json\" class=\"yoast-schema-graph\">{\"@context\":\"https:\/\/schema.org\",\"@graph\":[{\"@type\":\"WebPage\",\"@id\":\"https:\/\/versatecsystems.com\/en\/produkt\/wall-unit-with-5-m-belt-versatec-flow-wall-5-0\/\",\"url\":\"https:\/\/versatecsystems.com\/en\/produkt\/wall-unit-with-5-m-belt-versatec-flow-wall-5-0\/\",\"name\":\"Wall Unit with 5 m Belt Versatec FLOW Wall 5.0 - Versatec\",\"isPartOf\":{\"@id\":\"https:\/\/versatecsystems.com\/#website\"},\"primaryImageOfPage\":{\"@id\":\"https:\/\/versatecsystems.com\/en\/produkt\/wall-unit-with-5-m-belt-versatec-flow-wall-5-0\/#primaryimage\"},\"image\":{\"@id\":\"https:\/\/versatecsystems.com\/en\/produkt\/wall-unit-with-5-m-belt-versatec-flow-wall-5-0\/#primaryimage\"},\"thumbnailUrl\":\"https:\/\/versatecsystems.com\/wp-content\/uploads\/2026\/01\/WU-P-5-B-1.png\",\"datePublished\":\"2026-01-04T11:57:32+00:00\",\"dateModified\":\"2026-02-03T15:03:41+00:00\",\"breadcrumb\":{\"@id\":\"https:\/\/versatecsystems.com\/en\/produkt\/wall-unit-with-5-m-belt-versatec-flow-wall-5-0\/#breadcrumb\"},\"inLanguage\":\"en-US\",\"potentialAction\":[{\"@type\":\"ReadAction\",\"target\":[\"https:\/\/versatecsystems.com\/en\/produkt\/wall-unit-with-5-m-belt-versatec-flow-wall-5-0\/\"]}]},{\"@type\":\"ImageObject\",\"inLanguage\":\"en-US\",\"@id\":\"https:\/\/versatecsystems.com\/en\/produkt\/wall-unit-with-5-m-belt-versatec-flow-wall-5-0\/#primaryimage\",\"url\":\"https:\/\/versatecsystems.com\/wp-content\/uploads\/2026\/01\/WU-P-5-B-1.png\",\"contentUrl\":\"https:\/\/versatecsystems.com\/wp-content\/uploads\/2026\/01\/WU-P-5-B-1.png\",\"width\":800,\"height\":800},{\"@type\":\"BreadcrumbList\",\"@id\":\"https:\/\/versatecsystems.com\/en\/produkt\/wall-unit-with-5-m-belt-versatec-flow-wall-5-0\/#breadcrumb\",\"itemListElement\":[{\"@type\":\"ListItem\",\"position\":1,\"name\":\"Strona g\u0142\u00f3wna\",\"item\":\"https:\/\/versatecsystems.com\/en\/\"},{\"@type\":\"ListItem\",\"position\":2,\"name\":\"Products\",\"item\":\"https:\/\/versatecsystems.com\/en\/products\/\"},{\"@type\":\"ListItem\",\"position\":3,\"name\":\"Wall Unit with 5 m Belt Versatec FLOW Wall 5.0\"}]},{\"@type\":\"WebSite\",\"@id\":\"https:\/\/versatecsystems.com\/#website\",\"url\":\"https:\/\/versatecsystems.com\/\",\"name\":\"Versatec Systems\",\"description\":\"Wyposa\u017cenie obiekt\u00f3w publicznych i przemys\u0142owych o potwierdzonej skuteczno\u015bci. Do\u015bwiadczony zesp\u00f3\u0142. Sprawdzone systemy. Efektywno\u015b\u0107 i niezawodno\u015b\u0107. Rozwi\u0105zania do zarz\u0105dzania ruchem ludzi, kontroli dost\u0119pu oraz organizacji przestrzeni w wymagaj\u0105cych \u015brodowiskach. Projektowane z my\u015bl\u0105 o lotniskach, dworcach kolejowych, budynkach u\u017cyteczno\u015bci publicznej, obiektach przemys\u0142owych oraz przestrzeniach zewn\u0119trznych.  Celem jest dostarczanie rozwi\u0105za\u0144, kt\u00f3re wspieraj\u0105 sprawne funkcjonowanie obiekt\u00f3w poprzez lepsz\u0105 organizacj\u0119, podniesienie poziomu bezpiecze\u0144stwa oraz wymierne korzy\u015bci operacyjne.\",\"publisher\":{\"@id\":\"https:\/\/versatecsystems.com\/#organization\"},\"alternateName\":\"Versatec\",\"potentialAction\":[{\"@type\":\"SearchAction\",\"target\":{\"@type\":\"EntryPoint\",\"urlTemplate\":\"https:\/\/versatecsystems.com\/?s={search_term_string}\"},\"query-input\":{\"@type\":\"PropertyValueSpecification\",\"valueRequired\":true,\"valueName\":\"search_term_string\"}}],\"inLanguage\":\"en-US\"},{\"@type\":\"Organization\",\"@id\":\"https:\/\/versatecsystems.com\/#organization\",\"name\":\"Versatec Systems\",\"alternateName\":\"Versatec\",\"url\":\"https:\/\/versatecsystems.com\/\",\"logo\":{\"@type\":\"ImageObject\",\"inLanguage\":\"en-US\",\"@id\":\"https:\/\/versatecsystems.com\/#\/schema\/logo\/image\/\",\"url\":\"https:\/\/versatecsystems.com\/wp-content\/uploads\/2026\/01\/just-v-scaled.png\",\"contentUrl\":\"https:\/\/versatecsystems.com\/wp-content\/uploads\/2026\/01\/just-v-scaled.png\",\"width\":2560,\"height\":853,\"caption\":\"Versatec Systems\"},\"image\":{\"@id\":\"https:\/\/versatecsystems.com\/#\/schema\/logo\/image\/\"}}]}<\/script>\n<!-- \/ Yoast SEO plugin. -->","yoast_head_json":{"title":"Wall Unit with 5 m Belt Versatec FLOW Wall 5.0 - Versatec","robots":{"index":"index","follow":"follow","max-snippet":"max-snippet:-1","max-image-preview":"max-image-preview:large","max-video-preview":"max-video-preview:-1"},"canonical":"https:\/\/versatecsystems.com\/en\/produkt\/wall-unit-with-5-m-belt-versatec-flow-wall-5-0\/","og_locale":"en_US","og_type":"article","og_title":"Wall Unit with 5 m Belt Versatec FLOW Wall 5.0 - Versatec","og_description":"Wall unit with a self-retracting belt offers a space-saving and flexible solution for the temporary separation of safety areas as well as for structuring access and work zones. Ideal for fast and efficient use in areas where floor space must remain free.","og_url":"https:\/\/versatecsystems.com\/en\/produkt\/wall-unit-with-5-m-belt-versatec-flow-wall-5-0\/","og_site_name":"Versatec","article_modified_time":"2026-02-03T15:03:41+00:00","og_image":[{"width":800,"height":800,"url":"https:\/\/versatecsystems.com\/wp-content\/uploads\/2026\/01\/WU-P-5-B-1.png","type":"image\/png"}],"twitter_card":"summary_large_image","twitter_misc":{"Est. reading time":"1 minute"},"schema":{"@context":"https:\/\/schema.org","@graph":[{"@type":"WebPage","@id":"https:\/\/versatecsystems.com\/en\/produkt\/wall-unit-with-5-m-belt-versatec-flow-wall-5-0\/","url":"https:\/\/versatecsystems.com\/en\/produkt\/wall-unit-with-5-m-belt-versatec-flow-wall-5-0\/","name":"Wall Unit with 5 m Belt Versatec FLOW Wall 5.0 - Versatec","isPartOf":{"@id":"https:\/\/versatecsystems.com\/#website"},"primaryImageOfPage":{"@id":"https:\/\/versatecsystems.com\/en\/produkt\/wall-unit-with-5-m-belt-versatec-flow-wall-5-0\/#primaryimage"},"image":{"@id":"https:\/\/versatecsystems.com\/en\/produkt\/wall-unit-with-5-m-belt-versatec-flow-wall-5-0\/#primaryimage"},"thumbnailUrl":"https:\/\/versatecsystems.com\/wp-content\/uploads\/2026\/01\/WU-P-5-B-1.png","datePublished":"2026-01-04T11:57:32+00:00","dateModified":"2026-02-03T15:03:41+00:00","breadcrumb":{"@id":"https:\/\/versatecsystems.com\/en\/produkt\/wall-unit-with-5-m-belt-versatec-flow-wall-5-0\/#breadcrumb"},"inLanguage":"en-US","potentialAction":[{"@type":"ReadAction","target":["https:\/\/versatecsystems.com\/en\/produkt\/wall-unit-with-5-m-belt-versatec-flow-wall-5-0\/"]}]},{"@type":"ImageObject","inLanguage":"en-US","@id":"https:\/\/versatecsystems.com\/en\/produkt\/wall-unit-with-5-m-belt-versatec-flow-wall-5-0\/#primaryimage","url":"https:\/\/versatecsystems.com\/wp-content\/uploads\/2026\/01\/WU-P-5-B-1.png","contentUrl":"https:\/\/versatecsystems.com\/wp-content\/uploads\/2026\/01\/WU-P-5-B-1.png","width":800,"height":800},{"@type":"BreadcrumbList","@id":"https:\/\/versatecsystems.com\/en\/produkt\/wall-unit-with-5-m-belt-versatec-flow-wall-5-0\/#breadcrumb","itemListElement":[{"@type":"ListItem","position":1,"name":"Strona g\u0142\u00f3wna","item":"https:\/\/versatecsystems.com\/en\/"},{"@type":"ListItem","position":2,"name":"Products","item":"https:\/\/versatecsystems.com\/en\/products\/"},{"@type":"ListItem","position":3,"name":"Wall Unit with 5 m Belt Versatec FLOW Wall 5.0"}]},{"@type":"WebSite","@id":"https:\/\/versatecsystems.com\/#website","url":"https:\/\/versatecsystems.com\/","name":"Versatec Systems","description":"Wyposa\u017cenie obiekt\u00f3w publicznych i przemys\u0142owych o potwierdzonej skuteczno\u015bci. Do\u015bwiadczony zesp\u00f3\u0142. Sprawdzone systemy. Efektywno\u015b\u0107 i niezawodno\u015b\u0107. Rozwi\u0105zania do zarz\u0105dzania ruchem ludzi, kontroli dost\u0119pu oraz organizacji przestrzeni w wymagaj\u0105cych \u015brodowiskach. Projektowane z my\u015bl\u0105 o lotniskach, dworcach kolejowych, budynkach u\u017cyteczno\u015bci publicznej, obiektach przemys\u0142owych oraz przestrzeniach zewn\u0119trznych.  Celem jest dostarczanie rozwi\u0105za\u0144, kt\u00f3re wspieraj\u0105 sprawne funkcjonowanie obiekt\u00f3w poprzez lepsz\u0105 organizacj\u0119, podniesienie poziomu bezpiecze\u0144stwa oraz wymierne korzy\u015bci operacyjne.","publisher":{"@id":"https:\/\/versatecsystems.com\/#organization"},"alternateName":"Versatec","potentialAction":[{"@type":"SearchAction","target":{"@type":"EntryPoint","urlTemplate":"https:\/\/versatecsystems.com\/?s={search_term_string}"},"query-input":{"@type":"PropertyValueSpecification","valueRequired":true,"valueName":"search_term_string"}}],"inLanguage":"en-US"},{"@type":"Organization","@id":"https:\/\/versatecsystems.com\/#organization","name":"Versatec Systems","alternateName":"Versatec","url":"https:\/\/versatecsystems.com\/","logo":{"@type":"ImageObject","inLanguage":"en-US","@id":"https:\/\/versatecsystems.com\/#\/schema\/logo\/image\/","url":"https:\/\/versatecsystems.com\/wp-content\/uploads\/2026\/01\/just-v-scaled.png","contentUrl":"https:\/\/versatecsystems.com\/wp-content\/uploads\/2026\/01\/just-v-scaled.png","width":2560,"height":853,"caption":"Versatec Systems"},"image":{"@id":"https:\/\/versatecsystems.com\/#\/schema\/logo\/image\/"}}]}},"_links":{"self":[{"href":"https:\/\/versatecsystems.com\/en\/wp-json\/wp\/v2\/product\/5128","targetHints":{"allow":["GET"]}}],"collection":[{"href":"https:\/\/versatecsystems.com\/en\/wp-json\/wp\/v2\/product"}],"about":[{"href":"https:\/\/versatecsystems.com\/en\/wp-json\/wp\/v2\/types\/product"}],"wp:featuredmedia":[{"embeddable":true,"href":"https:\/\/versatecsystems.com\/en\/wp-json\/wp\/v2\/media\/5130"}],"wp:attachment":[{"href":"https:\/\/versatecsystems.com\/en\/wp-json\/wp\/v2\/media?parent=5128"}],"wp:term":[{"taxonomy":"product_brand","embeddable":true,"href":"https:\/\/versatecsystems.com\/en\/wp-json\/wp\/v2\/product_brand?post=5128"},{"taxonomy":"product_cat","embeddable":true,"href":"https:\/\/versatecsystems.com\/en\/wp-json\/wp\/v2\/product_cat?post=5128"},{"taxonomy":"product_tag","embeddable":true,"href":"https:\/\/versatecsystems.com\/en\/wp-json\/wp\/v2\/product_tag?post=5128"},{"taxonomy":"branches","embeddable":true,"href":"https:\/\/versatecsystems.com\/en\/wp-json\/wp\/v2\/branches?post=5128"}],"curies":[{"name":"wp","href":"https:\/\/api.w.org\/{rel}","templated":true}]}}