{"id":5121,"date":"2026-01-04T17:48:49","date_gmt":"2026-01-04T17:48:49","guid":{"rendered":"https:\/\/versatecsystems.com\/produkt\/bramka-obrotowa-kolowrot-pelnej-wysokosci-g535\/"},"modified":"2026-02-03T16:14:17","modified_gmt":"2026-02-03T16:14:17","slug":"bramka-obrotowa-kolowrot-pelnej-wysokosci-g535","status":"publish","type":"product","link":"https:\/\/versatecsystems.com\/en\/produkt\/bramka-obrotowa-kolowrot-pelnej-wysokosci-g535\/","title":{"rendered":"Bramka obrotowa (ko\u0142owr\u00f3t) pe\u0142nej wysoko\u015bci G535"},"content":{"rendered":"<p><strong>Urz\u0105dzenie do rozpoznawania twarzy (panel)<\/strong><\/p>\n<ul>\n<li>Ekran wy\u015bwietlacza: <strong>5,0 cala<\/strong><\/li>\n<li>Obs\u0142uga <strong>detekcji \u017cywotno\u015bci (live detection)<\/strong><\/li>\n<li><strong>Dynamiczna kamera<\/strong><\/li>\n<li>Pojemno\u015b\u0107 bazy danych: <strong>5 000 \/ 10 000 twarzy<\/strong><\/li>\n<li>Czas rozpoznawania: <strong>\u2264 250 ms<\/strong><\/li>\n<li>Skuteczno\u015b\u0107 rozpoznawania: <strong>\u2265 97%<\/strong><\/li>\n<li>Obs\u0142uga wyj\u015bcia sygna\u0142u <strong>Wiegand<\/strong><\/li>\n<li>Tryb komunikacji: <strong>TCP\/IP<\/strong><\/li>\n<\/ul>\n<p><strong>Urz\u0105dzenie do rozpoznawania twarzy \u2013 kolumna (DF102)<\/strong><\/p>\n<ul>\n<li>Ekran wy\u015bwietlacza: <strong>5,0 cala<\/strong><\/li>\n<li>Obs\u0142uga <strong>detekcji \u017cywotno\u015bci (live detection)<\/strong><\/li>\n<li>Pojemno\u015b\u0107 bazy danych: <strong>5 000 \/ 10 000 twarzy<\/strong><\/li>\n<li>Czas rozpoznawania: <strong>\u2264 250 ms<\/strong><\/li>\n<li>Skuteczno\u015b\u0107 rozpoznawania: <strong>\u2265 97%<\/strong><\/li>\n<li>Obs\u0142uga wyj\u015bcia sygna\u0142u <strong>Wiegand<\/strong><\/li>\n<li>Tryb komunikacji: <strong>TCP\/IP<\/strong><\/li>\n<\/ul>\n<p><strong>Funkcje i wymagania techniczne<\/strong><\/p>\n<ol>\n<li>Konstrukcja zapewniaj\u0105ca niezawodn\u0105 i stabiln\u0105 prac\u0119 urz\u0105dzenia, charakteryzuj\u0105ca si\u0119 niskim poziomem ha\u0142asu, p\u0142ynn\u0105 prac\u0105 oraz d\u0142ug\u0105 \u017cywotno\u015bci\u0105.<\/li>\n<li>Funkcja automatycznego otwarcia skrzyde\u0142 bramki w przypadku zaniku zasilania, umo\u017cliwiaj\u0105ca swobodny dost\u0119p oraz spe\u0142niaj\u0105ca wymagania ewakuacyjne i przeciwpo\u017carowe.<\/li>\n<li>Zabezpieczenia funkcjonalne obejmuj\u0105ce co najmniej:\n<ul>\n<li>ochron\u0119 przed przej\u015bciem nieuprawnionym (anti-tailgating),<\/li>\n<li>blokad\u0119 przej\u015bcia w kierunku przeciwnym (anti-reverse pass).<\/li>\n<\/ul>\n<\/li>\n<li>Mo\u017cliwo\u015b\u0107 konfiguracji trybu pracy kart dost\u0119powych w opcji z pami\u0119ci\u0105 lub bez pami\u0119ci.<\/li>\n<li>Funkcja automatycznego resetu: po udzieleniu autoryzacji przej\u015bcia bramka automatycznie zamyka si\u0119, je\u017celi u\u017cytkownik nie przejdzie przez ni\u0105 w okre\u015blonym czasie.<\/li>\n<li>Podw\u00f3jny system zabezpieczenia przed przytrza\u015bni\u0119ciem u\u017cytkownika, obejmuj\u0105cy:\n<ul>\n<li>czujniki podczerwieni,<\/li>\n<li>zabezpieczenie mechaniczne.<\/li>\n<\/ul>\n<\/li>\n<li>Kompatybilno\u015b\u0107 z systemami kontroli dost\u0119pu, w tym:\n<ul>\n<li>czytnikami kart IC i ID,<\/li>\n<li>systemami rozpoznawania twarzy,<\/li>\n<li>innymi urz\u0105dzeniami autoryzuj\u0105cymi.<\/li>\n<\/ul>\n<\/li>\n<li>Dost\u0119pne tryby pracy:\n<ul>\n<li>normalnie otwarty (NO),<\/li>\n<li>normalnie zamkni\u0119ty (NC).<\/li>\n<\/ul>\n<\/li>\n<li>Obs\u0142uga ruchu pieszego w trybie:\n<ul>\n<li>jednokierunkowym,<\/li>\n<li>dwukierunkowym, z mo\u017cliwo\u015bci\u0105 wsp\u00f3\u0142pracy z czytnikami kart i innymi systemami kontroli dost\u0119pu.<\/li>\n<\/ul>\n<\/li>\n<\/ol>\n","protected":false},"excerpt":{"rendered":"<p>Solidna i niezawodna konstrukcja zapewniaj\u0105ca niski poziom ha\u0142asu, p\u0142ynn\u0105 prac\u0119 oraz d\u0142ug\u0105 \u017cywotno\u015b\u0107. Urz\u0105dzenie wyposa\u017cone jest w funkcje zabezpieczaj\u0105ce, w tym ochron\u0119 przed przej\u015bciem nieuprawnionym (anti-tailgating) oraz blokad\u0119 przej\u015bcia wstecznego (anti-reverse pass). Mo\u017cliwo\u015b\u0107 konfiguracji pracy kart dost\u0119powych w trybie z pami\u0119ci\u0105 lub bez pami\u0119ci. Zastosowano r\u00f3wnie\u017c funkcj\u0119 automatycznego resetu \u2013 po uzyskaniu autoryzacji przej\u015bcia bramka automatycznie powraca do stanu zablokowanego, je\u017celi u\u017cytkownik nie przejdzie przez ni\u0105 w ustawionym czasie.<\/p>\n","protected":false},"featured_media":5123,"template":"","meta":[],"product_brand":[],"product_cat":[356,358],"product_tag":[],"branches":[448,449,443,444,451,454,447],"class_list":{"0":"post-5121","1":"product","2":"type-product","3":"status-publish","4":"has-post-thumbnail","6":"product_cat-access-control-entrance-gates","7":"product_cat-turnstiles-full-height-turnstiles-and-tripods","8":"branches-airports","9":"branches-industry","10":"branches-office-buildings","11":"branches-public-facilities","12":"branches-sport-and-events","13":"branches-tourism-and-entertainment","14":"branches-warehouses","17":"instock","18":"shipping-taxable","19":"purchasable","20":"product-type-simple","21":"product-grid-view"},"yoast_head":"<!-- This site is optimized with the Yoast SEO plugin v27.0 - https:\/\/yoast.com\/product\/yoast-seo-wordpress\/ -->\n<title>Bramka obrotowa (ko\u0142owr\u00f3t) pe\u0142nej wysoko\u015bci G535 - Versatec<\/title>\n<meta name=\"robots\" content=\"index, follow, max-snippet:-1, max-image-preview:large, max-video-preview:-1\" \/>\n<link rel=\"canonical\" href=\"https:\/\/versatecsystems.com\/en\/produkt\/bramka-obrotowa-kolowrot-pelnej-wysokosci-g535\/\" \/>\n<meta property=\"og:locale\" content=\"en_US\" \/>\n<meta property=\"og:type\" content=\"article\" \/>\n<meta property=\"og:title\" content=\"Bramka obrotowa (ko\u0142owr\u00f3t) pe\u0142nej wysoko\u015bci G535 - Versatec\" \/>\n<meta property=\"og:description\" content=\"Solidna i niezawodna konstrukcja zapewniaj\u0105ca niski poziom ha\u0142asu, p\u0142ynn\u0105 prac\u0119 oraz d\u0142ug\u0105 \u017cywotno\u015b\u0107. Urz\u0105dzenie wyposa\u017cone jest w funkcje zabezpieczaj\u0105ce, w tym ochron\u0119 przed przej\u015bciem nieuprawnionym (anti-tailgating) oraz blokad\u0119 przej\u015bcia wstecznego (anti-reverse pass). Mo\u017cliwo\u015b\u0107 konfiguracji pracy kart dost\u0119powych w trybie z pami\u0119ci\u0105 lub bez pami\u0119ci. Zastosowano r\u00f3wnie\u017c funkcj\u0119 automatycznego resetu \u2013 po uzyskaniu autoryzacji przej\u015bcia bramka automatycznie powraca do stanu zablokowanego, je\u017celi u\u017cytkownik nie przejdzie przez ni\u0105 w ustawionym czasie.\" \/>\n<meta property=\"og:url\" content=\"https:\/\/versatecsystems.com\/en\/produkt\/bramka-obrotowa-kolowrot-pelnej-wysokosci-g535\/\" \/>\n<meta property=\"og:site_name\" content=\"Versatec\" \/>\n<meta property=\"article:modified_time\" content=\"2026-02-03T16:14:17+00:00\" \/>\n<meta property=\"og:image\" content=\"https:\/\/versatecsystems.com\/wp-content\/uploads\/2026\/01\/G535-1.png\" \/>\n\t<meta property=\"og:image:width\" content=\"2500\" \/>\n\t<meta property=\"og:image:height\" content=\"1761\" \/>\n\t<meta property=\"og:image:type\" content=\"image\/png\" \/>\n<meta name=\"twitter:card\" content=\"summary_large_image\" \/>\n<meta name=\"twitter:label1\" content=\"Est. reading time\" \/>\n\t<meta name=\"twitter:data1\" content=\"1 minute\" \/>\n<script type=\"application\/ld+json\" class=\"yoast-schema-graph\">{\"@context\":\"https:\/\/schema.org\",\"@graph\":[{\"@type\":\"WebPage\",\"@id\":\"https:\/\/versatecsystems.com\/en\/produkt\/bramka-obrotowa-kolowrot-pelnej-wysokosci-g535\/\",\"url\":\"https:\/\/versatecsystems.com\/en\/produkt\/bramka-obrotowa-kolowrot-pelnej-wysokosci-g535\/\",\"name\":\"Bramka obrotowa (ko\u0142owr\u00f3t) pe\u0142nej wysoko\u015bci G535 - Versatec\",\"isPartOf\":{\"@id\":\"https:\/\/versatecsystems.com\/en\/#website\"},\"primaryImageOfPage\":{\"@id\":\"https:\/\/versatecsystems.com\/en\/produkt\/bramka-obrotowa-kolowrot-pelnej-wysokosci-g535\/#primaryimage\"},\"image\":{\"@id\":\"https:\/\/versatecsystems.com\/en\/produkt\/bramka-obrotowa-kolowrot-pelnej-wysokosci-g535\/#primaryimage\"},\"thumbnailUrl\":\"https:\/\/versatecsystems.com\/wp-content\/uploads\/2026\/01\/G535-1.png\",\"datePublished\":\"2026-01-04T17:48:49+00:00\",\"dateModified\":\"2026-02-03T16:14:17+00:00\",\"breadcrumb\":{\"@id\":\"https:\/\/versatecsystems.com\/en\/produkt\/bramka-obrotowa-kolowrot-pelnej-wysokosci-g535\/#breadcrumb\"},\"inLanguage\":\"en-US\",\"potentialAction\":[{\"@type\":\"ReadAction\",\"target\":[\"https:\/\/versatecsystems.com\/en\/produkt\/bramka-obrotowa-kolowrot-pelnej-wysokosci-g535\/\"]}]},{\"@type\":\"ImageObject\",\"inLanguage\":\"en-US\",\"@id\":\"https:\/\/versatecsystems.com\/en\/produkt\/bramka-obrotowa-kolowrot-pelnej-wysokosci-g535\/#primaryimage\",\"url\":\"https:\/\/versatecsystems.com\/wp-content\/uploads\/2026\/01\/G535-1.png\",\"contentUrl\":\"https:\/\/versatecsystems.com\/wp-content\/uploads\/2026\/01\/G535-1.png\",\"width\":2500,\"height\":1761},{\"@type\":\"BreadcrumbList\",\"@id\":\"https:\/\/versatecsystems.com\/en\/produkt\/bramka-obrotowa-kolowrot-pelnej-wysokosci-g535\/#breadcrumb\",\"itemListElement\":[{\"@type\":\"ListItem\",\"position\":1,\"name\":\"Strona g\u0142\u00f3wna\",\"item\":\"https:\/\/versatecsystems.com\/en\/\"},{\"@type\":\"ListItem\",\"position\":2,\"name\":\"Products\",\"item\":\"https:\/\/versatecsystems.com\/en\/products\/\"},{\"@type\":\"ListItem\",\"position\":3,\"name\":\"Bramka obrotowa (ko\u0142owr\u00f3t) pe\u0142nej wysoko\u015bci G535\"}]},{\"@type\":\"WebSite\",\"@id\":\"https:\/\/versatecsystems.com\/en\/#website\",\"url\":\"https:\/\/versatecsystems.com\/en\/\",\"name\":\"Versatec Systems\",\"description\":\"Wyposa\u017cenie obiekt\u00f3w publicznych i przemys\u0142owych o potwierdzonej skuteczno\u015bci. Do\u015bwiadczony zesp\u00f3\u0142. Sprawdzone systemy. Efektywno\u015b\u0107 i niezawodno\u015b\u0107. Rozwi\u0105zania do zarz\u0105dzania ruchem ludzi, kontroli dost\u0119pu oraz organizacji przestrzeni w wymagaj\u0105cych \u015brodowiskach. Projektowane z my\u015bl\u0105 o lotniskach, dworcach kolejowych, budynkach u\u017cyteczno\u015bci publicznej, obiektach przemys\u0142owych oraz przestrzeniach zewn\u0119trznych.  Celem jest dostarczanie rozwi\u0105za\u0144, kt\u00f3re wspieraj\u0105 sprawne funkcjonowanie obiekt\u00f3w poprzez lepsz\u0105 organizacj\u0119, podniesienie poziomu bezpiecze\u0144stwa oraz wymierne korzy\u015bci operacyjne.\",\"publisher\":{\"@id\":\"https:\/\/versatecsystems.com\/en\/#organization\"},\"alternateName\":\"Versatec\",\"potentialAction\":[{\"@type\":\"SearchAction\",\"target\":{\"@type\":\"EntryPoint\",\"urlTemplate\":\"https:\/\/versatecsystems.com\/en\/?s={search_term_string}\"},\"query-input\":{\"@type\":\"PropertyValueSpecification\",\"valueRequired\":true,\"valueName\":\"search_term_string\"}}],\"inLanguage\":\"en-US\"},{\"@type\":\"Organization\",\"@id\":\"https:\/\/versatecsystems.com\/en\/#organization\",\"name\":\"Versatec Systems\",\"alternateName\":\"Versatec\",\"url\":\"https:\/\/versatecsystems.com\/en\/\",\"logo\":{\"@type\":\"ImageObject\",\"inLanguage\":\"en-US\",\"@id\":\"https:\/\/versatecsystems.com\/en\/#\/schema\/logo\/image\/\",\"url\":\"https:\/\/versatecsystems.com\/wp-content\/uploads\/2026\/01\/just-v-scaled.png\",\"contentUrl\":\"https:\/\/versatecsystems.com\/wp-content\/uploads\/2026\/01\/just-v-scaled.png\",\"width\":2560,\"height\":853,\"caption\":\"Versatec Systems\"},\"image\":{\"@id\":\"https:\/\/versatecsystems.com\/en\/#\/schema\/logo\/image\/\"}}]}<\/script>\n<!-- \/ Yoast SEO plugin. -->","yoast_head_json":{"title":"Bramka obrotowa (ko\u0142owr\u00f3t) pe\u0142nej wysoko\u015bci G535 - Versatec","robots":{"index":"index","follow":"follow","max-snippet":"max-snippet:-1","max-image-preview":"max-image-preview:large","max-video-preview":"max-video-preview:-1"},"canonical":"https:\/\/versatecsystems.com\/en\/produkt\/bramka-obrotowa-kolowrot-pelnej-wysokosci-g535\/","og_locale":"en_US","og_type":"article","og_title":"Bramka obrotowa (ko\u0142owr\u00f3t) pe\u0142nej wysoko\u015bci G535 - Versatec","og_description":"Solidna i niezawodna konstrukcja zapewniaj\u0105ca niski poziom ha\u0142asu, p\u0142ynn\u0105 prac\u0119 oraz d\u0142ug\u0105 \u017cywotno\u015b\u0107. Urz\u0105dzenie wyposa\u017cone jest w funkcje zabezpieczaj\u0105ce, w tym ochron\u0119 przed przej\u015bciem nieuprawnionym (anti-tailgating) oraz blokad\u0119 przej\u015bcia wstecznego (anti-reverse pass). Mo\u017cliwo\u015b\u0107 konfiguracji pracy kart dost\u0119powych w trybie z pami\u0119ci\u0105 lub bez pami\u0119ci. Zastosowano r\u00f3wnie\u017c funkcj\u0119 automatycznego resetu \u2013 po uzyskaniu autoryzacji przej\u015bcia bramka automatycznie powraca do stanu zablokowanego, je\u017celi u\u017cytkownik nie przejdzie przez ni\u0105 w ustawionym czasie.","og_url":"https:\/\/versatecsystems.com\/en\/produkt\/bramka-obrotowa-kolowrot-pelnej-wysokosci-g535\/","og_site_name":"Versatec","article_modified_time":"2026-02-03T16:14:17+00:00","og_image":[{"width":2500,"height":1761,"url":"https:\/\/versatecsystems.com\/wp-content\/uploads\/2026\/01\/G535-1.png","type":"image\/png"}],"twitter_card":"summary_large_image","twitter_misc":{"Est. reading time":"1 minute"},"schema":{"@context":"https:\/\/schema.org","@graph":[{"@type":"WebPage","@id":"https:\/\/versatecsystems.com\/en\/produkt\/bramka-obrotowa-kolowrot-pelnej-wysokosci-g535\/","url":"https:\/\/versatecsystems.com\/en\/produkt\/bramka-obrotowa-kolowrot-pelnej-wysokosci-g535\/","name":"Bramka obrotowa (ko\u0142owr\u00f3t) pe\u0142nej wysoko\u015bci G535 - Versatec","isPartOf":{"@id":"https:\/\/versatecsystems.com\/en\/#website"},"primaryImageOfPage":{"@id":"https:\/\/versatecsystems.com\/en\/produkt\/bramka-obrotowa-kolowrot-pelnej-wysokosci-g535\/#primaryimage"},"image":{"@id":"https:\/\/versatecsystems.com\/en\/produkt\/bramka-obrotowa-kolowrot-pelnej-wysokosci-g535\/#primaryimage"},"thumbnailUrl":"https:\/\/versatecsystems.com\/wp-content\/uploads\/2026\/01\/G535-1.png","datePublished":"2026-01-04T17:48:49+00:00","dateModified":"2026-02-03T16:14:17+00:00","breadcrumb":{"@id":"https:\/\/versatecsystems.com\/en\/produkt\/bramka-obrotowa-kolowrot-pelnej-wysokosci-g535\/#breadcrumb"},"inLanguage":"en-US","potentialAction":[{"@type":"ReadAction","target":["https:\/\/versatecsystems.com\/en\/produkt\/bramka-obrotowa-kolowrot-pelnej-wysokosci-g535\/"]}]},{"@type":"ImageObject","inLanguage":"en-US","@id":"https:\/\/versatecsystems.com\/en\/produkt\/bramka-obrotowa-kolowrot-pelnej-wysokosci-g535\/#primaryimage","url":"https:\/\/versatecsystems.com\/wp-content\/uploads\/2026\/01\/G535-1.png","contentUrl":"https:\/\/versatecsystems.com\/wp-content\/uploads\/2026\/01\/G535-1.png","width":2500,"height":1761},{"@type":"BreadcrumbList","@id":"https:\/\/versatecsystems.com\/en\/produkt\/bramka-obrotowa-kolowrot-pelnej-wysokosci-g535\/#breadcrumb","itemListElement":[{"@type":"ListItem","position":1,"name":"Strona g\u0142\u00f3wna","item":"https:\/\/versatecsystems.com\/en\/"},{"@type":"ListItem","position":2,"name":"Products","item":"https:\/\/versatecsystems.com\/en\/products\/"},{"@type":"ListItem","position":3,"name":"Bramka obrotowa (ko\u0142owr\u00f3t) pe\u0142nej wysoko\u015bci G535"}]},{"@type":"WebSite","@id":"https:\/\/versatecsystems.com\/en\/#website","url":"https:\/\/versatecsystems.com\/en\/","name":"Versatec Systems","description":"Wyposa\u017cenie obiekt\u00f3w publicznych i przemys\u0142owych o potwierdzonej skuteczno\u015bci. Do\u015bwiadczony zesp\u00f3\u0142. Sprawdzone systemy. Efektywno\u015b\u0107 i niezawodno\u015b\u0107. Rozwi\u0105zania do zarz\u0105dzania ruchem ludzi, kontroli dost\u0119pu oraz organizacji przestrzeni w wymagaj\u0105cych \u015brodowiskach. Projektowane z my\u015bl\u0105 o lotniskach, dworcach kolejowych, budynkach u\u017cyteczno\u015bci publicznej, obiektach przemys\u0142owych oraz przestrzeniach zewn\u0119trznych.  Celem jest dostarczanie rozwi\u0105za\u0144, kt\u00f3re wspieraj\u0105 sprawne funkcjonowanie obiekt\u00f3w poprzez lepsz\u0105 organizacj\u0119, podniesienie poziomu bezpiecze\u0144stwa oraz wymierne korzy\u015bci operacyjne.","publisher":{"@id":"https:\/\/versatecsystems.com\/en\/#organization"},"alternateName":"Versatec","potentialAction":[{"@type":"SearchAction","target":{"@type":"EntryPoint","urlTemplate":"https:\/\/versatecsystems.com\/en\/?s={search_term_string}"},"query-input":{"@type":"PropertyValueSpecification","valueRequired":true,"valueName":"search_term_string"}}],"inLanguage":"en-US"},{"@type":"Organization","@id":"https:\/\/versatecsystems.com\/en\/#organization","name":"Versatec Systems","alternateName":"Versatec","url":"https:\/\/versatecsystems.com\/en\/","logo":{"@type":"ImageObject","inLanguage":"en-US","@id":"https:\/\/versatecsystems.com\/en\/#\/schema\/logo\/image\/","url":"https:\/\/versatecsystems.com\/wp-content\/uploads\/2026\/01\/just-v-scaled.png","contentUrl":"https:\/\/versatecsystems.com\/wp-content\/uploads\/2026\/01\/just-v-scaled.png","width":2560,"height":853,"caption":"Versatec Systems"},"image":{"@id":"https:\/\/versatecsystems.com\/en\/#\/schema\/logo\/image\/"}}]}},"_links":{"self":[{"href":"https:\/\/versatecsystems.com\/en\/wp-json\/wp\/v2\/product\/5121","targetHints":{"allow":["GET"]}}],"collection":[{"href":"https:\/\/versatecsystems.com\/en\/wp-json\/wp\/v2\/product"}],"about":[{"href":"https:\/\/versatecsystems.com\/en\/wp-json\/wp\/v2\/types\/product"}],"wp:featuredmedia":[{"embeddable":true,"href":"https:\/\/versatecsystems.com\/en\/wp-json\/wp\/v2\/media\/5123"}],"wp:attachment":[{"href":"https:\/\/versatecsystems.com\/en\/wp-json\/wp\/v2\/media?parent=5121"}],"wp:term":[{"taxonomy":"product_brand","embeddable":true,"href":"https:\/\/versatecsystems.com\/en\/wp-json\/wp\/v2\/product_brand?post=5121"},{"taxonomy":"product_cat","embeddable":true,"href":"https:\/\/versatecsystems.com\/en\/wp-json\/wp\/v2\/product_cat?post=5121"},{"taxonomy":"product_tag","embeddable":true,"href":"https:\/\/versatecsystems.com\/en\/wp-json\/wp\/v2\/product_tag?post=5121"},{"taxonomy":"branches","embeddable":true,"href":"https:\/\/versatecsystems.com\/en\/wp-json\/wp\/v2\/branches?post=5121"}],"curies":[{"name":"wp","href":"https:\/\/api.w.org\/{rel}","templated":true}]}}