{"id":5115,"date":"2026-01-04T19:45:01","date_gmt":"2026-01-04T19:45:01","guid":{"rendered":"https:\/\/versatecsystems.com\/produkt\/bramka-obrotowa-niska-typu-tripod-la1218\/"},"modified":"2026-02-03T16:15:57","modified_gmt":"2026-02-03T16:15:57","slug":"bramka-obrotowa-niska-typu-tripod-la1218","status":"publish","type":"product","link":"https:\/\/versatecsystems.com\/en\/produkt\/bramka-obrotowa-niska-typu-tripod-la1218\/","title":{"rendered":"Tripod Turnstile-LA1218"},"content":{"rendered":"<p><strong>Functions &amp; Features<\/strong><\/p>\n<p>\uf06c 1\u3001Reasonable and reliable design, low noise, smooth operation and long service life;<br \/>\n\uf06c 2\u3001Using brushless motor, cooperating with our professional machine core, the function is more powerful.<br \/>\n\uf06c 3\u3001LED indicator, valid card showing green, illegal card showing red;<br \/>\n\uf06c 4\u3001Card can be set &#8220;with memory&#8221; or &#8220;without memory&#8221;;<br \/>\n\uf06c 5\u3001With automatic reset function, i.e. after having access to the gate, the gate automatically restores to the<br \/>\nlocked state if not pass within the time set;<br \/>\n\uf06c 6\u3001Compatible with IC, ID card, scanning and face recognition;<br \/>\n\uf06c 7\u3001With unified and standard external electrical interface to facilitate system integration;<br \/>\n\uf06c 8\u3001Extensible to realize access control, attendance, fees and other functions;<br \/>\n\uf06c 9\u3001Can be used outdoors completely, one machine can be used as a lane.<\/p>\n<p><strong>Technical Specifications<\/strong><\/p>\n<table style=\"height: 1519px;\" width=\"784\">\n<tbody>\n<tr>\n<td width=\"96\"><strong>Size<\/strong><\/td>\n<td colspan=\"2\" width=\"312\"><strong>600*300*980\uff08mm\uff09<\/strong><\/td>\n<td width=\"256\">&nbsp;<\/td>\n<\/tr>\n<tr>\n<td rowspan=\"4\" width=\"96\">&nbsp;<\/p>\n<p><strong>Chassis<\/strong><\/td>\n<td width=\"95\"><strong>Description<\/strong><\/td>\n<td width=\"216\"><strong>Norm<\/strong><\/td>\n<td width=\"256\"><strong>Model\/Brand<\/strong><\/td>\n<\/tr>\n<tr>\n<td width=\"95\">Top cover<\/td>\n<td width=\"216\">8mm<\/td>\n<td width=\"256\">Aluminum alloy<\/td>\n<\/tr>\n<tr>\n<td width=\"95\">Housing<\/td>\n<td width=\"216\">3mm<\/td>\n<td width=\"256\">Aluminum alloy<\/td>\n<\/tr>\n<tr>\n<td width=\"95\">Filling Panel<\/td>\n<td width=\"216\">\/<\/td>\n<td width=\"256\">\/<\/td>\n<\/tr>\n<tr>\n<td rowspan=\"4\" width=\"96\">&nbsp;<\/p>\n<p>&nbsp;<\/p>\n<p><strong>Movement<\/strong><\/td>\n<td width=\"95\"><strong>Description<\/strong><\/td>\n<td width=\"216\"><strong>Norm<\/strong><\/td>\n<td width=\"256\"><strong>Model\/Brand<\/strong><\/td>\n<\/tr>\n<tr>\n<td width=\"95\">Mechanism<\/td>\n<td width=\"216\">Semi-automatic anti-drop \/ controlled descent mechanism<\/p>\n<p>tripod turnstile (with oil pressure)<\/td>\n<td width=\"256\">\/<\/td>\n<\/tr>\n<tr>\n<td width=\"95\">Door panel<\/td>\n<td width=\"216\">\/<\/td>\n<td width=\"256\">\/<\/td>\n<\/tr>\n<tr>\n<td width=\"95\">Pass Lane<\/td>\n<td width=\"216\">550mm<\/td>\n<td width=\"256\">\/<\/td>\n<\/tr>\n<tr>\n<td rowspan=\"6\" width=\"96\">&nbsp;<\/p>\n<p>&nbsp;<\/p>\n<p><strong>Electronic control<\/strong><\/td>\n<td width=\"95\"><strong>Description<\/strong><\/td>\n<td width=\"216\"><strong>Norm<\/strong><\/td>\n<td width=\"256\"><strong>Model\/Brand<\/strong><\/td>\n<\/tr>\n<tr>\n<td width=\"95\">Control board<\/td>\n<td width=\"216\">Three roll gate standard plate<\/td>\n<td width=\"256\">\/<\/td>\n<\/tr>\n<tr>\n<td width=\"95\">Motor<\/td>\n<td width=\"216\">\/<\/td>\n<td width=\"256\">\/<\/td>\n<\/tr>\n<tr>\n<td width=\"95\">IR sensor<\/td>\n<td width=\"216\">\/<\/td>\n<td width=\"256\">\/<\/td>\n<\/tr>\n<tr>\n<td width=\"95\">Air switch<\/td>\n<td width=\"216\">2P<\/td>\n<td width=\"256\">ZT<\/td>\n<\/tr>\n<tr>\n<td width=\"95\">Power supply<\/td>\n<td width=\"216\">24V 50W<\/td>\n<td width=\"256\">CL<\/td>\n<\/tr>\n<tr>\n<td rowspan=\"3\" width=\"96\">&nbsp;<\/p>\n<p><strong>Accessories<\/strong><\/td>\n<td width=\"95\"><strong>Description<\/strong><\/td>\n<td width=\"216\"><strong>Norm<\/strong><\/td>\n<td width=\"256\"><strong>Model\/Brand<\/strong><\/td>\n<\/tr>\n<tr>\n<td width=\"95\">Connection<\/p>\n<p>cable<\/td>\n<td width=\"216\">\/<\/td>\n<td width=\"256\">\/<\/td>\n<\/tr>\n<tr>\n<td width=\"95\">Network cable<\/td>\n<td width=\"216\">\/<\/td>\n<td width=\"256\">\/<\/td>\n<\/tr>\n<tr>\n<td rowspan=\"3\" width=\"96\">&nbsp;<\/p>\n<p><strong>Package<\/strong><\/td>\n<td width=\"95\"><strong>Description<\/strong><\/td>\n<td width=\"216\"><strong>Norm<\/strong><\/td>\n<td width=\"256\"><strong>Model\/Brand<\/strong><\/td>\n<\/tr>\n<tr>\n<td width=\"95\">EPE foam<\/td>\n<td width=\"216\">Fully enclosed in EPE (expanded polyethylene) protective foam.<\/td>\n<td width=\"256\">\/<\/td>\n<\/tr>\n<tr>\n<td width=\"95\">cardboard box<\/td>\n<td width=\"216\">660*360*1020<\/td>\n<td width=\"256\">Carton (inner dimensions)<\/td>\n<\/tr>\n<\/tbody>\n<\/table>\n","protected":false},"excerpt":{"rendered":"<p>Reasonable and reliable design, low noise, smooth operation and long \u00a0service life; Using brushless motor, cooperating with our professional machine core, the function is more powerful. LED indicator, valid card showing green, illegal card showing red; Card can be set &#8220;with memory&#8221; or &#8220;without memory&#8221;.<\/p>\n","protected":false},"featured_media":5116,"template":"","meta":[],"product_brand":[],"product_cat":[356,358],"product_tag":[],"branches":[445,452,443,444,451,454],"class_list":{"0":"post-5115","1":"product","2":"type-product","3":"status-publish","4":"has-post-thumbnail","6":"product_cat-access-control-entrance-gates","7":"product_cat-turnstiles-full-height-turnstiles-and-tripods","8":"branches-education","9":"branches-healthcare","10":"branches-office-buildings","11":"branches-public-facilities","12":"branches-sport-and-events","13":"branches-tourism-and-entertainment","16":"instock","17":"shipping-taxable","18":"purchasable","19":"product-type-simple","20":"product-grid-view"},"yoast_head":"<!-- This site is optimized with the Yoast SEO plugin v27.0 - https:\/\/yoast.com\/product\/yoast-seo-wordpress\/ -->\n<title>Tripod Turnstile-LA1218 - Versatec<\/title>\n<meta name=\"robots\" content=\"index, follow, max-snippet:-1, max-image-preview:large, max-video-preview:-1\" \/>\n<link rel=\"canonical\" href=\"https:\/\/versatecsystems.com\/en\/produkt\/bramka-obrotowa-niska-typu-tripod-la1218\/\" \/>\n<meta property=\"og:locale\" content=\"en_US\" \/>\n<meta property=\"og:type\" content=\"article\" \/>\n<meta property=\"og:title\" content=\"Tripod Turnstile-LA1218 - Versatec\" \/>\n<meta property=\"og:description\" content=\"Reasonable and reliable design, low noise, smooth operation and long \u00a0service life; Using brushless motor, cooperating with our professional machine core, the function is more powerful. LED indicator, valid card showing green, illegal card showing red; Card can be set &quot;with memory&quot; or &quot;without memory&quot;.\" \/>\n<meta property=\"og:url\" content=\"https:\/\/versatecsystems.com\/en\/produkt\/bramka-obrotowa-niska-typu-tripod-la1218\/\" \/>\n<meta property=\"og:site_name\" content=\"Versatec\" \/>\n<meta property=\"article:modified_time\" content=\"2026-02-03T16:15:57+00:00\" \/>\n<meta property=\"og:image\" content=\"https:\/\/versatecsystems.com\/wp-content\/uploads\/2026\/01\/LA1218-3-scaled.png\" \/>\n\t<meta property=\"og:image:width\" content=\"2560\" \/>\n\t<meta property=\"og:image:height\" content=\"1439\" \/>\n\t<meta property=\"og:image:type\" content=\"image\/png\" \/>\n<meta name=\"twitter:card\" content=\"summary_large_image\" \/>\n<meta name=\"twitter:label1\" content=\"Est. reading time\" \/>\n\t<meta name=\"twitter:data1\" content=\"1 minute\" \/>\n<script type=\"application\/ld+json\" class=\"yoast-schema-graph\">{\"@context\":\"https:\/\/schema.org\",\"@graph\":[{\"@type\":\"WebPage\",\"@id\":\"https:\/\/versatecsystems.com\/en\/produkt\/bramka-obrotowa-niska-typu-tripod-la1218\/\",\"url\":\"https:\/\/versatecsystems.com\/en\/produkt\/bramka-obrotowa-niska-typu-tripod-la1218\/\",\"name\":\"Tripod Turnstile-LA1218 - Versatec\",\"isPartOf\":{\"@id\":\"https:\/\/versatecsystems.com\/en\/#website\"},\"primaryImageOfPage\":{\"@id\":\"https:\/\/versatecsystems.com\/en\/produkt\/bramka-obrotowa-niska-typu-tripod-la1218\/#primaryimage\"},\"image\":{\"@id\":\"https:\/\/versatecsystems.com\/en\/produkt\/bramka-obrotowa-niska-typu-tripod-la1218\/#primaryimage\"},\"thumbnailUrl\":\"https:\/\/versatecsystems.com\/wp-content\/uploads\/2026\/01\/LA1218-3-scaled.png\",\"datePublished\":\"2026-01-04T19:45:01+00:00\",\"dateModified\":\"2026-02-03T16:15:57+00:00\",\"breadcrumb\":{\"@id\":\"https:\/\/versatecsystems.com\/en\/produkt\/bramka-obrotowa-niska-typu-tripod-la1218\/#breadcrumb\"},\"inLanguage\":\"en-US\",\"potentialAction\":[{\"@type\":\"ReadAction\",\"target\":[\"https:\/\/versatecsystems.com\/en\/produkt\/bramka-obrotowa-niska-typu-tripod-la1218\/\"]}]},{\"@type\":\"ImageObject\",\"inLanguage\":\"en-US\",\"@id\":\"https:\/\/versatecsystems.com\/en\/produkt\/bramka-obrotowa-niska-typu-tripod-la1218\/#primaryimage\",\"url\":\"https:\/\/versatecsystems.com\/wp-content\/uploads\/2026\/01\/LA1218-3-scaled.png\",\"contentUrl\":\"https:\/\/versatecsystems.com\/wp-content\/uploads\/2026\/01\/LA1218-3-scaled.png\",\"width\":2560,\"height\":1439},{\"@type\":\"BreadcrumbList\",\"@id\":\"https:\/\/versatecsystems.com\/en\/produkt\/bramka-obrotowa-niska-typu-tripod-la1218\/#breadcrumb\",\"itemListElement\":[{\"@type\":\"ListItem\",\"position\":1,\"name\":\"Strona g\u0142\u00f3wna\",\"item\":\"https:\/\/versatecsystems.com\/en\/\"},{\"@type\":\"ListItem\",\"position\":2,\"name\":\"Products\",\"item\":\"https:\/\/versatecsystems.com\/en\/products\/\"},{\"@type\":\"ListItem\",\"position\":3,\"name\":\"Tripod Turnstile-LA1218\"}]},{\"@type\":\"WebSite\",\"@id\":\"https:\/\/versatecsystems.com\/en\/#website\",\"url\":\"https:\/\/versatecsystems.com\/en\/\",\"name\":\"Versatec Systems\",\"description\":\"Wyposa\u017cenie obiekt\u00f3w publicznych i przemys\u0142owych o potwierdzonej skuteczno\u015bci. Do\u015bwiadczony zesp\u00f3\u0142. Sprawdzone systemy. Efektywno\u015b\u0107 i niezawodno\u015b\u0107. Rozwi\u0105zania do zarz\u0105dzania ruchem ludzi, kontroli dost\u0119pu oraz organizacji przestrzeni w wymagaj\u0105cych \u015brodowiskach. Projektowane z my\u015bl\u0105 o lotniskach, dworcach kolejowych, budynkach u\u017cyteczno\u015bci publicznej, obiektach przemys\u0142owych oraz przestrzeniach zewn\u0119trznych.  Celem jest dostarczanie rozwi\u0105za\u0144, kt\u00f3re wspieraj\u0105 sprawne funkcjonowanie obiekt\u00f3w poprzez lepsz\u0105 organizacj\u0119, podniesienie poziomu bezpiecze\u0144stwa oraz wymierne korzy\u015bci operacyjne.\",\"publisher\":{\"@id\":\"https:\/\/versatecsystems.com\/en\/#organization\"},\"alternateName\":\"Versatec\",\"potentialAction\":[{\"@type\":\"SearchAction\",\"target\":{\"@type\":\"EntryPoint\",\"urlTemplate\":\"https:\/\/versatecsystems.com\/en\/?s={search_term_string}\"},\"query-input\":{\"@type\":\"PropertyValueSpecification\",\"valueRequired\":true,\"valueName\":\"search_term_string\"}}],\"inLanguage\":\"en-US\"},{\"@type\":\"Organization\",\"@id\":\"https:\/\/versatecsystems.com\/en\/#organization\",\"name\":\"Versatec Systems\",\"alternateName\":\"Versatec\",\"url\":\"https:\/\/versatecsystems.com\/en\/\",\"logo\":{\"@type\":\"ImageObject\",\"inLanguage\":\"en-US\",\"@id\":\"https:\/\/versatecsystems.com\/en\/#\/schema\/logo\/image\/\",\"url\":\"https:\/\/versatecsystems.com\/wp-content\/uploads\/2026\/01\/just-v-scaled.png\",\"contentUrl\":\"https:\/\/versatecsystems.com\/wp-content\/uploads\/2026\/01\/just-v-scaled.png\",\"width\":2560,\"height\":853,\"caption\":\"Versatec Systems\"},\"image\":{\"@id\":\"https:\/\/versatecsystems.com\/en\/#\/schema\/logo\/image\/\"}}]}<\/script>\n<!-- \/ Yoast SEO plugin. -->","yoast_head_json":{"title":"Tripod Turnstile-LA1218 - Versatec","robots":{"index":"index","follow":"follow","max-snippet":"max-snippet:-1","max-image-preview":"max-image-preview:large","max-video-preview":"max-video-preview:-1"},"canonical":"https:\/\/versatecsystems.com\/en\/produkt\/bramka-obrotowa-niska-typu-tripod-la1218\/","og_locale":"en_US","og_type":"article","og_title":"Tripod Turnstile-LA1218 - Versatec","og_description":"Reasonable and reliable design, low noise, smooth operation and long \u00a0service life; Using brushless motor, cooperating with our professional machine core, the function is more powerful. LED indicator, valid card showing green, illegal card showing red; Card can be set \"with memory\" or \"without memory\".","og_url":"https:\/\/versatecsystems.com\/en\/produkt\/bramka-obrotowa-niska-typu-tripod-la1218\/","og_site_name":"Versatec","article_modified_time":"2026-02-03T16:15:57+00:00","og_image":[{"width":2560,"height":1439,"url":"https:\/\/versatecsystems.com\/wp-content\/uploads\/2026\/01\/LA1218-3-scaled.png","type":"image\/png"}],"twitter_card":"summary_large_image","twitter_misc":{"Est. reading time":"1 minute"},"schema":{"@context":"https:\/\/schema.org","@graph":[{"@type":"WebPage","@id":"https:\/\/versatecsystems.com\/en\/produkt\/bramka-obrotowa-niska-typu-tripod-la1218\/","url":"https:\/\/versatecsystems.com\/en\/produkt\/bramka-obrotowa-niska-typu-tripod-la1218\/","name":"Tripod Turnstile-LA1218 - Versatec","isPartOf":{"@id":"https:\/\/versatecsystems.com\/en\/#website"},"primaryImageOfPage":{"@id":"https:\/\/versatecsystems.com\/en\/produkt\/bramka-obrotowa-niska-typu-tripod-la1218\/#primaryimage"},"image":{"@id":"https:\/\/versatecsystems.com\/en\/produkt\/bramka-obrotowa-niska-typu-tripod-la1218\/#primaryimage"},"thumbnailUrl":"https:\/\/versatecsystems.com\/wp-content\/uploads\/2026\/01\/LA1218-3-scaled.png","datePublished":"2026-01-04T19:45:01+00:00","dateModified":"2026-02-03T16:15:57+00:00","breadcrumb":{"@id":"https:\/\/versatecsystems.com\/en\/produkt\/bramka-obrotowa-niska-typu-tripod-la1218\/#breadcrumb"},"inLanguage":"en-US","potentialAction":[{"@type":"ReadAction","target":["https:\/\/versatecsystems.com\/en\/produkt\/bramka-obrotowa-niska-typu-tripod-la1218\/"]}]},{"@type":"ImageObject","inLanguage":"en-US","@id":"https:\/\/versatecsystems.com\/en\/produkt\/bramka-obrotowa-niska-typu-tripod-la1218\/#primaryimage","url":"https:\/\/versatecsystems.com\/wp-content\/uploads\/2026\/01\/LA1218-3-scaled.png","contentUrl":"https:\/\/versatecsystems.com\/wp-content\/uploads\/2026\/01\/LA1218-3-scaled.png","width":2560,"height":1439},{"@type":"BreadcrumbList","@id":"https:\/\/versatecsystems.com\/en\/produkt\/bramka-obrotowa-niska-typu-tripod-la1218\/#breadcrumb","itemListElement":[{"@type":"ListItem","position":1,"name":"Strona g\u0142\u00f3wna","item":"https:\/\/versatecsystems.com\/en\/"},{"@type":"ListItem","position":2,"name":"Products","item":"https:\/\/versatecsystems.com\/en\/products\/"},{"@type":"ListItem","position":3,"name":"Tripod Turnstile-LA1218"}]},{"@type":"WebSite","@id":"https:\/\/versatecsystems.com\/en\/#website","url":"https:\/\/versatecsystems.com\/en\/","name":"Versatec Systems","description":"Wyposa\u017cenie obiekt\u00f3w publicznych i przemys\u0142owych o potwierdzonej skuteczno\u015bci. Do\u015bwiadczony zesp\u00f3\u0142. Sprawdzone systemy. Efektywno\u015b\u0107 i niezawodno\u015b\u0107. Rozwi\u0105zania do zarz\u0105dzania ruchem ludzi, kontroli dost\u0119pu oraz organizacji przestrzeni w wymagaj\u0105cych \u015brodowiskach. Projektowane z my\u015bl\u0105 o lotniskach, dworcach kolejowych, budynkach u\u017cyteczno\u015bci publicznej, obiektach przemys\u0142owych oraz przestrzeniach zewn\u0119trznych.  Celem jest dostarczanie rozwi\u0105za\u0144, kt\u00f3re wspieraj\u0105 sprawne funkcjonowanie obiekt\u00f3w poprzez lepsz\u0105 organizacj\u0119, podniesienie poziomu bezpiecze\u0144stwa oraz wymierne korzy\u015bci operacyjne.","publisher":{"@id":"https:\/\/versatecsystems.com\/en\/#organization"},"alternateName":"Versatec","potentialAction":[{"@type":"SearchAction","target":{"@type":"EntryPoint","urlTemplate":"https:\/\/versatecsystems.com\/en\/?s={search_term_string}"},"query-input":{"@type":"PropertyValueSpecification","valueRequired":true,"valueName":"search_term_string"}}],"inLanguage":"en-US"},{"@type":"Organization","@id":"https:\/\/versatecsystems.com\/en\/#organization","name":"Versatec Systems","alternateName":"Versatec","url":"https:\/\/versatecsystems.com\/en\/","logo":{"@type":"ImageObject","inLanguage":"en-US","@id":"https:\/\/versatecsystems.com\/en\/#\/schema\/logo\/image\/","url":"https:\/\/versatecsystems.com\/wp-content\/uploads\/2026\/01\/just-v-scaled.png","contentUrl":"https:\/\/versatecsystems.com\/wp-content\/uploads\/2026\/01\/just-v-scaled.png","width":2560,"height":853,"caption":"Versatec Systems"},"image":{"@id":"https:\/\/versatecsystems.com\/en\/#\/schema\/logo\/image\/"}}]}},"_links":{"self":[{"href":"https:\/\/versatecsystems.com\/en\/wp-json\/wp\/v2\/product\/5115","targetHints":{"allow":["GET"]}}],"collection":[{"href":"https:\/\/versatecsystems.com\/en\/wp-json\/wp\/v2\/product"}],"about":[{"href":"https:\/\/versatecsystems.com\/en\/wp-json\/wp\/v2\/types\/product"}],"wp:featuredmedia":[{"embeddable":true,"href":"https:\/\/versatecsystems.com\/en\/wp-json\/wp\/v2\/media\/5116"}],"wp:attachment":[{"href":"https:\/\/versatecsystems.com\/en\/wp-json\/wp\/v2\/media?parent=5115"}],"wp:term":[{"taxonomy":"product_brand","embeddable":true,"href":"https:\/\/versatecsystems.com\/en\/wp-json\/wp\/v2\/product_brand?post=5115"},{"taxonomy":"product_cat","embeddable":true,"href":"https:\/\/versatecsystems.com\/en\/wp-json\/wp\/v2\/product_cat?post=5115"},{"taxonomy":"product_tag","embeddable":true,"href":"https:\/\/versatecsystems.com\/en\/wp-json\/wp\/v2\/product_tag?post=5115"},{"taxonomy":"branches","embeddable":true,"href":"https:\/\/versatecsystems.com\/en\/wp-json\/wp\/v2\/branches?post=5115"}],"curies":[{"name":"wp","href":"https:\/\/api.w.org\/{rel}","templated":true}]}}