{"id":5109,"date":"2026-01-04T20:32:27","date_gmt":"2026-01-04T20:32:27","guid":{"rendered":"https:\/\/versatecsystems.com\/produkt\/bramka-automatycznej-kontroli-self-boarding-m3620ab\/"},"modified":"2026-02-03T15:28:19","modified_gmt":"2026-02-03T15:28:19","slug":"automated-self-boarding-gate-m3620ab","status":"publish","type":"product","link":"https:\/\/versatecsystems.com\/en\/produkt\/automated-self-boarding-gate-m3620ab\/","title":{"rendered":"Automated Self-boarding Gate M3620AB"},"content":{"rendered":"<p><strong>Functions &amp; Features<\/strong><\/p>\n<p>\uf06c 1\u3001Reasonable and reliable design, low noise, smooth operation and long service life\uff1b<br \/>\n\uf06c 2\u3001With functions of anti-tail, anti-reverse pass and so on;<br \/>\n\uf06c 3\u3001Card can be set &#8220;with memory&#8221; or &#8220;without memory&#8221; functions;<br \/>\n\uf06c 4\u3001With automatic reset function, i.e. after having access to the gate, the gate automatically restores to the<br \/>\nlocked state if not pass within the time set;<br \/>\n\uf06c 5\u3001With infrared anti-clip function (anti-clip when gate is open or running);<br \/>\n\uf06c 6\u3001Compatible with IC, ID card, scanning and face recognition,etc.<br \/>\n\uf06c 7\u3001Two modes of operation are available: open or closed.<br \/>\n\uf06c 8\u3001Various working modes are available, including two-way card reading and one-way card reading,etc.<\/p>\n<p><strong>Parametry technicze<\/strong><\/p>\n<table style=\"height: 1494px;\" width=\"798\">\n<tbody>\n<tr>\n<td width=\"128\"><strong>Size<\/strong><\/td>\n<td colspan=\"2\" width=\"359\"><strong>3200*210*1020\uff08mm\uff09<\/strong><\/td>\n<td width=\"176\"><\/td>\n<\/tr>\n<tr>\n<td rowspan=\"4\" width=\"128\">&nbsp;<\/p>\n<p>&nbsp;<\/p>\n<p><strong>Chassis<\/strong><\/td>\n<td width=\"122\"><strong>Description<\/strong><\/td>\n<td width=\"238\"><strong>Norm<\/strong><\/td>\n<td width=\"176\"><strong>Model\/Brand<\/strong><\/td>\n<\/tr>\n<tr>\n<td width=\"122\">Top cover<\/td>\n<td width=\"238\">2.0mm<\/td>\n<td width=\"176\">cold roller with power<\/p>\n<p>coated<\/td>\n<\/tr>\n<tr>\n<td width=\"122\">Housing<\/td>\n<td width=\"238\">2.0mm<\/td>\n<td width=\"176\">cold roller with power coated<\/td>\n<\/tr>\n<tr>\n<td width=\"122\">Filling Panel<\/td>\n<td width=\"238\">10mm<\/td>\n<td width=\"176\">\/<\/td>\n<\/tr>\n<tr>\n<td rowspan=\"4\" width=\"128\">&nbsp;<\/p>\n<p><strong>Movement<\/strong><\/td>\n<td width=\"122\"><strong>Description<\/strong><\/td>\n<td width=\"238\"><strong>Norm<\/strong><\/td>\n<td width=\"176\"><strong>Model\/Brand<\/strong><\/td>\n<\/tr>\n<tr>\n<td width=\"122\">Mechanism<\/td>\n<td width=\"238\">Servo sliding gate<\/td>\n<td width=\"176\">\/<\/td>\n<\/tr>\n<tr>\n<td width=\"122\">Door panel<\/td>\n<td width=\"238\">10mm<\/td>\n<td width=\"176\">Transparent PC<\/td>\n<\/tr>\n<tr>\n<td width=\"122\">Pass Lane<\/td>\n<td width=\"238\">600-900mm<\/td>\n<td width=\"176\">Transparent PC<\/td>\n<\/tr>\n<tr>\n<td rowspan=\"6\" width=\"128\">&nbsp;<\/p>\n<p>&nbsp;<\/p>\n<p><strong>Electronic control<\/strong><\/td>\n<td width=\"122\"><strong>Description<\/strong><\/td>\n<td width=\"238\"><strong>Norm<\/strong><\/td>\n<td width=\"176\"><strong>Model\/Brand<\/strong><\/td>\n<\/tr>\n<tr>\n<td width=\"122\">Control board<\/td>\n<td width=\"238\">Servo standard board+AB linkage<\/td>\n<td width=\"176\">\/<\/td>\n<\/tr>\n<tr>\n<td width=\"122\">Motor<\/td>\n<td width=\"238\">Brushless servo 40:1 100W<\/td>\n<td width=\"176\">\/<\/td>\n<\/tr>\n<tr>\n<td width=\"122\">IR sensor<\/td>\n<td width=\"238\">Light Curtain 64 Points+20 pairs +3D<\/p>\n<p>Visual Module<\/td>\n<td width=\"176\">ZY+HND<\/td>\n<\/tr>\n<tr>\n<td width=\"122\">Air switch<\/td>\n<td width=\"238\">2P<\/td>\n<td width=\"176\">ZT<\/td>\n<\/tr>\n<tr>\n<td width=\"122\">Power supply<\/td>\n<td width=\"238\">24V 500W \/12V 150W<\/td>\n<td width=\"176\">MW<\/td>\n<\/tr>\n<tr>\n<td rowspan=\"3\" width=\"128\"><strong>Accessories<\/strong><\/td>\n<td width=\"122\"><strong>Description<\/strong><\/td>\n<td width=\"238\"><strong>Norm<\/strong><\/td>\n<td width=\"176\"><strong>Model\/Brand<\/strong><\/td>\n<\/tr>\n<tr>\n<td width=\"122\">Connection cable<\/td>\n<td width=\"238\">5m<\/td>\n<td width=\"176\">2*1.0m \u33a1 RVV<\/td>\n<\/tr>\n<tr>\n<td width=\"122\">Network cable<\/td>\n<td width=\"238\">5m<\/td>\n<td width=\"176\">Both ends with crystal tips<\/td>\n<\/tr>\n<tr>\n<td rowspan=\"3\" width=\"128\"><strong>Package<\/strong><\/td>\n<td width=\"122\"><strong>Description<\/strong><\/td>\n<td width=\"238\"><strong>Norm<\/strong><\/td>\n<td width=\"176\"><strong>Model\/Brand<\/strong><\/td>\n<\/tr>\n<tr>\n<td width=\"122\">Pearl cotton<\/td>\n<td width=\"238\">Foam liner<\/td>\n<td width=\"176\">\/<\/td>\n<\/tr>\n<tr>\n<td width=\"122\">Cardboard box<\/td>\n<td width=\"238\">3260*270*1080<\/td>\n<td width=\"176\">Carton (inner dimensions)<\/td>\n<\/tr>\n<\/tbody>\n<\/table>\n<h3><\/h3>\n<h3><\/h3>\n<p>&nbsp;<\/p>\n<h3><\/h3>\n<p>&nbsp;<\/p>\n<h3><\/h3>\n<p>&nbsp;<\/p>\n","protected":false},"excerpt":{"rendered":"<p>The Self-Boarding Gate streamlines the passenger boarding process through advanced automation and biometric verification. It reduces wait times, minimizes staffing needs, and enhances airport security by ensuring accurate identity checks. Designed for high efficiency, it supports seamless, contactless access, improving passenger experience and operational flow. With real-time data integration and compatibility with existing airport systems, the self-boarding gate helps airlines maintain punctual departures while reducing human error. Its user-friendly interface and clear guidance ensure smooth operation for all age groups. Ideal for modern, smart airports aiming to boost efficiency, safety, and customer satisfaction.<\/p>\n","protected":false},"featured_media":5110,"template":"","meta":[],"product_brand":[],"product_cat":[357],"product_tag":[],"branches":[448,453],"class_list":{"0":"post-5109","1":"product","2":"type-product","3":"status-publish","4":"has-post-thumbnail","6":"product_cat-automated-control-gates-self-boarding","7":"branches-airports","8":"branches-transport","11":"instock","12":"shipping-taxable","13":"purchasable","14":"product-type-simple","15":"product-grid-view"},"yoast_head":"<!-- This site is optimized with the Yoast SEO plugin v27.0 - https:\/\/yoast.com\/product\/yoast-seo-wordpress\/ -->\n<title>Automated Self-boarding Gate M3620AB - Versatec<\/title>\n<meta name=\"robots\" content=\"index, follow, max-snippet:-1, max-image-preview:large, max-video-preview:-1\" \/>\n<link rel=\"canonical\" href=\"https:\/\/versatecsystems.com\/en\/produkt\/automated-self-boarding-gate-m3620ab\/\" \/>\n<meta property=\"og:locale\" content=\"en_US\" \/>\n<meta property=\"og:type\" content=\"article\" \/>\n<meta property=\"og:title\" content=\"Automated Self-boarding Gate M3620AB - Versatec\" \/>\n<meta property=\"og:description\" content=\"The Self-Boarding Gate streamlines the passenger boarding process through advanced automation and biometric verification. It reduces wait times, minimizes staffing needs, and enhances airport security by ensuring accurate identity checks. Designed for high efficiency, it supports seamless, contactless access, improving passenger experience and operational flow. With real-time data integration and compatibility with existing airport systems, the self-boarding gate helps airlines maintain punctual departures while reducing human error. Its user-friendly interface and clear guidance ensure smooth operation for all age groups. Ideal for modern, smart airports aiming to boost efficiency, safety, and customer satisfaction.\" \/>\n<meta property=\"og:url\" content=\"https:\/\/versatecsystems.com\/en\/produkt\/automated-self-boarding-gate-m3620ab\/\" \/>\n<meta property=\"og:site_name\" content=\"Versatec\" \/>\n<meta property=\"article:modified_time\" content=\"2026-02-03T15:28:19+00:00\" \/>\n<meta property=\"og:image\" content=\"https:\/\/versatecsystems.com\/wp-content\/uploads\/2026\/01\/M3620-AB-1-scaled.jpg\" \/>\n\t<meta property=\"og:image:width\" content=\"2560\" \/>\n\t<meta property=\"og:image:height\" content=\"1439\" \/>\n\t<meta property=\"og:image:type\" content=\"image\/jpeg\" \/>\n<meta name=\"twitter:card\" content=\"summary_large_image\" \/>\n<meta name=\"twitter:label1\" content=\"Est. reading time\" \/>\n\t<meta name=\"twitter:data1\" content=\"1 minute\" \/>\n<script type=\"application\/ld+json\" class=\"yoast-schema-graph\">{\"@context\":\"https:\/\/schema.org\",\"@graph\":[{\"@type\":\"WebPage\",\"@id\":\"https:\/\/versatecsystems.com\/en\/produkt\/automated-self-boarding-gate-m3620ab\/\",\"url\":\"https:\/\/versatecsystems.com\/en\/produkt\/automated-self-boarding-gate-m3620ab\/\",\"name\":\"Automated Self-boarding Gate M3620AB - Versatec\",\"isPartOf\":{\"@id\":\"https:\/\/versatecsystems.com\/en\/#website\"},\"primaryImageOfPage\":{\"@id\":\"https:\/\/versatecsystems.com\/en\/produkt\/automated-self-boarding-gate-m3620ab\/#primaryimage\"},\"image\":{\"@id\":\"https:\/\/versatecsystems.com\/en\/produkt\/automated-self-boarding-gate-m3620ab\/#primaryimage\"},\"thumbnailUrl\":\"https:\/\/versatecsystems.com\/wp-content\/uploads\/2026\/01\/M3620-AB-1-scaled.jpg\",\"datePublished\":\"2026-01-04T20:32:27+00:00\",\"dateModified\":\"2026-02-03T15:28:19+00:00\",\"breadcrumb\":{\"@id\":\"https:\/\/versatecsystems.com\/en\/produkt\/automated-self-boarding-gate-m3620ab\/#breadcrumb\"},\"inLanguage\":\"en-US\",\"potentialAction\":[{\"@type\":\"ReadAction\",\"target\":[\"https:\/\/versatecsystems.com\/en\/produkt\/automated-self-boarding-gate-m3620ab\/\"]}]},{\"@type\":\"ImageObject\",\"inLanguage\":\"en-US\",\"@id\":\"https:\/\/versatecsystems.com\/en\/produkt\/automated-self-boarding-gate-m3620ab\/#primaryimage\",\"url\":\"https:\/\/versatecsystems.com\/wp-content\/uploads\/2026\/01\/M3620-AB-1-scaled.jpg\",\"contentUrl\":\"https:\/\/versatecsystems.com\/wp-content\/uploads\/2026\/01\/M3620-AB-1-scaled.jpg\",\"width\":2560,\"height\":1439},{\"@type\":\"BreadcrumbList\",\"@id\":\"https:\/\/versatecsystems.com\/en\/produkt\/automated-self-boarding-gate-m3620ab\/#breadcrumb\",\"itemListElement\":[{\"@type\":\"ListItem\",\"position\":1,\"name\":\"Strona g\u0142\u00f3wna\",\"item\":\"https:\/\/versatecsystems.com\/en\/\"},{\"@type\":\"ListItem\",\"position\":2,\"name\":\"Products\",\"item\":\"https:\/\/versatecsystems.com\/en\/products\/\"},{\"@type\":\"ListItem\",\"position\":3,\"name\":\"Automated Self-boarding Gate M3620AB\"}]},{\"@type\":\"WebSite\",\"@id\":\"https:\/\/versatecsystems.com\/en\/#website\",\"url\":\"https:\/\/versatecsystems.com\/en\/\",\"name\":\"Versatec Systems\",\"description\":\"Wyposa\u017cenie obiekt\u00f3w publicznych i przemys\u0142owych o potwierdzonej skuteczno\u015bci. Do\u015bwiadczony zesp\u00f3\u0142. Sprawdzone systemy. Efektywno\u015b\u0107 i niezawodno\u015b\u0107. Rozwi\u0105zania do zarz\u0105dzania ruchem ludzi, kontroli dost\u0119pu oraz organizacji przestrzeni w wymagaj\u0105cych \u015brodowiskach. Projektowane z my\u015bl\u0105 o lotniskach, dworcach kolejowych, budynkach u\u017cyteczno\u015bci publicznej, obiektach przemys\u0142owych oraz przestrzeniach zewn\u0119trznych.  Celem jest dostarczanie rozwi\u0105za\u0144, kt\u00f3re wspieraj\u0105 sprawne funkcjonowanie obiekt\u00f3w poprzez lepsz\u0105 organizacj\u0119, podniesienie poziomu bezpiecze\u0144stwa oraz wymierne korzy\u015bci operacyjne.\",\"publisher\":{\"@id\":\"https:\/\/versatecsystems.com\/en\/#organization\"},\"alternateName\":\"Versatec\",\"potentialAction\":[{\"@type\":\"SearchAction\",\"target\":{\"@type\":\"EntryPoint\",\"urlTemplate\":\"https:\/\/versatecsystems.com\/en\/?s={search_term_string}\"},\"query-input\":{\"@type\":\"PropertyValueSpecification\",\"valueRequired\":true,\"valueName\":\"search_term_string\"}}],\"inLanguage\":\"en-US\"},{\"@type\":\"Organization\",\"@id\":\"https:\/\/versatecsystems.com\/en\/#organization\",\"name\":\"Versatec Systems\",\"alternateName\":\"Versatec\",\"url\":\"https:\/\/versatecsystems.com\/en\/\",\"logo\":{\"@type\":\"ImageObject\",\"inLanguage\":\"en-US\",\"@id\":\"https:\/\/versatecsystems.com\/en\/#\/schema\/logo\/image\/\",\"url\":\"https:\/\/versatecsystems.com\/wp-content\/uploads\/2026\/01\/just-v-scaled.png\",\"contentUrl\":\"https:\/\/versatecsystems.com\/wp-content\/uploads\/2026\/01\/just-v-scaled.png\",\"width\":2560,\"height\":853,\"caption\":\"Versatec Systems\"},\"image\":{\"@id\":\"https:\/\/versatecsystems.com\/en\/#\/schema\/logo\/image\/\"}}]}<\/script>\n<!-- \/ Yoast SEO plugin. -->","yoast_head_json":{"title":"Automated Self-boarding Gate M3620AB - Versatec","robots":{"index":"index","follow":"follow","max-snippet":"max-snippet:-1","max-image-preview":"max-image-preview:large","max-video-preview":"max-video-preview:-1"},"canonical":"https:\/\/versatecsystems.com\/en\/produkt\/automated-self-boarding-gate-m3620ab\/","og_locale":"en_US","og_type":"article","og_title":"Automated Self-boarding Gate M3620AB - Versatec","og_description":"The Self-Boarding Gate streamlines the passenger boarding process through advanced automation and biometric verification. It reduces wait times, minimizes staffing needs, and enhances airport security by ensuring accurate identity checks. Designed for high efficiency, it supports seamless, contactless access, improving passenger experience and operational flow. With real-time data integration and compatibility with existing airport systems, the self-boarding gate helps airlines maintain punctual departures while reducing human error. Its user-friendly interface and clear guidance ensure smooth operation for all age groups. Ideal for modern, smart airports aiming to boost efficiency, safety, and customer satisfaction.","og_url":"https:\/\/versatecsystems.com\/en\/produkt\/automated-self-boarding-gate-m3620ab\/","og_site_name":"Versatec","article_modified_time":"2026-02-03T15:28:19+00:00","og_image":[{"width":2560,"height":1439,"url":"https:\/\/versatecsystems.com\/wp-content\/uploads\/2026\/01\/M3620-AB-1-scaled.jpg","type":"image\/jpeg"}],"twitter_card":"summary_large_image","twitter_misc":{"Est. reading time":"1 minute"},"schema":{"@context":"https:\/\/schema.org","@graph":[{"@type":"WebPage","@id":"https:\/\/versatecsystems.com\/en\/produkt\/automated-self-boarding-gate-m3620ab\/","url":"https:\/\/versatecsystems.com\/en\/produkt\/automated-self-boarding-gate-m3620ab\/","name":"Automated Self-boarding Gate M3620AB - Versatec","isPartOf":{"@id":"https:\/\/versatecsystems.com\/en\/#website"},"primaryImageOfPage":{"@id":"https:\/\/versatecsystems.com\/en\/produkt\/automated-self-boarding-gate-m3620ab\/#primaryimage"},"image":{"@id":"https:\/\/versatecsystems.com\/en\/produkt\/automated-self-boarding-gate-m3620ab\/#primaryimage"},"thumbnailUrl":"https:\/\/versatecsystems.com\/wp-content\/uploads\/2026\/01\/M3620-AB-1-scaled.jpg","datePublished":"2026-01-04T20:32:27+00:00","dateModified":"2026-02-03T15:28:19+00:00","breadcrumb":{"@id":"https:\/\/versatecsystems.com\/en\/produkt\/automated-self-boarding-gate-m3620ab\/#breadcrumb"},"inLanguage":"en-US","potentialAction":[{"@type":"ReadAction","target":["https:\/\/versatecsystems.com\/en\/produkt\/automated-self-boarding-gate-m3620ab\/"]}]},{"@type":"ImageObject","inLanguage":"en-US","@id":"https:\/\/versatecsystems.com\/en\/produkt\/automated-self-boarding-gate-m3620ab\/#primaryimage","url":"https:\/\/versatecsystems.com\/wp-content\/uploads\/2026\/01\/M3620-AB-1-scaled.jpg","contentUrl":"https:\/\/versatecsystems.com\/wp-content\/uploads\/2026\/01\/M3620-AB-1-scaled.jpg","width":2560,"height":1439},{"@type":"BreadcrumbList","@id":"https:\/\/versatecsystems.com\/en\/produkt\/automated-self-boarding-gate-m3620ab\/#breadcrumb","itemListElement":[{"@type":"ListItem","position":1,"name":"Strona g\u0142\u00f3wna","item":"https:\/\/versatecsystems.com\/en\/"},{"@type":"ListItem","position":2,"name":"Products","item":"https:\/\/versatecsystems.com\/en\/products\/"},{"@type":"ListItem","position":3,"name":"Automated Self-boarding Gate M3620AB"}]},{"@type":"WebSite","@id":"https:\/\/versatecsystems.com\/en\/#website","url":"https:\/\/versatecsystems.com\/en\/","name":"Versatec Systems","description":"Wyposa\u017cenie obiekt\u00f3w publicznych i przemys\u0142owych o potwierdzonej skuteczno\u015bci. Do\u015bwiadczony zesp\u00f3\u0142. Sprawdzone systemy. Efektywno\u015b\u0107 i niezawodno\u015b\u0107. Rozwi\u0105zania do zarz\u0105dzania ruchem ludzi, kontroli dost\u0119pu oraz organizacji przestrzeni w wymagaj\u0105cych \u015brodowiskach. Projektowane z my\u015bl\u0105 o lotniskach, dworcach kolejowych, budynkach u\u017cyteczno\u015bci publicznej, obiektach przemys\u0142owych oraz przestrzeniach zewn\u0119trznych.  Celem jest dostarczanie rozwi\u0105za\u0144, kt\u00f3re wspieraj\u0105 sprawne funkcjonowanie obiekt\u00f3w poprzez lepsz\u0105 organizacj\u0119, podniesienie poziomu bezpiecze\u0144stwa oraz wymierne korzy\u015bci operacyjne.","publisher":{"@id":"https:\/\/versatecsystems.com\/en\/#organization"},"alternateName":"Versatec","potentialAction":[{"@type":"SearchAction","target":{"@type":"EntryPoint","urlTemplate":"https:\/\/versatecsystems.com\/en\/?s={search_term_string}"},"query-input":{"@type":"PropertyValueSpecification","valueRequired":true,"valueName":"search_term_string"}}],"inLanguage":"en-US"},{"@type":"Organization","@id":"https:\/\/versatecsystems.com\/en\/#organization","name":"Versatec Systems","alternateName":"Versatec","url":"https:\/\/versatecsystems.com\/en\/","logo":{"@type":"ImageObject","inLanguage":"en-US","@id":"https:\/\/versatecsystems.com\/en\/#\/schema\/logo\/image\/","url":"https:\/\/versatecsystems.com\/wp-content\/uploads\/2026\/01\/just-v-scaled.png","contentUrl":"https:\/\/versatecsystems.com\/wp-content\/uploads\/2026\/01\/just-v-scaled.png","width":2560,"height":853,"caption":"Versatec Systems"},"image":{"@id":"https:\/\/versatecsystems.com\/en\/#\/schema\/logo\/image\/"}}]}},"_links":{"self":[{"href":"https:\/\/versatecsystems.com\/en\/wp-json\/wp\/v2\/product\/5109","targetHints":{"allow":["GET"]}}],"collection":[{"href":"https:\/\/versatecsystems.com\/en\/wp-json\/wp\/v2\/product"}],"about":[{"href":"https:\/\/versatecsystems.com\/en\/wp-json\/wp\/v2\/types\/product"}],"wp:featuredmedia":[{"embeddable":true,"href":"https:\/\/versatecsystems.com\/en\/wp-json\/wp\/v2\/media\/5110"}],"wp:attachment":[{"href":"https:\/\/versatecsystems.com\/en\/wp-json\/wp\/v2\/media?parent=5109"}],"wp:term":[{"taxonomy":"product_brand","embeddable":true,"href":"https:\/\/versatecsystems.com\/en\/wp-json\/wp\/v2\/product_brand?post=5109"},{"taxonomy":"product_cat","embeddable":true,"href":"https:\/\/versatecsystems.com\/en\/wp-json\/wp\/v2\/product_cat?post=5109"},{"taxonomy":"product_tag","embeddable":true,"href":"https:\/\/versatecsystems.com\/en\/wp-json\/wp\/v2\/product_tag?post=5109"},{"taxonomy":"branches","embeddable":true,"href":"https:\/\/versatecsystems.com\/en\/wp-json\/wp\/v2\/branches?post=5109"}],"curies":[{"name":"wp","href":"https:\/\/api.w.org\/{rel}","templated":true}]}}