{"id":5107,"date":"2026-01-04T20:44:32","date_gmt":"2026-01-04T20:44:32","guid":{"rendered":"https:\/\/versatecsystems.com\/produkt\/bramka-automatycznej-kontroli-self-boarding-m3621\/"},"modified":"2026-02-03T15:30:08","modified_gmt":"2026-02-03T15:30:08","slug":"automated-self-boarding-gate-m3621","status":"publish","type":"product","link":"https:\/\/versatecsystems.com\/en\/produkt\/automated-self-boarding-gate-m3621\/","title":{"rendered":"Automated Self-boarding Gate M3621"},"content":{"rendered":"<p><strong>Functions &amp; Features \u00a0\u00a0<\/strong><\/p>\n<p>\uf06c 1\u3001Reasonable and reliable design, low noise, smooth operation and long service life\uff1b<br \/>\n\uf06c 2\u3001With functions of anti-tail, anti-reverse pass and so on;<br \/>\n\uf06c 3\u3001Card can be set &#8220;with memory&#8221; or &#8220;without memory&#8221; functions;<br \/>\n\uf06c 4\u3001With automatic reset function, i.e. after having access to the gate, the gate automatically restores to the<br \/>\nlocked state if not pass within the time set;<br \/>\n\uf06c 5\u3001With infrared anti-clip function (anti-clip when gate is open or running);<br \/>\n\uf06c 6\u3001Compatible with IC, ID card, scanning and face recognition,etc.<br \/>\n\uf06c 7\u3001Two modes of operation are available: open or closed.<br \/>\n\uf06c 8\u3001Various working modes are available, including two-way card reading and one-way card reading,etc.<\/p>\n<p><strong>Parameter<\/strong><\/p>\n<table style=\"height: 1463px;\" width=\"783\">\n<tbody>\n<tr>\n<td width=\"128\"><strong>Size<\/strong><\/td>\n<td colspan=\"2\" width=\"359\"><\/td>\n<td width=\"176\"><\/td>\n<\/tr>\n<tr>\n<td rowspan=\"4\" width=\"128\">&nbsp;<\/p>\n<p>&nbsp;<\/p>\n<p><strong>Chassis<\/strong><\/td>\n<td width=\"122\"><strong>Description<\/strong><\/td>\n<td width=\"238\"><strong>Norm<\/strong><\/td>\n<td width=\"176\"><strong>Model\/Brand<\/strong><\/td>\n<\/tr>\n<tr>\n<td width=\"122\">Top cover<\/td>\n<td width=\"238\">2.0mm<\/td>\n<td width=\"176\">cold roller with power<\/p>\n<p>coated<\/td>\n<\/tr>\n<tr>\n<td width=\"122\">Housing<\/td>\n<td width=\"238\">2.0mm<\/td>\n<td width=\"176\">cold roller with power coated<\/td>\n<\/tr>\n<tr>\n<td width=\"122\">Filling Panel<\/td>\n<td width=\"238\">10mm<\/td>\n<td width=\"176\">\/<\/td>\n<\/tr>\n<tr>\n<td rowspan=\"4\" width=\"128\">&nbsp;<\/p>\n<p><strong>Movement<\/strong><\/td>\n<td width=\"122\"><strong>Description<\/strong><\/td>\n<td width=\"238\"><strong>Norm<\/strong><\/td>\n<td width=\"176\"><strong>Model\/Brand<\/strong><\/td>\n<\/tr>\n<tr>\n<td width=\"122\">Mechanism<\/td>\n<td width=\"238\">Servo Speedway<\/td>\n<td width=\"176\">\/<\/td>\n<\/tr>\n<tr>\n<td width=\"122\">Door panel<\/td>\n<td width=\"238\">10mm<\/td>\n<td width=\"176\"><\/td>\n<\/tr>\n<tr>\n<td width=\"122\">Pass Lane<\/td>\n<td width=\"238\">600-900mm<\/td>\n<td width=\"176\"><\/td>\n<\/tr>\n<tr>\n<td rowspan=\"6\" width=\"128\">&nbsp;<\/p>\n<p>&nbsp;<\/p>\n<p><strong>Electronic control<\/strong><\/td>\n<td width=\"122\"><strong>Description<\/strong><\/td>\n<td width=\"238\"><strong>Norm<\/strong><\/td>\n<td width=\"176\"><strong>Model\/Brand<\/strong><\/td>\n<\/tr>\n<tr>\n<td width=\"122\">Control board<\/td>\n<td width=\"238\">Servo standard board + driver board +<\/p>\n<p>logic board<\/td>\n<td width=\"176\">\/<\/td>\n<\/tr>\n<tr>\n<td width=\"122\">Motor<\/td>\n<td width=\"238\">Brushless servo 40:1 100W<\/td>\n<td width=\"176\">\/<\/td>\n<\/tr>\n<tr>\n<td width=\"122\">IR sensor<\/td>\n<td width=\"238\">Light Curtain 64 Points<\/td>\n<td width=\"176\"><\/td>\n<\/tr>\n<tr>\n<td width=\"122\">Air switch<\/td>\n<td width=\"238\">2P<\/td>\n<td width=\"176\"><\/td>\n<\/tr>\n<tr>\n<td width=\"122\">Power supply<\/td>\n<td width=\"238\">24V 500W \/12V 150W\/12V 3A<\/td>\n<td width=\"176\"><\/td>\n<\/tr>\n<tr>\n<td rowspan=\"3\" width=\"128\"><strong>Accessories<\/strong><\/td>\n<td width=\"122\"><strong>Description<\/strong><\/td>\n<td width=\"238\"><strong>Norm<\/strong><\/td>\n<td width=\"176\"><strong>Model\/Brand<\/strong><\/td>\n<\/tr>\n<tr>\n<td width=\"122\">Connection cable<\/td>\n<td width=\"238\">5m<\/td>\n<td width=\"176\">2*1.0m \u33a1 RVV<\/td>\n<\/tr>\n<tr>\n<td width=\"122\">Network cable<\/td>\n<td width=\"238\">5m<\/td>\n<td width=\"176\">Both ends with crystal tips<\/td>\n<\/tr>\n<tr>\n<td rowspan=\"3\" width=\"128\"><strong>Package<\/strong><\/td>\n<td width=\"122\"><strong>Description<\/strong><\/td>\n<td width=\"238\"><strong>Norm<\/strong><\/td>\n<td width=\"176\"><strong>Model\/Brand<\/strong><\/td>\n<\/tr>\n<tr>\n<td width=\"122\">Pearl cotton<\/td>\n<td width=\"238\">Foam liner<\/td>\n<td width=\"176\">\/<\/td>\n<\/tr>\n<tr>\n<td width=\"122\">Cardboard box<\/td>\n<td width=\"238\">1860*270*1080<\/td>\n<td width=\"176\">Carton (inner dimensions)<\/td>\n<\/tr>\n<\/tbody>\n<\/table>\n<p>&nbsp;<\/p>\n<p>&nbsp;<\/p>\n<p>&nbsp;<\/p>\n<p>&nbsp;<\/p>\n<p>&nbsp;<\/p>\n<p>&nbsp;<\/p>\n<p>&nbsp;<\/p>\n","protected":false},"excerpt":{"rendered":"<p>Reasonable and reliable design, low noise, smooth operation and long service life. With functions of anti-tail, anti-reverse pass and so on. Card can be set &#8220;with memory&#8221; or &#8220;without memory&#8221; functions. With automatic reset function, i.e. after having access to the gate, the gate automatically restores to the locked state if not pass within the time set.<\/p>\n","protected":false},"featured_media":5108,"template":"","meta":[],"product_brand":[],"product_cat":[356,357],"product_tag":[],"branches":[448,453],"class_list":{"0":"post-5107","1":"product","2":"type-product","3":"status-publish","4":"has-post-thumbnail","6":"product_cat-access-control-entrance-gates","7":"product_cat-automated-control-gates-self-boarding","8":"branches-airports","9":"branches-transport","12":"instock","13":"shipping-taxable","14":"purchasable","15":"product-type-simple","16":"product-grid-view"},"yoast_head":"<!-- This site is optimized with the Yoast SEO plugin v27.0 - https:\/\/yoast.com\/product\/yoast-seo-wordpress\/ -->\n<title>Automated Self-boarding Gate M3621 - Versatec<\/title>\n<meta name=\"robots\" content=\"index, follow, max-snippet:-1, max-image-preview:large, max-video-preview:-1\" \/>\n<link rel=\"canonical\" href=\"https:\/\/versatecsystems.com\/en\/produkt\/automated-self-boarding-gate-m3621\/\" \/>\n<meta property=\"og:locale\" content=\"en_US\" \/>\n<meta property=\"og:type\" content=\"article\" \/>\n<meta property=\"og:title\" content=\"Automated Self-boarding Gate M3621 - Versatec\" \/>\n<meta property=\"og:description\" content=\"Reasonable and reliable design, low noise, smooth operation and long service life. With functions of anti-tail, anti-reverse pass and so on. Card can be set &quot;with memory&quot; or &quot;without memory&quot; functions. With automatic reset function, i.e. after having access to the gate, the gate automatically restores to the locked state if not pass within the time set.\" \/>\n<meta property=\"og:url\" content=\"https:\/\/versatecsystems.com\/en\/produkt\/automated-self-boarding-gate-m3621\/\" \/>\n<meta property=\"og:site_name\" content=\"Versatec\" \/>\n<meta property=\"article:modified_time\" content=\"2026-02-03T15:30:08+00:00\" \/>\n<meta property=\"og:image\" content=\"https:\/\/versatecsystems.com\/wp-content\/uploads\/2026\/01\/M3621-3-scaled.jpg\" \/>\n\t<meta property=\"og:image:width\" content=\"2560\" \/>\n\t<meta property=\"og:image:height\" content=\"1439\" \/>\n\t<meta property=\"og:image:type\" content=\"image\/jpeg\" \/>\n<meta name=\"twitter:card\" content=\"summary_large_image\" \/>\n<meta name=\"twitter:label1\" content=\"Est. reading time\" \/>\n\t<meta name=\"twitter:data1\" content=\"1 minute\" \/>\n<script type=\"application\/ld+json\" class=\"yoast-schema-graph\">{\"@context\":\"https:\/\/schema.org\",\"@graph\":[{\"@type\":\"WebPage\",\"@id\":\"https:\/\/versatecsystems.com\/en\/produkt\/automated-self-boarding-gate-m3621\/\",\"url\":\"https:\/\/versatecsystems.com\/en\/produkt\/automated-self-boarding-gate-m3621\/\",\"name\":\"Automated Self-boarding Gate M3621 - Versatec\",\"isPartOf\":{\"@id\":\"https:\/\/versatecsystems.com\/en\/#website\"},\"primaryImageOfPage\":{\"@id\":\"https:\/\/versatecsystems.com\/en\/produkt\/automated-self-boarding-gate-m3621\/#primaryimage\"},\"image\":{\"@id\":\"https:\/\/versatecsystems.com\/en\/produkt\/automated-self-boarding-gate-m3621\/#primaryimage\"},\"thumbnailUrl\":\"https:\/\/versatecsystems.com\/wp-content\/uploads\/2026\/01\/M3621-3-scaled.jpg\",\"datePublished\":\"2026-01-04T20:44:32+00:00\",\"dateModified\":\"2026-02-03T15:30:08+00:00\",\"breadcrumb\":{\"@id\":\"https:\/\/versatecsystems.com\/en\/produkt\/automated-self-boarding-gate-m3621\/#breadcrumb\"},\"inLanguage\":\"en-US\",\"potentialAction\":[{\"@type\":\"ReadAction\",\"target\":[\"https:\/\/versatecsystems.com\/en\/produkt\/automated-self-boarding-gate-m3621\/\"]}]},{\"@type\":\"ImageObject\",\"inLanguage\":\"en-US\",\"@id\":\"https:\/\/versatecsystems.com\/en\/produkt\/automated-self-boarding-gate-m3621\/#primaryimage\",\"url\":\"https:\/\/versatecsystems.com\/wp-content\/uploads\/2026\/01\/M3621-3-scaled.jpg\",\"contentUrl\":\"https:\/\/versatecsystems.com\/wp-content\/uploads\/2026\/01\/M3621-3-scaled.jpg\",\"width\":2560,\"height\":1439},{\"@type\":\"BreadcrumbList\",\"@id\":\"https:\/\/versatecsystems.com\/en\/produkt\/automated-self-boarding-gate-m3621\/#breadcrumb\",\"itemListElement\":[{\"@type\":\"ListItem\",\"position\":1,\"name\":\"Strona g\u0142\u00f3wna\",\"item\":\"https:\/\/versatecsystems.com\/en\/\"},{\"@type\":\"ListItem\",\"position\":2,\"name\":\"Products\",\"item\":\"https:\/\/versatecsystems.com\/en\/products\/\"},{\"@type\":\"ListItem\",\"position\":3,\"name\":\"Automated Self-boarding Gate M3621\"}]},{\"@type\":\"WebSite\",\"@id\":\"https:\/\/versatecsystems.com\/en\/#website\",\"url\":\"https:\/\/versatecsystems.com\/en\/\",\"name\":\"Versatec Systems\",\"description\":\"Wyposa\u017cenie obiekt\u00f3w publicznych i przemys\u0142owych o potwierdzonej skuteczno\u015bci. Do\u015bwiadczony zesp\u00f3\u0142. Sprawdzone systemy. Efektywno\u015b\u0107 i niezawodno\u015b\u0107. Rozwi\u0105zania do zarz\u0105dzania ruchem ludzi, kontroli dost\u0119pu oraz organizacji przestrzeni w wymagaj\u0105cych \u015brodowiskach. Projektowane z my\u015bl\u0105 o lotniskach, dworcach kolejowych, budynkach u\u017cyteczno\u015bci publicznej, obiektach przemys\u0142owych oraz przestrzeniach zewn\u0119trznych.  Celem jest dostarczanie rozwi\u0105za\u0144, kt\u00f3re wspieraj\u0105 sprawne funkcjonowanie obiekt\u00f3w poprzez lepsz\u0105 organizacj\u0119, podniesienie poziomu bezpiecze\u0144stwa oraz wymierne korzy\u015bci operacyjne.\",\"publisher\":{\"@id\":\"https:\/\/versatecsystems.com\/en\/#organization\"},\"alternateName\":\"Versatec\",\"potentialAction\":[{\"@type\":\"SearchAction\",\"target\":{\"@type\":\"EntryPoint\",\"urlTemplate\":\"https:\/\/versatecsystems.com\/en\/?s={search_term_string}\"},\"query-input\":{\"@type\":\"PropertyValueSpecification\",\"valueRequired\":true,\"valueName\":\"search_term_string\"}}],\"inLanguage\":\"en-US\"},{\"@type\":\"Organization\",\"@id\":\"https:\/\/versatecsystems.com\/en\/#organization\",\"name\":\"Versatec Systems\",\"alternateName\":\"Versatec\",\"url\":\"https:\/\/versatecsystems.com\/en\/\",\"logo\":{\"@type\":\"ImageObject\",\"inLanguage\":\"en-US\",\"@id\":\"https:\/\/versatecsystems.com\/en\/#\/schema\/logo\/image\/\",\"url\":\"https:\/\/versatecsystems.com\/wp-content\/uploads\/2026\/01\/just-v-scaled.png\",\"contentUrl\":\"https:\/\/versatecsystems.com\/wp-content\/uploads\/2026\/01\/just-v-scaled.png\",\"width\":2560,\"height\":853,\"caption\":\"Versatec Systems\"},\"image\":{\"@id\":\"https:\/\/versatecsystems.com\/en\/#\/schema\/logo\/image\/\"}}]}<\/script>\n<!-- \/ Yoast SEO plugin. -->","yoast_head_json":{"title":"Automated Self-boarding Gate M3621 - Versatec","robots":{"index":"index","follow":"follow","max-snippet":"max-snippet:-1","max-image-preview":"max-image-preview:large","max-video-preview":"max-video-preview:-1"},"canonical":"https:\/\/versatecsystems.com\/en\/produkt\/automated-self-boarding-gate-m3621\/","og_locale":"en_US","og_type":"article","og_title":"Automated Self-boarding Gate M3621 - Versatec","og_description":"Reasonable and reliable design, low noise, smooth operation and long service life. With functions of anti-tail, anti-reverse pass and so on. Card can be set \"with memory\" or \"without memory\" functions. With automatic reset function, i.e. after having access to the gate, the gate automatically restores to the locked state if not pass within the time set.","og_url":"https:\/\/versatecsystems.com\/en\/produkt\/automated-self-boarding-gate-m3621\/","og_site_name":"Versatec","article_modified_time":"2026-02-03T15:30:08+00:00","og_image":[{"width":2560,"height":1439,"url":"https:\/\/versatecsystems.com\/wp-content\/uploads\/2026\/01\/M3621-3-scaled.jpg","type":"image\/jpeg"}],"twitter_card":"summary_large_image","twitter_misc":{"Est. reading time":"1 minute"},"schema":{"@context":"https:\/\/schema.org","@graph":[{"@type":"WebPage","@id":"https:\/\/versatecsystems.com\/en\/produkt\/automated-self-boarding-gate-m3621\/","url":"https:\/\/versatecsystems.com\/en\/produkt\/automated-self-boarding-gate-m3621\/","name":"Automated Self-boarding Gate M3621 - Versatec","isPartOf":{"@id":"https:\/\/versatecsystems.com\/en\/#website"},"primaryImageOfPage":{"@id":"https:\/\/versatecsystems.com\/en\/produkt\/automated-self-boarding-gate-m3621\/#primaryimage"},"image":{"@id":"https:\/\/versatecsystems.com\/en\/produkt\/automated-self-boarding-gate-m3621\/#primaryimage"},"thumbnailUrl":"https:\/\/versatecsystems.com\/wp-content\/uploads\/2026\/01\/M3621-3-scaled.jpg","datePublished":"2026-01-04T20:44:32+00:00","dateModified":"2026-02-03T15:30:08+00:00","breadcrumb":{"@id":"https:\/\/versatecsystems.com\/en\/produkt\/automated-self-boarding-gate-m3621\/#breadcrumb"},"inLanguage":"en-US","potentialAction":[{"@type":"ReadAction","target":["https:\/\/versatecsystems.com\/en\/produkt\/automated-self-boarding-gate-m3621\/"]}]},{"@type":"ImageObject","inLanguage":"en-US","@id":"https:\/\/versatecsystems.com\/en\/produkt\/automated-self-boarding-gate-m3621\/#primaryimage","url":"https:\/\/versatecsystems.com\/wp-content\/uploads\/2026\/01\/M3621-3-scaled.jpg","contentUrl":"https:\/\/versatecsystems.com\/wp-content\/uploads\/2026\/01\/M3621-3-scaled.jpg","width":2560,"height":1439},{"@type":"BreadcrumbList","@id":"https:\/\/versatecsystems.com\/en\/produkt\/automated-self-boarding-gate-m3621\/#breadcrumb","itemListElement":[{"@type":"ListItem","position":1,"name":"Strona g\u0142\u00f3wna","item":"https:\/\/versatecsystems.com\/en\/"},{"@type":"ListItem","position":2,"name":"Products","item":"https:\/\/versatecsystems.com\/en\/products\/"},{"@type":"ListItem","position":3,"name":"Automated Self-boarding Gate M3621"}]},{"@type":"WebSite","@id":"https:\/\/versatecsystems.com\/en\/#website","url":"https:\/\/versatecsystems.com\/en\/","name":"Versatec Systems","description":"Wyposa\u017cenie obiekt\u00f3w publicznych i przemys\u0142owych o potwierdzonej skuteczno\u015bci. Do\u015bwiadczony zesp\u00f3\u0142. Sprawdzone systemy. Efektywno\u015b\u0107 i niezawodno\u015b\u0107. Rozwi\u0105zania do zarz\u0105dzania ruchem ludzi, kontroli dost\u0119pu oraz organizacji przestrzeni w wymagaj\u0105cych \u015brodowiskach. Projektowane z my\u015bl\u0105 o lotniskach, dworcach kolejowych, budynkach u\u017cyteczno\u015bci publicznej, obiektach przemys\u0142owych oraz przestrzeniach zewn\u0119trznych.  Celem jest dostarczanie rozwi\u0105za\u0144, kt\u00f3re wspieraj\u0105 sprawne funkcjonowanie obiekt\u00f3w poprzez lepsz\u0105 organizacj\u0119, podniesienie poziomu bezpiecze\u0144stwa oraz wymierne korzy\u015bci operacyjne.","publisher":{"@id":"https:\/\/versatecsystems.com\/en\/#organization"},"alternateName":"Versatec","potentialAction":[{"@type":"SearchAction","target":{"@type":"EntryPoint","urlTemplate":"https:\/\/versatecsystems.com\/en\/?s={search_term_string}"},"query-input":{"@type":"PropertyValueSpecification","valueRequired":true,"valueName":"search_term_string"}}],"inLanguage":"en-US"},{"@type":"Organization","@id":"https:\/\/versatecsystems.com\/en\/#organization","name":"Versatec Systems","alternateName":"Versatec","url":"https:\/\/versatecsystems.com\/en\/","logo":{"@type":"ImageObject","inLanguage":"en-US","@id":"https:\/\/versatecsystems.com\/en\/#\/schema\/logo\/image\/","url":"https:\/\/versatecsystems.com\/wp-content\/uploads\/2026\/01\/just-v-scaled.png","contentUrl":"https:\/\/versatecsystems.com\/wp-content\/uploads\/2026\/01\/just-v-scaled.png","width":2560,"height":853,"caption":"Versatec Systems"},"image":{"@id":"https:\/\/versatecsystems.com\/en\/#\/schema\/logo\/image\/"}}]}},"_links":{"self":[{"href":"https:\/\/versatecsystems.com\/en\/wp-json\/wp\/v2\/product\/5107","targetHints":{"allow":["GET"]}}],"collection":[{"href":"https:\/\/versatecsystems.com\/en\/wp-json\/wp\/v2\/product"}],"about":[{"href":"https:\/\/versatecsystems.com\/en\/wp-json\/wp\/v2\/types\/product"}],"wp:featuredmedia":[{"embeddable":true,"href":"https:\/\/versatecsystems.com\/en\/wp-json\/wp\/v2\/media\/5108"}],"wp:attachment":[{"href":"https:\/\/versatecsystems.com\/en\/wp-json\/wp\/v2\/media?parent=5107"}],"wp:term":[{"taxonomy":"product_brand","embeddable":true,"href":"https:\/\/versatecsystems.com\/en\/wp-json\/wp\/v2\/product_brand?post=5107"},{"taxonomy":"product_cat","embeddable":true,"href":"https:\/\/versatecsystems.com\/en\/wp-json\/wp\/v2\/product_cat?post=5107"},{"taxonomy":"product_tag","embeddable":true,"href":"https:\/\/versatecsystems.com\/en\/wp-json\/wp\/v2\/product_tag?post=5107"},{"taxonomy":"branches","embeddable":true,"href":"https:\/\/versatecsystems.com\/en\/wp-json\/wp\/v2\/branches?post=5107"}],"curies":[{"name":"wp","href":"https:\/\/api.w.org\/{rel}","templated":true}]}}