{"id":5101,"date":"2026-01-04T22:06:57","date_gmt":"2026-01-04T22:06:57","guid":{"rendered":"https:\/\/versatecsystems.com\/produkt\/bramka-uchylna-na-slupku-ze-stali-nierdzewnej-z318\/"},"modified":"2026-02-03T13:40:59","modified_gmt":"2026-02-03T13:40:59","slug":"pillar-swing-turnstile-gate-stal-nierdzewna-z318","status":"publish","type":"product","link":"https:\/\/versatecsystems.com\/en\/produkt\/pillar-swing-turnstile-gate-stal-nierdzewna-z318\/","title":{"rendered":"Pillar Swing Turnstile Gate Stainless Steel Z318"},"content":{"rendered":"<p><strong>Functions &amp; Features<\/strong><\/p>\n<p>\uf06c 1\u3001Reasonable and reliable design, low noise, smooth operation and long service life\uff1b<br \/>\n\uf06c 2\u3001With function of opening doors automatically under power-off state to meet the need of fire-fighting passage\uff1b<br \/>\n\uf06c 3\u3001Card can be set &#8220;with memory&#8221; or &#8220;without memory&#8221; functions;<br \/>\n\uf06c 4\u3001With automatic reset function, i.e. after having access to the gate, the gate automatically restores to the locked state if not pass within the time set;<br \/>\n\uf06c 5\u3001With infrared anti-clip function (anti-clip when gate is open or running);<br \/>\n\uf06c 6\u3001Compatible with IC, ID card, scanning and face recognition,etc.<br \/>\n\uf06c 7\u3001Two modes of operation are available: open or closed.<br \/>\n\uf06c 8\u3001Various working modes are available, including two-way card reading and one-way card reading,etc.<\/p>\n<p><strong>Parameter<\/strong><\/p>\n<p>Size\uff08L*W*H) 168*168*1000mm<br \/>\nPass width 600-900mm<br \/>\nPower 50W<br \/>\nMaterial \u03b4=2.2mm SUS304 Round tube<br \/>\nBar Material SUS304+Green arrow<br \/>\nMovement Brushless Swing Gate movement<br \/>\nDrive Unit Brushless DC Motor 90K 40W<br \/>\nPower Supply 24V 150W<br \/>\nControl Unit Brushless control system<br \/>\nCommunication Interface Dry contact &amp; RS485<br \/>\nPass rate 35-50 persons\/minute<br \/>\nTemperature -20\u2103~+70\u2103<br \/>\nHumidity \u226490% No condensation<br \/>\nIP IP4X<br \/>\nEnvironment Indoor and outdoor (outdoor with canopy)<\/p>\n","protected":false},"excerpt":{"rendered":"<p>Reasonable and reliable design, low noise, smooth operation and long service life. With function of opening doors automatically under power-off state to meet the need of fire-fighting passage. Card can be set &#8220;with memory&#8221; or &#8220;without memory&#8221; functions. With automatic reset function, i.e. after having access to the gate, the gate automatically restores to the locked state if not pass within the time set.<\/p>\n","protected":false},"featured_media":5102,"template":"","meta":[],"product_brand":[],"product_cat":[356,362],"product_tag":[],"branches":[448,445,452,446,443,444,450,451,454,453],"class_list":{"0":"post-5101","1":"product","2":"type-product","3":"status-publish","4":"has-post-thumbnail","6":"product_cat-access-control-entrance-gates","7":"product_cat-swing-gates","8":"branches-airports","9":"branches-education","10":"branches-healthcare","11":"branches-hospitality-and-gastronomy","12":"branches-office-buildings","13":"branches-public-facilities","14":"branches-shops-and-shopping-centers","15":"branches-sport-and-events","16":"branches-tourism-and-entertainment","17":"branches-transport","20":"instock","21":"shipping-taxable","22":"purchasable","23":"product-type-simple","24":"product-grid-view"},"yoast_head":"<!-- This site is optimized with the Yoast SEO plugin v27.0 - https:\/\/yoast.com\/product\/yoast-seo-wordpress\/ -->\n<title>Pillar Swing Turnstile Gate Stainless Steel Z318 - Versatec<\/title>\n<meta name=\"robots\" content=\"index, follow, max-snippet:-1, max-image-preview:large, max-video-preview:-1\" \/>\n<link rel=\"canonical\" href=\"https:\/\/versatecsystems.com\/en\/produkt\/pillar-swing-turnstile-gate-stal-nierdzewna-z318\/\" \/>\n<meta property=\"og:locale\" content=\"en_US\" \/>\n<meta property=\"og:type\" content=\"article\" \/>\n<meta property=\"og:title\" content=\"Pillar Swing Turnstile Gate Stainless Steel Z318 - Versatec\" \/>\n<meta property=\"og:description\" content=\"Reasonable and reliable design, low noise, smooth operation and long service life. With function of opening doors automatically under power-off state to meet the need of fire-fighting passage. Card can be set &quot;with memory&quot; or &quot;without memory&quot; functions. With automatic reset function, i.e. after having access to the gate, the gate automatically restores to the locked state if not pass within the time set.\" \/>\n<meta property=\"og:url\" content=\"https:\/\/versatecsystems.com\/en\/produkt\/pillar-swing-turnstile-gate-stal-nierdzewna-z318\/\" \/>\n<meta property=\"og:site_name\" content=\"Versatec\" \/>\n<meta property=\"article:modified_time\" content=\"2026-02-03T13:40:59+00:00\" \/>\n<meta property=\"og:image\" content=\"https:\/\/versatecsystems.com\/wp-content\/uploads\/2026\/01\/Z318-5-scaled.png\" \/>\n\t<meta property=\"og:image:width\" content=\"2560\" \/>\n\t<meta property=\"og:image:height\" content=\"1439\" \/>\n\t<meta property=\"og:image:type\" content=\"image\/png\" \/>\n<meta name=\"twitter:card\" content=\"summary_large_image\" \/>\n<meta name=\"twitter:label1\" content=\"Est. reading time\" \/>\n\t<meta name=\"twitter:data1\" content=\"1 minute\" \/>\n<script type=\"application\/ld+json\" class=\"yoast-schema-graph\">{\"@context\":\"https:\/\/schema.org\",\"@graph\":[{\"@type\":\"WebPage\",\"@id\":\"https:\/\/versatecsystems.com\/en\/produkt\/pillar-swing-turnstile-gate-stal-nierdzewna-z318\/\",\"url\":\"https:\/\/versatecsystems.com\/en\/produkt\/pillar-swing-turnstile-gate-stal-nierdzewna-z318\/\",\"name\":\"Pillar Swing Turnstile Gate Stainless Steel Z318 - Versatec\",\"isPartOf\":{\"@id\":\"https:\/\/versatecsystems.com\/en\/#website\"},\"primaryImageOfPage\":{\"@id\":\"https:\/\/versatecsystems.com\/en\/produkt\/pillar-swing-turnstile-gate-stal-nierdzewna-z318\/#primaryimage\"},\"image\":{\"@id\":\"https:\/\/versatecsystems.com\/en\/produkt\/pillar-swing-turnstile-gate-stal-nierdzewna-z318\/#primaryimage\"},\"thumbnailUrl\":\"https:\/\/versatecsystems.com\/wp-content\/uploads\/2026\/01\/Z318-5-scaled.png\",\"datePublished\":\"2026-01-04T22:06:57+00:00\",\"dateModified\":\"2026-02-03T13:40:59+00:00\",\"breadcrumb\":{\"@id\":\"https:\/\/versatecsystems.com\/en\/produkt\/pillar-swing-turnstile-gate-stal-nierdzewna-z318\/#breadcrumb\"},\"inLanguage\":\"en-US\",\"potentialAction\":[{\"@type\":\"ReadAction\",\"target\":[\"https:\/\/versatecsystems.com\/en\/produkt\/pillar-swing-turnstile-gate-stal-nierdzewna-z318\/\"]}]},{\"@type\":\"ImageObject\",\"inLanguage\":\"en-US\",\"@id\":\"https:\/\/versatecsystems.com\/en\/produkt\/pillar-swing-turnstile-gate-stal-nierdzewna-z318\/#primaryimage\",\"url\":\"https:\/\/versatecsystems.com\/wp-content\/uploads\/2026\/01\/Z318-5-scaled.png\",\"contentUrl\":\"https:\/\/versatecsystems.com\/wp-content\/uploads\/2026\/01\/Z318-5-scaled.png\",\"width\":2560,\"height\":1439},{\"@type\":\"BreadcrumbList\",\"@id\":\"https:\/\/versatecsystems.com\/en\/produkt\/pillar-swing-turnstile-gate-stal-nierdzewna-z318\/#breadcrumb\",\"itemListElement\":[{\"@type\":\"ListItem\",\"position\":1,\"name\":\"Strona g\u0142\u00f3wna\",\"item\":\"https:\/\/versatecsystems.com\/en\/\"},{\"@type\":\"ListItem\",\"position\":2,\"name\":\"Products\",\"item\":\"https:\/\/versatecsystems.com\/en\/products\/\"},{\"@type\":\"ListItem\",\"position\":3,\"name\":\"Pillar Swing Turnstile Gate Stainless Steel Z318\"}]},{\"@type\":\"WebSite\",\"@id\":\"https:\/\/versatecsystems.com\/en\/#website\",\"url\":\"https:\/\/versatecsystems.com\/en\/\",\"name\":\"Versatec Systems\",\"description\":\"Wyposa\u017cenie obiekt\u00f3w publicznych i przemys\u0142owych o potwierdzonej skuteczno\u015bci. Do\u015bwiadczony zesp\u00f3\u0142. Sprawdzone systemy. Efektywno\u015b\u0107 i niezawodno\u015b\u0107. Rozwi\u0105zania do zarz\u0105dzania ruchem ludzi, kontroli dost\u0119pu oraz organizacji przestrzeni w wymagaj\u0105cych \u015brodowiskach. Projektowane z my\u015bl\u0105 o lotniskach, dworcach kolejowych, budynkach u\u017cyteczno\u015bci publicznej, obiektach przemys\u0142owych oraz przestrzeniach zewn\u0119trznych.  Celem jest dostarczanie rozwi\u0105za\u0144, kt\u00f3re wspieraj\u0105 sprawne funkcjonowanie obiekt\u00f3w poprzez lepsz\u0105 organizacj\u0119, podniesienie poziomu bezpiecze\u0144stwa oraz wymierne korzy\u015bci operacyjne.\",\"publisher\":{\"@id\":\"https:\/\/versatecsystems.com\/en\/#organization\"},\"alternateName\":\"Versatec\",\"potentialAction\":[{\"@type\":\"SearchAction\",\"target\":{\"@type\":\"EntryPoint\",\"urlTemplate\":\"https:\/\/versatecsystems.com\/en\/?s={search_term_string}\"},\"query-input\":{\"@type\":\"PropertyValueSpecification\",\"valueRequired\":true,\"valueName\":\"search_term_string\"}}],\"inLanguage\":\"en-US\"},{\"@type\":\"Organization\",\"@id\":\"https:\/\/versatecsystems.com\/en\/#organization\",\"name\":\"Versatec Systems\",\"alternateName\":\"Versatec\",\"url\":\"https:\/\/versatecsystems.com\/en\/\",\"logo\":{\"@type\":\"ImageObject\",\"inLanguage\":\"en-US\",\"@id\":\"https:\/\/versatecsystems.com\/en\/#\/schema\/logo\/image\/\",\"url\":\"https:\/\/versatecsystems.com\/wp-content\/uploads\/2026\/01\/just-v-scaled.png\",\"contentUrl\":\"https:\/\/versatecsystems.com\/wp-content\/uploads\/2026\/01\/just-v-scaled.png\",\"width\":2560,\"height\":853,\"caption\":\"Versatec Systems\"},\"image\":{\"@id\":\"https:\/\/versatecsystems.com\/en\/#\/schema\/logo\/image\/\"}}]}<\/script>\n<!-- \/ Yoast SEO plugin. -->","yoast_head_json":{"title":"Pillar Swing Turnstile Gate Stainless Steel Z318 - Versatec","robots":{"index":"index","follow":"follow","max-snippet":"max-snippet:-1","max-image-preview":"max-image-preview:large","max-video-preview":"max-video-preview:-1"},"canonical":"https:\/\/versatecsystems.com\/en\/produkt\/pillar-swing-turnstile-gate-stal-nierdzewna-z318\/","og_locale":"en_US","og_type":"article","og_title":"Pillar Swing Turnstile Gate Stainless Steel Z318 - Versatec","og_description":"Reasonable and reliable design, low noise, smooth operation and long service life. With function of opening doors automatically under power-off state to meet the need of fire-fighting passage. Card can be set \"with memory\" or \"without memory\" functions. With automatic reset function, i.e. after having access to the gate, the gate automatically restores to the locked state if not pass within the time set.","og_url":"https:\/\/versatecsystems.com\/en\/produkt\/pillar-swing-turnstile-gate-stal-nierdzewna-z318\/","og_site_name":"Versatec","article_modified_time":"2026-02-03T13:40:59+00:00","og_image":[{"width":2560,"height":1439,"url":"https:\/\/versatecsystems.com\/wp-content\/uploads\/2026\/01\/Z318-5-scaled.png","type":"image\/png"}],"twitter_card":"summary_large_image","twitter_misc":{"Est. reading time":"1 minute"},"schema":{"@context":"https:\/\/schema.org","@graph":[{"@type":"WebPage","@id":"https:\/\/versatecsystems.com\/en\/produkt\/pillar-swing-turnstile-gate-stal-nierdzewna-z318\/","url":"https:\/\/versatecsystems.com\/en\/produkt\/pillar-swing-turnstile-gate-stal-nierdzewna-z318\/","name":"Pillar Swing Turnstile Gate Stainless Steel Z318 - Versatec","isPartOf":{"@id":"https:\/\/versatecsystems.com\/en\/#website"},"primaryImageOfPage":{"@id":"https:\/\/versatecsystems.com\/en\/produkt\/pillar-swing-turnstile-gate-stal-nierdzewna-z318\/#primaryimage"},"image":{"@id":"https:\/\/versatecsystems.com\/en\/produkt\/pillar-swing-turnstile-gate-stal-nierdzewna-z318\/#primaryimage"},"thumbnailUrl":"https:\/\/versatecsystems.com\/wp-content\/uploads\/2026\/01\/Z318-5-scaled.png","datePublished":"2026-01-04T22:06:57+00:00","dateModified":"2026-02-03T13:40:59+00:00","breadcrumb":{"@id":"https:\/\/versatecsystems.com\/en\/produkt\/pillar-swing-turnstile-gate-stal-nierdzewna-z318\/#breadcrumb"},"inLanguage":"en-US","potentialAction":[{"@type":"ReadAction","target":["https:\/\/versatecsystems.com\/en\/produkt\/pillar-swing-turnstile-gate-stal-nierdzewna-z318\/"]}]},{"@type":"ImageObject","inLanguage":"en-US","@id":"https:\/\/versatecsystems.com\/en\/produkt\/pillar-swing-turnstile-gate-stal-nierdzewna-z318\/#primaryimage","url":"https:\/\/versatecsystems.com\/wp-content\/uploads\/2026\/01\/Z318-5-scaled.png","contentUrl":"https:\/\/versatecsystems.com\/wp-content\/uploads\/2026\/01\/Z318-5-scaled.png","width":2560,"height":1439},{"@type":"BreadcrumbList","@id":"https:\/\/versatecsystems.com\/en\/produkt\/pillar-swing-turnstile-gate-stal-nierdzewna-z318\/#breadcrumb","itemListElement":[{"@type":"ListItem","position":1,"name":"Strona g\u0142\u00f3wna","item":"https:\/\/versatecsystems.com\/en\/"},{"@type":"ListItem","position":2,"name":"Products","item":"https:\/\/versatecsystems.com\/en\/products\/"},{"@type":"ListItem","position":3,"name":"Pillar Swing Turnstile Gate Stainless Steel Z318"}]},{"@type":"WebSite","@id":"https:\/\/versatecsystems.com\/en\/#website","url":"https:\/\/versatecsystems.com\/en\/","name":"Versatec Systems","description":"Wyposa\u017cenie obiekt\u00f3w publicznych i przemys\u0142owych o potwierdzonej skuteczno\u015bci. Do\u015bwiadczony zesp\u00f3\u0142. Sprawdzone systemy. Efektywno\u015b\u0107 i niezawodno\u015b\u0107. Rozwi\u0105zania do zarz\u0105dzania ruchem ludzi, kontroli dost\u0119pu oraz organizacji przestrzeni w wymagaj\u0105cych \u015brodowiskach. Projektowane z my\u015bl\u0105 o lotniskach, dworcach kolejowych, budynkach u\u017cyteczno\u015bci publicznej, obiektach przemys\u0142owych oraz przestrzeniach zewn\u0119trznych.  Celem jest dostarczanie rozwi\u0105za\u0144, kt\u00f3re wspieraj\u0105 sprawne funkcjonowanie obiekt\u00f3w poprzez lepsz\u0105 organizacj\u0119, podniesienie poziomu bezpiecze\u0144stwa oraz wymierne korzy\u015bci operacyjne.","publisher":{"@id":"https:\/\/versatecsystems.com\/en\/#organization"},"alternateName":"Versatec","potentialAction":[{"@type":"SearchAction","target":{"@type":"EntryPoint","urlTemplate":"https:\/\/versatecsystems.com\/en\/?s={search_term_string}"},"query-input":{"@type":"PropertyValueSpecification","valueRequired":true,"valueName":"search_term_string"}}],"inLanguage":"en-US"},{"@type":"Organization","@id":"https:\/\/versatecsystems.com\/en\/#organization","name":"Versatec Systems","alternateName":"Versatec","url":"https:\/\/versatecsystems.com\/en\/","logo":{"@type":"ImageObject","inLanguage":"en-US","@id":"https:\/\/versatecsystems.com\/en\/#\/schema\/logo\/image\/","url":"https:\/\/versatecsystems.com\/wp-content\/uploads\/2026\/01\/just-v-scaled.png","contentUrl":"https:\/\/versatecsystems.com\/wp-content\/uploads\/2026\/01\/just-v-scaled.png","width":2560,"height":853,"caption":"Versatec Systems"},"image":{"@id":"https:\/\/versatecsystems.com\/en\/#\/schema\/logo\/image\/"}}]}},"_links":{"self":[{"href":"https:\/\/versatecsystems.com\/en\/wp-json\/wp\/v2\/product\/5101","targetHints":{"allow":["GET"]}}],"collection":[{"href":"https:\/\/versatecsystems.com\/en\/wp-json\/wp\/v2\/product"}],"about":[{"href":"https:\/\/versatecsystems.com\/en\/wp-json\/wp\/v2\/types\/product"}],"wp:featuredmedia":[{"embeddable":true,"href":"https:\/\/versatecsystems.com\/en\/wp-json\/wp\/v2\/media\/5102"}],"wp:attachment":[{"href":"https:\/\/versatecsystems.com\/en\/wp-json\/wp\/v2\/media?parent=5101"}],"wp:term":[{"taxonomy":"product_brand","embeddable":true,"href":"https:\/\/versatecsystems.com\/en\/wp-json\/wp\/v2\/product_brand?post=5101"},{"taxonomy":"product_cat","embeddable":true,"href":"https:\/\/versatecsystems.com\/en\/wp-json\/wp\/v2\/product_cat?post=5101"},{"taxonomy":"product_tag","embeddable":true,"href":"https:\/\/versatecsystems.com\/en\/wp-json\/wp\/v2\/product_tag?post=5101"},{"taxonomy":"branches","embeddable":true,"href":"https:\/\/versatecsystems.com\/en\/wp-json\/wp\/v2\/branches?post=5101"}],"curies":[{"name":"wp","href":"https:\/\/api.w.org\/{rel}","templated":true}]}}