{"id":5088,"date":"2026-01-15T11:53:38","date_gmt":"2026-01-15T11:53:38","guid":{"rendered":"https:\/\/versatecsystems.com\/produkt\/kaseta-scienna-z-podwojna-tasma-samozwijajaca-35m-versatec-flow-wall-dual-3-5\/"},"modified":"2026-02-03T15:52:45","modified_gmt":"2026-02-03T15:52:45","slug":"wall-unit-with-dual-belts-3-5-m-versatec-flow-wall-dual-3-5","status":"publish","type":"product","link":"https:\/\/versatecsystems.com\/en\/produkt\/wall-unit-with-dual-belts-3-5-m-versatec-flow-wall-dual-3-5\/","title":{"rendered":"Wall Unit with Dual Belts 3.5 m Versatec FLOW Wall Dual 3.5"},"content":{"rendered":"<p><span style=\"font-family: Times New Roman, serif;\"><span style=\"font-size: medium;\"><span lang=\"de-DE\">The Versatec FLOW Wall Dual 3.5 wall unit, equipped with two self-retracting belts, has been designed for use in commercial buildings, airports, public facilities as well as industrial environments such as production facilities, warehouses and logistics centres. It is commonly used to separate passages between warehouse racking, guide pedestrian walkways and secure work areas in accordance with applicable occupational health and safety regulations.<\/span><\/span><\/span><\/p>\n<p><span style=\"font-family: Times New Roman, serif;\"><span style=\"font-size: medium;\"><span lang=\"de-DE\">Wall mounting enables efficient use of the available space while allowing fast and flexible access and area management. The wall unit is equipped as standard with a patented braking system that ensures controlled retraction of both belts as well as automatic locking of the belt ends, increasing safety during daily operation.<\/span><\/span><\/span><\/p>\n<p><span style=\"font-family: Times New Roman, serif;\"><span style=\"font-size: medium;\"><span lang=\"de-DE\">A wide range of belt colours, housing variants and end fittings allows the system to be customised to specific operational and safety requirements.<\/span><\/span><\/span><\/p>\n<p><span style=\"font-family: Times New Roman, serif;\"><span style=\"font-size: medium;\"><span lang=\"de-DE\">Key features:<\/span><\/span><\/span><\/p>\n<ul>\n<li><span style=\"font-family: Times New Roman, serif;\"><span style=\"font-size: medium;\"><span lang=\"de-DE\">Two self-retracting belts for a particularly clear and stable physical barrier<\/span><\/span><\/span><\/li>\n<li><span style=\"font-family: Times New Roman, serif;\"><span style=\"font-size: medium;\"><span lang=\"de-DE\">Wall mounting via screw fixing; additional mounting options available depending on the surface: magnetic mounting or clamp fixing<\/span><\/span><\/span><\/li>\n<li><span style=\"font-family: Times New Roman, serif;\"><span style=\"font-size: medium;\"><span lang=\"de-DE\">Different belt end options: standard, magnetic, panic release, loop belt end with wire clip<\/span><\/span><\/span><\/li>\n<li><span style=\"font-family: Times New Roman, serif;\"><span style=\"font-size: medium;\"><span lang=\"de-DE\">High-quality retraction mechanism for optimal belt tension<\/span><\/span><\/span><\/li>\n<li><span style=\"font-family: Times New Roman, serif;\"><span style=\"font-size: medium;\"><span lang=\"de-DE\">Patented braking system for controlled and safe belt retraction<\/span><\/span><\/span><\/li>\n<li><span style=\"font-family: Times New Roman, serif;\"><span style=\"font-size: medium;\"><span lang=\"de-DE\">Automatic locking of the belt ends (standard end fitting)<\/span><\/span><\/span><\/li>\n<li><span style=\"font-family: Times New Roman, serif;\"><span style=\"font-size: medium;\"><span lang=\"de-DE\">Wide range of standard belt colours available<\/span><\/span><\/span><\/li>\n<li><span style=\"font-family: Times New Roman, serif;\"><span style=\"font-size: medium;\"><span lang=\"de-DE\">Custom belt colour production according to the Pantone\u00ae colour system<\/span><\/span><\/span><\/li>\n<li><span style=\"font-family: Times New Roman, serif;\"><span style=\"font-size: medium;\"><span lang=\"de-DE\">Housing colours available according to RAL on request, standard housing in black<\/span><\/span><\/span><\/li>\n<li><span style=\"font-family: Times New Roman, serif;\"><span style=\"font-size: medium;\"><span lang=\"de-DE\">Wall unit including metal wall clip for securing the belt ends<\/span><\/span><\/span><\/li>\n<\/ul>\n<p><span style=\"font-family: Times New Roman, serif;\"><span style=\"font-size: medium;\"><span lang=\"de-DE\">Technical data:<\/span><\/span><\/span><\/p>\n<ul>\n<li><span style=\"font-family: Times New Roman, serif;\"><span style=\"font-size: medium;\"><span lang=\"de-DE\">Material: powder-coated steel or stainless steel<\/span><\/span><\/span><\/li>\n<li><span style=\"font-family: Times New Roman, serif;\"><span style=\"font-size: medium;\"><span lang=\"de-DE\">Dimensions: 400 \u00d7 100 \u00d7 78 mm (H \u00d7 W \u00d7 D)<\/span><\/span><\/span><\/li>\n<li><span style=\"font-family: Times New Roman, serif;\"><span style=\"font-size: medium;\"><span lang=\"de-DE\">Belt length: 3.5 m (per belt)<\/span><\/span><\/span><\/li>\n<li><span style=\"font-family: Times New Roman, serif;\"><span style=\"font-size: medium;\"><span lang=\"de-DE\">Belt width: 50 mm \u00b12 mm<\/span><\/span><\/span><\/li>\n<li><span style=\"font-family: Times New Roman, serif;\"><span style=\"font-size: medium;\"><span lang=\"de-DE\">Net weight: approx. 1.6 kg<\/span><\/span><\/span><\/li>\n<\/ul>\n","protected":false},"excerpt":{"rendered":"<p>Wall unit equipped with two self-retracting belts offers a space-saving and flexible solution for the temporary separation of safety areas as well as for structuring access and work zones. Ideal for fast and efficient use in areas where floor space must remain free and a particularly clear physical barrier is required.<\/p>\n","protected":false},"featured_media":5090,"template":"","meta":[],"product_brand":[],"product_cat":[385,379,383,381],"product_tag":[],"branches":[448,449,444,450,454,453,447],"class_list":{"0":"post-5088","1":"product","2":"type-product","3":"status-publish","4":"has-post-thumbnail","6":"product_cat-aviation-and-public-transport","7":"product_cat-barrier-and-queuing-systems","8":"product_cat-hs-barrier-systems","9":"product_cat-wall-mounted-and-magnetic-belt-cassettes","10":"branches-airports","11":"branches-industry","12":"branches-public-facilities","13":"branches-shops-and-shopping-centers","14":"branches-tourism-and-entertainment","15":"branches-transport","16":"branches-warehouses","19":"instock","20":"shipping-taxable","21":"purchasable","22":"product-type-variable","23":"has-default-attributes","24":"product-grid-view"},"yoast_head":"<!-- This site is optimized with the Yoast SEO plugin v27.0 - https:\/\/yoast.com\/product\/yoast-seo-wordpress\/ -->\n<title>Wall Unit with Dual Belts 3.5 m Versatec FLOW Wall Dual 3.5 - Versatec<\/title>\n<meta name=\"robots\" content=\"index, follow, max-snippet:-1, max-image-preview:large, max-video-preview:-1\" \/>\n<link rel=\"canonical\" href=\"https:\/\/versatecsystems.com\/en\/produkt\/wall-unit-with-dual-belts-3-5-m-versatec-flow-wall-dual-3-5\/\" \/>\n<meta property=\"og:locale\" content=\"en_US\" \/>\n<meta property=\"og:type\" content=\"article\" \/>\n<meta property=\"og:title\" content=\"Wall Unit with Dual Belts 3.5 m Versatec FLOW Wall Dual 3.5 - Versatec\" \/>\n<meta property=\"og:description\" content=\"Wall unit equipped with two self-retracting belts offers a space-saving and flexible solution for the temporary separation of safety areas as well as for structuring access and work zones. Ideal for fast and efficient use in areas where floor space must remain free and a particularly clear physical barrier is required.\" \/>\n<meta property=\"og:url\" content=\"https:\/\/versatecsystems.com\/en\/produkt\/wall-unit-with-dual-belts-3-5-m-versatec-flow-wall-dual-3-5\/\" \/>\n<meta property=\"og:site_name\" content=\"Versatec\" \/>\n<meta property=\"article:modified_time\" content=\"2026-02-03T15:52:45+00:00\" \/>\n<meta property=\"og:image\" content=\"https:\/\/versatecsystems.com\/wp-content\/uploads\/2026\/01\/DWB-2-1.jpg\" \/>\n\t<meta property=\"og:image:width\" content=\"800\" \/>\n\t<meta property=\"og:image:height\" content=\"800\" \/>\n\t<meta property=\"og:image:type\" content=\"image\/jpeg\" \/>\n<meta name=\"twitter:card\" content=\"summary_large_image\" \/>\n<meta name=\"twitter:label1\" content=\"Est. reading time\" \/>\n\t<meta name=\"twitter:data1\" content=\"1 minute\" \/>\n<script type=\"application\/ld+json\" class=\"yoast-schema-graph\">{\"@context\":\"https:\/\/schema.org\",\"@graph\":[{\"@type\":\"WebPage\",\"@id\":\"https:\/\/versatecsystems.com\/en\/produkt\/wall-unit-with-dual-belts-3-5-m-versatec-flow-wall-dual-3-5\/\",\"url\":\"https:\/\/versatecsystems.com\/en\/produkt\/wall-unit-with-dual-belts-3-5-m-versatec-flow-wall-dual-3-5\/\",\"name\":\"Wall Unit with Dual Belts 3.5 m Versatec FLOW Wall Dual 3.5 - Versatec\",\"isPartOf\":{\"@id\":\"https:\/\/versatecsystems.com\/en\/#website\"},\"primaryImageOfPage\":{\"@id\":\"https:\/\/versatecsystems.com\/en\/produkt\/wall-unit-with-dual-belts-3-5-m-versatec-flow-wall-dual-3-5\/#primaryimage\"},\"image\":{\"@id\":\"https:\/\/versatecsystems.com\/en\/produkt\/wall-unit-with-dual-belts-3-5-m-versatec-flow-wall-dual-3-5\/#primaryimage\"},\"thumbnailUrl\":\"https:\/\/versatecsystems.com\/wp-content\/uploads\/2026\/01\/DWB-2-1.jpg\",\"datePublished\":\"2026-01-15T11:53:38+00:00\",\"dateModified\":\"2026-02-03T15:52:45+00:00\",\"breadcrumb\":{\"@id\":\"https:\/\/versatecsystems.com\/en\/produkt\/wall-unit-with-dual-belts-3-5-m-versatec-flow-wall-dual-3-5\/#breadcrumb\"},\"inLanguage\":\"en-US\",\"potentialAction\":[{\"@type\":\"ReadAction\",\"target\":[\"https:\/\/versatecsystems.com\/en\/produkt\/wall-unit-with-dual-belts-3-5-m-versatec-flow-wall-dual-3-5\/\"]}]},{\"@type\":\"ImageObject\",\"inLanguage\":\"en-US\",\"@id\":\"https:\/\/versatecsystems.com\/en\/produkt\/wall-unit-with-dual-belts-3-5-m-versatec-flow-wall-dual-3-5\/#primaryimage\",\"url\":\"https:\/\/versatecsystems.com\/wp-content\/uploads\/2026\/01\/DWB-2-1.jpg\",\"contentUrl\":\"https:\/\/versatecsystems.com\/wp-content\/uploads\/2026\/01\/DWB-2-1.jpg\",\"width\":800,\"height\":800},{\"@type\":\"BreadcrumbList\",\"@id\":\"https:\/\/versatecsystems.com\/en\/produkt\/wall-unit-with-dual-belts-3-5-m-versatec-flow-wall-dual-3-5\/#breadcrumb\",\"itemListElement\":[{\"@type\":\"ListItem\",\"position\":1,\"name\":\"Strona g\u0142\u00f3wna\",\"item\":\"https:\/\/versatecsystems.com\/en\/\"},{\"@type\":\"ListItem\",\"position\":2,\"name\":\"Products\",\"item\":\"https:\/\/versatecsystems.com\/en\/products\/\"},{\"@type\":\"ListItem\",\"position\":3,\"name\":\"Wall Unit with Dual Belts 3.5 m Versatec FLOW Wall Dual 3.5\"}]},{\"@type\":\"WebSite\",\"@id\":\"https:\/\/versatecsystems.com\/en\/#website\",\"url\":\"https:\/\/versatecsystems.com\/en\/\",\"name\":\"Versatec Systems\",\"description\":\"Wyposa\u017cenie obiekt\u00f3w publicznych i przemys\u0142owych o potwierdzonej skuteczno\u015bci. Do\u015bwiadczony zesp\u00f3\u0142. Sprawdzone systemy. Efektywno\u015b\u0107 i niezawodno\u015b\u0107. Rozwi\u0105zania do zarz\u0105dzania ruchem ludzi, kontroli dost\u0119pu oraz organizacji przestrzeni w wymagaj\u0105cych \u015brodowiskach. Projektowane z my\u015bl\u0105 o lotniskach, dworcach kolejowych, budynkach u\u017cyteczno\u015bci publicznej, obiektach przemys\u0142owych oraz przestrzeniach zewn\u0119trznych.  Celem jest dostarczanie rozwi\u0105za\u0144, kt\u00f3re wspieraj\u0105 sprawne funkcjonowanie obiekt\u00f3w poprzez lepsz\u0105 organizacj\u0119, podniesienie poziomu bezpiecze\u0144stwa oraz wymierne korzy\u015bci operacyjne.\",\"publisher\":{\"@id\":\"https:\/\/versatecsystems.com\/en\/#organization\"},\"alternateName\":\"Versatec\",\"potentialAction\":[{\"@type\":\"SearchAction\",\"target\":{\"@type\":\"EntryPoint\",\"urlTemplate\":\"https:\/\/versatecsystems.com\/en\/?s={search_term_string}\"},\"query-input\":{\"@type\":\"PropertyValueSpecification\",\"valueRequired\":true,\"valueName\":\"search_term_string\"}}],\"inLanguage\":\"en-US\"},{\"@type\":\"Organization\",\"@id\":\"https:\/\/versatecsystems.com\/en\/#organization\",\"name\":\"Versatec Systems\",\"alternateName\":\"Versatec\",\"url\":\"https:\/\/versatecsystems.com\/en\/\",\"logo\":{\"@type\":\"ImageObject\",\"inLanguage\":\"en-US\",\"@id\":\"https:\/\/versatecsystems.com\/en\/#\/schema\/logo\/image\/\",\"url\":\"https:\/\/versatecsystems.com\/wp-content\/uploads\/2026\/01\/just-v-scaled.png\",\"contentUrl\":\"https:\/\/versatecsystems.com\/wp-content\/uploads\/2026\/01\/just-v-scaled.png\",\"width\":2560,\"height\":853,\"caption\":\"Versatec Systems\"},\"image\":{\"@id\":\"https:\/\/versatecsystems.com\/en\/#\/schema\/logo\/image\/\"}}]}<\/script>\n<!-- \/ Yoast SEO plugin. -->","yoast_head_json":{"title":"Wall Unit with Dual Belts 3.5 m Versatec FLOW Wall Dual 3.5 - Versatec","robots":{"index":"index","follow":"follow","max-snippet":"max-snippet:-1","max-image-preview":"max-image-preview:large","max-video-preview":"max-video-preview:-1"},"canonical":"https:\/\/versatecsystems.com\/en\/produkt\/wall-unit-with-dual-belts-3-5-m-versatec-flow-wall-dual-3-5\/","og_locale":"en_US","og_type":"article","og_title":"Wall Unit with Dual Belts 3.5 m Versatec FLOW Wall Dual 3.5 - Versatec","og_description":"Wall unit equipped with two self-retracting belts offers a space-saving and flexible solution for the temporary separation of safety areas as well as for structuring access and work zones. Ideal for fast and efficient use in areas where floor space must remain free and a particularly clear physical barrier is required.","og_url":"https:\/\/versatecsystems.com\/en\/produkt\/wall-unit-with-dual-belts-3-5-m-versatec-flow-wall-dual-3-5\/","og_site_name":"Versatec","article_modified_time":"2026-02-03T15:52:45+00:00","og_image":[{"width":800,"height":800,"url":"https:\/\/versatecsystems.com\/wp-content\/uploads\/2026\/01\/DWB-2-1.jpg","type":"image\/jpeg"}],"twitter_card":"summary_large_image","twitter_misc":{"Est. reading time":"1 minute"},"schema":{"@context":"https:\/\/schema.org","@graph":[{"@type":"WebPage","@id":"https:\/\/versatecsystems.com\/en\/produkt\/wall-unit-with-dual-belts-3-5-m-versatec-flow-wall-dual-3-5\/","url":"https:\/\/versatecsystems.com\/en\/produkt\/wall-unit-with-dual-belts-3-5-m-versatec-flow-wall-dual-3-5\/","name":"Wall Unit with Dual Belts 3.5 m Versatec FLOW Wall Dual 3.5 - Versatec","isPartOf":{"@id":"https:\/\/versatecsystems.com\/en\/#website"},"primaryImageOfPage":{"@id":"https:\/\/versatecsystems.com\/en\/produkt\/wall-unit-with-dual-belts-3-5-m-versatec-flow-wall-dual-3-5\/#primaryimage"},"image":{"@id":"https:\/\/versatecsystems.com\/en\/produkt\/wall-unit-with-dual-belts-3-5-m-versatec-flow-wall-dual-3-5\/#primaryimage"},"thumbnailUrl":"https:\/\/versatecsystems.com\/wp-content\/uploads\/2026\/01\/DWB-2-1.jpg","datePublished":"2026-01-15T11:53:38+00:00","dateModified":"2026-02-03T15:52:45+00:00","breadcrumb":{"@id":"https:\/\/versatecsystems.com\/en\/produkt\/wall-unit-with-dual-belts-3-5-m-versatec-flow-wall-dual-3-5\/#breadcrumb"},"inLanguage":"en-US","potentialAction":[{"@type":"ReadAction","target":["https:\/\/versatecsystems.com\/en\/produkt\/wall-unit-with-dual-belts-3-5-m-versatec-flow-wall-dual-3-5\/"]}]},{"@type":"ImageObject","inLanguage":"en-US","@id":"https:\/\/versatecsystems.com\/en\/produkt\/wall-unit-with-dual-belts-3-5-m-versatec-flow-wall-dual-3-5\/#primaryimage","url":"https:\/\/versatecsystems.com\/wp-content\/uploads\/2026\/01\/DWB-2-1.jpg","contentUrl":"https:\/\/versatecsystems.com\/wp-content\/uploads\/2026\/01\/DWB-2-1.jpg","width":800,"height":800},{"@type":"BreadcrumbList","@id":"https:\/\/versatecsystems.com\/en\/produkt\/wall-unit-with-dual-belts-3-5-m-versatec-flow-wall-dual-3-5\/#breadcrumb","itemListElement":[{"@type":"ListItem","position":1,"name":"Strona g\u0142\u00f3wna","item":"https:\/\/versatecsystems.com\/en\/"},{"@type":"ListItem","position":2,"name":"Products","item":"https:\/\/versatecsystems.com\/en\/products\/"},{"@type":"ListItem","position":3,"name":"Wall Unit with Dual Belts 3.5 m Versatec FLOW Wall Dual 3.5"}]},{"@type":"WebSite","@id":"https:\/\/versatecsystems.com\/en\/#website","url":"https:\/\/versatecsystems.com\/en\/","name":"Versatec Systems","description":"Wyposa\u017cenie obiekt\u00f3w publicznych i przemys\u0142owych o potwierdzonej skuteczno\u015bci. Do\u015bwiadczony zesp\u00f3\u0142. Sprawdzone systemy. Efektywno\u015b\u0107 i niezawodno\u015b\u0107. Rozwi\u0105zania do zarz\u0105dzania ruchem ludzi, kontroli dost\u0119pu oraz organizacji przestrzeni w wymagaj\u0105cych \u015brodowiskach. Projektowane z my\u015bl\u0105 o lotniskach, dworcach kolejowych, budynkach u\u017cyteczno\u015bci publicznej, obiektach przemys\u0142owych oraz przestrzeniach zewn\u0119trznych.  Celem jest dostarczanie rozwi\u0105za\u0144, kt\u00f3re wspieraj\u0105 sprawne funkcjonowanie obiekt\u00f3w poprzez lepsz\u0105 organizacj\u0119, podniesienie poziomu bezpiecze\u0144stwa oraz wymierne korzy\u015bci operacyjne.","publisher":{"@id":"https:\/\/versatecsystems.com\/en\/#organization"},"alternateName":"Versatec","potentialAction":[{"@type":"SearchAction","target":{"@type":"EntryPoint","urlTemplate":"https:\/\/versatecsystems.com\/en\/?s={search_term_string}"},"query-input":{"@type":"PropertyValueSpecification","valueRequired":true,"valueName":"search_term_string"}}],"inLanguage":"en-US"},{"@type":"Organization","@id":"https:\/\/versatecsystems.com\/en\/#organization","name":"Versatec Systems","alternateName":"Versatec","url":"https:\/\/versatecsystems.com\/en\/","logo":{"@type":"ImageObject","inLanguage":"en-US","@id":"https:\/\/versatecsystems.com\/en\/#\/schema\/logo\/image\/","url":"https:\/\/versatecsystems.com\/wp-content\/uploads\/2026\/01\/just-v-scaled.png","contentUrl":"https:\/\/versatecsystems.com\/wp-content\/uploads\/2026\/01\/just-v-scaled.png","width":2560,"height":853,"caption":"Versatec Systems"},"image":{"@id":"https:\/\/versatecsystems.com\/en\/#\/schema\/logo\/image\/"}}]}},"_links":{"self":[{"href":"https:\/\/versatecsystems.com\/en\/wp-json\/wp\/v2\/product\/5088","targetHints":{"allow":["GET"]}}],"collection":[{"href":"https:\/\/versatecsystems.com\/en\/wp-json\/wp\/v2\/product"}],"about":[{"href":"https:\/\/versatecsystems.com\/en\/wp-json\/wp\/v2\/types\/product"}],"wp:featuredmedia":[{"embeddable":true,"href":"https:\/\/versatecsystems.com\/en\/wp-json\/wp\/v2\/media\/5090"}],"wp:attachment":[{"href":"https:\/\/versatecsystems.com\/en\/wp-json\/wp\/v2\/media?parent=5088"}],"wp:term":[{"taxonomy":"product_brand","embeddable":true,"href":"https:\/\/versatecsystems.com\/en\/wp-json\/wp\/v2\/product_brand?post=5088"},{"taxonomy":"product_cat","embeddable":true,"href":"https:\/\/versatecsystems.com\/en\/wp-json\/wp\/v2\/product_cat?post=5088"},{"taxonomy":"product_tag","embeddable":true,"href":"https:\/\/versatecsystems.com\/en\/wp-json\/wp\/v2\/product_tag?post=5088"},{"taxonomy":"branches","embeddable":true,"href":"https:\/\/versatecsystems.com\/en\/wp-json\/wp\/v2\/branches?post=5088"}],"curies":[{"name":"wp","href":"https:\/\/api.w.org\/{rel}","templated":true}]}}