{"id":5057,"date":"2026-01-19T15:07:27","date_gmt":"2026-01-19T15:07:27","guid":{"rendered":"https:\/\/versatecsystems.com\/produkt\/kaseta-scienna-magnetyczna-z-tasma-5m-versatec-flow-wall-m-5-0\/"},"modified":"2026-02-03T14:29:25","modified_gmt":"2026-02-03T14:29:25","slug":"magnetic-wall-unit-with-5-m-belt-versatec-flow-wall-m-5-0","status":"publish","type":"product","link":"https:\/\/versatecsystems.com\/en\/produkt\/magnetic-wall-unit-with-5-m-belt-versatec-flow-wall-m-5-0\/","title":{"rendered":"Magnetic Wall Unit with 5 m belt Versatec FLOW Wall M 5.0"},"content":{"rendered":"<p><span style=\"font-family: Times New Roman, serif;\"><span style=\"font-size: medium;\"><span lang=\"de-DE\">The Versatec FLOW Wall M 5.0 wall unit with belt has been specifically designed for use in industrial and work environments such as production facilities, warehouses, logistics centres and technical service areas. It is ideal for temporary or flexible separation of work zones, securing hazardous areas and clearly defining pedestrian routes in accordance with applicable occupational health and safety regulations.<\/span><\/span><\/span><\/p>\n<p><span style=\"font-family: Times New Roman, serif;\"><span style=\"font-size: medium;\"><span lang=\"de-DE\">Typical applications include separating walkways between warehouse racking, securing machine and maintenance zones, and managing internal pedestrian routes. <\/span><\/span><\/span><span style=\"font-family: Times New Roman, serif;\"><span style=\"font-size: medium;\"><span lang=\"de-DE\">In addition<!-- Here i mentioned the usage in public areas but more in a functional safety way. I did the same for the german sheet -->, the cassette can also be used in functional areas of public buildings, particularly where safety, flexibility and space-saving installation are key requirements.<\/span><\/span><\/span><\/p>\n<p><span style=\"font-family: Times New Roman, serif;\"><span style=\"font-size: medium;\">Mounting via strong magnets on the rear of the cassette enables efficient use of the available space while allowing fast and flexible access <!-- The polish version is talking about wallmounting but the sheet ist about the magnetic wallunit so I changed the tex to \u201emounting via 4 strong magnets -->and area management.<\/span><\/span><span style=\"font-family: Times New Roman, serif;\"><span style=\"font-size: medium;\"><span lang=\"de-DE\">The cassette is equipped as standard with a patented braking system that ensures controlled belt retraction and automatic locking of the belt end, increasing safety during daily operation.<\/span><\/span><\/span><\/p>\n<p><span style=\"font-family: Times New Roman, serif;\"><span style=\"font-size: medium;\"><span lang=\"de-DE\">Key features:<\/span><\/span><\/span><\/p>\n<ul>\n<li><span style=\"font-family: Times New Roman, serif;\"><span style=\"font-size: medium;\"><span lang=\"de-DE\">Easy installation using strong neodymium magnets<\/span><\/span><\/span><\/li>\n<li><span style=\"font-family: Times New Roman, serif;\"><span style=\"font-size: medium;\"><span lang=\"de-DE\">Various mounting options available: screw mounting, mobile mou<!-- What do you mean with mobile mounting? -->nting, self-adhesive fixing, clamp fixing<\/span><\/span><\/span><\/li>\n<li><span style=\"font-family: Times New Roman, serif;\"><span style=\"font-size: medium;\"><span lang=\"de-DE\">Different belt end options: magnetic, standard, panic release, <\/span><\/span><\/span><span style=\"font-family: Times New Roman, serif;\"><span style=\"font-size: medium;\"><span lang=\"de-DE\">loop end with wire clip<!-- The ploish text said \u201eloop end, I guess you mean the wire clip? --><\/span><\/span><\/span><\/li>\n<li><span style=\"font-family: Times New Roman, serif;\"><span style=\"font-size: medium;\"><span lang=\"de-DE\">High-quality retraction mechanism for optimal belt tension<\/span><\/span><\/span><\/li>\n<li><span style=\"font-family: Times New Roman, serif;\"><span style=\"font-size: medium;\"><span lang=\"de-DE\">Patented braking system for controlled and safe belt retraction<\/span><\/span><\/span><\/li>\n<li><span style=\"font-family: Times New Roman, serif;\"><span style=\"font-size: medium;\"><span lang=\"de-DE\">Wide range of standard belt colours available<\/span><\/span><\/span><\/li>\n<li><span style=\"font-family: Times New Roman, serif;\"><span style=\"font-size: medium;\"><span lang=\"de-DE\">Custom belt production in any colour according to the Pantone\u00ae colour system<\/span><\/span><\/span><\/li>\n<li><span style=\"font-family: Times New Roman, serif;\"><span style=\"font-size: medium;\"><span lang=\"de-DE\">Individual full-colour digital printing on the belt \u2013 e.g. logos or information<\/span><\/span><\/span><\/li>\n<li><span style=\"font-family: Times New Roman, serif;\"><span style=\"font-size: medium;\"><span lang=\"de-DE\">Includes steel wall receiver for securing the belt end<\/span><\/span><\/span><\/li>\n<\/ul>\n<p><span style=\"font-family: Times New Roman, serif;\"><span style=\"font-size: medium;\"><span lang=\"de-DE\">Technical data:<\/span><\/span><\/span><\/p>\n<ul>\n<li><span style=\"font-family: Times New Roman, serif;\"><span style=\"font-size: medium;\"><span lang=\"de-DE\">Material: housing \u2013 plastic, receiver &#8211; steel<\/span><\/span><\/span><\/li>\n<li><span style=\"font-family: Times New Roman, serif;\"><span style=\"font-size: medium;\"><span lang=\"de-DE\">Housing colours: yellow\/black, red\/black, black<\/span><\/span><\/span><\/li>\n<li><span style=\"font-family: Times New Roman, serif;\"><span style=\"font-size: medium;\"><span lang=\"de-DE\">Belt colours: yellow\/black, red\/white, as well as other standard or custom colours<\/span><\/span><\/span><\/li>\n<li><span style=\"font-family: Times New Roman, serif;\"><span style=\"font-size: medium;\"><span lang=\"de-DE\">Dimensions: 145 \u00d7 95 \u00d7 90 cm (H \u00d7 W \u00d7 D)<\/span><\/span><\/span><\/li>\n<li><span style=\"font-family: Times New Roman, serif;\"><span style=\"font-size: medium;\"><span lang=\"de-DE\">Belt length: 5 m<\/span><\/span><\/span><\/li>\n<li><span style=\"font-family: Times New Roman, serif;\"><span style=\"font-size: medium;\"><span lang=\"de-DE\">Belt width: 50 mm \u00b12 mm<\/span><\/span><\/span><\/li>\n<li><span style=\"font-family: Times New Roman, serif;\"><span style=\"font-size: medium;\"><span lang=\"de-DE\">Net weight: approx. 1 kg<\/span><\/span><\/span><\/li>\n<\/ul>\n","protected":false},"excerpt":{"rendered":"<p>Magnetic wall unit with a self-retracting belt provides a space-saving and flexible solution for securing work areas and temporarily separating safety and hazard zones. Ideal for use in industrial and operational environments where clear pedestrian guidance and workplace safety are required while floor space remains free.<\/p>\n","protected":false},"featured_media":5050,"template":"","meta":[],"product_brand":[],"product_cat":[379,381,383,385],"product_tag":[],"branches":[],"class_list":{"0":"post-5057","1":"product","2":"type-product","3":"status-publish","4":"has-post-thumbnail","6":"product_cat-barrier-and-queuing-systems","7":"product_cat-wall-mounted-and-magnetic-belt-cassettes","8":"product_cat-hs-barrier-systems","9":"product_cat-aviation-and-public-transport","12":"instock","13":"shipping-taxable","14":"purchasable","15":"product-type-variable","16":"has-default-attributes","17":"product-grid-view"},"yoast_head":"<!-- This site is optimized with the Yoast SEO plugin v27.0 - https:\/\/yoast.com\/product\/yoast-seo-wordpress\/ -->\n<title>Magnetic Wall Unit with 5 m belt Versatec FLOW Wall M 5.0 - Versatec<\/title>\n<meta name=\"robots\" content=\"index, follow, max-snippet:-1, max-image-preview:large, max-video-preview:-1\" \/>\n<link rel=\"canonical\" href=\"https:\/\/versatecsystems.com\/en\/produkt\/magnetic-wall-unit-with-5-m-belt-versatec-flow-wall-m-5-0\/\" \/>\n<meta property=\"og:locale\" content=\"en_US\" \/>\n<meta property=\"og:type\" content=\"article\" \/>\n<meta property=\"og:title\" content=\"Magnetic Wall Unit with 5 m belt Versatec FLOW Wall M 5.0 - Versatec\" \/>\n<meta property=\"og:description\" content=\"Magnetic wall unit with a self-retracting belt provides a space-saving and flexible solution for securing work areas and temporarily separating safety and hazard zones. Ideal for use in industrial and operational environments where clear pedestrian guidance and workplace safety are required while floor space remains free.\" \/>\n<meta property=\"og:url\" content=\"https:\/\/versatecsystems.com\/en\/produkt\/magnetic-wall-unit-with-5-m-belt-versatec-flow-wall-m-5-0\/\" \/>\n<meta property=\"og:site_name\" content=\"Versatec\" \/>\n<meta property=\"article:modified_time\" content=\"2026-02-03T14:29:25+00:00\" \/>\n<meta property=\"og:image\" content=\"https:\/\/versatecsystems.com\/wp-content\/uploads\/2026\/01\/WU-P-M-5-B-1.jpg\" \/>\n\t<meta property=\"og:image:width\" content=\"800\" \/>\n\t<meta property=\"og:image:height\" content=\"800\" \/>\n\t<meta property=\"og:image:type\" content=\"image\/jpeg\" \/>\n<meta name=\"twitter:card\" content=\"summary_large_image\" \/>\n<meta name=\"twitter:label1\" content=\"Est. reading time\" \/>\n\t<meta name=\"twitter:data1\" content=\"1 minute\" \/>\n<script type=\"application\/ld+json\" class=\"yoast-schema-graph\">{\"@context\":\"https:\/\/schema.org\",\"@graph\":[{\"@type\":\"WebPage\",\"@id\":\"https:\/\/versatecsystems.com\/en\/produkt\/magnetic-wall-unit-with-5-m-belt-versatec-flow-wall-m-5-0\/\",\"url\":\"https:\/\/versatecsystems.com\/en\/produkt\/magnetic-wall-unit-with-5-m-belt-versatec-flow-wall-m-5-0\/\",\"name\":\"Magnetic Wall Unit with 5 m belt Versatec FLOW Wall M 5.0 - Versatec\",\"isPartOf\":{\"@id\":\"https:\/\/versatecsystems.com\/en\/#website\"},\"primaryImageOfPage\":{\"@id\":\"https:\/\/versatecsystems.com\/en\/produkt\/magnetic-wall-unit-with-5-m-belt-versatec-flow-wall-m-5-0\/#primaryimage\"},\"image\":{\"@id\":\"https:\/\/versatecsystems.com\/en\/produkt\/magnetic-wall-unit-with-5-m-belt-versatec-flow-wall-m-5-0\/#primaryimage\"},\"thumbnailUrl\":\"https:\/\/versatecsystems.com\/wp-content\/uploads\/2026\/01\/WU-P-M-5-B-1.jpg\",\"datePublished\":\"2026-01-19T15:07:27+00:00\",\"dateModified\":\"2026-02-03T14:29:25+00:00\",\"breadcrumb\":{\"@id\":\"https:\/\/versatecsystems.com\/en\/produkt\/magnetic-wall-unit-with-5-m-belt-versatec-flow-wall-m-5-0\/#breadcrumb\"},\"inLanguage\":\"en-US\",\"potentialAction\":[{\"@type\":\"ReadAction\",\"target\":[\"https:\/\/versatecsystems.com\/en\/produkt\/magnetic-wall-unit-with-5-m-belt-versatec-flow-wall-m-5-0\/\"]}]},{\"@type\":\"ImageObject\",\"inLanguage\":\"en-US\",\"@id\":\"https:\/\/versatecsystems.com\/en\/produkt\/magnetic-wall-unit-with-5-m-belt-versatec-flow-wall-m-5-0\/#primaryimage\",\"url\":\"https:\/\/versatecsystems.com\/wp-content\/uploads\/2026\/01\/WU-P-M-5-B-1.jpg\",\"contentUrl\":\"https:\/\/versatecsystems.com\/wp-content\/uploads\/2026\/01\/WU-P-M-5-B-1.jpg\",\"width\":800,\"height\":800},{\"@type\":\"BreadcrumbList\",\"@id\":\"https:\/\/versatecsystems.com\/en\/produkt\/magnetic-wall-unit-with-5-m-belt-versatec-flow-wall-m-5-0\/#breadcrumb\",\"itemListElement\":[{\"@type\":\"ListItem\",\"position\":1,\"name\":\"Strona g\u0142\u00f3wna\",\"item\":\"https:\/\/versatecsystems.com\/en\/\"},{\"@type\":\"ListItem\",\"position\":2,\"name\":\"Products\",\"item\":\"https:\/\/versatecsystems.com\/en\/products\/\"},{\"@type\":\"ListItem\",\"position\":3,\"name\":\"Magnetic Wall Unit with 5 m belt Versatec FLOW Wall M 5.0\"}]},{\"@type\":\"WebSite\",\"@id\":\"https:\/\/versatecsystems.com\/en\/#website\",\"url\":\"https:\/\/versatecsystems.com\/en\/\",\"name\":\"Versatec Systems\",\"description\":\"Wyposa\u017cenie obiekt\u00f3w publicznych i przemys\u0142owych o potwierdzonej skuteczno\u015bci. Do\u015bwiadczony zesp\u00f3\u0142. Sprawdzone systemy. Efektywno\u015b\u0107 i niezawodno\u015b\u0107. Rozwi\u0105zania do zarz\u0105dzania ruchem ludzi, kontroli dost\u0119pu oraz organizacji przestrzeni w wymagaj\u0105cych \u015brodowiskach. Projektowane z my\u015bl\u0105 o lotniskach, dworcach kolejowych, budynkach u\u017cyteczno\u015bci publicznej, obiektach przemys\u0142owych oraz przestrzeniach zewn\u0119trznych.  Celem jest dostarczanie rozwi\u0105za\u0144, kt\u00f3re wspieraj\u0105 sprawne funkcjonowanie obiekt\u00f3w poprzez lepsz\u0105 organizacj\u0119, podniesienie poziomu bezpiecze\u0144stwa oraz wymierne korzy\u015bci operacyjne.\",\"publisher\":{\"@id\":\"https:\/\/versatecsystems.com\/en\/#organization\"},\"alternateName\":\"Versatec\",\"potentialAction\":[{\"@type\":\"SearchAction\",\"target\":{\"@type\":\"EntryPoint\",\"urlTemplate\":\"https:\/\/versatecsystems.com\/en\/?s={search_term_string}\"},\"query-input\":{\"@type\":\"PropertyValueSpecification\",\"valueRequired\":true,\"valueName\":\"search_term_string\"}}],\"inLanguage\":\"en-US\"},{\"@type\":\"Organization\",\"@id\":\"https:\/\/versatecsystems.com\/en\/#organization\",\"name\":\"Versatec Systems\",\"alternateName\":\"Versatec\",\"url\":\"https:\/\/versatecsystems.com\/en\/\",\"logo\":{\"@type\":\"ImageObject\",\"inLanguage\":\"en-US\",\"@id\":\"https:\/\/versatecsystems.com\/en\/#\/schema\/logo\/image\/\",\"url\":\"https:\/\/versatecsystems.com\/wp-content\/uploads\/2026\/01\/just-v-scaled.png\",\"contentUrl\":\"https:\/\/versatecsystems.com\/wp-content\/uploads\/2026\/01\/just-v-scaled.png\",\"width\":2560,\"height\":853,\"caption\":\"Versatec Systems\"},\"image\":{\"@id\":\"https:\/\/versatecsystems.com\/en\/#\/schema\/logo\/image\/\"}}]}<\/script>\n<!-- \/ Yoast SEO plugin. -->","yoast_head_json":{"title":"Magnetic Wall Unit with 5 m belt Versatec FLOW Wall M 5.0 - Versatec","robots":{"index":"index","follow":"follow","max-snippet":"max-snippet:-1","max-image-preview":"max-image-preview:large","max-video-preview":"max-video-preview:-1"},"canonical":"https:\/\/versatecsystems.com\/en\/produkt\/magnetic-wall-unit-with-5-m-belt-versatec-flow-wall-m-5-0\/","og_locale":"en_US","og_type":"article","og_title":"Magnetic Wall Unit with 5 m belt Versatec FLOW Wall M 5.0 - Versatec","og_description":"Magnetic wall unit with a self-retracting belt provides a space-saving and flexible solution for securing work areas and temporarily separating safety and hazard zones. Ideal for use in industrial and operational environments where clear pedestrian guidance and workplace safety are required while floor space remains free.","og_url":"https:\/\/versatecsystems.com\/en\/produkt\/magnetic-wall-unit-with-5-m-belt-versatec-flow-wall-m-5-0\/","og_site_name":"Versatec","article_modified_time":"2026-02-03T14:29:25+00:00","og_image":[{"width":800,"height":800,"url":"https:\/\/versatecsystems.com\/wp-content\/uploads\/2026\/01\/WU-P-M-5-B-1.jpg","type":"image\/jpeg"}],"twitter_card":"summary_large_image","twitter_misc":{"Est. reading time":"1 minute"},"schema":{"@context":"https:\/\/schema.org","@graph":[{"@type":"WebPage","@id":"https:\/\/versatecsystems.com\/en\/produkt\/magnetic-wall-unit-with-5-m-belt-versatec-flow-wall-m-5-0\/","url":"https:\/\/versatecsystems.com\/en\/produkt\/magnetic-wall-unit-with-5-m-belt-versatec-flow-wall-m-5-0\/","name":"Magnetic Wall Unit with 5 m belt Versatec FLOW Wall M 5.0 - Versatec","isPartOf":{"@id":"https:\/\/versatecsystems.com\/en\/#website"},"primaryImageOfPage":{"@id":"https:\/\/versatecsystems.com\/en\/produkt\/magnetic-wall-unit-with-5-m-belt-versatec-flow-wall-m-5-0\/#primaryimage"},"image":{"@id":"https:\/\/versatecsystems.com\/en\/produkt\/magnetic-wall-unit-with-5-m-belt-versatec-flow-wall-m-5-0\/#primaryimage"},"thumbnailUrl":"https:\/\/versatecsystems.com\/wp-content\/uploads\/2026\/01\/WU-P-M-5-B-1.jpg","datePublished":"2026-01-19T15:07:27+00:00","dateModified":"2026-02-03T14:29:25+00:00","breadcrumb":{"@id":"https:\/\/versatecsystems.com\/en\/produkt\/magnetic-wall-unit-with-5-m-belt-versatec-flow-wall-m-5-0\/#breadcrumb"},"inLanguage":"en-US","potentialAction":[{"@type":"ReadAction","target":["https:\/\/versatecsystems.com\/en\/produkt\/magnetic-wall-unit-with-5-m-belt-versatec-flow-wall-m-5-0\/"]}]},{"@type":"ImageObject","inLanguage":"en-US","@id":"https:\/\/versatecsystems.com\/en\/produkt\/magnetic-wall-unit-with-5-m-belt-versatec-flow-wall-m-5-0\/#primaryimage","url":"https:\/\/versatecsystems.com\/wp-content\/uploads\/2026\/01\/WU-P-M-5-B-1.jpg","contentUrl":"https:\/\/versatecsystems.com\/wp-content\/uploads\/2026\/01\/WU-P-M-5-B-1.jpg","width":800,"height":800},{"@type":"BreadcrumbList","@id":"https:\/\/versatecsystems.com\/en\/produkt\/magnetic-wall-unit-with-5-m-belt-versatec-flow-wall-m-5-0\/#breadcrumb","itemListElement":[{"@type":"ListItem","position":1,"name":"Strona g\u0142\u00f3wna","item":"https:\/\/versatecsystems.com\/en\/"},{"@type":"ListItem","position":2,"name":"Products","item":"https:\/\/versatecsystems.com\/en\/products\/"},{"@type":"ListItem","position":3,"name":"Magnetic Wall Unit with 5 m belt Versatec FLOW Wall M 5.0"}]},{"@type":"WebSite","@id":"https:\/\/versatecsystems.com\/en\/#website","url":"https:\/\/versatecsystems.com\/en\/","name":"Versatec Systems","description":"Wyposa\u017cenie obiekt\u00f3w publicznych i przemys\u0142owych o potwierdzonej skuteczno\u015bci. Do\u015bwiadczony zesp\u00f3\u0142. Sprawdzone systemy. Efektywno\u015b\u0107 i niezawodno\u015b\u0107. Rozwi\u0105zania do zarz\u0105dzania ruchem ludzi, kontroli dost\u0119pu oraz organizacji przestrzeni w wymagaj\u0105cych \u015brodowiskach. Projektowane z my\u015bl\u0105 o lotniskach, dworcach kolejowych, budynkach u\u017cyteczno\u015bci publicznej, obiektach przemys\u0142owych oraz przestrzeniach zewn\u0119trznych.  Celem jest dostarczanie rozwi\u0105za\u0144, kt\u00f3re wspieraj\u0105 sprawne funkcjonowanie obiekt\u00f3w poprzez lepsz\u0105 organizacj\u0119, podniesienie poziomu bezpiecze\u0144stwa oraz wymierne korzy\u015bci operacyjne.","publisher":{"@id":"https:\/\/versatecsystems.com\/en\/#organization"},"alternateName":"Versatec","potentialAction":[{"@type":"SearchAction","target":{"@type":"EntryPoint","urlTemplate":"https:\/\/versatecsystems.com\/en\/?s={search_term_string}"},"query-input":{"@type":"PropertyValueSpecification","valueRequired":true,"valueName":"search_term_string"}}],"inLanguage":"en-US"},{"@type":"Organization","@id":"https:\/\/versatecsystems.com\/en\/#organization","name":"Versatec Systems","alternateName":"Versatec","url":"https:\/\/versatecsystems.com\/en\/","logo":{"@type":"ImageObject","inLanguage":"en-US","@id":"https:\/\/versatecsystems.com\/en\/#\/schema\/logo\/image\/","url":"https:\/\/versatecsystems.com\/wp-content\/uploads\/2026\/01\/just-v-scaled.png","contentUrl":"https:\/\/versatecsystems.com\/wp-content\/uploads\/2026\/01\/just-v-scaled.png","width":2560,"height":853,"caption":"Versatec Systems"},"image":{"@id":"https:\/\/versatecsystems.com\/en\/#\/schema\/logo\/image\/"}}]}},"_links":{"self":[{"href":"https:\/\/versatecsystems.com\/en\/wp-json\/wp\/v2\/product\/5057","targetHints":{"allow":["GET"]}}],"collection":[{"href":"https:\/\/versatecsystems.com\/en\/wp-json\/wp\/v2\/product"}],"about":[{"href":"https:\/\/versatecsystems.com\/en\/wp-json\/wp\/v2\/types\/product"}],"wp:featuredmedia":[{"embeddable":true,"href":"https:\/\/versatecsystems.com\/en\/wp-json\/wp\/v2\/media\/5050"}],"wp:attachment":[{"href":"https:\/\/versatecsystems.com\/en\/wp-json\/wp\/v2\/media?parent=5057"}],"wp:term":[{"taxonomy":"product_brand","embeddable":true,"href":"https:\/\/versatecsystems.com\/en\/wp-json\/wp\/v2\/product_brand?post=5057"},{"taxonomy":"product_cat","embeddable":true,"href":"https:\/\/versatecsystems.com\/en\/wp-json\/wp\/v2\/product_cat?post=5057"},{"taxonomy":"product_tag","embeddable":true,"href":"https:\/\/versatecsystems.com\/en\/wp-json\/wp\/v2\/product_tag?post=5057"},{"taxonomy":"branches","embeddable":true,"href":"https:\/\/versatecsystems.com\/en\/wp-json\/wp\/v2\/branches?post=5057"}],"curies":[{"name":"wp","href":"https:\/\/api.w.org\/{rel}","templated":true}]}}