{"id":4940,"date":"2026-01-27T14:45:36","date_gmt":"2026-01-27T14:45:36","guid":{"rendered":"https:\/\/versatecsystems.com\/produkt\/slupek-z-podwojna-tasma-23m-lub-36m-versatec-flow-prime-dual-2-3-3-6\/"},"modified":"2026-02-09T00:49:40","modified_gmt":"2026-02-09T00:49:40","slug":"barrier-post-with-two-belts-2-3-m-or-3-6-m-versatec-flow-prime-dual-2-3-3-6","status":"publish","type":"product","link":"https:\/\/versatecsystems.com\/en\/produkt\/barrier-post-with-two-belts-2-3-m-or-3-6-m-versatec-flow-prime-dual-2-3-3-6\/","title":{"rendered":"Retractable Double-Belt Post 2.3m\/3.6m Versatec FLOW Prime Dual"},"content":{"rendered":"<p><span lang=\"de-DE\">The barrier post with two belts Versatec FLOW Prime Dual 2.3 \/ 3.6 has been developed for efficient visitor guidance and improved service comfort in queueing and reception areas. The dual, parallel belt configuration significantly enhances the visibility of the barrier and enables more effective control of pedestrian flow.<\/span><\/p>\n<p><span lang=\"de-DE\">The stable, low-profile base allows comfortable passage with luggage and is fully barrier-free for wheelchair users, without compromising the premium appearance of the system.<br \/>\nIn addition, the post is equipped with an integrated <\/span><span lang=\"de-DE\"><b>pin-lock system<\/b><\/span><span lang=\"de-DE\"> that stabilises the connection between the base and the post tube and prevents loosening during operation \u2013 a common issue with conventional market solutions.<\/span><\/p>\n<p><span lang=\"de-DE\">The high-quality retraction mechanism with a patented braking system ensures smooth, controlled and safe retraction of both belts. Unlike many comparable products, all FLOW Prime Dual versions are manufactured from stainless steel. Selected finishes also feature an anti-fingerprint coating, maintaining a clean and refined appearance even under intensive use.<\/span><\/p>\n<p><span lang=\"de-DE\">A wide range of finishes and extensive belt customisation options allow the system to be precisely adapted to operational requirements and the visual identity of the respective location.<\/span><\/p>\n<p><span lang=\"de-DE\"><b>Features:<\/b><\/span><\/p>\n<ul>\n<li><span lang=\"de-DE\">Two self-retracting belts for increased visibility and improved wayfinding<\/span><\/li>\n<li><span lang=\"de-DE\">Stainless steel post \u2013 powder-coated, high-gloss polished or satin finish<\/span><\/li>\n<li><span lang=\"de-DE\">Low-profile base \u2013 barrier-free for wheelchairs and luggage<\/span><\/li>\n<li><span lang=\"de-DE\">Metal base with rubberised underside to protect floor surfaces<\/span><\/li>\n<li><span lang=\"de-DE\">Pin-lock system for secure fixation of base and post tube<\/span><\/li>\n<li><span lang=\"de-DE\">Patented braking system for controlled and safe belt retraction<\/span><\/li>\n<li><span lang=\"de-DE\">Automatic locking of the belt ends<\/span><\/li>\n<li><span lang=\"de-DE\">Post colour available individually on request according to the RAL colour system<\/span><\/li>\n<li><span lang=\"de-DE\">Wide range of standard belt colours<\/span><\/li>\n<li><span lang=\"de-DE\">Custom belt colours available according to the Pantone\u00ae colour system<\/span><\/li>\n<li><span lang=\"de-DE\">Individual full-colour digital printing on the belts \u2013 e.g. logos or information<\/span><\/li>\n<\/ul>\n<p><span lang=\"de-DE\"><b>Technical data:<\/b><\/span><\/p>\n<ul>\n<li><span lang=\"de-DE\"><b>Material:<\/b><\/span><span lang=\"de-DE\"> base \u2013 stainless steel and cast iron, post \u2013 stainless steel<\/span><\/li>\n<li><span lang=\"de-DE\"><b>Post finishes:<\/b><\/span>\n<ul>\n<li><span lang=\"de-DE\">Stainless steel, grade 201, powder-coated in custom colour<\/span><\/li>\n<li><span lang=\"de-DE\">Stainless steel, grade 304, high-gloss polished<\/span><\/li>\n<li><span lang=\"de-DE\">Stainless steel, grade 304, brushed (satin) with anti-fingerprint coating<\/span><\/li>\n<\/ul>\n<\/li>\n<li><span lang=\"de-DE\"><b>Belt colours:<\/b><\/span><span lang=\"de-DE\"> multiple standard colours and customised prints<\/span><\/li>\n<li><span lang=\"de-DE\"><b>Dimensions:<\/b><\/span><span lang=\"de-DE\"> 975 \u00d7 342 \u00d7 63.5 mm (H \u00d7 W \u00d7 D)<\/span><\/li>\n<li><span lang=\"de-DE\"><b>Belt length:<\/b><\/span><span lang=\"de-DE\"> 2 \u00d7 2.3 m or 2 \u00d7 3.6 m<\/span><\/li>\n<li><span lang=\"de-DE\"><b>Belt width:<\/b><\/span><span lang=\"de-DE\"> 50 mm \u00b12 mm<\/span><\/li>\n<li><span lang=\"de-DE\"><b>Net weight:<\/b><\/span><span lang=\"de-DE\"> approx. 12 kg \u00b10.5 kg<\/span><\/li>\n<\/ul>\n","protected":false},"excerpt":{"rendered":"<p>Retractable belt post with double 2.3m or 3.6m belt Versatec FLOW Prime Dual 2.3 \/ 3.6 \u2013 an elegant and functional solution for queue management and structured visitor guidance in environments with a strong focus on design and visual appearance. The two belts increase barrier visibility and support clear wayfinding, making the system ideal for airports, shopping centres, tourist and leisure facilities, as well as public buildings.<\/p>\n","protected":false},"featured_media":4942,"template":"","meta":[],"product_brand":[],"product_cat":[385,379,384],"product_tag":[],"branches":[448,445,452,446,449,443,444,450,451,454,453,447],"class_list":{"0":"post-4940","1":"product","2":"type-product","3":"status-publish","4":"has-post-thumbnail","6":"product_cat-aviation-and-public-transport","7":"product_cat-barrier-and-queuing-systems","8":"product_cat-belt-barrier-posts","9":"branches-airports","10":"branches-education","11":"branches-healthcare","12":"branches-hospitality-and-gastronomy","13":"branches-industry","14":"branches-office-buildings","15":"branches-public-facilities","16":"branches-shops-and-shopping-centers","17":"branches-sport-and-events","18":"branches-tourism-and-entertainment","19":"branches-transport","20":"branches-warehouses","23":"instock","24":"shipping-taxable","25":"purchasable","26":"product-type-variable","27":"has-default-attributes","28":"product-grid-view"},"yoast_head":"<!-- This site is optimized with the Yoast SEO plugin v27.0 - https:\/\/yoast.com\/product\/yoast-seo-wordpress\/ -->\n<title>Retractable Double-Belt Post 2.3m\/3.6m Versatec FLOW Prime Dual - Versatec<\/title>\n<meta name=\"robots\" content=\"index, follow, max-snippet:-1, max-image-preview:large, max-video-preview:-1\" \/>\n<link rel=\"canonical\" href=\"https:\/\/versatecsystems.com\/en\/produkt\/barrier-post-with-two-belts-2-3-m-or-3-6-m-versatec-flow-prime-dual-2-3-3-6\/\" \/>\n<meta property=\"og:locale\" content=\"en_US\" \/>\n<meta property=\"og:type\" content=\"article\" \/>\n<meta property=\"og:title\" content=\"Retractable Double-Belt Post 2.3m\/3.6m Versatec FLOW Prime Dual - Versatec\" \/>\n<meta property=\"og:description\" content=\"Retractable belt post with double 2.3m or 3.6m belt Versatec FLOW Prime Dual 2.3 \/ 3.6 \u2013 an elegant and functional solution for queue management and structured visitor guidance in environments with a strong focus on design and visual appearance. The two belts increase barrier visibility and support clear wayfinding, making the system ideal for airports, shopping centres, tourist and leisure facilities, as well as public buildings.\" \/>\n<meta property=\"og:url\" content=\"https:\/\/versatecsystems.com\/en\/produkt\/barrier-post-with-two-belts-2-3-m-or-3-6-m-versatec-flow-prime-dual-2-3-3-6\/\" \/>\n<meta property=\"og:site_name\" content=\"Versatec\" \/>\n<meta property=\"article:modified_time\" content=\"2026-02-09T00:49:40+00:00\" \/>\n<meta property=\"og:image\" content=\"https:\/\/versatecsystems.com\/wp-content\/uploads\/2026\/01\/PRIME-DUAL.png\" \/>\n\t<meta property=\"og:image:width\" content=\"1920\" \/>\n\t<meta property=\"og:image:height\" content=\"1080\" \/>\n\t<meta property=\"og:image:type\" content=\"image\/png\" \/>\n<meta name=\"twitter:card\" content=\"summary_large_image\" \/>\n<meta name=\"twitter:label1\" content=\"Est. reading time\" \/>\n\t<meta name=\"twitter:data1\" content=\"2 minutes\" \/>\n<script type=\"application\/ld+json\" class=\"yoast-schema-graph\">{\"@context\":\"https:\/\/schema.org\",\"@graph\":[{\"@type\":\"WebPage\",\"@id\":\"https:\/\/versatecsystems.com\/en\/produkt\/barrier-post-with-two-belts-2-3-m-or-3-6-m-versatec-flow-prime-dual-2-3-3-6\/\",\"url\":\"https:\/\/versatecsystems.com\/en\/produkt\/barrier-post-with-two-belts-2-3-m-or-3-6-m-versatec-flow-prime-dual-2-3-3-6\/\",\"name\":\"Retractable Double-Belt Post 2.3m\/3.6m Versatec FLOW Prime Dual - Versatec\",\"isPartOf\":{\"@id\":\"https:\/\/versatecsystems.com\/en\/#website\"},\"primaryImageOfPage\":{\"@id\":\"https:\/\/versatecsystems.com\/en\/produkt\/barrier-post-with-two-belts-2-3-m-or-3-6-m-versatec-flow-prime-dual-2-3-3-6\/#primaryimage\"},\"image\":{\"@id\":\"https:\/\/versatecsystems.com\/en\/produkt\/barrier-post-with-two-belts-2-3-m-or-3-6-m-versatec-flow-prime-dual-2-3-3-6\/#primaryimage\"},\"thumbnailUrl\":\"https:\/\/versatecsystems.com\/wp-content\/uploads\/2026\/01\/PRIME-DUAL.png\",\"datePublished\":\"2026-01-27T14:45:36+00:00\",\"dateModified\":\"2026-02-09T00:49:40+00:00\",\"breadcrumb\":{\"@id\":\"https:\/\/versatecsystems.com\/en\/produkt\/barrier-post-with-two-belts-2-3-m-or-3-6-m-versatec-flow-prime-dual-2-3-3-6\/#breadcrumb\"},\"inLanguage\":\"en-US\",\"potentialAction\":[{\"@type\":\"ReadAction\",\"target\":[\"https:\/\/versatecsystems.com\/en\/produkt\/barrier-post-with-two-belts-2-3-m-or-3-6-m-versatec-flow-prime-dual-2-3-3-6\/\"]}]},{\"@type\":\"ImageObject\",\"inLanguage\":\"en-US\",\"@id\":\"https:\/\/versatecsystems.com\/en\/produkt\/barrier-post-with-two-belts-2-3-m-or-3-6-m-versatec-flow-prime-dual-2-3-3-6\/#primaryimage\",\"url\":\"https:\/\/versatecsystems.com\/wp-content\/uploads\/2026\/01\/PRIME-DUAL.png\",\"contentUrl\":\"https:\/\/versatecsystems.com\/wp-content\/uploads\/2026\/01\/PRIME-DUAL.png\",\"width\":1920,\"height\":1080},{\"@type\":\"BreadcrumbList\",\"@id\":\"https:\/\/versatecsystems.com\/en\/produkt\/barrier-post-with-two-belts-2-3-m-or-3-6-m-versatec-flow-prime-dual-2-3-3-6\/#breadcrumb\",\"itemListElement\":[{\"@type\":\"ListItem\",\"position\":1,\"name\":\"Strona g\u0142\u00f3wna\",\"item\":\"https:\/\/versatecsystems.com\/en\/\"},{\"@type\":\"ListItem\",\"position\":2,\"name\":\"Products\",\"item\":\"https:\/\/versatecsystems.com\/en\/products\/\"},{\"@type\":\"ListItem\",\"position\":3,\"name\":\"Retractable Double-Belt Post 2.3m\/3.6m Versatec FLOW Prime Dual\"}]},{\"@type\":\"WebSite\",\"@id\":\"https:\/\/versatecsystems.com\/en\/#website\",\"url\":\"https:\/\/versatecsystems.com\/en\/\",\"name\":\"Versatec Systems\",\"description\":\"Wyposa\u017cenie obiekt\u00f3w publicznych i przemys\u0142owych o potwierdzonej skuteczno\u015bci. Do\u015bwiadczony zesp\u00f3\u0142. Sprawdzone systemy. Efektywno\u015b\u0107 i niezawodno\u015b\u0107. Rozwi\u0105zania do zarz\u0105dzania ruchem ludzi, kontroli dost\u0119pu oraz organizacji przestrzeni w wymagaj\u0105cych \u015brodowiskach. Projektowane z my\u015bl\u0105 o lotniskach, dworcach kolejowych, budynkach u\u017cyteczno\u015bci publicznej, obiektach przemys\u0142owych oraz przestrzeniach zewn\u0119trznych.  Celem jest dostarczanie rozwi\u0105za\u0144, kt\u00f3re wspieraj\u0105 sprawne funkcjonowanie obiekt\u00f3w poprzez lepsz\u0105 organizacj\u0119, podniesienie poziomu bezpiecze\u0144stwa oraz wymierne korzy\u015bci operacyjne.\",\"publisher\":{\"@id\":\"https:\/\/versatecsystems.com\/en\/#organization\"},\"alternateName\":\"Versatec\",\"potentialAction\":[{\"@type\":\"SearchAction\",\"target\":{\"@type\":\"EntryPoint\",\"urlTemplate\":\"https:\/\/versatecsystems.com\/en\/?s={search_term_string}\"},\"query-input\":{\"@type\":\"PropertyValueSpecification\",\"valueRequired\":true,\"valueName\":\"search_term_string\"}}],\"inLanguage\":\"en-US\"},{\"@type\":\"Organization\",\"@id\":\"https:\/\/versatecsystems.com\/en\/#organization\",\"name\":\"Versatec Systems\",\"alternateName\":\"Versatec\",\"url\":\"https:\/\/versatecsystems.com\/en\/\",\"logo\":{\"@type\":\"ImageObject\",\"inLanguage\":\"en-US\",\"@id\":\"https:\/\/versatecsystems.com\/en\/#\/schema\/logo\/image\/\",\"url\":\"https:\/\/versatecsystems.com\/wp-content\/uploads\/2026\/01\/just-v-scaled.png\",\"contentUrl\":\"https:\/\/versatecsystems.com\/wp-content\/uploads\/2026\/01\/just-v-scaled.png\",\"width\":2560,\"height\":853,\"caption\":\"Versatec Systems\"},\"image\":{\"@id\":\"https:\/\/versatecsystems.com\/en\/#\/schema\/logo\/image\/\"}}]}<\/script>\n<!-- \/ Yoast SEO plugin. -->","yoast_head_json":{"title":"Retractable Double-Belt Post 2.3m\/3.6m Versatec FLOW Prime Dual - Versatec","robots":{"index":"index","follow":"follow","max-snippet":"max-snippet:-1","max-image-preview":"max-image-preview:large","max-video-preview":"max-video-preview:-1"},"canonical":"https:\/\/versatecsystems.com\/en\/produkt\/barrier-post-with-two-belts-2-3-m-or-3-6-m-versatec-flow-prime-dual-2-3-3-6\/","og_locale":"en_US","og_type":"article","og_title":"Retractable Double-Belt Post 2.3m\/3.6m Versatec FLOW Prime Dual - Versatec","og_description":"Retractable belt post with double 2.3m or 3.6m belt Versatec FLOW Prime Dual 2.3 \/ 3.6 \u2013 an elegant and functional solution for queue management and structured visitor guidance in environments with a strong focus on design and visual appearance. The two belts increase barrier visibility and support clear wayfinding, making the system ideal for airports, shopping centres, tourist and leisure facilities, as well as public buildings.","og_url":"https:\/\/versatecsystems.com\/en\/produkt\/barrier-post-with-two-belts-2-3-m-or-3-6-m-versatec-flow-prime-dual-2-3-3-6\/","og_site_name":"Versatec","article_modified_time":"2026-02-09T00:49:40+00:00","og_image":[{"width":1920,"height":1080,"url":"https:\/\/versatecsystems.com\/wp-content\/uploads\/2026\/01\/PRIME-DUAL.png","type":"image\/png"}],"twitter_card":"summary_large_image","twitter_misc":{"Est. reading time":"2 minutes"},"schema":{"@context":"https:\/\/schema.org","@graph":[{"@type":"WebPage","@id":"https:\/\/versatecsystems.com\/en\/produkt\/barrier-post-with-two-belts-2-3-m-or-3-6-m-versatec-flow-prime-dual-2-3-3-6\/","url":"https:\/\/versatecsystems.com\/en\/produkt\/barrier-post-with-two-belts-2-3-m-or-3-6-m-versatec-flow-prime-dual-2-3-3-6\/","name":"Retractable Double-Belt Post 2.3m\/3.6m Versatec FLOW Prime Dual - Versatec","isPartOf":{"@id":"https:\/\/versatecsystems.com\/en\/#website"},"primaryImageOfPage":{"@id":"https:\/\/versatecsystems.com\/en\/produkt\/barrier-post-with-two-belts-2-3-m-or-3-6-m-versatec-flow-prime-dual-2-3-3-6\/#primaryimage"},"image":{"@id":"https:\/\/versatecsystems.com\/en\/produkt\/barrier-post-with-two-belts-2-3-m-or-3-6-m-versatec-flow-prime-dual-2-3-3-6\/#primaryimage"},"thumbnailUrl":"https:\/\/versatecsystems.com\/wp-content\/uploads\/2026\/01\/PRIME-DUAL.png","datePublished":"2026-01-27T14:45:36+00:00","dateModified":"2026-02-09T00:49:40+00:00","breadcrumb":{"@id":"https:\/\/versatecsystems.com\/en\/produkt\/barrier-post-with-two-belts-2-3-m-or-3-6-m-versatec-flow-prime-dual-2-3-3-6\/#breadcrumb"},"inLanguage":"en-US","potentialAction":[{"@type":"ReadAction","target":["https:\/\/versatecsystems.com\/en\/produkt\/barrier-post-with-two-belts-2-3-m-or-3-6-m-versatec-flow-prime-dual-2-3-3-6\/"]}]},{"@type":"ImageObject","inLanguage":"en-US","@id":"https:\/\/versatecsystems.com\/en\/produkt\/barrier-post-with-two-belts-2-3-m-or-3-6-m-versatec-flow-prime-dual-2-3-3-6\/#primaryimage","url":"https:\/\/versatecsystems.com\/wp-content\/uploads\/2026\/01\/PRIME-DUAL.png","contentUrl":"https:\/\/versatecsystems.com\/wp-content\/uploads\/2026\/01\/PRIME-DUAL.png","width":1920,"height":1080},{"@type":"BreadcrumbList","@id":"https:\/\/versatecsystems.com\/en\/produkt\/barrier-post-with-two-belts-2-3-m-or-3-6-m-versatec-flow-prime-dual-2-3-3-6\/#breadcrumb","itemListElement":[{"@type":"ListItem","position":1,"name":"Strona g\u0142\u00f3wna","item":"https:\/\/versatecsystems.com\/en\/"},{"@type":"ListItem","position":2,"name":"Products","item":"https:\/\/versatecsystems.com\/en\/products\/"},{"@type":"ListItem","position":3,"name":"Retractable Double-Belt Post 2.3m\/3.6m Versatec FLOW Prime Dual"}]},{"@type":"WebSite","@id":"https:\/\/versatecsystems.com\/en\/#website","url":"https:\/\/versatecsystems.com\/en\/","name":"Versatec Systems","description":"Wyposa\u017cenie obiekt\u00f3w publicznych i przemys\u0142owych o potwierdzonej skuteczno\u015bci. Do\u015bwiadczony zesp\u00f3\u0142. Sprawdzone systemy. Efektywno\u015b\u0107 i niezawodno\u015b\u0107. Rozwi\u0105zania do zarz\u0105dzania ruchem ludzi, kontroli dost\u0119pu oraz organizacji przestrzeni w wymagaj\u0105cych \u015brodowiskach. Projektowane z my\u015bl\u0105 o lotniskach, dworcach kolejowych, budynkach u\u017cyteczno\u015bci publicznej, obiektach przemys\u0142owych oraz przestrzeniach zewn\u0119trznych.  Celem jest dostarczanie rozwi\u0105za\u0144, kt\u00f3re wspieraj\u0105 sprawne funkcjonowanie obiekt\u00f3w poprzez lepsz\u0105 organizacj\u0119, podniesienie poziomu bezpiecze\u0144stwa oraz wymierne korzy\u015bci operacyjne.","publisher":{"@id":"https:\/\/versatecsystems.com\/en\/#organization"},"alternateName":"Versatec","potentialAction":[{"@type":"SearchAction","target":{"@type":"EntryPoint","urlTemplate":"https:\/\/versatecsystems.com\/en\/?s={search_term_string}"},"query-input":{"@type":"PropertyValueSpecification","valueRequired":true,"valueName":"search_term_string"}}],"inLanguage":"en-US"},{"@type":"Organization","@id":"https:\/\/versatecsystems.com\/en\/#organization","name":"Versatec Systems","alternateName":"Versatec","url":"https:\/\/versatecsystems.com\/en\/","logo":{"@type":"ImageObject","inLanguage":"en-US","@id":"https:\/\/versatecsystems.com\/en\/#\/schema\/logo\/image\/","url":"https:\/\/versatecsystems.com\/wp-content\/uploads\/2026\/01\/just-v-scaled.png","contentUrl":"https:\/\/versatecsystems.com\/wp-content\/uploads\/2026\/01\/just-v-scaled.png","width":2560,"height":853,"caption":"Versatec Systems"},"image":{"@id":"https:\/\/versatecsystems.com\/en\/#\/schema\/logo\/image\/"}}]}},"_links":{"self":[{"href":"https:\/\/versatecsystems.com\/en\/wp-json\/wp\/v2\/product\/4940","targetHints":{"allow":["GET"]}}],"collection":[{"href":"https:\/\/versatecsystems.com\/en\/wp-json\/wp\/v2\/product"}],"about":[{"href":"https:\/\/versatecsystems.com\/en\/wp-json\/wp\/v2\/types\/product"}],"wp:featuredmedia":[{"embeddable":true,"href":"https:\/\/versatecsystems.com\/en\/wp-json\/wp\/v2\/media\/4942"}],"wp:attachment":[{"href":"https:\/\/versatecsystems.com\/en\/wp-json\/wp\/v2\/media?parent=4940"}],"wp:term":[{"taxonomy":"product_brand","embeddable":true,"href":"https:\/\/versatecsystems.com\/en\/wp-json\/wp\/v2\/product_brand?post=4940"},{"taxonomy":"product_cat","embeddable":true,"href":"https:\/\/versatecsystems.com\/en\/wp-json\/wp\/v2\/product_cat?post=4940"},{"taxonomy":"product_tag","embeddable":true,"href":"https:\/\/versatecsystems.com\/en\/wp-json\/wp\/v2\/product_tag?post=4940"},{"taxonomy":"branches","embeddable":true,"href":"https:\/\/versatecsystems.com\/en\/wp-json\/wp\/v2\/branches?post=4940"}],"curies":[{"name":"wp","href":"https:\/\/api.w.org\/{rel}","templated":true}]}}