{"id":4819,"date":"2026-02-01T10:30:56","date_gmt":"2026-02-01T10:30:56","guid":{"rendered":"https:\/\/versatecsystems.com\/produkt\/stacja-recyklingowa-do-segregacji-odpadow-4x105l-420l\/"},"modified":"2026-02-02T15:12:07","modified_gmt":"2026-02-02T15:12:07","slug":"stacja-recyklingowa-do-segregacji-odpadow-4x105l-420l","status":"publish","type":"product","link":"https:\/\/versatecsystems.com\/en\/produkt\/stacja-recyklingowa-do-segregacji-odpadow-4x105l-420l\/","title":{"rendered":"Stacja do segregacji odpad\u00f3w 4x105l (420l)"},"content":{"rendered":"<p><b>Stacja recyklingowa do segregacji odpad\u00f3w&#8230;..<\/b><\/p>\n<p>&nbsp;<\/p>\n<div style=\"width: 856px;\" class=\"wp-video\"><video class=\"wp-video-shortcode\" id=\"video-4819-1\" width=\"856\" height=\"480\" preload=\"metadata\" controls=\"controls\"><source type=\"video\/mp4\" src=\"https:\/\/versatecsystems.com\/wp-content\/uploads\/2026\/02\/WhatsApp-Video-2025-09-10-at-11.34.49.mp4?_=1\" \/><a href=\"https:\/\/versatecsystems.com\/wp-content\/uploads\/2026\/02\/WhatsApp-Video-2025-09-10-at-11.34.49.mp4\">https:\/\/versatecsystems.com\/wp-content\/uploads\/2026\/02\/WhatsApp-Video-2025-09-10-at-11.34.49.mp4<\/a><\/video><\/div>\n<p>&nbsp;<\/p>\n<p><strong>Funkcje i cechy<\/strong><\/p>\n<ul>\n<li>Solidna i niezawodna konstrukcja<\/li>\n<li>Stal nierdzewna<\/li>\n<\/ul>\n<h3><strong>Parametry techniczne<\/strong><\/h3>\n<h4><strong>Wymiary<\/strong><\/h4>\n<ul>\n<li><strong>Wymiary urz\u0105dzenia (szer. \u00d7 g\u0142. \u00d7 wys.):<\/strong> x \u00d7 y \u00d7 z mm<\/li>\n<\/ul>\n<h3><strong>Konstrukcja (Chassis)<\/strong><\/h3>\n<table>\n<thead>\n<tr>\n<td><strong>Element<\/strong><\/td>\n<td><strong>Specyfikacja<\/strong><\/td>\n<\/tr>\n<\/thead>\n<tbody>\n<tr>\n<td>Obudowa<\/td>\n<td>Stal niedzewna, grubo\u015b\u0107 2 mm<\/td>\n<\/tr>\n<tr>\n<td>Wk\u0142ad<\/td>\n<td>Stal ocynkowana, grubo\u015b\u0107 1 mm<\/td>\n<\/tr>\n<tr>\n<td>Panel<\/td>\n<td><\/td>\n<\/tr>\n<\/tbody>\n<\/table>\n<h3><strong>Mechanizm<\/strong><\/h3>\n<table>\n<thead>\n<tr>\n<td><strong>Element<\/strong><\/td>\n<td><strong>Specyfikacja<\/strong><\/td>\n<\/tr>\n<\/thead>\n<tbody>\n<tr>\n<td>Mechanizm<\/td>\n<td>Hydrauliczny<\/td>\n<\/tr>\n<tr>\n<td>Panel<\/td>\n<td><\/td>\n<\/tr>\n<tr>\n<td>Otwory<\/td>\n<td>\u00a0mm<\/td>\n<\/tr>\n<\/tbody>\n<\/table>\n<h3><strong>Akcesoria<\/strong><\/h3>\n<table>\n<thead>\n<tr>\n<td><strong>Element<\/strong><\/td>\n<td><strong>Specyfikacja<\/strong><\/td>\n<\/tr>\n<\/thead>\n<tbody>\n<tr>\n<td>A<\/td>\n<td>1<\/td>\n<\/tr>\n<tr>\n<td>B<\/td>\n<td>2<\/td>\n<\/tr>\n<\/tbody>\n<\/table>\n<h3><strong>Pakowanie<\/strong><\/h3>\n<table>\n<thead>\n<tr>\n<td><strong>Element<\/strong><\/td>\n<td><strong>Specyfikacja<\/strong><\/td>\n<\/tr>\n<\/thead>\n<tbody>\n<tr>\n<td>Zabezpieczenie<\/td>\n<td>Ochronne naro\u017cniki z pianki polietylenowej EPE<\/td>\n<\/tr>\n<tr>\n<td>Karton<\/td>\n<td>X \u00d7 Y \u00d7 Z mm (wymiary zewn\u0119trzne)<\/td>\n<\/tr>\n<\/tbody>\n<\/table>\n","protected":false},"excerpt":{"rendered":"<p><b>Stacja do segregacji odpad\u00f3w&#8230;..<\/b><\/p>\n","protected":false},"featured_media":4821,"template":"","meta":[],"product_brand":[],"product_cat":[397,404],"product_tag":[],"branches":[448,445,452,446,449,443,444,450,451,454,453,447],"class_list":{"0":"post-4819","1":"product","2":"type-product","3":"status-publish","4":"has-post-thumbnail","6":"product_cat-public-space-equipment","7":"product_cat-waste-sorting-stations-and-bins","8":"branches-airports","9":"branches-education","10":"branches-healthcare","11":"branches-hospitality-and-gastronomy","12":"branches-industry","13":"branches-office-buildings","14":"branches-public-facilities","15":"branches-shops-and-shopping-centers","16":"branches-sport-and-events","17":"branches-tourism-and-entertainment","18":"branches-transport","19":"branches-warehouses","22":"instock","23":"shipping-taxable","24":"purchasable","25":"product-type-simple","26":"product-grid-view"},"yoast_head":"<!-- This site is optimized with the Yoast SEO plugin v27.0 - https:\/\/yoast.com\/product\/yoast-seo-wordpress\/ -->\n<title>Stacja do segregacji odpad\u00f3w 4x105l (420l) - Versatec<\/title>\n<meta name=\"robots\" content=\"index, follow, max-snippet:-1, max-image-preview:large, max-video-preview:-1\" \/>\n<link rel=\"canonical\" href=\"https:\/\/versatecsystems.com\/en\/produkt\/stacja-recyklingowa-do-segregacji-odpadow-4x105l-420l\/\" \/>\n<meta property=\"og:locale\" content=\"en_US\" \/>\n<meta property=\"og:type\" content=\"article\" \/>\n<meta property=\"og:title\" content=\"Stacja do segregacji odpad\u00f3w 4x105l (420l) - Versatec\" \/>\n<meta property=\"og:description\" content=\"Stacja do segregacji odpad\u00f3w.....\" \/>\n<meta property=\"og:url\" content=\"https:\/\/versatecsystems.com\/en\/produkt\/stacja-recyklingowa-do-segregacji-odpadow-4x105l-420l\/\" \/>\n<meta property=\"og:site_name\" content=\"Versatec\" \/>\n<meta property=\"article:modified_time\" content=\"2026-02-02T15:12:07+00:00\" \/>\n<meta property=\"og:image\" content=\"https:\/\/versatecsystems.com\/wp-content\/uploads\/2026\/02\/TIB-4003-1.png\" \/>\n\t<meta property=\"og:image:width\" content=\"1000\" \/>\n\t<meta property=\"og:image:height\" content=\"800\" \/>\n\t<meta property=\"og:image:type\" content=\"image\/png\" \/>\n<meta name=\"twitter:card\" content=\"summary_large_image\" \/>\n<script type=\"application\/ld+json\" class=\"yoast-schema-graph\">{\"@context\":\"https:\/\/schema.org\",\"@graph\":[{\"@type\":\"WebPage\",\"@id\":\"https:\/\/versatecsystems.com\/en\/produkt\/stacja-recyklingowa-do-segregacji-odpadow-4x105l-420l\/\",\"url\":\"https:\/\/versatecsystems.com\/en\/produkt\/stacja-recyklingowa-do-segregacji-odpadow-4x105l-420l\/\",\"name\":\"Stacja do segregacji odpad\u00f3w 4x105l (420l) - Versatec\",\"isPartOf\":{\"@id\":\"https:\/\/versatecsystems.com\/en\/#website\"},\"primaryImageOfPage\":{\"@id\":\"https:\/\/versatecsystems.com\/en\/produkt\/stacja-recyklingowa-do-segregacji-odpadow-4x105l-420l\/#primaryimage\"},\"image\":{\"@id\":\"https:\/\/versatecsystems.com\/en\/produkt\/stacja-recyklingowa-do-segregacji-odpadow-4x105l-420l\/#primaryimage\"},\"thumbnailUrl\":\"https:\/\/versatecsystems.com\/wp-content\/uploads\/2026\/02\/TIB-4003-1.png\",\"datePublished\":\"2026-02-01T10:30:56+00:00\",\"dateModified\":\"2026-02-02T15:12:07+00:00\",\"breadcrumb\":{\"@id\":\"https:\/\/versatecsystems.com\/en\/produkt\/stacja-recyklingowa-do-segregacji-odpadow-4x105l-420l\/#breadcrumb\"},\"inLanguage\":\"en-US\",\"potentialAction\":[{\"@type\":\"ReadAction\",\"target\":[\"https:\/\/versatecsystems.com\/en\/produkt\/stacja-recyklingowa-do-segregacji-odpadow-4x105l-420l\/\"]}]},{\"@type\":\"ImageObject\",\"inLanguage\":\"en-US\",\"@id\":\"https:\/\/versatecsystems.com\/en\/produkt\/stacja-recyklingowa-do-segregacji-odpadow-4x105l-420l\/#primaryimage\",\"url\":\"https:\/\/versatecsystems.com\/wp-content\/uploads\/2026\/02\/TIB-4003-1.png\",\"contentUrl\":\"https:\/\/versatecsystems.com\/wp-content\/uploads\/2026\/02\/TIB-4003-1.png\",\"width\":1000,\"height\":800},{\"@type\":\"BreadcrumbList\",\"@id\":\"https:\/\/versatecsystems.com\/en\/produkt\/stacja-recyklingowa-do-segregacji-odpadow-4x105l-420l\/#breadcrumb\",\"itemListElement\":[{\"@type\":\"ListItem\",\"position\":1,\"name\":\"Strona g\u0142\u00f3wna\",\"item\":\"https:\/\/versatecsystems.com\/en\/\"},{\"@type\":\"ListItem\",\"position\":2,\"name\":\"Products\",\"item\":\"https:\/\/versatecsystems.com\/en\/products\/\"},{\"@type\":\"ListItem\",\"position\":3,\"name\":\"Stacja do segregacji odpad\u00f3w 4x105l (420l)\"}]},{\"@type\":\"WebSite\",\"@id\":\"https:\/\/versatecsystems.com\/en\/#website\",\"url\":\"https:\/\/versatecsystems.com\/en\/\",\"name\":\"Versatec Systems\",\"description\":\"Wyposa\u017cenie obiekt\u00f3w publicznych i przemys\u0142owych o potwierdzonej skuteczno\u015bci. Do\u015bwiadczony zesp\u00f3\u0142. Sprawdzone systemy. Efektywno\u015b\u0107 i niezawodno\u015b\u0107. Rozwi\u0105zania do zarz\u0105dzania ruchem ludzi, kontroli dost\u0119pu oraz organizacji przestrzeni w wymagaj\u0105cych \u015brodowiskach. Projektowane z my\u015bl\u0105 o lotniskach, dworcach kolejowych, budynkach u\u017cyteczno\u015bci publicznej, obiektach przemys\u0142owych oraz przestrzeniach zewn\u0119trznych.  Celem jest dostarczanie rozwi\u0105za\u0144, kt\u00f3re wspieraj\u0105 sprawne funkcjonowanie obiekt\u00f3w poprzez lepsz\u0105 organizacj\u0119, podniesienie poziomu bezpiecze\u0144stwa oraz wymierne korzy\u015bci operacyjne.\",\"publisher\":{\"@id\":\"https:\/\/versatecsystems.com\/en\/#organization\"},\"alternateName\":\"Versatec\",\"potentialAction\":[{\"@type\":\"SearchAction\",\"target\":{\"@type\":\"EntryPoint\",\"urlTemplate\":\"https:\/\/versatecsystems.com\/en\/?s={search_term_string}\"},\"query-input\":{\"@type\":\"PropertyValueSpecification\",\"valueRequired\":true,\"valueName\":\"search_term_string\"}}],\"inLanguage\":\"en-US\"},{\"@type\":\"Organization\",\"@id\":\"https:\/\/versatecsystems.com\/en\/#organization\",\"name\":\"Versatec Systems\",\"alternateName\":\"Versatec\",\"url\":\"https:\/\/versatecsystems.com\/en\/\",\"logo\":{\"@type\":\"ImageObject\",\"inLanguage\":\"en-US\",\"@id\":\"https:\/\/versatecsystems.com\/en\/#\/schema\/logo\/image\/\",\"url\":\"https:\/\/versatecsystems.com\/wp-content\/uploads\/2026\/01\/just-v-scaled.png\",\"contentUrl\":\"https:\/\/versatecsystems.com\/wp-content\/uploads\/2026\/01\/just-v-scaled.png\",\"width\":2560,\"height\":853,\"caption\":\"Versatec Systems\"},\"image\":{\"@id\":\"https:\/\/versatecsystems.com\/en\/#\/schema\/logo\/image\/\"}}]}<\/script>\n<!-- \/ Yoast SEO plugin. -->","yoast_head_json":{"title":"Stacja do segregacji odpad\u00f3w 4x105l (420l) - Versatec","robots":{"index":"index","follow":"follow","max-snippet":"max-snippet:-1","max-image-preview":"max-image-preview:large","max-video-preview":"max-video-preview:-1"},"canonical":"https:\/\/versatecsystems.com\/en\/produkt\/stacja-recyklingowa-do-segregacji-odpadow-4x105l-420l\/","og_locale":"en_US","og_type":"article","og_title":"Stacja do segregacji odpad\u00f3w 4x105l (420l) - Versatec","og_description":"Stacja do segregacji odpad\u00f3w.....","og_url":"https:\/\/versatecsystems.com\/en\/produkt\/stacja-recyklingowa-do-segregacji-odpadow-4x105l-420l\/","og_site_name":"Versatec","article_modified_time":"2026-02-02T15:12:07+00:00","og_image":[{"width":1000,"height":800,"url":"https:\/\/versatecsystems.com\/wp-content\/uploads\/2026\/02\/TIB-4003-1.png","type":"image\/png"}],"twitter_card":"summary_large_image","schema":{"@context":"https:\/\/schema.org","@graph":[{"@type":"WebPage","@id":"https:\/\/versatecsystems.com\/en\/produkt\/stacja-recyklingowa-do-segregacji-odpadow-4x105l-420l\/","url":"https:\/\/versatecsystems.com\/en\/produkt\/stacja-recyklingowa-do-segregacji-odpadow-4x105l-420l\/","name":"Stacja do segregacji odpad\u00f3w 4x105l (420l) - Versatec","isPartOf":{"@id":"https:\/\/versatecsystems.com\/en\/#website"},"primaryImageOfPage":{"@id":"https:\/\/versatecsystems.com\/en\/produkt\/stacja-recyklingowa-do-segregacji-odpadow-4x105l-420l\/#primaryimage"},"image":{"@id":"https:\/\/versatecsystems.com\/en\/produkt\/stacja-recyklingowa-do-segregacji-odpadow-4x105l-420l\/#primaryimage"},"thumbnailUrl":"https:\/\/versatecsystems.com\/wp-content\/uploads\/2026\/02\/TIB-4003-1.png","datePublished":"2026-02-01T10:30:56+00:00","dateModified":"2026-02-02T15:12:07+00:00","breadcrumb":{"@id":"https:\/\/versatecsystems.com\/en\/produkt\/stacja-recyklingowa-do-segregacji-odpadow-4x105l-420l\/#breadcrumb"},"inLanguage":"en-US","potentialAction":[{"@type":"ReadAction","target":["https:\/\/versatecsystems.com\/en\/produkt\/stacja-recyklingowa-do-segregacji-odpadow-4x105l-420l\/"]}]},{"@type":"ImageObject","inLanguage":"en-US","@id":"https:\/\/versatecsystems.com\/en\/produkt\/stacja-recyklingowa-do-segregacji-odpadow-4x105l-420l\/#primaryimage","url":"https:\/\/versatecsystems.com\/wp-content\/uploads\/2026\/02\/TIB-4003-1.png","contentUrl":"https:\/\/versatecsystems.com\/wp-content\/uploads\/2026\/02\/TIB-4003-1.png","width":1000,"height":800},{"@type":"BreadcrumbList","@id":"https:\/\/versatecsystems.com\/en\/produkt\/stacja-recyklingowa-do-segregacji-odpadow-4x105l-420l\/#breadcrumb","itemListElement":[{"@type":"ListItem","position":1,"name":"Strona g\u0142\u00f3wna","item":"https:\/\/versatecsystems.com\/en\/"},{"@type":"ListItem","position":2,"name":"Products","item":"https:\/\/versatecsystems.com\/en\/products\/"},{"@type":"ListItem","position":3,"name":"Stacja do segregacji odpad\u00f3w 4x105l (420l)"}]},{"@type":"WebSite","@id":"https:\/\/versatecsystems.com\/en\/#website","url":"https:\/\/versatecsystems.com\/en\/","name":"Versatec Systems","description":"Wyposa\u017cenie obiekt\u00f3w publicznych i przemys\u0142owych o potwierdzonej skuteczno\u015bci. Do\u015bwiadczony zesp\u00f3\u0142. Sprawdzone systemy. Efektywno\u015b\u0107 i niezawodno\u015b\u0107. Rozwi\u0105zania do zarz\u0105dzania ruchem ludzi, kontroli dost\u0119pu oraz organizacji przestrzeni w wymagaj\u0105cych \u015brodowiskach. Projektowane z my\u015bl\u0105 o lotniskach, dworcach kolejowych, budynkach u\u017cyteczno\u015bci publicznej, obiektach przemys\u0142owych oraz przestrzeniach zewn\u0119trznych.  Celem jest dostarczanie rozwi\u0105za\u0144, kt\u00f3re wspieraj\u0105 sprawne funkcjonowanie obiekt\u00f3w poprzez lepsz\u0105 organizacj\u0119, podniesienie poziomu bezpiecze\u0144stwa oraz wymierne korzy\u015bci operacyjne.","publisher":{"@id":"https:\/\/versatecsystems.com\/en\/#organization"},"alternateName":"Versatec","potentialAction":[{"@type":"SearchAction","target":{"@type":"EntryPoint","urlTemplate":"https:\/\/versatecsystems.com\/en\/?s={search_term_string}"},"query-input":{"@type":"PropertyValueSpecification","valueRequired":true,"valueName":"search_term_string"}}],"inLanguage":"en-US"},{"@type":"Organization","@id":"https:\/\/versatecsystems.com\/en\/#organization","name":"Versatec Systems","alternateName":"Versatec","url":"https:\/\/versatecsystems.com\/en\/","logo":{"@type":"ImageObject","inLanguage":"en-US","@id":"https:\/\/versatecsystems.com\/en\/#\/schema\/logo\/image\/","url":"https:\/\/versatecsystems.com\/wp-content\/uploads\/2026\/01\/just-v-scaled.png","contentUrl":"https:\/\/versatecsystems.com\/wp-content\/uploads\/2026\/01\/just-v-scaled.png","width":2560,"height":853,"caption":"Versatec Systems"},"image":{"@id":"https:\/\/versatecsystems.com\/en\/#\/schema\/logo\/image\/"}}]}},"_links":{"self":[{"href":"https:\/\/versatecsystems.com\/en\/wp-json\/wp\/v2\/product\/4819","targetHints":{"allow":["GET"]}}],"collection":[{"href":"https:\/\/versatecsystems.com\/en\/wp-json\/wp\/v2\/product"}],"about":[{"href":"https:\/\/versatecsystems.com\/en\/wp-json\/wp\/v2\/types\/product"}],"wp:featuredmedia":[{"embeddable":true,"href":"https:\/\/versatecsystems.com\/en\/wp-json\/wp\/v2\/media\/4821"}],"wp:attachment":[{"href":"https:\/\/versatecsystems.com\/en\/wp-json\/wp\/v2\/media?parent=4819"}],"wp:term":[{"taxonomy":"product_brand","embeddable":true,"href":"https:\/\/versatecsystems.com\/en\/wp-json\/wp\/v2\/product_brand?post=4819"},{"taxonomy":"product_cat","embeddable":true,"href":"https:\/\/versatecsystems.com\/en\/wp-json\/wp\/v2\/product_cat?post=4819"},{"taxonomy":"product_tag","embeddable":true,"href":"https:\/\/versatecsystems.com\/en\/wp-json\/wp\/v2\/product_tag?post=4819"},{"taxonomy":"branches","embeddable":true,"href":"https:\/\/versatecsystems.com\/en\/wp-json\/wp\/v2\/branches?post=4819"}],"curies":[{"name":"wp","href":"https:\/\/api.w.org\/{rel}","templated":true}]}}