{"id":3601,"date":"2026-01-27T18:28:39","date_gmt":"2026-01-27T18:28:39","guid":{"rendered":"https:\/\/versatecsystems.com\/?post_type=product&#038;p=3601"},"modified":"2026-02-09T00:08:51","modified_gmt":"2026-02-09T00:08:51","slug":"magnetic-barrier-post-with-2-3-m-or-3-6-m-belt-versatec-flow-prime-magnetic-2-3-3-6","status":"publish","type":"product","link":"https:\/\/versatecsystems.com\/en\/produkt\/magnetic-barrier-post-with-2-3-m-or-3-6-m-belt-versatec-flow-prime-magnetic-2-3-3-6\/","title":{"rendered":"Magnetic Retractable Belt Post 2.3m\/3.6m Versatec FLOW Prime"},"content":{"rendered":"<p><span style=\"font-family: Times New Roman, serif;\"><span style=\"font-size: medium;\"><span lang=\"de-DE\">The magnetic base with a diameter of only 180 mm and an ultra-low height of just 11 mm minimises the required footprint and allows comfortable and safe passage, even with luggage. The low-profile design supports efficient use of space and enables discreet integration into architecturally demanding environments.<\/span><\/span><\/span><\/p>\n<p><span style=\"font-family: Times New Roman, serif;\"><span style=\"font-size: medium;\"><span lang=\"de-DE\">A total of 22 high-performance magnets ensure a stable and secure connection between the post and the floor. The supplied floor plate made of ferritic stainless steel provides long-lasting, corrosion-resistant performance. The system allows quick adjustments to routing layouts without any intervention in the floor while maintaining a consistently high-quality appearance.<\/span><\/span><\/span><\/p>\n<p><span style=\"font-family: Times New Roman, serif;\"><span style=\"font-size: medium;\"><span lang=\"de-DE\">In addition, the post is equipped with a \u201cpin-lock\u201d system that stabilises the connection between the base and the post tube, preventing unintended loosening during operation.<\/span><\/span><\/span><\/p>\n<p><span style=\"font-family: Times New Roman, serif;\"><span style=\"font-size: medium;\"><span lang=\"de-DE\">The high-quality retraction mechanism with a patented braking system ensures smooth and safe belt retraction. Unlike many comparable systems, all post variants are made of stainless steel. Selected finishes are also equipped with an anti-fingerprint coating, helping to maintain a clean and refined appearance even under intensive use.<\/span><\/span><\/span><\/p>\n<p><span style=\"font-family: Times New Roman, serif;\"><span style=\"font-size: medium;\"><span lang=\"de-DE\">A wide range of finishes as well as extensive belt customisation options allow precise adaptation to operational requirements and the visual identity of the respective location.<\/span><\/span><\/span><\/p>\n<p><span style=\"font-family: Times New Roman, serif;\"><span style=\"font-size: medium;\"><span lang=\"de-DE\">Features:<\/span><\/span><\/span><\/p>\n<p>\u2022 <span style=\"font-family: Times New Roman, serif;\"><span style=\"font-size: medium;\"><span lang=\"de-DE\">Magnetic base with 180 mm diameter \u2013 minimal footprint<br \/>\n\u2022 22 magnets for a stable connection with the stainless steel floor plate<br \/>\n\u2022 \u201cPin-lock\u201d system for secure fixation of base and post tube<br \/>\n\u2022 Patented braking system for controlled and safe belt retraction<br \/>\n\u2022 Automatic locking of the belt end<br \/>\n\u2022 Post material: stainless steel \u2013 powder-coated, high-gloss polished or satin-finished<br \/>\n\u2022 Custom post colours available on request according to RAL<br \/>\n\u2022 Wide range of standard belt colours<br \/>\n\u2022 Custom belt colours available according to the Pantone\u00ae colour system<br \/>\n\u2022 Individual full-colour digital printing on the belt \u2013 e.g. logos or information<\/span><\/span><\/span><\/p>\n<p><span style=\"font-family: Times New Roman, serif;\"><span style=\"font-size: medium;\"><span lang=\"de-DE\">Technical data:<\/span><\/span><\/span><\/p>\n<p>\u2022 <span style=\"font-family: Times New Roman, serif;\"><span style=\"font-size: medium;\"><span lang=\"de-DE\">Material: base \u2013 steel with magnets, cover \u2013 stainless steel, floor plate \u2013 stainless steel, post tube \u2013 stainless steel<br \/>\n\u2022 Post finishes:<br \/>\n\u2013 Stainless steel, grade 201, powder-coated in custom colour<br \/>\n\u2013 Stainless steel, grade 304, high-gloss polished<br \/>\n\u2013 Stainless steel, grade 304, brushed (satin) with anti-fingerprint coating<br \/>\n\u2022 Belt colour: multiple standard colours and custom prints<br \/>\n\u2022 Dimensions: 975 \u00d7 180 \u00d7 63.5 mm (H \u00d7 W \u00d7 D)<br \/>\n\u2022 Belt length: 2.3 m or 3.6 m<br \/>\n\u2022 Belt width: 50 mm \u00b12 mm<br \/>\n\u2022 Net weight: approx. 4 kg<\/span><\/span><\/span><\/p>\n","protected":false},"excerpt":{"rendered":"<p>Magnetic barrier post with retractable belt Versatec FLOW Prime Magnetic 2.3 \/ 3.6 \u2013 an elegant and functional solution for queue management and structured pedestrian guidance in environments with high design and functional requirements. Ideal for applications where clear routing and minimal floor space are essential, such as airport terminals and other public transport facilities.<\/p>\n","protected":false},"featured_media":4763,"template":"","meta":[],"product_brand":[],"product_cat":[385,379,384],"product_tag":[],"branches":[448,444,454,453],"class_list":{"0":"post-3601","1":"product","2":"type-product","3":"status-publish","4":"has-post-thumbnail","6":"product_cat-aviation-and-public-transport","7":"product_cat-barrier-and-queuing-systems","8":"product_cat-belt-barrier-posts","9":"branches-airports","10":"branches-public-facilities","11":"branches-tourism-and-entertainment","12":"branches-transport","15":"instock","16":"shipping-taxable","17":"purchasable","18":"product-type-variable","19":"has-default-attributes","20":"product-grid-view"},"yoast_head":"<!-- This site is optimized with the Yoast SEO plugin v27.0 - https:\/\/yoast.com\/product\/yoast-seo-wordpress\/ -->\n<title>Magnetic Retractable Belt Post 2.3m\/3.6m Versatec FLOW Prime - Versatec<\/title>\n<meta name=\"robots\" content=\"index, follow, max-snippet:-1, max-image-preview:large, max-video-preview:-1\" \/>\n<link rel=\"canonical\" href=\"https:\/\/versatecsystems.com\/en\/produkt\/magnetic-barrier-post-with-2-3-m-or-3-6-m-belt-versatec-flow-prime-magnetic-2-3-3-6\/\" \/>\n<meta property=\"og:locale\" content=\"en_US\" \/>\n<meta property=\"og:type\" content=\"article\" \/>\n<meta property=\"og:title\" content=\"Magnetic Retractable Belt Post 2.3m\/3.6m Versatec FLOW Prime - Versatec\" \/>\n<meta property=\"og:description\" content=\"Magnetic barrier post with retractable belt Versatec FLOW Prime Magnetic 2.3 \/ 3.6 \u2013 an elegant and functional solution for queue management and structured pedestrian guidance in environments with high design and functional requirements. Ideal for applications where clear routing and minimal floor space are essential, such as airport terminals and other public transport facilities.\" \/>\n<meta property=\"og:url\" content=\"https:\/\/versatecsystems.com\/en\/produkt\/magnetic-barrier-post-with-2-3-m-or-3-6-m-belt-versatec-flow-prime-magnetic-2-3-3-6\/\" \/>\n<meta property=\"og:site_name\" content=\"Versatec\" \/>\n<meta property=\"article:modified_time\" content=\"2026-02-09T00:08:51+00:00\" \/>\n<meta property=\"og:image\" content=\"https:\/\/versatecsystems.com\/wp-content\/uploads\/2026\/01\/BP-18IF-M2-2.png\" \/>\n\t<meta property=\"og:image:width\" content=\"1920\" \/>\n\t<meta property=\"og:image:height\" content=\"1080\" \/>\n\t<meta property=\"og:image:type\" content=\"image\/png\" \/>\n<meta name=\"twitter:card\" content=\"summary_large_image\" \/>\n<meta name=\"twitter:label1\" content=\"Est. reading time\" \/>\n\t<meta name=\"twitter:data1\" content=\"2 minutes\" \/>\n<script type=\"application\/ld+json\" class=\"yoast-schema-graph\">{\"@context\":\"https:\/\/schema.org\",\"@graph\":[{\"@type\":\"WebPage\",\"@id\":\"https:\/\/versatecsystems.com\/en\/produkt\/magnetic-barrier-post-with-2-3-m-or-3-6-m-belt-versatec-flow-prime-magnetic-2-3-3-6\/\",\"url\":\"https:\/\/versatecsystems.com\/en\/produkt\/magnetic-barrier-post-with-2-3-m-or-3-6-m-belt-versatec-flow-prime-magnetic-2-3-3-6\/\",\"name\":\"Magnetic Retractable Belt Post 2.3m\/3.6m Versatec FLOW Prime - Versatec\",\"isPartOf\":{\"@id\":\"https:\/\/versatecsystems.com\/en\/#website\"},\"primaryImageOfPage\":{\"@id\":\"https:\/\/versatecsystems.com\/en\/produkt\/magnetic-barrier-post-with-2-3-m-or-3-6-m-belt-versatec-flow-prime-magnetic-2-3-3-6\/#primaryimage\"},\"image\":{\"@id\":\"https:\/\/versatecsystems.com\/en\/produkt\/magnetic-barrier-post-with-2-3-m-or-3-6-m-belt-versatec-flow-prime-magnetic-2-3-3-6\/#primaryimage\"},\"thumbnailUrl\":\"https:\/\/versatecsystems.com\/wp-content\/uploads\/2026\/01\/BP-18IF-M2-2.png\",\"datePublished\":\"2026-01-27T18:28:39+00:00\",\"dateModified\":\"2026-02-09T00:08:51+00:00\",\"breadcrumb\":{\"@id\":\"https:\/\/versatecsystems.com\/en\/produkt\/magnetic-barrier-post-with-2-3-m-or-3-6-m-belt-versatec-flow-prime-magnetic-2-3-3-6\/#breadcrumb\"},\"inLanguage\":\"en-US\",\"potentialAction\":[{\"@type\":\"ReadAction\",\"target\":[\"https:\/\/versatecsystems.com\/en\/produkt\/magnetic-barrier-post-with-2-3-m-or-3-6-m-belt-versatec-flow-prime-magnetic-2-3-3-6\/\"]}]},{\"@type\":\"ImageObject\",\"inLanguage\":\"en-US\",\"@id\":\"https:\/\/versatecsystems.com\/en\/produkt\/magnetic-barrier-post-with-2-3-m-or-3-6-m-belt-versatec-flow-prime-magnetic-2-3-3-6\/#primaryimage\",\"url\":\"https:\/\/versatecsystems.com\/wp-content\/uploads\/2026\/01\/BP-18IF-M2-2.png\",\"contentUrl\":\"https:\/\/versatecsystems.com\/wp-content\/uploads\/2026\/01\/BP-18IF-M2-2.png\",\"width\":1920,\"height\":1080},{\"@type\":\"BreadcrumbList\",\"@id\":\"https:\/\/versatecsystems.com\/en\/produkt\/magnetic-barrier-post-with-2-3-m-or-3-6-m-belt-versatec-flow-prime-magnetic-2-3-3-6\/#breadcrumb\",\"itemListElement\":[{\"@type\":\"ListItem\",\"position\":1,\"name\":\"Strona g\u0142\u00f3wna\",\"item\":\"https:\/\/versatecsystems.com\/en\/\"},{\"@type\":\"ListItem\",\"position\":2,\"name\":\"Products\",\"item\":\"https:\/\/versatecsystems.com\/en\/products\/\"},{\"@type\":\"ListItem\",\"position\":3,\"name\":\"Magnetic Retractable Belt Post 2.3m\/3.6m Versatec FLOW Prime\"}]},{\"@type\":\"WebSite\",\"@id\":\"https:\/\/versatecsystems.com\/en\/#website\",\"url\":\"https:\/\/versatecsystems.com\/en\/\",\"name\":\"Versatec Systems\",\"description\":\"Wyposa\u017cenie obiekt\u00f3w publicznych i przemys\u0142owych o potwierdzonej skuteczno\u015bci. Do\u015bwiadczony zesp\u00f3\u0142. Sprawdzone systemy. Efektywno\u015b\u0107 i niezawodno\u015b\u0107. Rozwi\u0105zania do zarz\u0105dzania ruchem ludzi, kontroli dost\u0119pu oraz organizacji przestrzeni w wymagaj\u0105cych \u015brodowiskach. Projektowane z my\u015bl\u0105 o lotniskach, dworcach kolejowych, budynkach u\u017cyteczno\u015bci publicznej, obiektach przemys\u0142owych oraz przestrzeniach zewn\u0119trznych.  Celem jest dostarczanie rozwi\u0105za\u0144, kt\u00f3re wspieraj\u0105 sprawne funkcjonowanie obiekt\u00f3w poprzez lepsz\u0105 organizacj\u0119, podniesienie poziomu bezpiecze\u0144stwa oraz wymierne korzy\u015bci operacyjne.\",\"publisher\":{\"@id\":\"https:\/\/versatecsystems.com\/en\/#organization\"},\"alternateName\":\"Versatec\",\"potentialAction\":[{\"@type\":\"SearchAction\",\"target\":{\"@type\":\"EntryPoint\",\"urlTemplate\":\"https:\/\/versatecsystems.com\/en\/?s={search_term_string}\"},\"query-input\":{\"@type\":\"PropertyValueSpecification\",\"valueRequired\":true,\"valueName\":\"search_term_string\"}}],\"inLanguage\":\"en-US\"},{\"@type\":\"Organization\",\"@id\":\"https:\/\/versatecsystems.com\/en\/#organization\",\"name\":\"Versatec Systems\",\"alternateName\":\"Versatec\",\"url\":\"https:\/\/versatecsystems.com\/en\/\",\"logo\":{\"@type\":\"ImageObject\",\"inLanguage\":\"en-US\",\"@id\":\"https:\/\/versatecsystems.com\/en\/#\/schema\/logo\/image\/\",\"url\":\"https:\/\/versatecsystems.com\/wp-content\/uploads\/2026\/01\/just-v-scaled.png\",\"contentUrl\":\"https:\/\/versatecsystems.com\/wp-content\/uploads\/2026\/01\/just-v-scaled.png\",\"width\":2560,\"height\":853,\"caption\":\"Versatec Systems\"},\"image\":{\"@id\":\"https:\/\/versatecsystems.com\/en\/#\/schema\/logo\/image\/\"}}]}<\/script>\n<!-- \/ Yoast SEO plugin. -->","yoast_head_json":{"title":"Magnetic Retractable Belt Post 2.3m\/3.6m Versatec FLOW Prime - Versatec","robots":{"index":"index","follow":"follow","max-snippet":"max-snippet:-1","max-image-preview":"max-image-preview:large","max-video-preview":"max-video-preview:-1"},"canonical":"https:\/\/versatecsystems.com\/en\/produkt\/magnetic-barrier-post-with-2-3-m-or-3-6-m-belt-versatec-flow-prime-magnetic-2-3-3-6\/","og_locale":"en_US","og_type":"article","og_title":"Magnetic Retractable Belt Post 2.3m\/3.6m Versatec FLOW Prime - Versatec","og_description":"Magnetic barrier post with retractable belt Versatec FLOW Prime Magnetic 2.3 \/ 3.6 \u2013 an elegant and functional solution for queue management and structured pedestrian guidance in environments with high design and functional requirements. Ideal for applications where clear routing and minimal floor space are essential, such as airport terminals and other public transport facilities.","og_url":"https:\/\/versatecsystems.com\/en\/produkt\/magnetic-barrier-post-with-2-3-m-or-3-6-m-belt-versatec-flow-prime-magnetic-2-3-3-6\/","og_site_name":"Versatec","article_modified_time":"2026-02-09T00:08:51+00:00","og_image":[{"width":1920,"height":1080,"url":"https:\/\/versatecsystems.com\/wp-content\/uploads\/2026\/01\/BP-18IF-M2-2.png","type":"image\/png"}],"twitter_card":"summary_large_image","twitter_misc":{"Est. reading time":"2 minutes"},"schema":{"@context":"https:\/\/schema.org","@graph":[{"@type":"WebPage","@id":"https:\/\/versatecsystems.com\/en\/produkt\/magnetic-barrier-post-with-2-3-m-or-3-6-m-belt-versatec-flow-prime-magnetic-2-3-3-6\/","url":"https:\/\/versatecsystems.com\/en\/produkt\/magnetic-barrier-post-with-2-3-m-or-3-6-m-belt-versatec-flow-prime-magnetic-2-3-3-6\/","name":"Magnetic Retractable Belt Post 2.3m\/3.6m Versatec FLOW Prime - Versatec","isPartOf":{"@id":"https:\/\/versatecsystems.com\/en\/#website"},"primaryImageOfPage":{"@id":"https:\/\/versatecsystems.com\/en\/produkt\/magnetic-barrier-post-with-2-3-m-or-3-6-m-belt-versatec-flow-prime-magnetic-2-3-3-6\/#primaryimage"},"image":{"@id":"https:\/\/versatecsystems.com\/en\/produkt\/magnetic-barrier-post-with-2-3-m-or-3-6-m-belt-versatec-flow-prime-magnetic-2-3-3-6\/#primaryimage"},"thumbnailUrl":"https:\/\/versatecsystems.com\/wp-content\/uploads\/2026\/01\/BP-18IF-M2-2.png","datePublished":"2026-01-27T18:28:39+00:00","dateModified":"2026-02-09T00:08:51+00:00","breadcrumb":{"@id":"https:\/\/versatecsystems.com\/en\/produkt\/magnetic-barrier-post-with-2-3-m-or-3-6-m-belt-versatec-flow-prime-magnetic-2-3-3-6\/#breadcrumb"},"inLanguage":"en-US","potentialAction":[{"@type":"ReadAction","target":["https:\/\/versatecsystems.com\/en\/produkt\/magnetic-barrier-post-with-2-3-m-or-3-6-m-belt-versatec-flow-prime-magnetic-2-3-3-6\/"]}]},{"@type":"ImageObject","inLanguage":"en-US","@id":"https:\/\/versatecsystems.com\/en\/produkt\/magnetic-barrier-post-with-2-3-m-or-3-6-m-belt-versatec-flow-prime-magnetic-2-3-3-6\/#primaryimage","url":"https:\/\/versatecsystems.com\/wp-content\/uploads\/2026\/01\/BP-18IF-M2-2.png","contentUrl":"https:\/\/versatecsystems.com\/wp-content\/uploads\/2026\/01\/BP-18IF-M2-2.png","width":1920,"height":1080},{"@type":"BreadcrumbList","@id":"https:\/\/versatecsystems.com\/en\/produkt\/magnetic-barrier-post-with-2-3-m-or-3-6-m-belt-versatec-flow-prime-magnetic-2-3-3-6\/#breadcrumb","itemListElement":[{"@type":"ListItem","position":1,"name":"Strona g\u0142\u00f3wna","item":"https:\/\/versatecsystems.com\/en\/"},{"@type":"ListItem","position":2,"name":"Products","item":"https:\/\/versatecsystems.com\/en\/products\/"},{"@type":"ListItem","position":3,"name":"Magnetic Retractable Belt Post 2.3m\/3.6m Versatec FLOW Prime"}]},{"@type":"WebSite","@id":"https:\/\/versatecsystems.com\/en\/#website","url":"https:\/\/versatecsystems.com\/en\/","name":"Versatec Systems","description":"Wyposa\u017cenie obiekt\u00f3w publicznych i przemys\u0142owych o potwierdzonej skuteczno\u015bci. Do\u015bwiadczony zesp\u00f3\u0142. Sprawdzone systemy. Efektywno\u015b\u0107 i niezawodno\u015b\u0107. Rozwi\u0105zania do zarz\u0105dzania ruchem ludzi, kontroli dost\u0119pu oraz organizacji przestrzeni w wymagaj\u0105cych \u015brodowiskach. Projektowane z my\u015bl\u0105 o lotniskach, dworcach kolejowych, budynkach u\u017cyteczno\u015bci publicznej, obiektach przemys\u0142owych oraz przestrzeniach zewn\u0119trznych.  Celem jest dostarczanie rozwi\u0105za\u0144, kt\u00f3re wspieraj\u0105 sprawne funkcjonowanie obiekt\u00f3w poprzez lepsz\u0105 organizacj\u0119, podniesienie poziomu bezpiecze\u0144stwa oraz wymierne korzy\u015bci operacyjne.","publisher":{"@id":"https:\/\/versatecsystems.com\/en\/#organization"},"alternateName":"Versatec","potentialAction":[{"@type":"SearchAction","target":{"@type":"EntryPoint","urlTemplate":"https:\/\/versatecsystems.com\/en\/?s={search_term_string}"},"query-input":{"@type":"PropertyValueSpecification","valueRequired":true,"valueName":"search_term_string"}}],"inLanguage":"en-US"},{"@type":"Organization","@id":"https:\/\/versatecsystems.com\/en\/#organization","name":"Versatec Systems","alternateName":"Versatec","url":"https:\/\/versatecsystems.com\/en\/","logo":{"@type":"ImageObject","inLanguage":"en-US","@id":"https:\/\/versatecsystems.com\/en\/#\/schema\/logo\/image\/","url":"https:\/\/versatecsystems.com\/wp-content\/uploads\/2026\/01\/just-v-scaled.png","contentUrl":"https:\/\/versatecsystems.com\/wp-content\/uploads\/2026\/01\/just-v-scaled.png","width":2560,"height":853,"caption":"Versatec Systems"},"image":{"@id":"https:\/\/versatecsystems.com\/en\/#\/schema\/logo\/image\/"}}]}},"_links":{"self":[{"href":"https:\/\/versatecsystems.com\/en\/wp-json\/wp\/v2\/product\/3601","targetHints":{"allow":["GET"]}}],"collection":[{"href":"https:\/\/versatecsystems.com\/en\/wp-json\/wp\/v2\/product"}],"about":[{"href":"https:\/\/versatecsystems.com\/en\/wp-json\/wp\/v2\/types\/product"}],"wp:featuredmedia":[{"embeddable":true,"href":"https:\/\/versatecsystems.com\/en\/wp-json\/wp\/v2\/media\/4763"}],"wp:attachment":[{"href":"https:\/\/versatecsystems.com\/en\/wp-json\/wp\/v2\/media?parent=3601"}],"wp:term":[{"taxonomy":"product_brand","embeddable":true,"href":"https:\/\/versatecsystems.com\/en\/wp-json\/wp\/v2\/product_brand?post=3601"},{"taxonomy":"product_cat","embeddable":true,"href":"https:\/\/versatecsystems.com\/en\/wp-json\/wp\/v2\/product_cat?post=3601"},{"taxonomy":"product_tag","embeddable":true,"href":"https:\/\/versatecsystems.com\/en\/wp-json\/wp\/v2\/product_tag?post=3601"},{"taxonomy":"branches","embeddable":true,"href":"https:\/\/versatecsystems.com\/en\/wp-json\/wp\/v2\/branches?post=3601"}],"curies":[{"name":"wp","href":"https:\/\/api.w.org\/{rel}","templated":true}]}}