{"id":3292,"date":"2026-01-27T17:08:51","date_gmt":"2026-01-27T17:08:51","guid":{"rendered":"https:\/\/versatecsystems.com\/?post_type=product&#038;p=3292"},"modified":"2026-02-09T00:28:10","modified_gmt":"2026-02-09T00:28:10","slug":"retractable-belt-post-3-6-m-versatec-flow-worksafe","status":"publish","type":"product","link":"https:\/\/versatecsystems.com\/en\/produkt\/retractable-belt-post-3-6-m-versatec-flow-worksafe\/","title":{"rendered":"Retractable Belt Post 3.6 m Versatec FLOW WorkSafe"},"content":{"rendered":"<p><span style=\"font-family: Times New Roman, serif;\"><span style=\"font-size: medium;\"><span lang=\"de-DE\">The barrier post with a 3.6 m retractable belt Versatec FLOW WorkSafe 3.6 is used to separate work areas and clearly define traffic and pedestrian routes in production facilities, warehouses and logistics centres.<\/span><\/span><\/span><\/p>\n<p><span style=\"font-family: Times New Roman, serif;\"><span style=\"font-size: medium;\"><span lang=\"de-DE\">The construction made of durable plastic in combination with a stable base made from recycled rubber ensures high stability and long-term use. An integrated securing system between the post and the base prevents the connection from loosening during operation.<\/span><\/span><\/span><\/p>\n<p><span style=\"font-family: Times New Roman, serif;\"><span style=\"font-size: medium;\"><span lang=\"de-DE\">The high-quality retraction mechanism with patented braking system enables controlled belt retraction. Belts in warning colours as well as the option of printing, for example with pictograms or warning messages, increase visibility and contribute to a high level of safety.<\/span><\/span><\/span><\/p>\n<p><span style=\"font-family: Times New Roman, serif;\"><span style=\"font-size: medium;\"><span lang=\"de-DE\">Features:<\/span><\/span><\/span><\/p>\n<ul>\n<li><span style=\"font-family: Times New Roman, serif;\"><span style=\"font-size: medium;\"><span lang=\"de-DE\">Post tube made of durable plastic<\/span><\/span><\/span><\/li>\n<li><span style=\"font-family: Times New Roman, serif;\"><span style=\"font-size: medium;\"><span lang=\"de-DE\">Stable base made from recycled rubber<\/span><\/span><\/span><\/li>\n<li><span style=\"font-family: Times New Roman, serif;\"><span style=\"font-size: medium;\"><span lang=\"de-DE\">Rubberised underside to prevent slipping and protect the floor<\/span><\/span><\/span><\/li>\n<li><span style=\"font-family: Times New Roman, serif;\"><span style=\"font-size: medium;\"><span lang=\"de-DE\">Patented braking system for slow and controlled belt retraction<\/span><\/span><\/span><\/li>\n<li><span style=\"font-family: Times New Roman, serif;\"><span style=\"font-size: medium;\"><span lang=\"de-DE\">Automatic locking of the belt end<\/span><\/span><\/span><\/li>\n<li><span style=\"font-family: Times New Roman, serif;\"><span style=\"font-size: medium;\"><span lang=\"de-DE\">Version with yellow or red post and black base<\/span><\/span><\/span><\/li>\n<li><span style=\"font-family: Times New Roman, serif;\"><span style=\"font-size: medium;\"><span lang=\"de-DE\">Belts in warning colours yellow\/black or red\/white (chevron design)<\/span><\/span><\/span><\/li>\n<li><span style=\"font-family: Times New Roman, serif;\"><span style=\"font-size: medium;\"><span lang=\"de-DE\">Custom belt colour production according to the Pantone\u00ae colour system<\/span><\/span><\/span><\/li>\n<li><span style=\"font-family: Times New Roman, serif;\"><span style=\"font-size: medium;\"><span lang=\"de-DE\">Optional belt printing \u2013 e.g. information, warning or branding messages<\/span><\/span><\/span><\/li>\n<\/ul>\n<p><span style=\"font-family: Times New Roman, serif;\"><span style=\"font-size: medium;\"><span lang=\"de-DE\">Technical data:<\/span><\/span><\/span><\/p>\n<ul>\n<li><span style=\"font-family: Times New Roman, serif;\"><span style=\"font-size: medium;\"><span lang=\"de-DE\">Material: base \u2013 recycled rubber, post \u2013 plastic<\/span><\/span><\/span><\/li>\n<li><span style=\"font-family: Times New Roman, serif;\"><span style=\"font-size: medium;\"><span lang=\"de-DE\">Post colour: yellow or red, solid-coloured<\/span><\/span><\/span><\/li>\n<li><span style=\"font-family: Times New Roman, serif;\"><span style=\"font-size: medium;\"><span lang=\"de-DE\">Belt colour: yellow\/black or red\/white (chevron)<\/span><\/span><\/span><\/li>\n<li><span style=\"font-family: Times New Roman, serif;\"><span style=\"font-size: medium;\"><span lang=\"de-DE\">Dimensions: 975 \u00d7 450\/550 \u00d7 63.5 mm (H \u00d7 W \u00d7 D)<\/span><\/span><\/span><\/li>\n<li><span style=\"font-family: Times New Roman, serif;\"><span style=\"font-size: medium;\"><span lang=\"de-DE\">Belt length: 3.6 m<\/span><\/span><\/span><\/li>\n<li><span style=\"font-family: Times New Roman, serif;\"><span style=\"font-size: medium;\"><span lang=\"de-DE\">Belt width: 50 mm \u00b12 mm<\/span><\/span><\/span><\/li>\n<li><span style=\"font-family: Times New Roman, serif;\"><span style=\"font-size: medium;\"><span lang=\"de-DE\">Net weight: 10 kg \u00b10.5 kg<\/span><\/span><\/span><\/li>\n<\/ul>\n","protected":false},"excerpt":{"rendered":"<p>Retractable Belt Post wth 3,6m belt Versatec FLOW WorkSafe 3.6 \u2013 a robust solution for separating safety areas and securing work zones in accordance with applicable occupational health and safety requirements.<\/p>\n","protected":false},"featured_media":4754,"template":"","meta":[],"product_brand":[],"product_cat":[385,379,384,383,386],"product_tag":[],"branches":[448,445,452,446,449,443,444,450,451,454,453,447],"class_list":{"0":"post-3292","1":"product","2":"type-product","3":"status-publish","4":"has-post-thumbnail","6":"product_cat-aviation-and-public-transport","7":"product_cat-barrier-and-queuing-systems","8":"product_cat-belt-barrier-posts","9":"product_cat-hs-barrier-systems","10":"product_cat-outdoor-and-parking-barriers","11":"branches-airports","12":"branches-education","13":"branches-healthcare","14":"branches-hospitality-and-gastronomy","15":"branches-industry","16":"branches-office-buildings","17":"branches-public-facilities","18":"branches-shops-and-shopping-centers","19":"branches-sport-and-events","20":"branches-tourism-and-entertainment","21":"branches-transport","22":"branches-warehouses","25":"instock","26":"shipping-taxable","27":"purchasable","28":"product-type-variable","29":"has-default-attributes","30":"product-grid-view"},"yoast_head":"<!-- This site is optimized with the Yoast SEO plugin v27.0 - https:\/\/yoast.com\/product\/yoast-seo-wordpress\/ -->\n<title>Retractable Belt Post 3.6 m Versatec FLOW WorkSafe - Versatec<\/title>\n<meta name=\"robots\" content=\"index, follow, max-snippet:-1, max-image-preview:large, max-video-preview:-1\" \/>\n<link rel=\"canonical\" href=\"https:\/\/versatecsystems.com\/en\/produkt\/retractable-belt-post-3-6-m-versatec-flow-worksafe\/\" \/>\n<meta property=\"og:locale\" content=\"en_US\" \/>\n<meta property=\"og:type\" content=\"article\" \/>\n<meta property=\"og:title\" content=\"Retractable Belt Post 3.6 m Versatec FLOW WorkSafe - Versatec\" \/>\n<meta property=\"og:description\" content=\"Retractable Belt Post wth 3,6m belt Versatec FLOW WorkSafe 3.6 \u2013 a robust solution for separating safety areas and securing work zones in accordance with applicable occupational health and safety requirements.\" \/>\n<meta property=\"og:url\" content=\"https:\/\/versatecsystems.com\/en\/produkt\/retractable-belt-post-3-6-m-versatec-flow-worksafe\/\" \/>\n<meta property=\"og:site_name\" content=\"Versatec\" \/>\n<meta property=\"article:modified_time\" content=\"2026-02-09T00:28:10+00:00\" \/>\n<meta property=\"og:image\" content=\"https:\/\/versatecsystems.com\/wp-content\/uploads\/2026\/02\/BP-UT2-1.png\" \/>\n\t<meta property=\"og:image:width\" content=\"1920\" \/>\n\t<meta property=\"og:image:height\" content=\"1080\" \/>\n\t<meta property=\"og:image:type\" content=\"image\/png\" \/>\n<meta name=\"twitter:card\" content=\"summary_large_image\" \/>\n<meta name=\"twitter:label1\" content=\"Est. reading time\" \/>\n\t<meta name=\"twitter:data1\" content=\"1 minute\" \/>\n<script type=\"application\/ld+json\" class=\"yoast-schema-graph\">{\"@context\":\"https:\/\/schema.org\",\"@graph\":[{\"@type\":\"WebPage\",\"@id\":\"https:\/\/versatecsystems.com\/en\/produkt\/retractable-belt-post-3-6-m-versatec-flow-worksafe\/\",\"url\":\"https:\/\/versatecsystems.com\/en\/produkt\/retractable-belt-post-3-6-m-versatec-flow-worksafe\/\",\"name\":\"Retractable Belt Post 3.6 m Versatec FLOW WorkSafe - Versatec\",\"isPartOf\":{\"@id\":\"https:\/\/versatecsystems.com\/#website\"},\"primaryImageOfPage\":{\"@id\":\"https:\/\/versatecsystems.com\/en\/produkt\/retractable-belt-post-3-6-m-versatec-flow-worksafe\/#primaryimage\"},\"image\":{\"@id\":\"https:\/\/versatecsystems.com\/en\/produkt\/retractable-belt-post-3-6-m-versatec-flow-worksafe\/#primaryimage\"},\"thumbnailUrl\":\"https:\/\/versatecsystems.com\/wp-content\/uploads\/2026\/02\/BP-UT2-1.png\",\"datePublished\":\"2026-01-27T17:08:51+00:00\",\"dateModified\":\"2026-02-09T00:28:10+00:00\",\"breadcrumb\":{\"@id\":\"https:\/\/versatecsystems.com\/en\/produkt\/retractable-belt-post-3-6-m-versatec-flow-worksafe\/#breadcrumb\"},\"inLanguage\":\"en-US\",\"potentialAction\":[{\"@type\":\"ReadAction\",\"target\":[\"https:\/\/versatecsystems.com\/en\/produkt\/retractable-belt-post-3-6-m-versatec-flow-worksafe\/\"]}]},{\"@type\":\"ImageObject\",\"inLanguage\":\"en-US\",\"@id\":\"https:\/\/versatecsystems.com\/en\/produkt\/retractable-belt-post-3-6-m-versatec-flow-worksafe\/#primaryimage\",\"url\":\"https:\/\/versatecsystems.com\/wp-content\/uploads\/2026\/02\/BP-UT2-1.png\",\"contentUrl\":\"https:\/\/versatecsystems.com\/wp-content\/uploads\/2026\/02\/BP-UT2-1.png\",\"width\":1920,\"height\":1080},{\"@type\":\"BreadcrumbList\",\"@id\":\"https:\/\/versatecsystems.com\/en\/produkt\/retractable-belt-post-3-6-m-versatec-flow-worksafe\/#breadcrumb\",\"itemListElement\":[{\"@type\":\"ListItem\",\"position\":1,\"name\":\"Strona g\u0142\u00f3wna\",\"item\":\"https:\/\/versatecsystems.com\/en\/\"},{\"@type\":\"ListItem\",\"position\":2,\"name\":\"Products\",\"item\":\"https:\/\/versatecsystems.com\/en\/products\/\"},{\"@type\":\"ListItem\",\"position\":3,\"name\":\"Retractable Belt Post 3.6 m Versatec FLOW WorkSafe\"}]},{\"@type\":\"WebSite\",\"@id\":\"https:\/\/versatecsystems.com\/#website\",\"url\":\"https:\/\/versatecsystems.com\/\",\"name\":\"Versatec Systems\",\"description\":\"Wyposa\u017cenie obiekt\u00f3w publicznych i przemys\u0142owych o potwierdzonej skuteczno\u015bci. Do\u015bwiadczony zesp\u00f3\u0142. Sprawdzone systemy. Efektywno\u015b\u0107 i niezawodno\u015b\u0107. Rozwi\u0105zania do zarz\u0105dzania ruchem ludzi, kontroli dost\u0119pu oraz organizacji przestrzeni w wymagaj\u0105cych \u015brodowiskach. Projektowane z my\u015bl\u0105 o lotniskach, dworcach kolejowych, budynkach u\u017cyteczno\u015bci publicznej, obiektach przemys\u0142owych oraz przestrzeniach zewn\u0119trznych.  Celem jest dostarczanie rozwi\u0105za\u0144, kt\u00f3re wspieraj\u0105 sprawne funkcjonowanie obiekt\u00f3w poprzez lepsz\u0105 organizacj\u0119, podniesienie poziomu bezpiecze\u0144stwa oraz wymierne korzy\u015bci operacyjne.\",\"publisher\":{\"@id\":\"https:\/\/versatecsystems.com\/#organization\"},\"alternateName\":\"Versatec\",\"potentialAction\":[{\"@type\":\"SearchAction\",\"target\":{\"@type\":\"EntryPoint\",\"urlTemplate\":\"https:\/\/versatecsystems.com\/?s={search_term_string}\"},\"query-input\":{\"@type\":\"PropertyValueSpecification\",\"valueRequired\":true,\"valueName\":\"search_term_string\"}}],\"inLanguage\":\"en-US\"},{\"@type\":\"Organization\",\"@id\":\"https:\/\/versatecsystems.com\/#organization\",\"name\":\"Versatec Systems\",\"alternateName\":\"Versatec\",\"url\":\"https:\/\/versatecsystems.com\/\",\"logo\":{\"@type\":\"ImageObject\",\"inLanguage\":\"en-US\",\"@id\":\"https:\/\/versatecsystems.com\/#\/schema\/logo\/image\/\",\"url\":\"https:\/\/versatecsystems.com\/wp-content\/uploads\/2026\/01\/just-v-scaled.png\",\"contentUrl\":\"https:\/\/versatecsystems.com\/wp-content\/uploads\/2026\/01\/just-v-scaled.png\",\"width\":2560,\"height\":853,\"caption\":\"Versatec Systems\"},\"image\":{\"@id\":\"https:\/\/versatecsystems.com\/#\/schema\/logo\/image\/\"}}]}<\/script>\n<!-- \/ Yoast SEO plugin. -->","yoast_head_json":{"title":"Retractable Belt Post 3.6 m Versatec FLOW WorkSafe - Versatec","robots":{"index":"index","follow":"follow","max-snippet":"max-snippet:-1","max-image-preview":"max-image-preview:large","max-video-preview":"max-video-preview:-1"},"canonical":"https:\/\/versatecsystems.com\/en\/produkt\/retractable-belt-post-3-6-m-versatec-flow-worksafe\/","og_locale":"en_US","og_type":"article","og_title":"Retractable Belt Post 3.6 m Versatec FLOW WorkSafe - Versatec","og_description":"Retractable Belt Post wth 3,6m belt Versatec FLOW WorkSafe 3.6 \u2013 a robust solution for separating safety areas and securing work zones in accordance with applicable occupational health and safety requirements.","og_url":"https:\/\/versatecsystems.com\/en\/produkt\/retractable-belt-post-3-6-m-versatec-flow-worksafe\/","og_site_name":"Versatec","article_modified_time":"2026-02-09T00:28:10+00:00","og_image":[{"width":1920,"height":1080,"url":"https:\/\/versatecsystems.com\/wp-content\/uploads\/2026\/02\/BP-UT2-1.png","type":"image\/png"}],"twitter_card":"summary_large_image","twitter_misc":{"Est. reading time":"1 minute"},"schema":{"@context":"https:\/\/schema.org","@graph":[{"@type":"WebPage","@id":"https:\/\/versatecsystems.com\/en\/produkt\/retractable-belt-post-3-6-m-versatec-flow-worksafe\/","url":"https:\/\/versatecsystems.com\/en\/produkt\/retractable-belt-post-3-6-m-versatec-flow-worksafe\/","name":"Retractable Belt Post 3.6 m Versatec FLOW WorkSafe - Versatec","isPartOf":{"@id":"https:\/\/versatecsystems.com\/#website"},"primaryImageOfPage":{"@id":"https:\/\/versatecsystems.com\/en\/produkt\/retractable-belt-post-3-6-m-versatec-flow-worksafe\/#primaryimage"},"image":{"@id":"https:\/\/versatecsystems.com\/en\/produkt\/retractable-belt-post-3-6-m-versatec-flow-worksafe\/#primaryimage"},"thumbnailUrl":"https:\/\/versatecsystems.com\/wp-content\/uploads\/2026\/02\/BP-UT2-1.png","datePublished":"2026-01-27T17:08:51+00:00","dateModified":"2026-02-09T00:28:10+00:00","breadcrumb":{"@id":"https:\/\/versatecsystems.com\/en\/produkt\/retractable-belt-post-3-6-m-versatec-flow-worksafe\/#breadcrumb"},"inLanguage":"en-US","potentialAction":[{"@type":"ReadAction","target":["https:\/\/versatecsystems.com\/en\/produkt\/retractable-belt-post-3-6-m-versatec-flow-worksafe\/"]}]},{"@type":"ImageObject","inLanguage":"en-US","@id":"https:\/\/versatecsystems.com\/en\/produkt\/retractable-belt-post-3-6-m-versatec-flow-worksafe\/#primaryimage","url":"https:\/\/versatecsystems.com\/wp-content\/uploads\/2026\/02\/BP-UT2-1.png","contentUrl":"https:\/\/versatecsystems.com\/wp-content\/uploads\/2026\/02\/BP-UT2-1.png","width":1920,"height":1080},{"@type":"BreadcrumbList","@id":"https:\/\/versatecsystems.com\/en\/produkt\/retractable-belt-post-3-6-m-versatec-flow-worksafe\/#breadcrumb","itemListElement":[{"@type":"ListItem","position":1,"name":"Strona g\u0142\u00f3wna","item":"https:\/\/versatecsystems.com\/en\/"},{"@type":"ListItem","position":2,"name":"Products","item":"https:\/\/versatecsystems.com\/en\/products\/"},{"@type":"ListItem","position":3,"name":"Retractable Belt Post 3.6 m Versatec FLOW WorkSafe"}]},{"@type":"WebSite","@id":"https:\/\/versatecsystems.com\/#website","url":"https:\/\/versatecsystems.com\/","name":"Versatec Systems","description":"Wyposa\u017cenie obiekt\u00f3w publicznych i przemys\u0142owych o potwierdzonej skuteczno\u015bci. Do\u015bwiadczony zesp\u00f3\u0142. Sprawdzone systemy. Efektywno\u015b\u0107 i niezawodno\u015b\u0107. Rozwi\u0105zania do zarz\u0105dzania ruchem ludzi, kontroli dost\u0119pu oraz organizacji przestrzeni w wymagaj\u0105cych \u015brodowiskach. Projektowane z my\u015bl\u0105 o lotniskach, dworcach kolejowych, budynkach u\u017cyteczno\u015bci publicznej, obiektach przemys\u0142owych oraz przestrzeniach zewn\u0119trznych.  Celem jest dostarczanie rozwi\u0105za\u0144, kt\u00f3re wspieraj\u0105 sprawne funkcjonowanie obiekt\u00f3w poprzez lepsz\u0105 organizacj\u0119, podniesienie poziomu bezpiecze\u0144stwa oraz wymierne korzy\u015bci operacyjne.","publisher":{"@id":"https:\/\/versatecsystems.com\/#organization"},"alternateName":"Versatec","potentialAction":[{"@type":"SearchAction","target":{"@type":"EntryPoint","urlTemplate":"https:\/\/versatecsystems.com\/?s={search_term_string}"},"query-input":{"@type":"PropertyValueSpecification","valueRequired":true,"valueName":"search_term_string"}}],"inLanguage":"en-US"},{"@type":"Organization","@id":"https:\/\/versatecsystems.com\/#organization","name":"Versatec Systems","alternateName":"Versatec","url":"https:\/\/versatecsystems.com\/","logo":{"@type":"ImageObject","inLanguage":"en-US","@id":"https:\/\/versatecsystems.com\/#\/schema\/logo\/image\/","url":"https:\/\/versatecsystems.com\/wp-content\/uploads\/2026\/01\/just-v-scaled.png","contentUrl":"https:\/\/versatecsystems.com\/wp-content\/uploads\/2026\/01\/just-v-scaled.png","width":2560,"height":853,"caption":"Versatec Systems"},"image":{"@id":"https:\/\/versatecsystems.com\/#\/schema\/logo\/image\/"}}]}},"_links":{"self":[{"href":"https:\/\/versatecsystems.com\/en\/wp-json\/wp\/v2\/product\/3292","targetHints":{"allow":["GET"]}}],"collection":[{"href":"https:\/\/versatecsystems.com\/en\/wp-json\/wp\/v2\/product"}],"about":[{"href":"https:\/\/versatecsystems.com\/en\/wp-json\/wp\/v2\/types\/product"}],"wp:featuredmedia":[{"embeddable":true,"href":"https:\/\/versatecsystems.com\/en\/wp-json\/wp\/v2\/media\/4754"}],"wp:attachment":[{"href":"https:\/\/versatecsystems.com\/en\/wp-json\/wp\/v2\/media?parent=3292"}],"wp:term":[{"taxonomy":"product_brand","embeddable":true,"href":"https:\/\/versatecsystems.com\/en\/wp-json\/wp\/v2\/product_brand?post=3292"},{"taxonomy":"product_cat","embeddable":true,"href":"https:\/\/versatecsystems.com\/en\/wp-json\/wp\/v2\/product_cat?post=3292"},{"taxonomy":"product_tag","embeddable":true,"href":"https:\/\/versatecsystems.com\/en\/wp-json\/wp\/v2\/product_tag?post=3292"},{"taxonomy":"branches","embeddable":true,"href":"https:\/\/versatecsystems.com\/en\/wp-json\/wp\/v2\/branches?post=3292"}],"curies":[{"name":"wp","href":"https:\/\/api.w.org\/{rel}","templated":true}]}}