{"id":4372,"date":"2025-12-29T16:51:59","date_gmt":"2025-12-29T16:51:59","guid":{"rendered":"https:\/\/versatecsystems.com\/calculator\/"},"modified":"2026-01-28T16:40:01","modified_gmt":"2026-01-28T16:40:01","slug":"versatec-design-system","status":"publish","type":"page","link":"https:\/\/versatecsystems.com\/en\/versatec-design-system\/","title":{"rendered":"Versatec Design System"},"content":{"rendered":"    <div class=\"vc-calc\" data-vc-calc data-vc-config=\"{&quot;version&quot;:&quot;mvp-1&quot;,&quot;units&quot;:{&quot;world&quot;:&quot;m&quot;,&quot;display&quot;:&quot;m&quot;},&quot;grid&quot;:{&quot;stepMeters&quot;:1},&quot;defaults&quot;:{&quot;maxSpacingMeters&quot;:2,&quot;showRuler&quot;:false,&quot;equalizePosts&quot;:true},&quot;assets&quot;:{&quot;visualizationIconUrl&quot;:&quot;https:\\\/\\\/versatecsystems.com\\\/wp-content\\\/plugins\\\/versatec-calculator\\\/assets\\\/images\\\/queue_barrier.webp&quot;}}\">\n        <div class=\"vc-tutorial\" data-tutorial hidden>\n            <div class=\"vc-tutorial__header\">\n                <div class=\"vc-tutorial__title\">Tutorial<\/div>\n                <div class=\"vc-tutorial__close\" role=\"button\" tabindex=\"0\" data-tutorial-action=\"close\" aria-label=\"Close tutorial\">\u00d7<\/div>\n            <\/div>\n\n            <div class=\"vc-tutorial__body\" data-tutorial-body><\/div>\n\n            <div class=\"vc-tutorial__footer\">\n                <div class=\"vc-tutorial__nav\">\n                    <div class=\"vc-calc__btn\" role=\"button\" tabindex=\"0\" data-tutorial-action=\"prev\" aria-disabled=\"true\">Back<\/div>\n                    <div class=\"vc-calc__btn\" role=\"button\" tabindex=\"0\" data-tutorial-action=\"next\" aria-disabled=\"false\">Next<\/div>\n                <\/div>\n                <div class=\"vc-calc__btn\" role=\"button\" tabindex=\"0\" data-tutorial-action=\"dismiss\" aria-label=\"Don&#039;t show again\">Don&#039;t show again<\/div>\n            <\/div>\n        <\/div>\n\n        <div class=\"vc-tutorialSpotlight\" data-tutorial-spotlight hidden aria-hidden=\"true\"><\/div>\n\n        <div class=\"vc-calc__layout\">\n            <div class=\"vc-tutorial__shield\" data-tutorial-shield hidden aria-hidden=\"true\"><\/div>\n            <div class=\"vc-calc__work\">\n                <div class=\"vc-calc__stage\" data-stage>\n                    <svg class=\"vc-calc__svg\" data-svg viewBox=\"0 0 100 60\" preserveAspectRatio=\"xMinYMin meet\" aria-label=\"Drawing area\" role=\"img\"><\/svg>\n\n                    <div class=\"vc-calc__viewbar\" role=\"group\" aria-label=\"Calculator - top tools\">\n                        <div class=\"vc-calc__measure vc-calc__box\"><\/div>\n    \n                        <div class=\"vc-calc__box vc-calc__zoom\" aria-label=\"Zoom\">                        \n                            <div class=\"vc-calc__field vc-calc__field--check\">\n                                <label class=\"vc-calc__label\" for=\"vc-calc-356577-ruler\">Ruler<\/label>\n                                <input id=\"vc-calc-356577-ruler\" class=\"vc-calc__check\" type=\"checkbox\" data-field=\"showRuler\" checked \/>\n                            <\/div>\n                            <div class=\"vc-calc__field vc-calc__field--check\">\n                                <label class=\"vc-calc__label\" for=\"vc-calc-356577-equalize\">Equal tape width<\/label>\n                                <input id=\"vc-calc-356577-equalize\" class=\"vc-calc__check\" type=\"checkbox\" data-field=\"equalizePosts\" \/>\n                            <\/div>\n                            <div class=\"vc-calc__field vc-calc__field--check\">\n                                <label class=\"vc-calc__label\" for=\"vc-calc-356577-viz\">Visualization<\/label>\n                                <input id=\"vc-calc-356577-viz\" class=\"vc-calc__check\" type=\"checkbox\" data-field=\"visualization\" \/>\n                            <\/div>\n                             <div class=\"vc-calc__btn vc-calc__btn--icon\" data-action=\"undo\" role=\"button\" tabindex=\"0\" aria-label=\"Undo\" aria-disabled=\"false\"> \n                                <svg xmlns=\"http:\/\/www.w3.org\/2000\/svg\" version=\"1.1\" xmlns:xlink=\"http:\/\/www.w3.org\/1999\/xlink\" width=\"512\" height=\"512\" x=\"0\" y=\"0\" viewBox=\"0 0 24 24\" style=\"enable-background:new 0 0 512 512\" xml:space=\"preserve\" class=\"\"><g><clipPath id=\"a\"><path d=\"M0 0h24v24H0z\" fill=\"#000000\" opacity=\"1\" data-original=\"#000000\" class=\"\"><\/path><\/clipPath><g clip-path=\"url(#a)\"><path fill=\"#000000\" d=\"M12.5 8c-2.65 0-5.05.99-6.9 2.6L3.71 8.71C3.08 8.08 2 8.52 2 9.41V15c0 .55.45 1 1 1h5.59c.89 0 1.34-1.08.71-1.71l-1.91-1.91c1.39-1.16 3.16-1.88 5.12-1.88 3.16 0 5.89 1.84 7.19 4.5.27.56.91.84 1.5.64.71-.23 1.07-1.04.75-1.72C20.23 10.42 16.65 8 12.5 8z\" opacity=\"1\" data-original=\"#000000\" class=\"\"><\/path><\/g><\/g><\/svg>\n                                <span class=\"vc-calc__btnShortcut\">Ctrl+Z<\/span>                    \n                            <\/div>\n        \n                            <div class=\"vc-calc__btn vc-calc__btn--icon\" data-action=\"redo\" role=\"button\" tabindex=\"0\" aria-label=\"Redo\" aria-disabled=\"false\">\n                               <svg xmlns=\"http:\/\/www.w3.org\/2000\/svg\" version=\"1.1\" xmlns:xlink=\"http:\/\/www.w3.org\/1999\/xlink\" width=\"512\" height=\"512\" x=\"0\" y=\"0\" viewBox=\"0 0 24 24\" style=\"enable-background:new 0 0 512 512\" xml:space=\"preserve\" class=\"\"><g><clipPath id=\"a\"><path d=\"M0 0h24v24H0z\" fill=\"#000000\" opacity=\"1\" data-original=\"#000000\"><\/path><\/clipPath><g clip-path=\"url(#a)\"><path fill=\"#000000\" d=\"M18.4 10.6C16.55 8.99 14.15 8 11.5 8c-4.16 0-7.74 2.42-9.44 5.93-.32.67.04 1.47.75 1.71.59.2 1.23-.08 1.5-.64 1.3-2.66 4.03-4.5 7.19-4.5 1.95 0 3.73.72 5.12 1.88l-1.91 1.91c-.63.63-.19 1.71.7 1.71H21c.55 0 1-.45 1-1V9.41c0-.89-1.08-1.34-1.71-.71z\" opacity=\"1\" data-original=\"#000000\"><\/path><\/g><\/g><\/svg>\n                                <span class=\"vc-calc__btnShortcut\">Ctrl+Y<\/span>\n                            <\/div>\n                            <div class=\"vc-calc__btn vc-calc__btn--zoom\" data-action=\"zoom-in\" role=\"button\" tabindex=\"0\" aria-label=\"Zoom in\">+<\/div>\n                            <div class=\"vc-calc__btn vc-calc__btn--zoom\" data-action=\"zoom-out\" role=\"button\" tabindex=\"0\" aria-label=\"Zoom out\">\u2212<\/div>\n                        <\/div>\n                    <\/div>\n\n                    <div class=\"vc-calc__modeIndicator vc-calc__box\" data-mode-indicator><\/div>\n                    \n                <\/div>\n\n                <div class=\"vc-calc__toolbar mt-2\" aria-live=\"polite\">\n                    Would you like creating projects without watermark? Contact us: <a href=\"mailto:info@versatecsystems.com\">info@versatecsystems.com<\/a>\n                <\/div>\n\n                <div class=\"vc-calc__messages\" data-messages aria-live=\"polite\"><\/div>\n                \n            <\/div>\n\n            <div class=\"vc-calc__sidebar\">\n                <div class=\"vc-calc__results\" aria-label=\"Results\">\n                    <div class=\"vc-calc__result\"><span class=\"vc-calc__k\">Posts:<\/span> <span data-out=\"posts\">-<\/span><\/div>\n                    <div class=\"vc-calc__result\"><span class=\"vc-calc__k\">Connections (tapes):<\/span> <span data-out=\"connections\">-<\/span><\/div>\n                    <div class=\"vc-calc__result\"><span class=\"vc-calc__k\">Total length:<\/span> <span data-out=\"totalLength\">-<\/span><\/div>\n                <\/div>\n                <div class=\"vc-calc__toolbar\" role=\"group\" aria-label=\"Calculator - tools\">\n                    <div class=\"vc-calc__fieldsGroup\">\n                        <div class=\"vc-calc__btn\" data-action=\"toggle-mode\" role=\"button\" tabindex=\"0\" aria-pressed=\"false\">\n                            <svg class=\"vc-calc__modeIcon vc-calc__modeIcon--draw\" xmlns=\"http:\/\/www.w3.org\/2000\/svg\" version=\"1.1\" xmlns:xlink=\"http:\/\/www.w3.org\/1999\/xlink\" width=\"512\" height=\"512\" x=\"0\" y=\"0\" viewBox=\"0 0 283.093 283.093\" style=\"enable-background:new 0 0 512 512\" xml:space=\"preserve\"><g><path d=\"M271.315 54.522 218.989 2.196a7.502 7.502 0 0 0-10.607 0L78.274 132.303a7.51 7.51 0 0 0-2.053 3.843l-12.964 65.29a7.503 7.503 0 0 0 2.053 6.765 7.503 7.503 0 0 0 6.765 2.052l65.29-12.964a7.505 7.505 0 0 0 3.843-2.053L271.315 65.129a7.5 7.5 0 0 0 0-10.607zM83.182 178.114l6.776-34.127 39.566 39.566-34.127 6.776-12.215-12.215zM205.912 227.066c-71.729-30.029-118.425 19.633-132.371 27.175-17.827 9.641-42.941 20.97-48.779 1.358-3.522-11.832 15.521-24.479 28.131-28.42 9.2-2.876 5.271-17.358-3.988-14.465-19.582 6.121-42.948 22.616-38.851 45.839 3.044 17.256 24.67 32.995 66.368 11.114 30.308-15.902 50.897-48.84 114.733-31.783 20.969 5.602 37.92 19.27 45.178 40.057 3.168 9.07 17.662 5.169 14.465-3.988-7.736-22.154-23.387-37.886-44.886-46.887z\" fill=\"#000000\" opacity=\"1\" data-original=\"#000000\"><\/path><\/g><\/svg>\n                            <svg class=\"vc-calc__modeIcon vc-calc__modeIcon--pan\" xmlns=\"http:\/\/www.w3.org\/2000\/svg\" version=\"1.1\" xmlns:xlink=\"http:\/\/www.w3.org\/1999\/xlink\" width=\"512\" height=\"512\" x=\"0\" y=\"0\" viewBox=\"0 0 64 64\" style=\"enable-background:new 0 0 512 512\" xml:space=\"preserve\"><g><path d=\"m60.958 33.398-8.489 8.818A2.029 2.029 0 0 1 49 40.817v-3.8L37 37v11.982l3.817.017a2.029 2.029 0 0 1 1.4 3.47l-8.819 8.488a2.01 2.01 0 0 1-2.796 0l-8.818-8.489A2.029 2.029 0 0 1 23.183 49h3.8l.015-12H15.017L15 40.817a2.029 2.029 0 0 1-3.47 1.4l-8.488-8.819a2.01 2.01 0 0 1 0-2.796l8.489-8.818A2.029 2.029 0 0 1 15 23.183v3.8l12 .015V15.017L23.183 15a2.029 2.029 0 0 1-1.4-3.47l8.819-8.488a2.008 2.008 0 0 1 2.796 0l8.818 8.489A2.029 2.029 0 0 1 40.817 15h-3.8L37 27h11.982L49 23.183a2.03 2.03 0 0 1 3.47-1.4l8.488 8.819a2.01 2.01 0 0 1 0 2.796z\" data-name=\"11 Move\" fill=\"#000000\" opacity=\"1\" data-original=\"#000000\"><\/path><\/g><\/svg>\n                            <span class=\"vc-calc__modeLabel\">Draw<\/span>\n                        <\/div>\n                        <div class=\"vc-calc__btn\" data-action=\"new-line\" role=\"button\" tabindex=\"0\">\n                            <svg xmlns=\"http:\/\/www.w3.org\/2000\/svg\" version=\"1.1\" xmlns:xlink=\"http:\/\/www.w3.org\/1999\/xlink\" width=\"512\" height=\"512\" x=\"0\" y=\"0\" viewBox=\"0 0 24 24\" style=\"enable-background:new 0 0 512 512\" xml:space=\"preserve\" class=\"\"><g><path d=\"M21 11H3v2h18zM14 19H3v2h11zM21 3H3v2h18zM21 16h-2v3h-3v2h3v3h2v-3h3v-2h-3z\" fill=\"#000000\" opacity=\"1\" data-original=\"#000000\" class=\"\"><\/path><\/g><\/svg>\n                            New line                        <\/div>\n                        <div class=\"vc-calc__btn\" data-action=\"delete-point\" role=\"button\" tabindex=\"0\" aria-pressed=\"false\">\n                            <svg xmlns=\"http:\/\/www.w3.org\/2000\/svg\" version=\"1.1\" xmlns:xlink=\"http:\/\/www.w3.org\/1999\/xlink\" width=\"512\" height=\"512\" x=\"0\" y=\"0\" viewBox=\"0 0 64 64\" style=\"enable-background:new 0 0 512 512\" xml:space=\"preserve\" class=\"\"><g><path d=\"M51.709 25.227 32.026 31.37a1 1 0 0 0-.656.656L25.227 51.71a3.015 3.015 0 0 1-5.676.15L2.732 6.59A3.017 3.017 0 0 1 6.59 2.732l45.27 16.819a3.011 3.011 0 0 1-.15 5.676zM47 62c-20-.104-20-29.899 0-30 20 .104 20 29.899 0 30zm11-14v-2a3.003 3.003 0 0 0-3-3H39a3.003 3.003 0 0 0-3 3v2a3.003 3.003 0 0 0 3 3h16a3.003 3.003 0 0 0 3-3z\" data-name=\"06 Remove\" fill=\"#000000\" opacity=\"1\" data-original=\"#000000\" class=\"\"><\/path><\/g><\/svg>\n                            Delete point                        <\/div>\n                        <div class=\"vc-calc__btn\" data-action=\"toggle-closed\" role=\"button\" tabindex=\"0\">\n                            <svg xmlns=\"http:\/\/www.w3.org\/2000\/svg\" version=\"1.1\" xmlns:xlink=\"http:\/\/www.w3.org\/1999\/xlink\" class=\"icon--closedFigure\" width=\"512\" height=\"512\" x=\"0\" y=\"0\" viewBox=\"0 0 100 100\" style=\"enable-background:new 0 0 512 512\" xml:space=\"preserve\" class=\"\"><g><path fill=\"#000000\" d=\"M77.64 54.32c-2.59 0-5.15.51-7.52 1.48l-8.1-14.17c4.89-3.72 7.84-9.57 7.84-15.81 0-10.95-8.91-19.87-19.86-19.87s-19.86 8.92-19.86 19.87c0 6.24 2.95 12.09 7.84 15.81l-8.1 14.17a19.88 19.88 0 0 0-7.52-1.48c-10.95 0-19.86 8.91-19.86 19.86s8.91 19.87 19.86 19.87c10.08 0 18.4-7.55 19.68-17.28h15.92c1.28 9.73 9.6 17.28 19.68 17.28 10.95 0 19.86-8.92 19.86-19.87s-8.91-19.86-19.86-19.86zM57.95 71.59h-15.9a19.879 19.879 0 0 0-7.67-13.22l8.1-14.17c2.37.97 4.93 1.48 7.52 1.48s5.15-.51 7.52-1.48l8.1 14.17c-4.21 3.2-6.98 7.98-7.67 13.22z\" opacity=\"1\" data-original=\"#565d47\" class=\"\"><\/path><\/g><\/svg>\n    \n                            <svg xmlns=\"http:\/\/www.w3.org\/2000\/svg\" version=\"1.1\" xmlns:xlink=\"http:\/\/www.w3.org\/1999\/xlink\" class=\"icon--openedFigure\" width=\"512\" height=\"512\" x=\"0\" y=\"0\" viewBox=\"0 0 100 100\" style=\"enable-background:new 0 0 512 512\" xml:space=\"preserve\" class=\"\"><g><path fill=\"#000000\" d=\"M91.93 65.04c3.42 3.42 5.54 8.18 5.54 13.45 0 10.49-8.51 19-18.99 19-5.24 0-9.98-2.13-13.45-5.55a18.965 18.965 0 0 1-5.55-13.45c0-1.34.16-2.66.44-3.95L35.78 62.49c-3.47 4-8.59 6.5-14.29 6.5-5.24 0-9.97-2.12-13.44-5.54A18.965 18.965 0 0 1 2.5 50c0-5.29 2.13-10.03 5.55-13.45 3.47-3.42 8.23-5.54 13.44-5.54 5.25 0 9.98 2.12 13.45 5.54.31.28.64.61.92.94l24.08-12.01c-.28-1.26-.43-2.6-.43-3.97 0-5.3 2.13-10.03 5.55-13.45 3.47-3.42 8.23-5.55 13.45-5.55 5.24 0 9.97 2.13 13.44 5.55 3.42 3.42 5.55 8.18 5.55 13.45 0 10.48-8.51 18.99-18.99 18.99-5.25 0-9.98-2.12-13.45-5.54-.31-.28-.64-.61-.86-.94l-24.14 12c.28 1.3.43 2.64.43 4.01 0 1.36-.15 2.68-.43 3.97l24.08 12.01c.31-.33.64-.66.92-.94 3.47-3.42 8.23-5.55 13.45-5.55 5.21 0 9.97 2.13 13.42 5.52z\" opacity=\"1\" data-original=\"#323539\" class=\"\"><\/path><\/g><\/svg>\n    \n                            <span>Close shape<\/span> \n                        <\/div>\n\n                        <div class=\"vc-calc__btn\" data-action=\"clear\" role=\"button\" tabindex=\"0\">Clear<\/div>\n                        <div class=\"vc-calc__btn\" data-action=\"export-edit-png\" role=\"button\" tabindex=\"0\">Download drawing (PNG)<\/div>\n                        <div class=\"vc-calc__btn\" data-action=\"export-viz-png\" role=\"button\" tabindex=\"0\">Download visualization (PNG)<\/div>\n                        <!-- <div class=\"vc-calc__btn\" data-action=\"reset-view\" role=\"button\" tabindex=\"0\">Reset widoku<\/div> -->\n    \n                    <\/div>\n\n                    <div class=\"vc-calc__fieldsGroup\">\n                        <div class=\"vc-calc__field vc-calc__field--inline\">\n                            <label class=\"vc-calc__label\">Tape length (m)<\/label>\n                            <input class=\"vc-calc__input\" type=\"number\" min=\"0.1\" step=\"0.1\" inputmode=\"decimal\" data-field=\"maxSpacingMeters\" \/>\n                            <div class=\"vc-calc__hint\" data-maxspacing-lock hidden>\n                                Tape length can only be set at the beginning (before drawing a line).                            <\/div>\n                        <\/div>    \n                    <\/div>\n\n                    <div class=\"vc-calc__shortcuts\" aria-label=\"Keyboard shortcuts\">\n                        <div class=\"vc-calc__shortcutsTitle\">Keyboard shortcuts<\/div>\n                        <div class=\"vc-calc__shortcutsList\">\n                            <div><strong>Ctrl<\/strong> + <strong>mouse wheel<\/strong> \u2014 zoom<\/div>\n                            <div><strong>Ctrl<\/strong> + <strong>Z<\/strong> \u2014 undo<\/div>\n                            <div><strong>Ctrl<\/strong> + <strong>Y<\/strong> \u2014 redo<\/div>\n                            <div><strong>Ctrl<\/strong> + <strong>X<\/strong> + <strong>left mouse button<\/strong> \u2014 delete point<\/div>\n                            <div><strong>Shift<\/strong> \u2014 vertical and horizontal lines only (no diagonals)<\/div>\n                            <div><strong>Pan mode<\/strong> \u2014 drag with the mouse \/ one finger<\/div>\n                            <div><strong>Two fingers<\/strong> \u2014 pan, <strong>pinch<\/strong> \u2014 zoom (mobile)<\/div>\n                        <\/div>\n                    <\/div>\n                <\/div>\n            <\/div>\n        <\/div>\n    <\/div>\n    \n","protected":false},"excerpt":{"rendered":"","protected":false},"author":1,"featured_media":0,"parent":0,"menu_order":0,"comment_status":"closed","ping_status":"closed","template":"","meta":{"footnotes":""},"class_list":["post-4372","page","type-page","status-publish","hentry"],"yoast_head":"<!-- This site is optimized with the Yoast SEO plugin v27.0 - https:\/\/yoast.com\/product\/yoast-seo-wordpress\/ -->\n<title>Versatec Design System - Versatec<\/title>\n<meta name=\"robots\" content=\"index, follow, max-snippet:-1, max-image-preview:large, max-video-preview:-1\" \/>\n<link rel=\"canonical\" href=\"https:\/\/versatecsystems.com\/en\/versatec-design-system\/\" \/>\n<meta property=\"og:locale\" content=\"en_US\" \/>\n<meta property=\"og:type\" content=\"article\" \/>\n<meta property=\"og:title\" content=\"Versatec Design System - Versatec\" \/>\n<meta property=\"og:url\" content=\"https:\/\/versatecsystems.com\/en\/versatec-design-system\/\" \/>\n<meta property=\"og:site_name\" content=\"Versatec\" \/>\n<meta property=\"article:modified_time\" content=\"2026-01-28T16:40:01+00:00\" \/>\n<meta property=\"og:image\" content=\"https:\/\/versatecsystems.com\/wp-content\/uploads\/2026\/02\/slogo-1-scaled.webp\" \/>\n\t<meta property=\"og:image:width\" content=\"2560\" \/>\n\t<meta property=\"og:image:height\" content=\"853\" \/>\n\t<meta property=\"og:image:type\" content=\"image\/webp\" \/>\n<meta name=\"twitter:card\" content=\"summary_large_image\" \/>\n<script type=\"application\/ld+json\" class=\"yoast-schema-graph\">{\"@context\":\"https:\/\/schema.org\",\"@graph\":[{\"@type\":\"WebPage\",\"@id\":\"https:\/\/versatecsystems.com\/en\/versatec-design-system\/\",\"url\":\"https:\/\/versatecsystems.com\/en\/versatec-design-system\/\",\"name\":\"Versatec Design System - Versatec\",\"isPartOf\":{\"@id\":\"https:\/\/versatecsystems.com\/en\/#website\"},\"datePublished\":\"2025-12-29T16:51:59+00:00\",\"dateModified\":\"2026-01-28T16:40:01+00:00\",\"breadcrumb\":{\"@id\":\"https:\/\/versatecsystems.com\/en\/versatec-design-system\/#breadcrumb\"},\"inLanguage\":\"en-US\",\"potentialAction\":[{\"@type\":\"ReadAction\",\"target\":[\"https:\/\/versatecsystems.com\/en\/versatec-design-system\/\"]}]},{\"@type\":\"BreadcrumbList\",\"@id\":\"https:\/\/versatecsystems.com\/en\/versatec-design-system\/#breadcrumb\",\"itemListElement\":[{\"@type\":\"ListItem\",\"position\":1,\"name\":\"Strona g\u0142\u00f3wna\",\"item\":\"https:\/\/versatecsystems.com\/en\/\"},{\"@type\":\"ListItem\",\"position\":2,\"name\":\"Versatec Design System\"}]},{\"@type\":\"WebSite\",\"@id\":\"https:\/\/versatecsystems.com\/en\/#website\",\"url\":\"https:\/\/versatecsystems.com\/en\/\",\"name\":\"Versatec Systems\",\"description\":\"Wyposa\u017cenie obiekt\u00f3w publicznych i przemys\u0142owych o potwierdzonej skuteczno\u015bci. Do\u015bwiadczony zesp\u00f3\u0142. Sprawdzone systemy. Efektywno\u015b\u0107 i niezawodno\u015b\u0107. Rozwi\u0105zania do zarz\u0105dzania ruchem ludzi, kontroli dost\u0119pu oraz organizacji przestrzeni w wymagaj\u0105cych \u015brodowiskach. Projektowane z my\u015bl\u0105 o lotniskach, dworcach kolejowych, budynkach u\u017cyteczno\u015bci publicznej, obiektach przemys\u0142owych oraz przestrzeniach zewn\u0119trznych.  Celem jest dostarczanie rozwi\u0105za\u0144, kt\u00f3re wspieraj\u0105 sprawne funkcjonowanie obiekt\u00f3w poprzez lepsz\u0105 organizacj\u0119, podniesienie poziomu bezpiecze\u0144stwa oraz wymierne korzy\u015bci operacyjne.\",\"publisher\":{\"@id\":\"https:\/\/versatecsystems.com\/en\/#organization\"},\"alternateName\":\"Versatec\",\"potentialAction\":[{\"@type\":\"SearchAction\",\"target\":{\"@type\":\"EntryPoint\",\"urlTemplate\":\"https:\/\/versatecsystems.com\/en\/?s={search_term_string}\"},\"query-input\":{\"@type\":\"PropertyValueSpecification\",\"valueRequired\":true,\"valueName\":\"search_term_string\"}}],\"inLanguage\":\"en-US\"},{\"@type\":\"Organization\",\"@id\":\"https:\/\/versatecsystems.com\/en\/#organization\",\"name\":\"Versatec Systems\",\"alternateName\":\"Versatec\",\"url\":\"https:\/\/versatecsystems.com\/en\/\",\"logo\":{\"@type\":\"ImageObject\",\"inLanguage\":\"en-US\",\"@id\":\"https:\/\/versatecsystems.com\/en\/#\/schema\/logo\/image\/\",\"url\":\"https:\/\/versatecsystems.com\/wp-content\/uploads\/2026\/01\/just-v-scaled.png\",\"contentUrl\":\"https:\/\/versatecsystems.com\/wp-content\/uploads\/2026\/01\/just-v-scaled.png\",\"width\":2560,\"height\":853,\"caption\":\"Versatec Systems\"},\"image\":{\"@id\":\"https:\/\/versatecsystems.com\/en\/#\/schema\/logo\/image\/\"}}]}<\/script>\n<!-- \/ Yoast SEO plugin. -->","yoast_head_json":{"title":"Versatec Design System - Versatec","robots":{"index":"index","follow":"follow","max-snippet":"max-snippet:-1","max-image-preview":"max-image-preview:large","max-video-preview":"max-video-preview:-1"},"canonical":"https:\/\/versatecsystems.com\/en\/versatec-design-system\/","og_locale":"en_US","og_type":"article","og_title":"Versatec Design System - Versatec","og_url":"https:\/\/versatecsystems.com\/en\/versatec-design-system\/","og_site_name":"Versatec","article_modified_time":"2026-01-28T16:40:01+00:00","og_image":[{"width":2560,"height":853,"url":"https:\/\/versatecsystems.com\/wp-content\/uploads\/2026\/02\/slogo-1-scaled.webp","type":"image\/webp"}],"twitter_card":"summary_large_image","schema":{"@context":"https:\/\/schema.org","@graph":[{"@type":"WebPage","@id":"https:\/\/versatecsystems.com\/en\/versatec-design-system\/","url":"https:\/\/versatecsystems.com\/en\/versatec-design-system\/","name":"Versatec Design System - Versatec","isPartOf":{"@id":"https:\/\/versatecsystems.com\/en\/#website"},"datePublished":"2025-12-29T16:51:59+00:00","dateModified":"2026-01-28T16:40:01+00:00","breadcrumb":{"@id":"https:\/\/versatecsystems.com\/en\/versatec-design-system\/#breadcrumb"},"inLanguage":"en-US","potentialAction":[{"@type":"ReadAction","target":["https:\/\/versatecsystems.com\/en\/versatec-design-system\/"]}]},{"@type":"BreadcrumbList","@id":"https:\/\/versatecsystems.com\/en\/versatec-design-system\/#breadcrumb","itemListElement":[{"@type":"ListItem","position":1,"name":"Strona g\u0142\u00f3wna","item":"https:\/\/versatecsystems.com\/en\/"},{"@type":"ListItem","position":2,"name":"Versatec Design System"}]},{"@type":"WebSite","@id":"https:\/\/versatecsystems.com\/en\/#website","url":"https:\/\/versatecsystems.com\/en\/","name":"Versatec Systems","description":"Wyposa\u017cenie obiekt\u00f3w publicznych i przemys\u0142owych o potwierdzonej skuteczno\u015bci. Do\u015bwiadczony zesp\u00f3\u0142. Sprawdzone systemy. Efektywno\u015b\u0107 i niezawodno\u015b\u0107. Rozwi\u0105zania do zarz\u0105dzania ruchem ludzi, kontroli dost\u0119pu oraz organizacji przestrzeni w wymagaj\u0105cych \u015brodowiskach. Projektowane z my\u015bl\u0105 o lotniskach, dworcach kolejowych, budynkach u\u017cyteczno\u015bci publicznej, obiektach przemys\u0142owych oraz przestrzeniach zewn\u0119trznych.  Celem jest dostarczanie rozwi\u0105za\u0144, kt\u00f3re wspieraj\u0105 sprawne funkcjonowanie obiekt\u00f3w poprzez lepsz\u0105 organizacj\u0119, podniesienie poziomu bezpiecze\u0144stwa oraz wymierne korzy\u015bci operacyjne.","publisher":{"@id":"https:\/\/versatecsystems.com\/en\/#organization"},"alternateName":"Versatec","potentialAction":[{"@type":"SearchAction","target":{"@type":"EntryPoint","urlTemplate":"https:\/\/versatecsystems.com\/en\/?s={search_term_string}"},"query-input":{"@type":"PropertyValueSpecification","valueRequired":true,"valueName":"search_term_string"}}],"inLanguage":"en-US"},{"@type":"Organization","@id":"https:\/\/versatecsystems.com\/en\/#organization","name":"Versatec Systems","alternateName":"Versatec","url":"https:\/\/versatecsystems.com\/en\/","logo":{"@type":"ImageObject","inLanguage":"en-US","@id":"https:\/\/versatecsystems.com\/en\/#\/schema\/logo\/image\/","url":"https:\/\/versatecsystems.com\/wp-content\/uploads\/2026\/01\/just-v-scaled.png","contentUrl":"https:\/\/versatecsystems.com\/wp-content\/uploads\/2026\/01\/just-v-scaled.png","width":2560,"height":853,"caption":"Versatec Systems"},"image":{"@id":"https:\/\/versatecsystems.com\/en\/#\/schema\/logo\/image\/"}}]}},"_links":{"self":[{"href":"https:\/\/versatecsystems.com\/en\/wp-json\/wp\/v2\/pages\/4372","targetHints":{"allow":["GET"]}}],"collection":[{"href":"https:\/\/versatecsystems.com\/en\/wp-json\/wp\/v2\/pages"}],"about":[{"href":"https:\/\/versatecsystems.com\/en\/wp-json\/wp\/v2\/types\/page"}],"author":[{"embeddable":true,"href":"https:\/\/versatecsystems.com\/en\/wp-json\/wp\/v2\/users\/1"}],"replies":[{"embeddable":true,"href":"https:\/\/versatecsystems.com\/en\/wp-json\/wp\/v2\/comments?post=4372"}],"version-history":[{"count":2,"href":"https:\/\/versatecsystems.com\/en\/wp-json\/wp\/v2\/pages\/4372\/revisions"}],"predecessor-version":[{"id":4375,"href":"https:\/\/versatecsystems.com\/en\/wp-json\/wp\/v2\/pages\/4372\/revisions\/4375"}],"wp:attachment":[{"href":"https:\/\/versatecsystems.com\/en\/wp-json\/wp\/v2\/media?parent=4372"}],"curies":[{"name":"wp","href":"https:\/\/api.w.org\/{rel}","templated":true}]}}